{"id":107,"date":"2019-02-21T23:39:20","date_gmt":"2019-02-21T22:39:20","guid":{"rendered":"https:\/\/accessibilitydays.it\/2019\/?page_id=107"},"modified":"2025-05-14T16:40:15","modified_gmt":"2025-05-14T14:40:15","slug":"inizio-2","status":"publish","type":"page","link":"https:\/\/old.accessibilitydays.it\/2019\/it\/","title":{"rendered":"Inizio"},"content":{"rendered":"\n\n\t<h1>Accessibility Days 2019<\/h1>\n<h2>Manifestazione di sensibilizzazione sull&#8217;<strong>accessibilit\u00e0<\/strong> e sulle <strong>disabilit\u00e0<\/strong>.<\/h2>\n<h2>Ancona, 17-18 maggio 2019<\/h2>\n\t\t\t<a href=\"iscriviti\" target=\"_self\" role=\"button\" rel=\"noopener noreferrer\"><br \/>\n\t\t\t\t\t\tISCRIVITI SUBITO<br \/>\n\t\t<\/a>\n<h2>Cos&#8217;\u00e8 Accessibility Days?<\/h2>\n<h4>Accessibility Days \u00e8 una manifestazione di sensibilizzazione sull&#8217;Accessibilit\u00e0 e sulle Disabilit\u00e0 rivolta a tutti coloro che si occupano di tecnologie digitali: sviluppatori, designer, makers &#8230;<\/h4>\nSi terr\u00e0 in occasione del Global Accessibility Awareness Day (GAAD), una iniziativa promossa ogni anno a livello mondiale, durante il mese di maggio, per sensibilizzare chi si occupa di tecnologie digitali sul tema dell&#8217; accessibilit\u00e0 e dell&#8217;inclusivit\u00e0, attraverso il confronto con persone aventi delle disabilit\u00e0.<br \/>\nSull&#8217;onda dell&#8217;entusiasmo delle edizioni passate, abbiamo deciso di organizzare un nuovo evento per il 2019 ad Ancona, coinvolgendo ulteriori realt\u00e0 ed istituzioni specializzate sul tema delle disabilit\u00e0. Ad ospitarci sar\u00e0 il Museo Tattile Statale Omero, uno dei pi\u00f9 importanti musei al mondo nel suo genere, che ci permetter\u00e0 di fondere storia, arte e tecnologia in un connubio che sicuramente ci regaler\u00e0 nuove emozioni.\n<h2>Contenuti dell&#8217;evento<\/h2>\n<p>Durante la manifestazione avremo una serie di iniziative, di seguito ti elenchiamo le varie tipologie<\/p>\n<h4><img loading=\"lazy\" decoding=\"async\" src=\"\/wp-content\/uploads\/sites\/4\/2019\/04\/conference-2x.png\" alt=\"Conferenza\" width=\"60\" height=\"60\" \/><\/h4>\n<h4>Conferenza<\/h4>\nOltre 30 sessioni su temi relativi all&#8217;accessibilit\u00e0: da quali sono gli strumenti a disposizione nella vita quotidiana per gli utenti con disabilit\u00e0, a come le tecnologie possono aiutarci a progettare e sviluppare soluzioni maggiormente fruibili.<br \/>\nSenza dimenticare gli aspetti normativi che regolamentano l&#8217;accessibilit\u00e0.\n<h4><img loading=\"lazy\" decoding=\"async\" src=\"\/wp-content\/uploads\/sites\/4\/2019\/04\/workshop-2x.png\" alt=\"Laboratori\" width=\"54\" height=\"60\" \/><\/h4>\n<h4>Laboratori<\/h4>\n<p>Ci saranno dei workshop in cui potremo fare delle attivit\u00e0 pratiche che ci consentiranno di capire come realizzare al meglio siti web, app o dispositivi elettronici, con il supporto di esperti nelle varie tecnologie e con la possibilit\u00e0 di confrontarci con utenti disabili, per capire se ci\u00f2 che stiamo realizzando sia effettivamente accessibile.<\/p>\n<h4><img loading=\"lazy\" decoding=\"async\" src=\"\/wp-content\/uploads\/sites\/4\/2019\/04\/makers-2x.png\" alt=\"L'angolo dei Maker\" width=\"52\" height=\"60\" \/><\/h4>\n<h4>L&#8217;angolo dei Maker<\/h4>\n<p>Per quanto siano importanti sviluppatori e designer, un ruolo fondamentale nel migliorare la qualit\u00e0 della vita di persone con disabilit\u00e0 lo hanno i maker, con le loro creazioni! Abbiamo a disposizione strumenti che rendono possibili cose impensabili fino a pochi anni fa: schede elettroniche alla portata di tutti, sensori, stampanti 3D, giusto per citarne alcuni. In questo angolo daremo libero sfogo alla fantasia, per sperimentare come usare questi strumenti per avere un mondo pi\u00f9 &#8220;accessibile&#8221;.<\/p>\n<h4><img loading=\"lazy\" decoding=\"async\" src=\"\/wp-content\/uploads\/sites\/4\/2019\/04\/audiogame-2x.png\" alt=\"Audio-Game\" width=\"45\" height=\"60\" \/><\/h4>\n<h4>Postazione per gli Audio-Game<\/h4>\n<p>Gi\u00e0 nella scorsa edizione abbiamo parlato di audio-game, prodotti per l&#8217;intrattenimento fruibili anche da persone con disabilit\u00e0 visive. Quest&#8217;anno avremo la possibilit\u00e0 di giocarci e provarli in prima persona in una postazione adibita a tale scopo. Sar\u00e0 molto interessante capire come delle situazioni che normalmente immagineremmo con una forte componente visiva, come ad esempio un duello tra nemici, possano essere reinterpretate facendo a meno del senso della vista.<\/p>\n<h4><img loading=\"lazy\" decoding=\"async\" src=\"\/wp-content\/uploads\/sites\/4\/2019\/04\/museotattile-2x.png\" alt=\"Museo Tattile\" width=\"41\" height=\"60\" \/><\/h4>\n<h4>Scoprire l&#8217;arte, toccandola: il Museo Tattile<\/h4>\n<p>Chiudete gli occhi e per un momento immaginate di trovarvi in un museo pieno di statue, oppure di essere in una citt\u00e0 d&#8217;arte con dei monumenti, ma voi non potete vederli perch\u00e9 tutto \u00e8 buio. Grazie al Museo Tattile Statale Omero di Ancona avremo la possibilit\u00e0 di provare in prima persona come un non-vedente pu\u00f2 &#8220;vivere l&#8217;arte&#8221;, visitando bendati il museo ed esplorando con gli altri sensi le opere presenti. Sono repliche e modellini di statue e monumenti, anche ben noti: sapremo riconoscerli? In ogni caso, anche senza l&#8217;uso della vista, l&#8217;arte sapr\u00e0 comunque regalarci delle emozioni!<\/p>\n<h4><img loading=\"lazy\" decoding=\"async\" src=\"\/wp-content\/uploads\/sites\/4\/2019\/04\/cenalbuio-2x.png\" alt=\"Cena al buio\" width=\"60\" height=\"60\" \/><\/h4>\n<h4>Cena al buio<\/h4>\nUna delle esperienze che ci permetter\u00e0 maggiormente di capire cosa significhi vivere facendo a meno della vista sar\u00e0 la cena al buio: mangeremo in una stanza resa completamente scura, serviti da camerieri non vedenti!<br \/>\nSar\u00e0 un&#8217;esperienza divertente ed emozionante allo stesso tempo, che ci far\u00e0 capire come, rinunciando per forza di cose alla vista, il nostro rapporto con l&#8217;ambiente ed il cibo cambier\u00e0 completamente: faremo fatica persino a riconoscere cosa stiamo mangiando, sempre che riusciremo a trovare il cibo sopra il tavolo!\n<h4><img loading=\"lazy\" decoding=\"async\" src=\"\/wp-content\/uploads\/sites\/4\/2019\/04\/musica-2x.png\" alt=\"musica accessibile\" width=\"73\" height=\"60\" \/><\/h4>\n<h4>Tavola rotonda: musica accessibile<\/h4>\n<p>Nella giornata del sabato si svolger\u00e0 una tavola rotonda in cui si discuter\u00e0 del punto della situazione per quanto riguarda l&#8217;accessibilit\u00e0 dei software per la creazione di musica. Saranno analizzate diverse applicazioni e ci si confronter\u00e0 per capire punti di forza e di debolezza di ognuna di esse.<\/p>\n<h4><img loading=\"lazy\" decoding=\"async\" src=\"\/wp-content\/uploads\/sites\/4\/2019\/04\/puntiinfo-2x.png\" alt=\"Punti Informativi\" width=\"75\" height=\"60\" \/><\/h4>\n<h4>Punti Informativi + Ask The Expert<\/h4>\n<p>Oltre alla possibilit\u00e0 di confrontarsi con persone esperte dei vari argomenti trattati durante la manifestazione (Ask The Expert), ci saranno dei punti informativi in cui i rappresentati delle varie istituzioni che supportano gli Accessibility Days potranno fornire indicazioni sulle loro attivit\u00e0 e rispondere ad eventuali domande.<\/p>\n<h4><img loading=\"lazy\" decoding=\"async\" src=\"\/wp-content\/uploads\/sites\/4\/2019\/04\/musica-2x.png\" alt=\"Your Future Festival\" width=\"73\" height=\"60\" \/><\/h4>\n<h4>Your Future Festival 2019<\/h4>\nDal 13 al 18 maggio ad Ancona si svolger\u00e0 &#8220;Your Future Festival 2019&#8221; (YFF), tradizionale appuntamento di maggio dell&#8217;Universit\u00e0 Politecnica delle Marche nato con l&#8217;obiettivo di creare momenti per favorire le connessioni tra Universit\u00e0 e citt\u00e0, studenti e comunit\u00e0, ricerca e territorio. Una settimana di workshop, discussioni, spettacoli e contaminazioni fra tutti i soggetti con cui la Politecnica interagisce. Il tema del YFF 2019 \u00e8 &#8220;Il futuro da immaginare&#8221;.<br \/>\nGli Accessibility Days sono stati inseriti tra gli eventi &#8220;fuori cartellone&#8221; del festival. Se siete ad Ancona, non perdetevi gli altri appuntamenti in programma nel festival, elencati in questa pagina.\n<h4><img loading=\"lazy\" decoding=\"async\" src=\"\/wp-content\/uploads\/sites\/4\/2019\/04\/puntiinfo-2x.png\" alt=\"Notte dei Musei\" width=\"75\" height=\"60\" \/><\/h4>\n<h4>Notte dei Musei 2019<\/h4>\nDurante gli Accessibility Days avremo la possibilit\u00e0 di visitare il Museo Tattile Statale Omero di Ancona, alla scoperta delle sue opere d&#8217;arte. Ma c&#8217;\u00e8 di pi\u00f9!<br \/>\nLa sera di sabato 18 maggio ci sar\u00e0 l&#8217;iniziativa della &#8220;Notte dei Musei&#8221;, ed il Museo Tattile organizzer\u00e0 delle visite &#8220;speciali&#8221;, con attivit\u00e0 ad-hoc per l&#8217;occasione.<br \/>\nQuindi, anche se si tratta di un&#8217;attivit\u00e0 extra rispetto alla nostra manifestazione, vi invitiamo a tenere sotto controllo il sito del museo, per restare aggiornati sulle iniziative per quella notte!<br \/>\nPotete trovare informazioni a riguardo su <a href=\"http:\/\/www.museoomero.it\/main?p=news_id_5901&amp;title=18_maggio:_Notte_dei_Musei_con__la_mostra_UN_RITRATTO_DI_MUSEO_\">questa pagina<\/a>.<br \/>\n\t\t\t<a href=\"iscriviti\" target=\"_self\" role=\"button\" rel=\"noopener noreferrer\"><br \/>\n\t\t\t\t\t\tISCRIVITI SUBITO<br \/>\n\t\t<\/a>\n<section id=\"text-10\"><img loading=\"lazy\" decoding=\"async\" width=\"90\" height=\"90\" src=\"\/wp-content\/uploads\/sites\/4\/2019\/04\/conference-2x.png\" alt=\"Conferenza\"\/>\n<h2>Conferenza<\/h2>\n <strong>3<\/strong> sale<br \/>\n<strong>30+<\/strong> sessioni<br \/>\n<\/section>\n\t\t\t<a href=\"programma\/agenda\" target=\"_self\" role=\"button\" rel=\"noopener noreferrer\"><br \/>\n\t\t\t\t\t\tGUARDA IL PROGRAMMA<br \/>\n\t\t<\/a>\n<section id=\"text-11\"><img loading=\"lazy\" decoding=\"async\" width=\"81\" height=\"90\" src=\"\/wp-content\/uploads\/sites\/4\/2019\/04\/workshop-2x.png\" alt=\"Laboratori e Punti informativi\"\/>\n<h2>Laboratori e Punti Informativi<\/h2>\n <strong>4<\/strong> laboratori<br \/>\n<strong>5<\/strong> punti informativi + Ask The Expert<br \/>\n<\/section>\n\t\t\t<a href=\"programma\/laboratori-e-punti-informativi\/\" target=\"_self\" role=\"button\" rel=\"noopener noreferrer\"><br \/>\n\t\t\t\t\t\tSCOPRI DI PI\u00d9<br \/>\n\t\t<\/a>\n<section id=\"text-12\"><img loading=\"lazy\" decoding=\"async\" width=\"108\" height=\"90\" src=\"\/wp-content\/uploads\/sites\/4\/2019\/04\/esperienzasens-2x.png\" alt=\"Esperienze sensoriali\"\/>\n<h2>Esperienze &#8220;sensoriali&#8221;<\/h2>\n <strong>1<\/strong> cena al buio<br \/>\n<strong>3<\/strong> altre attivit\u00e0 (museo tattile, &#8230;)<br \/>\n<\/section>\n\t\t\t<a href=\"programma\/esperienze-sensoriali\/\" target=\"_self\" role=\"button\" rel=\"noopener noreferrer\"><br \/>\n\t\t\t\t\t\tSCOPRI DI PI\u00d9<br \/>\n\t\t<\/a>\n<h3>Un&#8217;esperienza<br \/>\nsensoriale<\/h3>\n\tLe passate edizioni hanno suscitato molto entusiasmo tra i partecipanti, grazie alle numerose iniziative organizzate: non solo classiche sessioni, ma anche laboratori, come l&#8217;Angolo dei Maker, e vere e proprie esperienze &#8220;sensoriali&#8221;, come la visita al Museo Tattile e la cena al buio.<br \/>\nUn riassunto del vortice di emozioni avute in quei giorni \u00e8 stato raccolto in<br \/>\n<a href=\"https:\/\/medium.com\/@ste8\/il-libro-dei-ricordi-dagli-hack-cessibility-days-237bc62bd267\">questo post<\/a>.\n<h2>Vuoi diventare sponsor dell&#8217;evento?<\/h2>\nAccessibility Days \u00e8 un evento gratuito organizzato da associazioni no-profit.<br \/>\nSe ti va, puoi aiutarci a sostenere i costi per l&#8217;organizzazione con un piccolo contributo economico.<br \/>\nAbbiamo definito una serie di livelli di sponsorizzazione, consultabili in <a href=\"http:\/\/bit.ly\/ad-2019-sponsorizzazioni\">questa pagina<\/a>. Contattaci alla mail <a href=\"mailto:accessibilitydays@gmail.com\">accessibilitydays@gmail.com<\/a> e ti indicheremo come \u00e8 possibile aiutarci a sostenere l&#8217;evento e renderlo ancora pi\u00f9 bello!\n\n","protected":false},"excerpt":{"rendered":"<div class=\"entry-summary\">\n<div class=\"entry-summary\">\nAccessibility Days 2019 Manifestazione di sensibilizzazione sull&#8217;accessibilit\u00e0 e sulle disabilit\u00e0. Ancona, 17-18 maggio 2019 ISCRIVITI SUBITO Cos&#8217;\u00e8 Accessibility Days? Accessibility Days \u00e8 una manifestazione di sensibilizzazione sull&#8217;Accessibilit\u00e0 e sulle Disabilit\u00e0 rivolta a tutti coloro che si occupano di tecnologie digitali:&hellip;\n<\/div>\n<div class=\"link-more\"><a href=\"https:\/\/old.accessibilitydays.it\/2019\/it\/\" class=\"more-link\">Continua a leggere <span class=\"screen-reader-text\"> &ldquo;Inizio&rdquo;<\/span>&hellip;<\/a><\/div>\n<\/div>\n<div class=\"link-more\"><a href=\"https:\/\/old.accessibilitydays.it\/2019\/it\/\" class=\"more-link\">Continua a leggere <span class=\"screen-reader-text\"> &ldquo;Inizio&rdquo;<\/span>&hellip;<\/a><\/div>\n","protected":false},"author":6,"featured_media":0,"parent":0,"menu_order":0,"comment_status":"closed","ping_status":"closed","template":"templates\/no-intro.php","meta":{"_acf_changed":false,"footnotes":""},"class_list":["post-107","page","type-page","status-publish","hentry","entry"],"yoast_head":"<!-- This site is optimized with the Yoast SEO plugin v25.6 - https:\/\/yoast.com\/wordpress\/plugins\/seo\/ -->\n<title>Inizio - Accessibility Days 2019<\/title>\n<meta name=\"robots\" content=\"index, follow, max-snippet:-1, max-image-preview:large, max-video-preview:-1\" \/>\n<link rel=\"canonical\" href=\"https:\/\/old.accessibilitydays.it\/2019\/it\/\" \/>\n<meta property=\"og:locale\" content=\"it_IT\" \/>\n<meta property=\"og:type\" content=\"article\" \/>\n<meta property=\"og:title\" content=\"Inizio - Accessibility Days 2019\" \/>\n<meta property=\"og:description\" content=\"Accessibility Days 2019 Manifestazione di sensibilizzazione sull&#8217;accessibilit\u00e0 e sulle disabilit\u00e0. Ancona, 17-18 maggio 2019 ISCRIVITI SUBITO Cos&#8217;\u00e8 Accessibility Days? Accessibility Days \u00e8 una manifestazione di sensibilizzazione sull&#8217;Accessibilit\u00e0 e sulle Disabilit\u00e0 rivolta a tutti coloro che si occupano di tecnologie digitali:&hellip; Continua a leggere &ldquo;Inizio&rdquo;&hellip;\" \/>\n<meta property=\"og:url\" content=\"https:\/\/old.accessibilitydays.it\/2019\/it\/\" \/>\n<meta property=\"og:site_name\" content=\"Accessibility Days 2019\" \/>\n<meta property=\"article:publisher\" content=\"https:\/\/www.facebook.com\/AccessibilityDays\/\" \/>\n<meta property=\"article:modified_time\" content=\"2025-05-14T14:40:15+00:00\" \/>\n<meta name=\"twitter:card\" content=\"summary_large_image\" \/>\n<meta name=\"twitter:site\" content=\"@a11y_days\" \/>\n<meta name=\"twitter:label1\" content=\"Tempo di lettura stimato\" \/>\n\t<meta name=\"twitter:data1\" content=\"5 minuti\" \/>\n<script type=\"application\/ld+json\" class=\"yoast-schema-graph\">{\"@context\":\"https:\/\/schema.org\",\"@graph\":[{\"@type\":\"WebPage\",\"@id\":\"https:\/\/old.accessibilitydays.it\/2019\/it\/\",\"url\":\"https:\/\/old.accessibilitydays.it\/2019\/it\/\",\"name\":\"Inizio - Accessibility Days 2019\",\"isPartOf\":{\"@id\":\"https:\/\/old.accessibilitydays.it\/2019\/#website\"},\"datePublished\":\"2019-02-21T22:39:20+00:00\",\"dateModified\":\"2025-05-14T14:40:15+00:00\",\"breadcrumb\":{\"@id\":\"https:\/\/old.accessibilitydays.it\/2019\/it\/#breadcrumb\"},\"inLanguage\":\"it-IT\",\"potentialAction\":[{\"@type\":\"ReadAction\",\"target\":[\"https:\/\/old.accessibilitydays.it\/2019\/it\/\"]}]},{\"@type\":\"BreadcrumbList\",\"@id\":\"https:\/\/old.accessibilitydays.it\/2019\/it\/#breadcrumb\",\"itemListElement\":[{\"@type\":\"ListItem\",\"position\":1,\"name\":\"Home\",\"item\":\"https:\/\/old.accessibilitydays.it\/2019\/it\/\"},{\"@type\":\"ListItem\",\"position\":2,\"name\":\"Inizio\"}]},{\"@type\":\"WebSite\",\"@id\":\"https:\/\/old.accessibilitydays.it\/2019\/#website\",\"url\":\"https:\/\/old.accessibilitydays.it\/2019\/\",\"name\":\"Accessibility Days 2019\",\"description\":\"Sensibilizzazione sull&#039;Accessibilit\u00e0 e sulle Disabilit\u00e0\",\"publisher\":{\"@id\":\"https:\/\/old.accessibilitydays.it\/2019\/#organization\"},\"potentialAction\":[{\"@type\":\"SearchAction\",\"target\":{\"@type\":\"EntryPoint\",\"urlTemplate\":\"https:\/\/old.accessibilitydays.it\/2019\/?s={search_term_string}\"},\"query-input\":{\"@type\":\"PropertyValueSpecification\",\"valueRequired\":true,\"valueName\":\"search_term_string\"}}],\"inLanguage\":\"it-IT\"},{\"@type\":\"Organization\",\"@id\":\"https:\/\/old.accessibilitydays.it\/2019\/#organization\",\"name\":\"Accessibility Days\",\"url\":\"https:\/\/old.accessibilitydays.it\/2019\/\",\"logo\":{\"@type\":\"ImageObject\",\"inLanguage\":\"it-IT\",\"@id\":\"https:\/\/old.accessibilitydays.it\/2019\/#\/schema\/logo\/image\/\",\"url\":\"https:\/\/accessibilitydays.it\/2019\/wp-content\/uploads\/sites\/4\/2020\/01\/Acessibility_Days-logo.png\",\"contentUrl\":\"https:\/\/accessibilitydays.it\/2019\/wp-content\/uploads\/sites\/4\/2020\/01\/Acessibility_Days-logo.png\",\"width\":1800,\"height\":1800,\"caption\":\"Accessibility Days\"},\"image\":{\"@id\":\"https:\/\/old.accessibilitydays.it\/2019\/#\/schema\/logo\/image\/\"},\"sameAs\":[\"https:\/\/www.facebook.com\/AccessibilityDays\/\",\"https:\/\/x.com\/a11y_days\",\"https:\/\/www.youtube.com\/channel\/UCzFrbfqazVbmlwwSeA4DjOw\",\"https:\/\/www.linkedin.com\/company\/accessibility-days\"]}]}<\/script>\n<!-- \/ Yoast SEO plugin. -->","yoast_head_json":{"title":"Inizio - Accessibility Days 2019","robots":{"index":"index","follow":"follow","max-snippet":"max-snippet:-1","max-image-preview":"max-image-preview:large","max-video-preview":"max-video-preview:-1"},"canonical":"https:\/\/old.accessibilitydays.it\/2019\/it\/","og_locale":"it_IT","og_type":"article","og_title":"Inizio - Accessibility Days 2019","og_description":"Accessibility Days 2019 Manifestazione di sensibilizzazione sull&#8217;accessibilit\u00e0 e sulle disabilit\u00e0. Ancona, 17-18 maggio 2019 ISCRIVITI SUBITO Cos&#8217;\u00e8 Accessibility Days? Accessibility Days \u00e8 una manifestazione di sensibilizzazione sull&#8217;Accessibilit\u00e0 e sulle Disabilit\u00e0 rivolta a tutti coloro che si occupano di tecnologie digitali:&hellip; Continua a leggere &ldquo;Inizio&rdquo;&hellip;","og_url":"https:\/\/old.accessibilitydays.it\/2019\/it\/","og_site_name":"Accessibility Days 2019","article_publisher":"https:\/\/www.facebook.com\/AccessibilityDays\/","article_modified_time":"2025-05-14T14:40:15+00:00","twitter_card":"summary_large_image","twitter_site":"@a11y_days","twitter_misc":{"Tempo di lettura stimato":"5 minuti"},"schema":{"@context":"https:\/\/schema.org","@graph":[{"@type":"WebPage","@id":"https:\/\/old.accessibilitydays.it\/2019\/it\/","url":"https:\/\/old.accessibilitydays.it\/2019\/it\/","name":"Inizio - Accessibility Days 2019","isPartOf":{"@id":"https:\/\/old.accessibilitydays.it\/2019\/#website"},"datePublished":"2019-02-21T22:39:20+00:00","dateModified":"2025-05-14T14:40:15+00:00","breadcrumb":{"@id":"https:\/\/old.accessibilitydays.it\/2019\/it\/#breadcrumb"},"inLanguage":"it-IT","potentialAction":[{"@type":"ReadAction","target":["https:\/\/old.accessibilitydays.it\/2019\/it\/"]}]},{"@type":"BreadcrumbList","@id":"https:\/\/old.accessibilitydays.it\/2019\/it\/#breadcrumb","itemListElement":[{"@type":"ListItem","position":1,"name":"Home","item":"https:\/\/old.accessibilitydays.it\/2019\/it\/"},{"@type":"ListItem","position":2,"name":"Inizio"}]},{"@type":"WebSite","@id":"https:\/\/old.accessibilitydays.it\/2019\/#website","url":"https:\/\/old.accessibilitydays.it\/2019\/","name":"Accessibility Days 2019","description":"Sensibilizzazione sull&#039;Accessibilit\u00e0 e sulle Disabilit\u00e0","publisher":{"@id":"https:\/\/old.accessibilitydays.it\/2019\/#organization"},"potentialAction":[{"@type":"SearchAction","target":{"@type":"EntryPoint","urlTemplate":"https:\/\/old.accessibilitydays.it\/2019\/?s={search_term_string}"},"query-input":{"@type":"PropertyValueSpecification","valueRequired":true,"valueName":"search_term_string"}}],"inLanguage":"it-IT"},{"@type":"Organization","@id":"https:\/\/old.accessibilitydays.it\/2019\/#organization","name":"Accessibility Days","url":"https:\/\/old.accessibilitydays.it\/2019\/","logo":{"@type":"ImageObject","inLanguage":"it-IT","@id":"https:\/\/old.accessibilitydays.it\/2019\/#\/schema\/logo\/image\/","url":"https:\/\/accessibilitydays.it\/2019\/wp-content\/uploads\/sites\/4\/2020\/01\/Acessibility_Days-logo.png","contentUrl":"https:\/\/accessibilitydays.it\/2019\/wp-content\/uploads\/sites\/4\/2020\/01\/Acessibility_Days-logo.png","width":1800,"height":1800,"caption":"Accessibility Days"},"image":{"@id":"https:\/\/old.accessibilitydays.it\/2019\/#\/schema\/logo\/image\/"},"sameAs":["https:\/\/www.facebook.com\/AccessibilityDays\/","https:\/\/x.com\/a11y_days","https:\/\/www.youtube.com\/channel\/UCzFrbfqazVbmlwwSeA4DjOw","https:\/\/www.linkedin.com\/company\/accessibility-days"]}]}},"acf":[],"_links":{"self":[{"href":"https:\/\/old.accessibilitydays.it\/2019\/wp-json\/wp\/v2\/pages\/107","targetHints":{"allow":["GET"]}}],"collection":[{"href":"https:\/\/old.accessibilitydays.it\/2019\/wp-json\/wp\/v2\/pages"}],"about":[{"href":"https:\/\/old.accessibilitydays.it\/2019\/wp-json\/wp\/v2\/types\/page"}],"author":[{"embeddable":true,"href":"https:\/\/old.accessibilitydays.it\/2019\/wp-json\/wp\/v2\/users\/6"}],"replies":[{"embeddable":true,"href":"https:\/\/old.accessibilitydays.it\/2019\/wp-json\/wp\/v2\/comments?post=107"}],"version-history":[{"count":102,"href":"https:\/\/old.accessibilitydays.it\/2019\/wp-json\/wp\/v2\/pages\/107\/revisions"}],"predecessor-version":[{"id":1919,"href":"https:\/\/old.accessibilitydays.it\/2019\/wp-json\/wp\/v2\/pages\/107\/revisions\/1919"}],"wp:attachment":[{"href":"https:\/\/old.accessibilitydays.it\/2019\/wp-json\/wp\/v2\/media?parent=107"}],"curies":[{"name":"wp","href":"https:\/\/api.w.org\/{rel}","templated":true}]}}