{"id":321,"date":"2019-04-09T15:08:28","date_gmt":"2019-04-09T13:08:28","guid":{"rendered":"https:\/\/accessibilitydays.it\/2019\/?page_id=321"},"modified":"2019-05-17T11:17:29","modified_gmt":"2019-05-17T09:17:29","slug":"esperienze-sensoriali","status":"publish","type":"page","link":"https:\/\/old.accessibilitydays.it\/2019\/it\/programma\/esperienze-sensoriali\/","title":{"rendered":"Esperienze sensoriali"},"content":{"rendered":"\n<p>Per far meglio comprendere ai partecipanti come le persone con delle disabilit\u00e0 interagiscono con l&#8217;ambiente, abbiamo ritenuto opportuno organizzare delle attivit\u00e0 che si svolgeranno durante la manifestazione, elencate qui di seguito.<\/p>\n\t<h4>Cena al buio<\/h4>\n<p>Una delle esperienze che ci permetter\u00e0 maggiormente di capire cosa significhi vivere facendo a meno della vista sar\u00e0 la cena al buio: mangeremo in una stanza resa completamente scura, serviti da camerieri non vedenti! Sar\u00e0 un\u2019esperienza divertente ed emozionante allo stesso tempo, che ci far\u00e0 capire come, rinunciando per forza di cose alla vista, il nostro rapporto con l\u2019ambiente ed il cibo cambier\u00e0 completamente: faremo fatica persino a riconoscere cosa stiamo mangiando, sempre che riusciremo a trovare il cibo sopra il tavolo!<\/p>\n<p>Per partecipare alla cena al buio \u00e8 necessario effettuare l&#8217;iscrizione e versare anticipatamente la quota di 35\u20ac a persona secondo le indicazioni presenti in <a href=\"\/iscriviti\/iscriviti-cena-buio\/\">questa pagina<\/a>.<\/p>\n<p><strong>Venerd\u00ec dalle ore 20:00 &#8211; necessaria iscrizione e pagamento anticipato (35\u20ac a persona)<\/strong><\/p>\n\t<h4>Visita bendati al Museo Tattile Statale Omero<\/h4>\nChiudete gli occhi e per un momento immaginate di trovarvi in un museo pieno di statue, oppure di essere in una citt\u00e0 d&#8217;arte con dei monumenti, ma voi non potete vederli perch\u00e8 tutto \u00e8 buio.<br>\nAll&#8217;Istituto F. Cavazza \u00e8 presente il Museo Tattile Anteros, grazie a quale avremo la possibilit\u00e0 di provare in prima persona come un non-vedente pu\u00f2 &#8220;vivere l&#8217;arte&#8221;, visitando bendati il museo ed esplorando con gli altri sensi a nostra disposizione le opere presenti. Sono riproduzione in bassorilievo di celebri dipinti compresi tra Medioevo ed Et\u00e0 Moderna: sapremo riconoscerli? \ud83d\ude42\n<strong>Visita organizzata Venerd\u00ec alle ore 18:00 e Sabato alle ore 14:00<br>\nVisite libere Venerd\u00ec e Sabato dalle ore 10:30 alle 16:00<\/strong>\n\t<h4>Postazione per gli Audio-Game<\/h4>\n<p>Gi\u00e0 nella scorsa edizione abbiamo parlato di audio-game, prodotti per l&#8217;intrattenimento fruibili anche da persone con disabilit\u00e0 visive. Quest&#8217;anno avremo la possibilit\u00e0 di giocarci e provarli in prima persona in una postazione adibita a tale scopo. Sar\u00e0 molto interessante capire come delle situazioni che normalmente immagineremmo con una forte componente visiva, come ad esempio un duello tra nemici, possano essere reinterpretate facendo a meno del senso della vista.<\/p>\n<p><strong>Venerd\u00ec dalle ore 11:00 alle ore 18:00 e Sabato dalle ore 10:00 alle ore 17:00<\/strong><\/p>\n\t<h4>Occhiali per simulare l&#8217;ipo-visione<\/h4>\n<p>Grazie alla disponibilit\u00e0 dell&#8217;Ottica Franco Carletti di Jesi (AN) avremo a disposizione un set di occhiali per simulare in prima persona le varie tipologie di ipo-visione ed i relativi effetti.<\/p>\n<p><strong>Venerd\u00ec e Sabato tutto il giorno<\/strong><\/p>\n","protected":false},"excerpt":{"rendered":"<div class=\"entry-summary\">\n<div class=\"entry-summary\">\nPer far meglio comprendere ai partecipanti come le persone con delle disabilit\u00e0 interagiscono con l&#8217;ambiente, abbiamo ritenuto opportuno organizzare delle attivit\u00e0 che si svolgeranno durante la manifestazione, elencate qui di seguito. Cena al buio Una delle esperienze che ci permetter\u00e0&hellip;\n<\/div>\n<div class=\"link-more\"><a href=\"https:\/\/old.accessibilitydays.it\/2019\/it\/programma\/esperienze-sensoriali\/\" class=\"more-link\">Continua a leggere <span class=\"screen-reader-text\"> &ldquo;Esperienze sensoriali&rdquo;<\/span>&hellip;<\/a><\/div>\n<\/div>\n<div class=\"link-more\"><a href=\"https:\/\/old.accessibilitydays.it\/2019\/it\/programma\/esperienze-sensoriali\/\" class=\"more-link\">Continua a leggere <span class=\"screen-reader-text\"> &ldquo;Esperienze sensoriali&rdquo;<\/span>&hellip;<\/a><\/div>\n","protected":false},"author":4,"featured_media":0,"parent":52,"menu_order":0,"comment_status":"closed","ping_status":"closed","template":"","meta":{"_acf_changed":false,"footnotes":""},"class_list":["post-321","page","type-page","status-publish","hentry","entry"],"yoast_head":"<!-- This site is optimized with the Yoast SEO plugin v25.6 - https:\/\/yoast.com\/wordpress\/plugins\/seo\/ -->\n<title>Esperienze sensoriali - Accessibility Days 2019<\/title>\n<meta name=\"robots\" content=\"index, follow, max-snippet:-1, max-image-preview:large, max-video-preview:-1\" \/>\n<link rel=\"canonical\" href=\"https:\/\/old.accessibilitydays.it\/2019\/it\/programma\/esperienze-sensoriali\/\" \/>\n<meta property=\"og:locale\" content=\"it_IT\" \/>\n<meta property=\"og:type\" content=\"article\" \/>\n<meta property=\"og:title\" content=\"Esperienze sensoriali - Accessibility Days 2019\" \/>\n<meta property=\"og:description\" content=\"Per far meglio comprendere ai partecipanti come le persone con delle disabilit\u00e0 interagiscono con l&#8217;ambiente, abbiamo ritenuto opportuno organizzare delle attivit\u00e0 che si svolgeranno durante la manifestazione, elencate qui di seguito. Cena al buio Una delle esperienze che ci permetter\u00e0&hellip; Continua a leggere &ldquo;Esperienze sensoriali&rdquo;&hellip;\" \/>\n<meta property=\"og:url\" content=\"https:\/\/old.accessibilitydays.it\/2019\/it\/programma\/esperienze-sensoriali\/\" \/>\n<meta property=\"og:site_name\" content=\"Accessibility Days 2019\" \/>\n<meta property=\"article:publisher\" content=\"https:\/\/www.facebook.com\/AccessibilityDays\/\" \/>\n<meta property=\"article:modified_time\" content=\"2019-05-17T09:17:29+00:00\" \/>\n<meta name=\"twitter:card\" content=\"summary_large_image\" \/>\n<meta name=\"twitter:site\" content=\"@a11y_days\" \/>\n<meta name=\"twitter:label1\" content=\"Tempo di lettura stimato\" \/>\n\t<meta name=\"twitter:data1\" content=\"2 minuti\" \/>\n<script type=\"application\/ld+json\" class=\"yoast-schema-graph\">{\"@context\":\"https:\/\/schema.org\",\"@graph\":[{\"@type\":\"WebPage\",\"@id\":\"https:\/\/old.accessibilitydays.it\/2019\/it\/programma\/esperienze-sensoriali\/\",\"url\":\"https:\/\/old.accessibilitydays.it\/2019\/it\/programma\/esperienze-sensoriali\/\",\"name\":\"Esperienze sensoriali - Accessibility Days 2019\",\"isPartOf\":{\"@id\":\"https:\/\/old.accessibilitydays.it\/2019\/#website\"},\"datePublished\":\"2019-04-09T13:08:28+00:00\",\"dateModified\":\"2019-05-17T09:17:29+00:00\",\"breadcrumb\":{\"@id\":\"https:\/\/old.accessibilitydays.it\/2019\/it\/programma\/esperienze-sensoriali\/#breadcrumb\"},\"inLanguage\":\"it-IT\",\"potentialAction\":[{\"@type\":\"ReadAction\",\"target\":[\"https:\/\/old.accessibilitydays.it\/2019\/it\/programma\/esperienze-sensoriali\/\"]}]},{\"@type\":\"BreadcrumbList\",\"@id\":\"https:\/\/old.accessibilitydays.it\/2019\/it\/programma\/esperienze-sensoriali\/#breadcrumb\",\"itemListElement\":[{\"@type\":\"ListItem\",\"position\":1,\"name\":\"Home\",\"item\":\"https:\/\/old.accessibilitydays.it\/2019\/it\/\"},{\"@type\":\"ListItem\",\"position\":2,\"name\":\"Programma\",\"item\":\"https:\/\/old.accessibilitydays.it\/2019\/it\/programma\/\"},{\"@type\":\"ListItem\",\"position\":3,\"name\":\"Esperienze sensoriali\"}]},{\"@type\":\"WebSite\",\"@id\":\"https:\/\/old.accessibilitydays.it\/2019\/#website\",\"url\":\"https:\/\/old.accessibilitydays.it\/2019\/\",\"name\":\"Accessibility Days 2019\",\"description\":\"Sensibilizzazione sull&#039;Accessibilit\u00e0 e sulle Disabilit\u00e0\",\"publisher\":{\"@id\":\"https:\/\/old.accessibilitydays.it\/2019\/#organization\"},\"potentialAction\":[{\"@type\":\"SearchAction\",\"target\":{\"@type\":\"EntryPoint\",\"urlTemplate\":\"https:\/\/old.accessibilitydays.it\/2019\/?s={search_term_string}\"},\"query-input\":{\"@type\":\"PropertyValueSpecification\",\"valueRequired\":true,\"valueName\":\"search_term_string\"}}],\"inLanguage\":\"it-IT\"},{\"@type\":\"Organization\",\"@id\":\"https:\/\/old.accessibilitydays.it\/2019\/#organization\",\"name\":\"Accessibility Days\",\"url\":\"https:\/\/old.accessibilitydays.it\/2019\/\",\"logo\":{\"@type\":\"ImageObject\",\"inLanguage\":\"it-IT\",\"@id\":\"https:\/\/old.accessibilitydays.it\/2019\/#\/schema\/logo\/image\/\",\"url\":\"https:\/\/accessibilitydays.it\/2019\/wp-content\/uploads\/sites\/4\/2020\/01\/Acessibility_Days-logo.png\",\"contentUrl\":\"https:\/\/accessibilitydays.it\/2019\/wp-content\/uploads\/sites\/4\/2020\/01\/Acessibility_Days-logo.png\",\"width\":1800,\"height\":1800,\"caption\":\"Accessibility Days\"},\"image\":{\"@id\":\"https:\/\/old.accessibilitydays.it\/2019\/#\/schema\/logo\/image\/\"},\"sameAs\":[\"https:\/\/www.facebook.com\/AccessibilityDays\/\",\"https:\/\/x.com\/a11y_days\",\"https:\/\/www.youtube.com\/channel\/UCzFrbfqazVbmlwwSeA4DjOw\",\"https:\/\/www.linkedin.com\/company\/accessibility-days\"]}]}<\/script>\n<!-- \/ Yoast SEO plugin. -->","yoast_head_json":{"title":"Esperienze sensoriali - Accessibility Days 2019","robots":{"index":"index","follow":"follow","max-snippet":"max-snippet:-1","max-image-preview":"max-image-preview:large","max-video-preview":"max-video-preview:-1"},"canonical":"https:\/\/old.accessibilitydays.it\/2019\/it\/programma\/esperienze-sensoriali\/","og_locale":"it_IT","og_type":"article","og_title":"Esperienze sensoriali - Accessibility Days 2019","og_description":"Per far meglio comprendere ai partecipanti come le persone con delle disabilit\u00e0 interagiscono con l&#8217;ambiente, abbiamo ritenuto opportuno organizzare delle attivit\u00e0 che si svolgeranno durante la manifestazione, elencate qui di seguito. Cena al buio Una delle esperienze che ci permetter\u00e0&hellip; Continua a leggere &ldquo;Esperienze sensoriali&rdquo;&hellip;","og_url":"https:\/\/old.accessibilitydays.it\/2019\/it\/programma\/esperienze-sensoriali\/","og_site_name":"Accessibility Days 2019","article_publisher":"https:\/\/www.facebook.com\/AccessibilityDays\/","article_modified_time":"2019-05-17T09:17:29+00:00","twitter_card":"summary_large_image","twitter_site":"@a11y_days","twitter_misc":{"Tempo di lettura stimato":"2 minuti"},"schema":{"@context":"https:\/\/schema.org","@graph":[{"@type":"WebPage","@id":"https:\/\/old.accessibilitydays.it\/2019\/it\/programma\/esperienze-sensoriali\/","url":"https:\/\/old.accessibilitydays.it\/2019\/it\/programma\/esperienze-sensoriali\/","name":"Esperienze sensoriali - Accessibility Days 2019","isPartOf":{"@id":"https:\/\/old.accessibilitydays.it\/2019\/#website"},"datePublished":"2019-04-09T13:08:28+00:00","dateModified":"2019-05-17T09:17:29+00:00","breadcrumb":{"@id":"https:\/\/old.accessibilitydays.it\/2019\/it\/programma\/esperienze-sensoriali\/#breadcrumb"},"inLanguage":"it-IT","potentialAction":[{"@type":"ReadAction","target":["https:\/\/old.accessibilitydays.it\/2019\/it\/programma\/esperienze-sensoriali\/"]}]},{"@type":"BreadcrumbList","@id":"https:\/\/old.accessibilitydays.it\/2019\/it\/programma\/esperienze-sensoriali\/#breadcrumb","itemListElement":[{"@type":"ListItem","position":1,"name":"Home","item":"https:\/\/old.accessibilitydays.it\/2019\/it\/"},{"@type":"ListItem","position":2,"name":"Programma","item":"https:\/\/old.accessibilitydays.it\/2019\/it\/programma\/"},{"@type":"ListItem","position":3,"name":"Esperienze sensoriali"}]},{"@type":"WebSite","@id":"https:\/\/old.accessibilitydays.it\/2019\/#website","url":"https:\/\/old.accessibilitydays.it\/2019\/","name":"Accessibility Days 2019","description":"Sensibilizzazione sull&#039;Accessibilit\u00e0 e sulle Disabilit\u00e0","publisher":{"@id":"https:\/\/old.accessibilitydays.it\/2019\/#organization"},"potentialAction":[{"@type":"SearchAction","target":{"@type":"EntryPoint","urlTemplate":"https:\/\/old.accessibilitydays.it\/2019\/?s={search_term_string}"},"query-input":{"@type":"PropertyValueSpecification","valueRequired":true,"valueName":"search_term_string"}}],"inLanguage":"it-IT"},{"@type":"Organization","@id":"https:\/\/old.accessibilitydays.it\/2019\/#organization","name":"Accessibility Days","url":"https:\/\/old.accessibilitydays.it\/2019\/","logo":{"@type":"ImageObject","inLanguage":"it-IT","@id":"https:\/\/old.accessibilitydays.it\/2019\/#\/schema\/logo\/image\/","url":"https:\/\/accessibilitydays.it\/2019\/wp-content\/uploads\/sites\/4\/2020\/01\/Acessibility_Days-logo.png","contentUrl":"https:\/\/accessibilitydays.it\/2019\/wp-content\/uploads\/sites\/4\/2020\/01\/Acessibility_Days-logo.png","width":1800,"height":1800,"caption":"Accessibility Days"},"image":{"@id":"https:\/\/old.accessibilitydays.it\/2019\/#\/schema\/logo\/image\/"},"sameAs":["https:\/\/www.facebook.com\/AccessibilityDays\/","https:\/\/x.com\/a11y_days","https:\/\/www.youtube.com\/channel\/UCzFrbfqazVbmlwwSeA4DjOw","https:\/\/www.linkedin.com\/company\/accessibility-days"]}]}},"acf":[],"_links":{"self":[{"href":"https:\/\/old.accessibilitydays.it\/2019\/wp-json\/wp\/v2\/pages\/321","targetHints":{"allow":["GET"]}}],"collection":[{"href":"https:\/\/old.accessibilitydays.it\/2019\/wp-json\/wp\/v2\/pages"}],"about":[{"href":"https:\/\/old.accessibilitydays.it\/2019\/wp-json\/wp\/v2\/types\/page"}],"author":[{"embeddable":true,"href":"https:\/\/old.accessibilitydays.it\/2019\/wp-json\/wp\/v2\/users\/4"}],"replies":[{"embeddable":true,"href":"https:\/\/old.accessibilitydays.it\/2019\/wp-json\/wp\/v2\/comments?post=321"}],"version-history":[{"count":10,"href":"https:\/\/old.accessibilitydays.it\/2019\/wp-json\/wp\/v2\/pages\/321\/revisions"}],"predecessor-version":[{"id":1374,"href":"https:\/\/old.accessibilitydays.it\/2019\/wp-json\/wp\/v2\/pages\/321\/revisions\/1374"}],"up":[{"embeddable":true,"href":"https:\/\/old.accessibilitydays.it\/2019\/wp-json\/wp\/v2\/pages\/52"}],"wp:attachment":[{"href":"https:\/\/old.accessibilitydays.it\/2019\/wp-json\/wp\/v2\/media?parent=321"}],"curies":[{"name":"wp","href":"https:\/\/api.w.org\/{rel}","templated":true}]}}