{"id":960,"date":"2019-04-24T21:17:11","date_gmt":"2019-04-24T19:17:11","guid":{"rendered":"https:\/\/accessibilitydays.it\/2019\/?page_id=960"},"modified":"2020-09-27T16:22:09","modified_gmt":"2020-09-27T14:22:09","slug":"agenda-saturday","status":"publish","type":"page","link":"https:\/\/old.accessibilitydays.it\/2019\/en\/program\/agenda-saturday\/","title":{"rendered":"Saturday\u2019s Agenda"},"content":{"rendered":"\n\t<h5><em>NB: the agenda is still in the process of being defined, additional sessions will be added in the next few days and more accurately defined details.<br \/>\n<\/em><\/h5>\n\t<h2>Saturday morning<\/h2>\n\t<h3>09:00 &#8211; 09:30<\/h3>\n\t<h3>Registration of participants<\/h3>\n\t<h3>09:30 &#8211; 10:00<\/h3>\n\t<h3>Welcome Speech<\/h3>\n\t<h3>10:00 &#8211; 11:00<\/h3>\n<p>{Track 1}<\/p>\n<p>&nbsp;<\/p>\n\t<h3>10:00 &#8211; 11:00<\/h3>\n<p>{Track 2}<\/p>\n\t<h3><a href=\"https:\/\/old.accessibilitydays.it\/2019\/lectures\/dsa\" target=\"_blank\" rel=\"noopener noreferrer\">Histories of DSA and disability: Two worlds so distant but sometimes coincident<\/a><br \/>\n[Language: Italian]\u00a0<img loading=\"lazy\" decoding=\"async\" src=\"https:\/\/old.accessibilitydays.it\/2019\/wp-content\/uploads\/sites\/4\/2019\/05\/italian_flag-small.png\" alt=\"Italian Flag\" width=\"16\" height=\"11\" \/><\/h3>\nLucia Iacopini<br \/>\n#dsa\n\t<h3><a href=\"https:\/\/old.accessibilitydays.it\/2019\/..\/lectures\/accessibilita-quanto-complicato\" target=\"_blank\" rel=\"noopener noreferrer\">How complicated is accessibility?<\/a><br \/>\n[Language: Italian]\u00a0<img loading=\"lazy\" decoding=\"async\" src=\"https:\/\/old.accessibilitydays.it\/2019\/..\/wp-content\/uploads\/sites\/4\/2019\/05\/italian_flag-small.png\" alt=\"Italian Flag\" width=\"16\" height=\"11\" \/><\/h3>\nMichele Lucchini (UsableNet)<br \/>\n#wcag #processo\n\t<h3>10:00 &#8211; 11:00<\/h3>\n<p>{Track 3}<\/p>\n\t<h3><a href=\"https:\/\/old.accessibilitydays.it\/2019\/lectures\/mobile-tavola-rotonda\" target=\"_blank\" rel=\"noopener noreferrer\">Round table on the development of accessible mobile apps<\/a><br \/>\n[Language: Italian]\u00a0<img loading=\"lazy\" decoding=\"async\" src=\"https:\/\/old.accessibilitydays.it\/2019\/wp-content\/uploads\/sites\/4\/2019\/05\/italian_flag-small.png\" alt=\"Italian Flag\" width=\"16\" height=\"11\" \/><\/h3>\nGuidata da: Mattia Ducci, Niccol\u00f2 Cantu<br \/>\n#mobile #app #dev #ux\n\t<h3>10:00 &#8211; 13:00<\/h3>\n<p>{Track Maker}<\/p>\n\t<h3><a href=\"https:\/\/old.accessibilitydays.it\/2019\/lectures\/workshop-gozzani\" target=\"_blank\" rel=\"noopener noreferrer\">Workshop &#8220;Devices for the visually impaired-3D printing, sensors and tips to switch from ideas to prototypes&#8221;<\/a><br \/>\n[Language: Italian]\u00a0<img loading=\"lazy\" decoding=\"async\" src=\"https:\/\/old.accessibilitydays.it\/2019\/wp-content\/uploads\/sites\/4\/2019\/05\/italian_flag-small.png\" alt=\"Italian Flag\" width=\"16\" height=\"11\" \/><\/h3>\nRoberto Gozzani\u00a0<br \/>\n#maker #stampa3D #arduino #IoT #sensori #elettronica\n\t<h3>11:00 &#8211; 11:30<\/h3>\n\t<h3>COFFEE-BREAK<\/h3>\n\t<h3>11:30 &#8211; 12:15<\/h3>\n<p>{Track 1}<\/p>\n\t<h3><a href=\"\/lectures\/architecta\" target=\"_blank\" rel=\"noopener noreferrer\">Presentation of Architecta: Italian Society of Information Architecture<\/a><br \/>\n[Language: Italian]\u00a0<img loading=\"lazy\" decoding=\"async\" src=\"https:\/\/old.accessibilitydays.it\/2019\/wp-content\/uploads\/sites\/4\/2019\/05\/italian_flag-small.png\" alt=\"Italian Flag\" width=\"16\" height=\"11\" \/><\/h3>\nBianca Bronzino<br \/>\n#IA #ux #design\n\t<h3>11:30 &#8211; 12:15<\/h3>\n<p>{Track 2}<\/p>\n\t<h3><a href=\"https:\/\/old.accessibilitydays.it\/2019\/lectures\/obblighi-ICT\" target=\"_blank\" rel=\"noopener noreferrer\">Accessibility: how the Stanca law changes after the European directive<\/a><br \/>\n[Language: Italian]\u00a0<img loading=\"lazy\" decoding=\"async\" src=\"https:\/\/old.accessibilitydays.it\/2019\/wp-content\/uploads\/sites\/4\/2019\/05\/italian_flag-small.png\" alt=\"Italian Flag\" width=\"16\" height=\"11\" \/><\/h3>\nRoberto Scano (Agenzia per l&#8217;Italia Digitale) &amp; Fabrizio Caccavello (Agenzia per l&#8217;Italia Digitale)<br \/>\n#law #Stanca #regulation #directive\u00a0\n\t<h3>11:30 &#8211; 12:15<\/h3>\n<p>{Track 3}<\/p>\n\t<h3><a href=\"https:\/\/old.accessibilitydays.it\/2019\/lectures\/documentazione-scientifica\" target=\"_blank\" rel=\"noopener noreferrer\">Accessibility to Scientific Documentation<\/a><br \/>\n[Language: Italian]\u00a0<img loading=\"lazy\" decoding=\"async\" src=\"https:\/\/old.accessibilitydays.it\/2019\/wp-content\/uploads\/sites\/4\/2019\/05\/italian_flag-small.png\" alt=\"Italian Flag\" width=\"16\" height=\"11\" \/><\/h3>\nCristian Bernareggi<br \/>\n#didattica #documentazionescientifica #latex #pdf\n\t<h3>12:15 &#8211; 13:00<\/h3>\n<p>{Track 1}<\/p>\n\t<h3><a href=\"https:\/\/old.accessibilitydays.it\/2019\/lectures\/inclusive-design\" target=\"_blank\" rel=\"noopener noreferrer\">Inclusive Design: Design for ONE, Design for ALL<\/a><br \/>\n[Language: Italian]\u00a0<img loading=\"lazy\" decoding=\"async\" src=\"https:\/\/old.accessibilitydays.it\/2019\/wp-content\/uploads\/sites\/4\/2019\/05\/italian_flag-small.png\" alt=\"Italian Flag\" width=\"16\" height=\"11\" \/><\/h3>\nStefano Del Furia<br \/>\n#ux #design #dev #inclusive\n\t<h3>12:15 &#8211; 13:00<\/h3>\n<p>{Track 2}<\/p>\n<p>&nbsp;<\/p>\n\t<h3>12:15 &#8211; 13:00<\/h3>\n<p>{Track 3}<\/p>\n\t<h3><a href=\"https:\/\/old.accessibilitydays.it\/2019\/lectures\/validatori\" target=\"_blank\" rel=\"noopener noreferrer\">Automated tools to evaluate websites accessibility<\/a><br \/>\n[Language: Italian]\u00a0<img loading=\"lazy\" decoding=\"async\" src=\"https:\/\/old.accessibilitydays.it\/2019\/wp-content\/uploads\/sites\/4\/2019\/05\/italian_flag-small.png\" alt=\"Italian Flag\" width=\"16\" height=\"11\" \/><\/h3>\nAntonio Giovanni Schiavone<br \/>\n#dev #web #validatori\n\t<h3><a href=\"https:\/\/old.accessibilitydays.it\/2019\/lectures\/gopher\" target=\"_blank\" rel=\"noopener noreferrer\">Introduction to Gopher, an accessible alternative to the Web<\/a><br \/>\n[Languages: Italian\/English]\u00a0<img loading=\"lazy\" decoding=\"async\" src=\"https:\/\/old.accessibilitydays.it\/2019\/wp-content\/uploads\/sites\/4\/2019\/05\/italian_flag-small.png\" alt=\"Italian Flag\" width=\"16\" height=\"11\" \/>\u00a0<img loading=\"lazy\" decoding=\"async\" src=\"https:\/\/old.accessibilitydays.it\/2019\/wp-content\/uploads\/sites\/4\/2019\/05\/us_flag-small.png\" alt=\"US Flag\" width=\"16\" height=\"11\" \/><\/h3>\nRafael Minuesa, Sauro Cesaretti<br \/>\n#web #gopher\n\t<h3>13:00 &#8211; 14:00<\/h3>\n<p>{Track 1}<\/p>\n\t<h3>LUNCH BUFFET<\/h3>\n<p>In collaboration with the &#8220;Cooperativa Sociale Piano B&#8221;<\/p>\n\t<h2>Saturday afternoon<\/h2>\n\t<h3>14:00 &#8211; 15:00<\/h3>\n<p>{Track 1}<\/p>\n\t<h3><a href=\"https:\/\/old.accessibilitydays.it\/2019\/lectures\/musica\" target=\"_blank\" rel=\"noopener noreferrer\">Roundtable on software accessibility to create music (part 1\/3)<\/a><br \/>\n[Language: Italian]\u00a0<img loading=\"lazy\" decoding=\"async\" src=\"https:\/\/old.accessibilitydays.it\/2019\/wp-content\/uploads\/sites\/4\/2019\/05\/italian_flag-small.png\" alt=\"Italian Flag\" width=\"16\" height=\"11\" \/><\/h3>\nSeveral Speakers<br \/>\n#musica #windows #apple\n\t<h3>14:00 &#8211; 15:00<\/h3>\n<p>{Track 2}<\/p>\n\t<h3><a href=\"https:\/\/old.accessibilitydays.it\/2019\/lectures\/non-chiamatela-accessibilita\" target=\"_blank\" rel=\"noopener noreferrer\">Don&#8217;t call it Accessibility<\/a><br \/>\n[Language: Italian]\u00a0<img loading=\"lazy\" decoding=\"async\" src=\"https:\/\/old.accessibilitydays.it\/2019\/wp-content\/uploads\/sites\/4\/2019\/05\/italian_flag-small.png\" alt=\"Italian Flag\" width=\"16\" height=\"11\" \/><\/h3>\nNicol\u00f2 Carpignoli and Edoardo Cavazza<br \/>\n#web #design #leggibilit\u00e0\n\t<h3>14:00 &#8211; 16:00<\/h3>\n<p>{Track Maker}<\/p>\n\t<h3><a href=\"https:\/\/old.accessibilitydays.it\/2019\/lectures\/arduino-berretta\/\" target=\"_blank\" rel=\"noopener noreferrer\">Workshop &#8220;Arduino in inclusive didactics&#8221;<\/a><br \/>\n[Language: Italian]\u00a0<img loading=\"lazy\" decoding=\"async\" src=\"https:\/\/old.accessibilitydays.it\/2019\/wp-content\/uploads\/sites\/4\/2019\/05\/italian_flag-small.png\" alt=\"Italian Flag\" width=\"16\" height=\"11\" \/><\/h3>\nGiulio Berretta<br \/>\n#arduino #maker #didattica #workshop\n\t<h3>14:00 &#8211; 15:00<\/h3>\n<p>{Museum Entrance}<\/p>\n\t<h3>Blindfolded guided tour to the Museo Tattile Statale Omero<\/h3>\n<p>#museotattile #esperienzasensoriale<\/p>\n\t<h3>15:00 &#8211; 16:00<\/h3>\n<p>{Track 1}<\/p>\n\t<h3><a href=\"https:\/\/old.accessibilitydays.it\/2019\/lectures\/musica\" target=\"_blank\" rel=\"noopener noreferrer\">Roundtable on software accessibility to create music (part 2\/3)<\/a><br \/>\n[Language: Italian]\u00a0<img loading=\"lazy\" decoding=\"async\" src=\"https:\/\/old.accessibilitydays.it\/2019\/wp-content\/uploads\/sites\/4\/2019\/05\/italian_flag-small.png\" alt=\"Italian Flag\" width=\"16\" height=\"11\" \/><\/h3>\nSeveral Speakers<br \/>\n#musica #windows #apple\n\t<h3>15:00 &#8211; 16:00<\/h3>\n<p>{Track 2}<\/p>\n\t<h3><a href=\"https:\/\/old.accessibilitydays.it\/2019\/lectures\/spa\" target=\"_blank\" rel=\"noopener noreferrer\">Implementing ARIA to our applications. The Single Page Applications and the endless problems of accessibility<\/a>[Language: Italian]\u00a0<img loading=\"lazy\" decoding=\"async\" src=\"https:\/\/old.accessibilitydays.it\/2019\/wp-content\/uploads\/sites\/4\/2019\/05\/italian_flag-small.png\" alt=\"Italian Flag\" width=\"16\" height=\"11\" \/><\/h3>\nFabrizio Caccavello<br \/>\n#dev #web #SPA #ARIA\n\t<h3>15:00 &#8211; 16:00<\/h3>\n<p>{Track 3}<\/p>\n\t<h3><a href=\"https:\/\/old.accessibilitydays.it\/2019\/lectures\/apple-tecnologie-assistive\/\" target=\"_blank\" rel=\"noopener noreferrer\">Apple: On-board Assistive Technologies<\/a><br \/>\n[Language: Italian]\u00a0<img loading=\"lazy\" decoding=\"async\" src=\"https:\/\/old.accessibilitydays.it\/2019\/wp-content\/uploads\/sites\/4\/2019\/05\/italian_flag-small.png\" alt=\"Italian Flag\" width=\"16\" height=\"11\" \/><\/h3>\nMED Store +\u00a0Rossy Koumanova (Universal Access)<br \/>\n#mobile #apple #ux #dev\n\t<h3>16:00 &#8211; 17:00<\/h3>\n<p>{Track 1}<\/p>\n\t<h3><a href=\"\/lectures\/musica\" target=\"_blank\" rel=\"noopener noreferrer\">Roundtable on software accessibility to create music (part 3\/3)<\/a><br \/>\n[Language: Italian]&nbsp;<img loading=\"lazy\" decoding=\"async\" src=\"https:\/\/old.accessibilitydays.it\/2019\/wp-content\/uploads\/sites\/4\/2019\/05\/italian_flag-small.png\" alt=\"Italian Flag\" width=\"16\" height=\"11\"><\/h3>\nSeveral Speakers<br \/>\n#musica #windows #apple\n\t<h3>16:00 &#8211; 17:00<\/h3>\n<p>{Track 2}<\/p>\n\t<h3><a href=\"..\/..\/..\/lectures\/nvda\" target=\"_blank\" rel=\"noopener noreferrer\">Communication as Inclusion<\/a><br \/>\n[Language: Italian]\u00a0<img loading=\"lazy\" decoding=\"async\" src=\"https:\/\/old.accessibilitydays.it\/2019\/..\/..\/wp-content\/uploads\/sites\/4\/2019\/05\/italian_flag-small.png\" alt=\"Italian Flag\" width=\"16\" height=\"11\" \/><\/h3>\nConsuelo Agnesi<br \/>\n#architettura #barriere #sordit\u00e0 #sordocecit\u00e0 #disabilit\u00e0uditiva #musei #accessibleLight #comunicazione #inclusivit\u00e0\n\t<h3>16:00 &#8211; 17:00<\/h3>\n<p>{Track 3}<\/p>\n\t<h3><a href=\"https:\/\/old.accessibilitydays.it\/2019\/lectures\/nvda\" target=\"_blank\" rel=\"noopener noreferrer\">NVDA: un importante screen reader open source per Windows<\/a><br \/>\n[Language: Italian]\u00a0<img loading=\"lazy\" decoding=\"async\" src=\"https:\/\/old.accessibilitydays.it\/2019\/wp-content\/uploads\/sites\/4\/2019\/05\/italian_flag-small.png\" alt=\"Italian Flag\" width=\"16\" height=\"11\" \/><\/h3>\nGiuseppe Fornaro<br \/>\n#screenreader #nvda #windows #opensource\n\t<h3>17:00 &#8211; 17:30<\/h3>\n\t<h3>EVENT CLOSING<\/h3>\n\t\t\t<a href=\"\/en\/sign-up\/\" target=\"_self\" role=\"button\" rel=\"noopener noreferrer\">\n\t\t\t\t\t\tSIGN UP NOW\n\t\t<\/a>\n","protected":false},"excerpt":{"rendered":"<div class=\"entry-summary\">\n<div class=\"entry-summary\">\nNB: the agenda is still in the process of being defined, additional sessions will be added in the next few days and more accurately defined details. Saturday morning 09:00 &#8211; 09:30 Registration of participants 09:30 &#8211; 10:00 Welcome Speech 10:00&hellip;\n<\/div>\n<div class=\"link-more\"><a href=\"https:\/\/old.accessibilitydays.it\/2019\/en\/program\/agenda-saturday\/\" class=\"more-link\">Continua a leggere <span class=\"screen-reader-text\"> &ldquo;Saturday\u2019s Agenda&rdquo;<\/span>&hellip;<\/a><\/div>\n<\/div>\n<div class=\"link-more\"><a href=\"https:\/\/old.accessibilitydays.it\/2019\/en\/program\/agenda-saturday\/\" class=\"more-link\">Continua a leggere <span class=\"screen-reader-text\"> &ldquo;Saturday\u2019s Agenda&rdquo;<\/span>&hellip;<\/a><\/div>\n","protected":false},"author":2,"featured_media":0,"parent":840,"menu_order":0,"comment_status":"closed","ping_status":"closed","template":"","meta":{"_acf_changed":false,"footnotes":""},"class_list":["post-960","page","type-page","status-publish","hentry","entry"],"yoast_head":"<!-- This site is optimized with the Yoast SEO plugin v25.6 - https:\/\/yoast.com\/wordpress\/plugins\/seo\/ -->\n<title>Saturday\u2019s Agenda - Accessibility Days 2019<\/title>\n<meta name=\"robots\" content=\"index, follow, max-snippet:-1, max-image-preview:large, max-video-preview:-1\" \/>\n<link rel=\"canonical\" href=\"https:\/\/old.accessibilitydays.it\/2019\/en\/program\/agenda-saturday\/\" \/>\n<meta property=\"og:locale\" content=\"it_IT\" \/>\n<meta property=\"og:type\" content=\"article\" \/>\n<meta property=\"og:title\" content=\"Saturday\u2019s Agenda - Accessibility Days 2019\" \/>\n<meta property=\"og:description\" content=\"NB: the agenda is still in the process of being defined, additional sessions will be added in the next few days and more accurately defined details. Saturday morning 09:00 &#8211; 09:30 Registration of participants 09:30 &#8211; 10:00 Welcome Speech 10:00&hellip; Continua a leggere &ldquo;Saturday\u2019s Agenda&rdquo;&hellip;\" \/>\n<meta property=\"og:url\" content=\"https:\/\/old.accessibilitydays.it\/2019\/en\/program\/agenda-saturday\/\" \/>\n<meta property=\"og:site_name\" content=\"Accessibility Days 2019\" \/>\n<meta property=\"article:publisher\" content=\"https:\/\/www.facebook.com\/AccessibilityDays\/\" \/>\n<meta property=\"article:modified_time\" content=\"2020-09-27T14:22:09+00:00\" \/>\n<meta property=\"og:image\" content=\"https:\/\/old.accessibilitydays.it\/2019\/wp-content\/uploads\/sites\/4\/2019\/05\/italian_flag-small.png\" \/>\n<meta name=\"twitter:card\" content=\"summary_large_image\" \/>\n<meta name=\"twitter:site\" content=\"@a11y_days\" \/>\n<meta name=\"twitter:label1\" content=\"Tempo di lettura stimato\" \/>\n\t<meta name=\"twitter:data1\" content=\"2 minuti\" \/>\n<script type=\"application\/ld+json\" class=\"yoast-schema-graph\">{\"@context\":\"https:\/\/schema.org\",\"@graph\":[{\"@type\":\"WebPage\",\"@id\":\"https:\/\/old.accessibilitydays.it\/2019\/en\/program\/agenda-saturday\/\",\"url\":\"https:\/\/old.accessibilitydays.it\/2019\/en\/program\/agenda-saturday\/\",\"name\":\"Saturday\u2019s Agenda - Accessibility Days 2019\",\"isPartOf\":{\"@id\":\"https:\/\/old.accessibilitydays.it\/2019\/#website\"},\"primaryImageOfPage\":{\"@id\":\"https:\/\/old.accessibilitydays.it\/2019\/en\/program\/agenda-saturday\/#primaryimage\"},\"image\":{\"@id\":\"https:\/\/old.accessibilitydays.it\/2019\/en\/program\/agenda-saturday\/#primaryimage\"},\"thumbnailUrl\":\"https:\/\/old.accessibilitydays.it\/2019\/wp-content\/uploads\/sites\/4\/2019\/05\/italian_flag-small.png\",\"datePublished\":\"2019-04-24T19:17:11+00:00\",\"dateModified\":\"2020-09-27T14:22:09+00:00\",\"breadcrumb\":{\"@id\":\"https:\/\/old.accessibilitydays.it\/2019\/en\/program\/agenda-saturday\/#breadcrumb\"},\"inLanguage\":\"it-IT\",\"potentialAction\":[{\"@type\":\"ReadAction\",\"target\":[\"https:\/\/old.accessibilitydays.it\/2019\/en\/program\/agenda-saturday\/\"]}]},{\"@type\":\"ImageObject\",\"inLanguage\":\"it-IT\",\"@id\":\"https:\/\/old.accessibilitydays.it\/2019\/en\/program\/agenda-saturday\/#primaryimage\",\"url\":\"https:\/\/old.accessibilitydays.it\/2019\/wp-content\/uploads\/sites\/4\/2019\/05\/italian_flag-small.png\",\"contentUrl\":\"https:\/\/old.accessibilitydays.it\/2019\/wp-content\/uploads\/sites\/4\/2019\/05\/italian_flag-small.png\",\"width\":16,\"height\":11,\"caption\":\"Italian Flag\"},{\"@type\":\"BreadcrumbList\",\"@id\":\"https:\/\/old.accessibilitydays.it\/2019\/en\/program\/agenda-saturday\/#breadcrumb\",\"itemListElement\":[{\"@type\":\"ListItem\",\"position\":1,\"name\":\"Home\",\"item\":\"https:\/\/old.accessibilitydays.it\/2019\/it\/\"},{\"@type\":\"ListItem\",\"position\":2,\"name\":\"Program\",\"item\":\"https:\/\/old.accessibilitydays.it\/2019\/en\/program\/\"},{\"@type\":\"ListItem\",\"position\":3,\"name\":\"Saturday\u2019s Agenda\"}]},{\"@type\":\"WebSite\",\"@id\":\"https:\/\/old.accessibilitydays.it\/2019\/#website\",\"url\":\"https:\/\/old.accessibilitydays.it\/2019\/\",\"name\":\"Accessibility Days 2019\",\"description\":\"Sensibilizzazione sull&#039;Accessibilit\u00e0 e sulle Disabilit\u00e0\",\"publisher\":{\"@id\":\"https:\/\/old.accessibilitydays.it\/2019\/#organization\"},\"potentialAction\":[{\"@type\":\"SearchAction\",\"target\":{\"@type\":\"EntryPoint\",\"urlTemplate\":\"https:\/\/old.accessibilitydays.it\/2019\/?s={search_term_string}\"},\"query-input\":{\"@type\":\"PropertyValueSpecification\",\"valueRequired\":true,\"valueName\":\"search_term_string\"}}],\"inLanguage\":\"it-IT\"},{\"@type\":\"Organization\",\"@id\":\"https:\/\/old.accessibilitydays.it\/2019\/#organization\",\"name\":\"Accessibility Days\",\"url\":\"https:\/\/old.accessibilitydays.it\/2019\/\",\"logo\":{\"@type\":\"ImageObject\",\"inLanguage\":\"it-IT\",\"@id\":\"https:\/\/old.accessibilitydays.it\/2019\/#\/schema\/logo\/image\/\",\"url\":\"https:\/\/accessibilitydays.it\/2019\/wp-content\/uploads\/sites\/4\/2020\/01\/Acessibility_Days-logo.png\",\"contentUrl\":\"https:\/\/accessibilitydays.it\/2019\/wp-content\/uploads\/sites\/4\/2020\/01\/Acessibility_Days-logo.png\",\"width\":1800,\"height\":1800,\"caption\":\"Accessibility Days\"},\"image\":{\"@id\":\"https:\/\/old.accessibilitydays.it\/2019\/#\/schema\/logo\/image\/\"},\"sameAs\":[\"https:\/\/www.facebook.com\/AccessibilityDays\/\",\"https:\/\/x.com\/a11y_days\",\"https:\/\/www.youtube.com\/channel\/UCzFrbfqazVbmlwwSeA4DjOw\",\"https:\/\/www.linkedin.com\/company\/accessibility-days\"]}]}<\/script>\n<!-- \/ Yoast SEO plugin. -->","yoast_head_json":{"title":"Saturday\u2019s Agenda - Accessibility Days 2019","robots":{"index":"index","follow":"follow","max-snippet":"max-snippet:-1","max-image-preview":"max-image-preview:large","max-video-preview":"max-video-preview:-1"},"canonical":"https:\/\/old.accessibilitydays.it\/2019\/en\/program\/agenda-saturday\/","og_locale":"it_IT","og_type":"article","og_title":"Saturday\u2019s Agenda - Accessibility Days 2019","og_description":"NB: the agenda is still in the process of being defined, additional sessions will be added in the next few days and more accurately defined details. Saturday morning 09:00 &#8211; 09:30 Registration of participants 09:30 &#8211; 10:00 Welcome Speech 10:00&hellip; Continua a leggere &ldquo;Saturday\u2019s Agenda&rdquo;&hellip;","og_url":"https:\/\/old.accessibilitydays.it\/2019\/en\/program\/agenda-saturday\/","og_site_name":"Accessibility Days 2019","article_publisher":"https:\/\/www.facebook.com\/AccessibilityDays\/","article_modified_time":"2020-09-27T14:22:09+00:00","og_image":[{"url":"https:\/\/old.accessibilitydays.it\/2019\/wp-content\/uploads\/sites\/4\/2019\/05\/italian_flag-small.png","type":"","width":"","height":""}],"twitter_card":"summary_large_image","twitter_site":"@a11y_days","twitter_misc":{"Tempo di lettura stimato":"2 minuti"},"schema":{"@context":"https:\/\/schema.org","@graph":[{"@type":"WebPage","@id":"https:\/\/old.accessibilitydays.it\/2019\/en\/program\/agenda-saturday\/","url":"https:\/\/old.accessibilitydays.it\/2019\/en\/program\/agenda-saturday\/","name":"Saturday\u2019s Agenda - Accessibility Days 2019","isPartOf":{"@id":"https:\/\/old.accessibilitydays.it\/2019\/#website"},"primaryImageOfPage":{"@id":"https:\/\/old.accessibilitydays.it\/2019\/en\/program\/agenda-saturday\/#primaryimage"},"image":{"@id":"https:\/\/old.accessibilitydays.it\/2019\/en\/program\/agenda-saturday\/#primaryimage"},"thumbnailUrl":"https:\/\/old.accessibilitydays.it\/2019\/wp-content\/uploads\/sites\/4\/2019\/05\/italian_flag-small.png","datePublished":"2019-04-24T19:17:11+00:00","dateModified":"2020-09-27T14:22:09+00:00","breadcrumb":{"@id":"https:\/\/old.accessibilitydays.it\/2019\/en\/program\/agenda-saturday\/#breadcrumb"},"inLanguage":"it-IT","potentialAction":[{"@type":"ReadAction","target":["https:\/\/old.accessibilitydays.it\/2019\/en\/program\/agenda-saturday\/"]}]},{"@type":"ImageObject","inLanguage":"it-IT","@id":"https:\/\/old.accessibilitydays.it\/2019\/en\/program\/agenda-saturday\/#primaryimage","url":"https:\/\/old.accessibilitydays.it\/2019\/wp-content\/uploads\/sites\/4\/2019\/05\/italian_flag-small.png","contentUrl":"https:\/\/old.accessibilitydays.it\/2019\/wp-content\/uploads\/sites\/4\/2019\/05\/italian_flag-small.png","width":16,"height":11,"caption":"Italian Flag"},{"@type":"BreadcrumbList","@id":"https:\/\/old.accessibilitydays.it\/2019\/en\/program\/agenda-saturday\/#breadcrumb","itemListElement":[{"@type":"ListItem","position":1,"name":"Home","item":"https:\/\/old.accessibilitydays.it\/2019\/it\/"},{"@type":"ListItem","position":2,"name":"Program","item":"https:\/\/old.accessibilitydays.it\/2019\/en\/program\/"},{"@type":"ListItem","position":3,"name":"Saturday\u2019s Agenda"}]},{"@type":"WebSite","@id":"https:\/\/old.accessibilitydays.it\/2019\/#website","url":"https:\/\/old.accessibilitydays.it\/2019\/","name":"Accessibility Days 2019","description":"Sensibilizzazione sull&#039;Accessibilit\u00e0 e sulle Disabilit\u00e0","publisher":{"@id":"https:\/\/old.accessibilitydays.it\/2019\/#organization"},"potentialAction":[{"@type":"SearchAction","target":{"@type":"EntryPoint","urlTemplate":"https:\/\/old.accessibilitydays.it\/2019\/?s={search_term_string}"},"query-input":{"@type":"PropertyValueSpecification","valueRequired":true,"valueName":"search_term_string"}}],"inLanguage":"it-IT"},{"@type":"Organization","@id":"https:\/\/old.accessibilitydays.it\/2019\/#organization","name":"Accessibility Days","url":"https:\/\/old.accessibilitydays.it\/2019\/","logo":{"@type":"ImageObject","inLanguage":"it-IT","@id":"https:\/\/old.accessibilitydays.it\/2019\/#\/schema\/logo\/image\/","url":"https:\/\/accessibilitydays.it\/2019\/wp-content\/uploads\/sites\/4\/2020\/01\/Acessibility_Days-logo.png","contentUrl":"https:\/\/accessibilitydays.it\/2019\/wp-content\/uploads\/sites\/4\/2020\/01\/Acessibility_Days-logo.png","width":1800,"height":1800,"caption":"Accessibility Days"},"image":{"@id":"https:\/\/old.accessibilitydays.it\/2019\/#\/schema\/logo\/image\/"},"sameAs":["https:\/\/www.facebook.com\/AccessibilityDays\/","https:\/\/x.com\/a11y_days","https:\/\/www.youtube.com\/channel\/UCzFrbfqazVbmlwwSeA4DjOw","https:\/\/www.linkedin.com\/company\/accessibility-days"]}]}},"acf":[],"_links":{"self":[{"href":"https:\/\/old.accessibilitydays.it\/2019\/wp-json\/wp\/v2\/pages\/960","targetHints":{"allow":["GET"]}}],"collection":[{"href":"https:\/\/old.accessibilitydays.it\/2019\/wp-json\/wp\/v2\/pages"}],"about":[{"href":"https:\/\/old.accessibilitydays.it\/2019\/wp-json\/wp\/v2\/types\/page"}],"author":[{"embeddable":true,"href":"https:\/\/old.accessibilitydays.it\/2019\/wp-json\/wp\/v2\/users\/2"}],"replies":[{"embeddable":true,"href":"https:\/\/old.accessibilitydays.it\/2019\/wp-json\/wp\/v2\/comments?post=960"}],"version-history":[{"count":25,"href":"https:\/\/old.accessibilitydays.it\/2019\/wp-json\/wp\/v2\/pages\/960\/revisions"}],"predecessor-version":[{"id":1642,"href":"https:\/\/old.accessibilitydays.it\/2019\/wp-json\/wp\/v2\/pages\/960\/revisions\/1642"}],"up":[{"embeddable":true,"href":"https:\/\/old.accessibilitydays.it\/2019\/wp-json\/wp\/v2\/pages\/840"}],"wp:attachment":[{"href":"https:\/\/old.accessibilitydays.it\/2019\/wp-json\/wp\/v2\/media?parent=960"}],"curies":[{"name":"wp","href":"https:\/\/api.w.org\/{rel}","templated":true}]}}