{"id":1014,"date":"2019-04-28T22:53:42","date_gmt":"2019-04-28T20:53:42","guid":{"rendered":"https:\/\/accessibilitydays.it\/2020\/?page_id=1014"},"modified":"2025-05-14T16:39:19","modified_gmt":"2025-05-14T14:39:19","slug":"diventa-sponsor","status":"publish","type":"page","link":"https:\/\/old.accessibilitydays.it\/2020\/it\/organizzatori-e-sponsor\/diventa-sponsor\/","title":{"rendered":"Diventa sponsor dell&#8217;evento"},"content":{"rendered":"\n\n\t<h2>Vuoi diventare sponsor dell&#8217;evento?<\/h2>\nAccessibility Days \u00e8 un evento gratuito organizzato da associazioni no-profit.<br \/>\nSe ti va, puoi aiutarci a sostenere i costi per l&#8217;organizzazione con un piccolo contributo economico.<br \/>\nAbbiamo definito una serie di livelli di sponsorizzazione, che trovi qui di seguito.\n<p><strong>Contattaci alla mail <a href=\"mailto:accessibilitydays@gmail.com\">accessibilitydays@gmail.com<\/a> e ti indicheremo come \u00e8 possibile aiutarci a sostenere l&#8217;evento e renderlo ancora pi\u00f9 bello ed inclusivo per tutti!<\/strong><\/p>\n<h2>Livelli di Sponsorizzazione<\/h2>\n<h3>Donazioni e sponsorizzazioni per importi inferiori a 500 \u20ac<\/h3>\nNel caso si voglia dare comunque un contributo per la buona riuscita dell&#8217;evento, \u00e8 possibile effettuare una donazione: verr\u00e0 inserito il proprio nominativo nell&#8217;elenco di chi ha fatto una donazione. Tale elenco sar\u00e0 mostrato durante gli interventi di apertura della conferenza.<br \/>\n<strong>Le donazioni sotto i 500\u20ac possono essere effettuate sia da privati che da aziende, inviando un versamento tramite PayPal all&#8217;indirizzo tesoriere@agilemovement.it<\/strong><br \/>\n\t\t\t<a href=\"https:\/\/old.accessibilitydays.it\/donate\" target=\"_self\" role=\"button\" rel=\"noopener\"><br \/>\n\t\t\t\t\t\tFAI UNA DONAZIONE<br \/>\n\t\t<\/a>\n<h3>Livelli di sponsorizzazione (versione a tabella)<\/h3>\n<p>&nbsp;<\/p>\n\n<table id=\"tablepress-2\" class=\"tablepress tablepress-id-2\">\n<thead>\n<tr class=\"row-1\">\n\t<td class=\"column-1\"><\/td><th class=\"column-2\">Silver<br \/>\n(500\u20ac)<\/th><th class=\"column-3\">Gold<br \/>\n(1.000\u20ac)<\/th><th class=\"column-4\">Platinum<br \/>\n(1.500\u20ac)<\/th>\n<\/tr>\n<\/thead>\n<tbody class=\"row-striping row-hover\">\n<tr class=\"row-2\">\n\t<td class=\"column-1\">Logo nel sito <code>1<\/code><\/td><td class=\"column-2\">\u2714<\/td><td class=\"column-3\">\u2714<\/td><td class=\"column-4\">\u2714<\/td>\n<\/tr>\n<tr class=\"row-3\">\n\t<td class=\"column-1\">Logo nel manifesto stampato <code>1<\/code><\/td><td class=\"column-2\">\u2714<\/td><td class=\"column-3\">\u2714<\/td><td class=\"column-4\">\u2714<\/td>\n<\/tr>\n<tr class=\"row-4\">\n\t<td class=\"column-1\">Logo nel foglio contenente il programma stampato <code>1<\/code><\/td><td class=\"column-2\">\u2714<\/td><td class=\"column-3\">\u2714<\/td><td class=\"column-4\">\u2714<\/td>\n<\/tr>\n<tr class=\"row-5\">\n\t<td class=\"column-1\">Menzione sui canali social<br \/>\n(Twitter, Linkedin, Facebook, \u2026)<\/td><td class=\"column-2\">\u2714<\/td><td class=\"column-3\">\u2714<\/td><td class=\"column-4\">\u2714<\/td>\n<\/tr>\n<tr class=\"row-6\">\n\t<td class=\"column-1\">Ore di valutazione di accessibilit\u00e0 di un proprio software o dispositivo <code>2<\/code><\/td><td class=\"column-2\">4<\/td><td class=\"column-3\">8<\/td><td class=\"column-4\">12<\/td>\n<\/tr>\n<tr class=\"row-7\">\n\t<td class=\"column-1\">Biglietto gratuito per l\u2019apericena al buio<\/td><td class=\"column-2\">1<\/td><td class=\"column-3\">2<\/td><td class=\"column-4\">3<\/td>\n<\/tr>\n<tr class=\"row-8\">\n\t<td class=\"column-1\">Biglietto con 50% di sconto per l\u2019apericena al buio<\/td><td class=\"column-2\">1<\/td><td class=\"column-3\">1<\/td><td class=\"column-4\">2<\/td>\n<\/tr>\n<tr class=\"row-9\">\n\t<td class=\"column-1\">Menzione durante gli interventi di apertura della conferenza<\/td><td class=\"column-2\">-<\/td><td class=\"column-3\">\u2714<\/td><td class=\"column-4\">\u2714<\/td>\n<\/tr>\n<tr class=\"row-10\">\n\t<td class=\"column-1\">Esposizione di rollup fornito dallo sponsor<\/td><td class=\"column-2\">-<\/td><td class=\"column-3\">1<\/td><td class=\"column-4\">1 per sala<\/td>\n<\/tr>\n<tr class=\"row-11\">\n\t<td class=\"column-1\">Menzione sui video delle sessioni, pubblicati pubblicamente su YouTube (nell\u2019edizione 2019 oltre 30 video)<\/td><td class=\"column-2\">-<\/td><td class=\"column-3\">\u2714<\/td><td class=\"column-4\">\u2714<\/td>\n<\/tr>\n<tr class=\"row-12\">\n\t<td class=\"column-1\">2 minuti a disposizione durante i keynote di venerd\u00ec e sabato<\/td><td class=\"column-2\">-<\/td><td class=\"column-3\">-<\/td><td class=\"column-4\">\u2714<\/td>\n<\/tr>\n<tr class=\"row-13\">\n\t<td class=\"column-1\">1 banchetto espositivo per attivit\u00e0 promozionale a carico dello sponsor<\/td><td class=\"column-2\">-<\/td><td class=\"column-3\">-<\/td><td class=\"column-4\"><\/td>\n<\/tr>\n<\/tbody>\n<\/table>\n<!-- #tablepress-2 from cache -->\n<h3>Livelli di sponsorizzazione (versione a lista)<\/h3>\n<h4>Silver: \u20ac 500<\/h4>\n<ul>\n<li>Logo nel sito <sup>1<\/sup><\/li>\n<li>Logo nel manifesto stampato <sup>1<\/sup><\/li>\n<li>Logo nel foglio contenente il programma stampato <sup>1<\/sup><\/li>\n<li>Menzione sui canali social (Twitter, Linkedin, Facebook, &#8230;)<\/li>\n<li>4 ore di valutazioni di accessibilit\u00e0 di un proprio software o dispositivo <sup>2<\/sup><\/li>\n<li>1 biglietto gratuito per l&#8217;apericena al buio<\/li>\n<li>1 biglietto con 50% di sconto per l&#8217;apericena al buio<\/li>\n<\/ul>\n<h4>Gold: \u20ac 1.000<\/h4>\n<ul>\n<li>Tutti i servizi del livello Silver<\/li>\n<li>Altre 4 ore (8 totali) di valutazioni di accessibilit\u00e0 di un proprio software o dispositivo <sup>2<\/sup><\/li>\n<li>Menzione durante gli interventi di apertura della conferenza<\/li>\n<li>Un altro biglietto (2 in totale) gratuito per l&#8217;apericena al buio<\/li>\n<li>Esposizione di 1 rollup fornito dallo sponsor<\/li>\n<li>Menzione sui video delle sessioni, pubblicati pubblicamente su YouTube (nell&#8217;edizione 2019 oltre 30 video)<\/li>\n<\/ul>\n<h4>Platinum: \u20ac 1.500<\/h4>\n<ul>\n<li>Tutti i servizi del livello Gold<\/li>\n<li>2 minuti a disposizione durante i keynote di venerd\u00ec e sabato<\/li>\n<li>Altre 4 ore (12 totali) di valutazioni di accessibilit\u00e0 di un proprio software o dispositivo<\/li>\n<li>Un altro biglietto (3 in totale) gratuito per l&#8217;apericena al buio<\/li>\n<li>Un altro biglietto (2 in totale) con 50% di sconto per l&#8217;apericena al buio<\/li>\n<li>1 banchetto espositivo per attivit\u00e0 promozionale a carico dello sponsor<\/li>\n<li>Esposizione dei rollup forniti dallo sponsor (anche 1 per stanza)<\/li>\n<\/ul>\n<strong><br \/>\nContattaci alla mail <a href=\"mailto:accessibilitydays@gmail.com\">accessibilitydays@gmail.com<\/a> e ti indicheremo come \u00e8 possibile aiutarci a sostenere gli Accessibility Days e renderlo un evento ancora pi\u00f9 bello ed inclusivo per tutti!<\/strong>\n<hr \/>\n<h4>Note:<\/h4>\n<ol>\n<li>I loghi nel sito e nelle stampe saranno in dimensioni proporzionali al livello di sponsorizzazione.<\/li>\n<li>Valutazioni di accessibilit\u00e0: sono a disposizione degli esperti nelle tecnologie assistive per le disabilit\u00e0 visive per eseguire dei test di valutazione di siti web o app mobile\/desktop e verificarne l&#8217;accessibilit\u00e0 rispetto alle WCAG 2.1.<br \/>\nLe valutazioni verranno fatte su piattaforme Windows e Mac con gli screen reader pi\u00f9 noti e su device mobili basati su iOS ed Android.<br \/>\nInoltre, verranno fatti test di valutazione per quanto concerne l&#8217;ipovisione, usando strumenti ad hoc.<\/li>\n<\/ol>\n\n","protected":false},"excerpt":{"rendered":"<div class=\"entry-summary\">\n<div class=\"entry-summary\">\nVuoi diventare sponsor dell&#8217;evento? Accessibility Days \u00e8 un evento gratuito organizzato da associazioni no-profit. Se ti va, puoi aiutarci a sostenere i costi per l&#8217;organizzazione con un piccolo contributo economico. Abbiamo definito una serie di livelli di sponsorizzazione, che trovi&hellip;\n<\/div>\n<div class=\"link-more\"><a href=\"https:\/\/old.accessibilitydays.it\/2020\/it\/organizzatori-e-sponsor\/diventa-sponsor\/\" class=\"more-link\">Continua a leggere <span class=\"screen-reader-text\"> &ldquo;Diventa sponsor dell&#8217;evento&rdquo;<\/span>&hellip;<\/a><\/div>\n<\/div>\n<div class=\"link-more\"><a href=\"https:\/\/old.accessibilitydays.it\/2020\/it\/organizzatori-e-sponsor\/diventa-sponsor\/\" class=\"more-link\">Continua a leggere <span class=\"screen-reader-text\"> &ldquo;Diventa sponsor dell&#8217;evento&rdquo;<\/span>&hellip;<\/a><\/div>\n","protected":false},"author":2,"featured_media":0,"parent":623,"menu_order":0,"comment_status":"closed","ping_status":"closed","template":"","meta":{"_acf_changed":false,"footnotes":""},"class_list":["post-1014","page","type-page","status-publish","hentry","entry"],"yoast_head":"<!-- This site is optimized with the Yoast SEO plugin v25.6 - https:\/\/yoast.com\/wordpress\/plugins\/seo\/ -->\n<title>Diventa sponsor dell&#039;evento - Accessibility Days 2020<\/title>\n<meta name=\"robots\" content=\"index, follow, max-snippet:-1, max-image-preview:large, max-video-preview:-1\" \/>\n<link rel=\"canonical\" href=\"https:\/\/old.accessibilitydays.it\/2020\/it\/organizzatori-e-sponsor\/diventa-sponsor\/\" \/>\n<meta property=\"og:locale\" content=\"it_IT\" \/>\n<meta property=\"og:type\" content=\"article\" \/>\n<meta property=\"og:title\" content=\"Diventa sponsor dell&#039;evento - Accessibility Days 2020\" \/>\n<meta property=\"og:description\" content=\"Vuoi diventare sponsor dell&#8217;evento? Accessibility Days \u00e8 un evento gratuito organizzato da associazioni no-profit. Se ti va, puoi aiutarci a sostenere i costi per l&#8217;organizzazione con un piccolo contributo economico. Abbiamo definito una serie di livelli di sponsorizzazione, che trovi&hellip; Continua a leggere &ldquo;Diventa sponsor dell&#8217;evento&rdquo;&hellip;\" \/>\n<meta property=\"og:url\" content=\"https:\/\/old.accessibilitydays.it\/2020\/it\/organizzatori-e-sponsor\/diventa-sponsor\/\" \/>\n<meta property=\"og:site_name\" content=\"Accessibility Days 2020\" \/>\n<meta property=\"article:modified_time\" content=\"2025-05-14T14:39:19+00:00\" \/>\n<meta name=\"twitter:card\" content=\"summary_large_image\" \/>\n<meta name=\"twitter:label1\" content=\"Tempo di lettura stimato\" \/>\n\t<meta name=\"twitter:data1\" content=\"2 minuti\" \/>\n<script type=\"application\/ld+json\" class=\"yoast-schema-graph\">{\"@context\":\"https:\/\/schema.org\",\"@graph\":[{\"@type\":\"WebPage\",\"@id\":\"https:\/\/old.accessibilitydays.it\/2020\/it\/organizzatori-e-sponsor\/diventa-sponsor\/\",\"url\":\"https:\/\/old.accessibilitydays.it\/2020\/it\/organizzatori-e-sponsor\/diventa-sponsor\/\",\"name\":\"Diventa sponsor dell'evento - Accessibility Days 2020\",\"isPartOf\":{\"@id\":\"https:\/\/old.accessibilitydays.it\/2020\/#website\"},\"datePublished\":\"2019-04-28T20:53:42+00:00\",\"dateModified\":\"2025-05-14T14:39:19+00:00\",\"breadcrumb\":{\"@id\":\"https:\/\/old.accessibilitydays.it\/2020\/it\/organizzatori-e-sponsor\/diventa-sponsor\/#breadcrumb\"},\"inLanguage\":\"it-IT\",\"potentialAction\":[{\"@type\":\"ReadAction\",\"target\":[\"https:\/\/old.accessibilitydays.it\/2020\/it\/organizzatori-e-sponsor\/diventa-sponsor\/\"]}]},{\"@type\":\"BreadcrumbList\",\"@id\":\"https:\/\/old.accessibilitydays.it\/2020\/it\/organizzatori-e-sponsor\/diventa-sponsor\/#breadcrumb\",\"itemListElement\":[{\"@type\":\"ListItem\",\"position\":1,\"name\":\"Home\",\"item\":\"https:\/\/old.accessibilitydays.it\/2020\/it\/\"},{\"@type\":\"ListItem\",\"position\":2,\"name\":\"Organizzatori e Sponsor\",\"item\":\"https:\/\/old.accessibilitydays.it\/2020\/it\/organizzatori-e-sponsor\/\"},{\"@type\":\"ListItem\",\"position\":3,\"name\":\"Diventa sponsor dell&#8217;evento\"}]},{\"@type\":\"WebSite\",\"@id\":\"https:\/\/old.accessibilitydays.it\/2020\/#website\",\"url\":\"https:\/\/old.accessibilitydays.it\/2020\/\",\"name\":\"Accessibility Days 2020\",\"description\":\"Sensibilizzazione sull&#039;Accessibilit\u00e0 e sulle Disabilit\u00e0\",\"publisher\":{\"@id\":\"https:\/\/old.accessibilitydays.it\/2020\/#organization\"},\"potentialAction\":[{\"@type\":\"SearchAction\",\"target\":{\"@type\":\"EntryPoint\",\"urlTemplate\":\"https:\/\/old.accessibilitydays.it\/2020\/?s={search_term_string}\"},\"query-input\":{\"@type\":\"PropertyValueSpecification\",\"valueRequired\":true,\"valueName\":\"search_term_string\"}}],\"inLanguage\":\"it-IT\"},{\"@type\":\"Organization\",\"@id\":\"https:\/\/old.accessibilitydays.it\/2020\/#organization\",\"name\":\"Accessibility Days 2020\",\"url\":\"https:\/\/old.accessibilitydays.it\/2020\/\",\"logo\":{\"@type\":\"ImageObject\",\"inLanguage\":\"it-IT\",\"@id\":\"https:\/\/old.accessibilitydays.it\/2020\/#\/schema\/logo\/image\/\",\"url\":\"https:\/\/old.accessibilitydays.it\/2020\/wp-content\/uploads\/sites\/5\/2020\/01\/cropped-accessibility_days_2020-logo-1.jpg\",\"contentUrl\":\"https:\/\/old.accessibilitydays.it\/2020\/wp-content\/uploads\/sites\/5\/2020\/01\/cropped-accessibility_days_2020-logo-1.jpg\",\"width\":445,\"height\":282,\"caption\":\"Accessibility Days 2020\"},\"image\":{\"@id\":\"https:\/\/old.accessibilitydays.it\/2020\/#\/schema\/logo\/image\/\"}}]}<\/script>\n<!-- \/ Yoast SEO plugin. -->","yoast_head_json":{"title":"Diventa sponsor dell'evento - Accessibility Days 2020","robots":{"index":"index","follow":"follow","max-snippet":"max-snippet:-1","max-image-preview":"max-image-preview:large","max-video-preview":"max-video-preview:-1"},"canonical":"https:\/\/old.accessibilitydays.it\/2020\/it\/organizzatori-e-sponsor\/diventa-sponsor\/","og_locale":"it_IT","og_type":"article","og_title":"Diventa sponsor dell'evento - Accessibility Days 2020","og_description":"Vuoi diventare sponsor dell&#8217;evento? Accessibility Days \u00e8 un evento gratuito organizzato da associazioni no-profit. Se ti va, puoi aiutarci a sostenere i costi per l&#8217;organizzazione con un piccolo contributo economico. Abbiamo definito una serie di livelli di sponsorizzazione, che trovi&hellip; Continua a leggere &ldquo;Diventa sponsor dell&#8217;evento&rdquo;&hellip;","og_url":"https:\/\/old.accessibilitydays.it\/2020\/it\/organizzatori-e-sponsor\/diventa-sponsor\/","og_site_name":"Accessibility Days 2020","article_modified_time":"2025-05-14T14:39:19+00:00","twitter_card":"summary_large_image","twitter_misc":{"Tempo di lettura stimato":"2 minuti"},"schema":{"@context":"https:\/\/schema.org","@graph":[{"@type":"WebPage","@id":"https:\/\/old.accessibilitydays.it\/2020\/it\/organizzatori-e-sponsor\/diventa-sponsor\/","url":"https:\/\/old.accessibilitydays.it\/2020\/it\/organizzatori-e-sponsor\/diventa-sponsor\/","name":"Diventa sponsor dell'evento - Accessibility Days 2020","isPartOf":{"@id":"https:\/\/old.accessibilitydays.it\/2020\/#website"},"datePublished":"2019-04-28T20:53:42+00:00","dateModified":"2025-05-14T14:39:19+00:00","breadcrumb":{"@id":"https:\/\/old.accessibilitydays.it\/2020\/it\/organizzatori-e-sponsor\/diventa-sponsor\/#breadcrumb"},"inLanguage":"it-IT","potentialAction":[{"@type":"ReadAction","target":["https:\/\/old.accessibilitydays.it\/2020\/it\/organizzatori-e-sponsor\/diventa-sponsor\/"]}]},{"@type":"BreadcrumbList","@id":"https:\/\/old.accessibilitydays.it\/2020\/it\/organizzatori-e-sponsor\/diventa-sponsor\/#breadcrumb","itemListElement":[{"@type":"ListItem","position":1,"name":"Home","item":"https:\/\/old.accessibilitydays.it\/2020\/it\/"},{"@type":"ListItem","position":2,"name":"Organizzatori e Sponsor","item":"https:\/\/old.accessibilitydays.it\/2020\/it\/organizzatori-e-sponsor\/"},{"@type":"ListItem","position":3,"name":"Diventa sponsor dell&#8217;evento"}]},{"@type":"WebSite","@id":"https:\/\/old.accessibilitydays.it\/2020\/#website","url":"https:\/\/old.accessibilitydays.it\/2020\/","name":"Accessibility Days 2020","description":"Sensibilizzazione sull&#039;Accessibilit\u00e0 e sulle Disabilit\u00e0","publisher":{"@id":"https:\/\/old.accessibilitydays.it\/2020\/#organization"},"potentialAction":[{"@type":"SearchAction","target":{"@type":"EntryPoint","urlTemplate":"https:\/\/old.accessibilitydays.it\/2020\/?s={search_term_string}"},"query-input":{"@type":"PropertyValueSpecification","valueRequired":true,"valueName":"search_term_string"}}],"inLanguage":"it-IT"},{"@type":"Organization","@id":"https:\/\/old.accessibilitydays.it\/2020\/#organization","name":"Accessibility Days 2020","url":"https:\/\/old.accessibilitydays.it\/2020\/","logo":{"@type":"ImageObject","inLanguage":"it-IT","@id":"https:\/\/old.accessibilitydays.it\/2020\/#\/schema\/logo\/image\/","url":"https:\/\/old.accessibilitydays.it\/2020\/wp-content\/uploads\/sites\/5\/2020\/01\/cropped-accessibility_days_2020-logo-1.jpg","contentUrl":"https:\/\/old.accessibilitydays.it\/2020\/wp-content\/uploads\/sites\/5\/2020\/01\/cropped-accessibility_days_2020-logo-1.jpg","width":445,"height":282,"caption":"Accessibility Days 2020"},"image":{"@id":"https:\/\/old.accessibilitydays.it\/2020\/#\/schema\/logo\/image\/"}}]}},"acf":[],"_links":{"self":[{"href":"https:\/\/old.accessibilitydays.it\/2020\/wp-json\/wp\/v2\/pages\/1014","targetHints":{"allow":["GET"]}}],"collection":[{"href":"https:\/\/old.accessibilitydays.it\/2020\/wp-json\/wp\/v2\/pages"}],"about":[{"href":"https:\/\/old.accessibilitydays.it\/2020\/wp-json\/wp\/v2\/types\/page"}],"author":[{"embeddable":true,"href":"https:\/\/old.accessibilitydays.it\/2020\/wp-json\/wp\/v2\/users\/2"}],"replies":[{"embeddable":true,"href":"https:\/\/old.accessibilitydays.it\/2020\/wp-json\/wp\/v2\/comments?post=1014"}],"version-history":[{"count":21,"href":"https:\/\/old.accessibilitydays.it\/2020\/wp-json\/wp\/v2\/pages\/1014\/revisions"}],"predecessor-version":[{"id":3068,"href":"https:\/\/old.accessibilitydays.it\/2020\/wp-json\/wp\/v2\/pages\/1014\/revisions\/3068"}],"up":[{"embeddable":true,"href":"https:\/\/old.accessibilitydays.it\/2020\/wp-json\/wp\/v2\/pages\/623"}],"wp:attachment":[{"href":"https:\/\/old.accessibilitydays.it\/2020\/wp-json\/wp\/v2\/media?parent=1014"}],"curies":[{"name":"wp","href":"https:\/\/api.w.org\/{rel}","templated":true}]}}