{"id":107,"date":"2019-02-21T23:39:20","date_gmt":"2019-02-21T22:39:20","guid":{"rendered":"https:\/\/accessibilitydays.it\/2020\/?page_id=107"},"modified":"2025-05-14T16:45:43","modified_gmt":"2025-05-14T14:45:43","slug":"inizio-2","status":"publish","type":"page","link":"https:\/\/old.accessibilitydays.it\/2020\/it\/","title":{"rendered":"Inizio"},"content":{"rendered":"\n\n\t<h1>Accessibility Days 2020<\/h1>\n<h2>Il pi\u00f9 grande evento italiano sull&#8217;<strong>Accessibilit\u00e0<\/strong> e l&#8217;<strong>Inclusivit\u00e0<\/strong>\u00a0delle <strong>tecnologie digitali<\/strong>.<\/h2>\n<h2>Streaming online, 22-23 maggio 2020<\/h2>\n<h2>Cos&#8217;\u00e8 Accessibility Days?<\/h2>\n<h4>Accessibility Days \u00e8 un evento sull&#8217;Accessibilit\u00e0 e sulle Disabilit\u00e0 rivolto a sviluppatori, designer, maker, creatori ed editori di contenuti, ed in generale a tutte le persone che si occupano di tecnologie digitali.<\/h4>\n<p>Si terr\u00e0 in occasione del <a href=\"https:\/\/globalaccessibilityawarenessday.org\/\">Global Accessibility Awareness Day<\/a> (GAAD), evento promosso ogni anno a livello mondiale, nel mese di maggio, per sensibilizzare chi si occupa di tecnologie digitali sul tema dell&#8217;accessibilit\u00e0 e dell&#8217;inclusivit\u00e0, attraverso il confronto e l&#8217;interazione di persone con disabilit\u00e0.<\/p>\n\t\t\t\t<img loading=\"lazy\" decoding=\"async\" src=\"https:\/\/old.accessibilitydays.it\/2020\/wp-content\/uploads\/sites\/5\/2020\/05\/GAAD-with-text-500.jpg\" alt=\"Logo del GAAD (Global Accessibility Awareness Day)\" itemprop=\"image\" height=\"135\" width=\"500\" title=\"Logo del GAAD (Global Accessibility Awareness Day)\" onerror=\"this.style.display='none'\"  \/><br \/>\n\tGli Accessibility Days sono giunti alla quarta edizione. Quest&#8217;anno avrebbe dovuto ospitarci l&#8217;Istututo dei Ciechi di Milano, mal&#8217;emergenza sanitaria ci ha costretto a riorganizzarci sul web, in live streaming..<br \/>\nL&#8217;accessibilit\u00e0 \u00e8 un tema troppo importante per arrendersi e dire con superficialit\u00e0 &#8220;vabb\u00e8, riparleremo degli Accessibility Days il prossimo anno&#8221;. Anzi, proprio in questi giorni di emergenza, se abbiamo una possibilit\u00e0 di continuare a svolgere almeno in parte le nostre attivit\u00e0, che riguardino il lavoro, lo studio, o il mantenere i contatti con i familiari, gli amici ed il resto del mondo, lo dobbiamo soprattutto alle tecnologie digitali, che ci permettono di operare da remoto.<br \/>\nCome essere umani <strong>abbiamo il dovere, perlomeno morale, di impegnarci affinch\u00e9 il diritto di usare queste tecnologie digitali sia garantito a tutti<\/strong>. E come Accessibility Days, visti gli obiettivi che ci muovono, non possiamo di certo tirarci indietro!<br \/>\n\t\t\t\t<img decoding=\"async\" src=\"https:\/\/old.accessibilitydays.it\/2020\/wp-content\/plugins\/beaver-builder-lite-version\/img\/pixel.png\" alt=\"\" itemprop=\"image\" onerror=\"this.style.display='none'\"  \/>\n<h2>Il messaggio di Andrea Bocelli<\/h2>\n<p>Per l&#8217;apertura della passata edizione, Andrea Bocelli ci invi\u00f2 un video messaggio, con una bellissima testimonianza sull&#8217;importanza della tecnologia nella vita quotidiana dei disabili. Il titolo che diede al video fu &#8220;L&#8217;accessibilit\u00e0: una sfida da cogliere&#8221;,\u00a0 a sottolineare l&#8217;importanza del ruolo che, come persone che si occupano di tecnologie digitali, ci attende. Vi riproponiamo qui di seguito il suo video messaggio:<\/p>\n\t\t\t\t<img loading=\"lazy\" decoding=\"async\" src=\"https:\/\/old.accessibilitydays.it\/2020\/wp-content\/uploads\/sites\/5\/2020\/03\/Andrea-Bocelli-500x500-1.jpg\" alt=\"Foto di Andrea Bocelli\" itemprop=\"image\" height=\"500\" width=\"500\" title=\"Foto di Andrea Bocelli\" onerror=\"this.style.display='none'\"  \/><br \/>\n\t<center><br \/>\n<iframe loading=\"lazy\" width=\"560\" height=\"315\" src=\"https:\/\/www.youtube.com\/embed\/--2rScDlXz0\" frameborder=\"0\" allow=\"accelerometer; autoplay; encrypted-media; gyroscope; picture-in-picture\" allowfullscreen><\/iframe><br \/>\n<\/center>\n<h2>Contenuti dell&#8217;evento<\/h2>\n<p>Durante la manifestazione avremo una serie di iniziative, di seguito ti elenchiamo le varie tipologie<\/p>\n<h4><img loading=\"lazy\" decoding=\"async\" src=\"\/wp-content\/uploads\/sites\/5\/2019\/04\/conference-2x.png\" alt=\"Conferenza\" width=\"60\" height=\"60\" \/><\/h4>\n<h4>Conferenza<\/h4>\n<p>Oltre 40 sessioni e 70 speaker su temi relativi all&#8217;accessibilit\u00e0 delle tecnologie digitali: da quali sono gli strumenti a disposizione nella vita quotidiana per gli utenti con disabilit\u00e0, a come le tecnologie possono aiutarci a progettare e sviluppare soluzioni maggiormente fruibili. Senza dimenticare gli aspetti normativi che regolamentano l&#8217;accessibilit\u00e0.<\/p>\n<h4><img loading=\"lazy\" decoding=\"async\" src=\"\/wp-content\/uploads\/sites\/5\/2019\/04\/conference-2x.png\" alt=\"Conferenza\" width=\"60\" height=\"60\" \/><\/h4>\n<h4>Didattica inclusiva (anche a distanza)<\/h4>\n<p>Svolgere la didattica in maniera inclusiva &egrave; sempre importante, dando la possibilit&agrave; alle persone con disabilit&agrave; di accedere allo stesso materiale degli altri. In questi giorni di emergenza sanitaria, con la didattica a distanza, &egrave; ancora pi&ugrave; importante non lasciare nessuno indietro. Un&#8217;intera track del venerd&igrave;, la 3, sar&agrave; per questo dedicata alla didattica inclusiva, anche a distanza (<a href=\"2020\/it\/programma\/agenda-venerdi\/\">vai all&#8217;agenda<\/a>).<\/p>\n<h4><img loading=\"lazy\" decoding=\"async\" src=\"\/wp-content\/uploads\/sites\/5\/2019\/04\/conference-2x.png\" alt=\"Conferenza\" width=\"60\" height=\"60\" \/><\/h4>\n<h4>Hackathon<\/h4>\n<p>Uno smart hackathon sull&#8217;accessiblit\u00e0 per trovare insieme soluzioni innovative, volte a migliorare le condizioni delle persone con disabilit\u00e0. Organizzato in occasione degli Accessibility Days 2020 in collaborazione con Microsoft Italia, si svolger\u00e0 dal 6 aprile, con la presentazione finale dei progetti il 22 maggio. <a href=\"2020\/it\/hackathon\/\">Clicca qui per i dettagli.<\/a><\/p>\n<h4><img loading=\"lazy\" decoding=\"async\" src=\"\/wp-content\/uploads\/sites\/5\/2019\/04\/musica-2x.png\" alt=\"musica accessibile\" width=\"73\" height=\"60\" \/><\/h4>\n<h4>Musica accessibile<\/h4>\n<p>Nella giornata di sabato 23 maggio si svolger\u00e0 un&#8217;intera track dedicata a discutere della situazione per quanto riguarda l&#8217;accessibilit\u00e0 dei software per la creazione di musica, mostrando l&#8217;utilizzo delle nuove tecnologie per poter comporre, arrangiare, mixare e produrre musica a livello professionale. <a href=\"2020\/lectures\/software-per-creare-musica\/\">Clicca qui per i dettagli<\/a>.<\/p>\n<h4><img loading=\"lazy\" decoding=\"async\" src=\"\/wp-content\/uploads\/sites\/5\/2019\/04\/makers-2x.png\" alt=\"L'angolo dei Maker\" width=\"52\" height=\"60\" \/><\/h4>\n<h4>L&#8217;angolo dei Maker<\/h4>\nIn questa edizione completamente online degli Accessibility Days non potremo organizzare un laboratorio dedicato ai maker, ma avremo comunque uno spazio tutto dedicato a loro!<br \/>\nRoberto Gozzani, maker noto per le sue creazioni a supporto delle persone con disabilit\u00e0 e vincitore del consorso #MoreThanDIS, ci racconter\u00e0 la sua esperienza sabato 23 maggio, dalle 16:30 alle 19:00, parlandoci di argomenti come Arduino, stampe 3D e sensori. Trovate i dettagli in <a href=\"2020\/lectures\/makers-gozzani\/\">questa pagina<\/a>.\n<h4><img loading=\"lazy\" decoding=\"async\" src=\"\/wp-content\/uploads\/sites\/5\/2019\/04\/audiogame-2x.png\" alt=\"Audio-Game\" width=\"45\" height=\"60\" \/><\/h4>\n<h4>Audio-Game<\/h4>\n<p>L&#8217;intrattenimento \u00e8 molto importante anche per le persone con disabilit\u00e0. Nelle scorse edizioni abbiamo organizzato una postazione per far provare in prima persona l&#8217;esperienza degli audio-game, giochi realizzati per essere usufruiti anche da persone non vedenti. In questa edizione riusciremo a mettervi a disposizione questa esperienza grazie al lancio di 3 audiovideogame da parte di Rai, presentati durante una sessione che si terr\u00e0 venerd\u00ec 22 maggio alle ore 17.15 (<a href=\"2020\/lectures\/rai-audiogames\/\">qui i dettagli<\/a>).<\/p>\n<section id=\"text-10\"><img loading=\"lazy\" decoding=\"async\" width=\"90\" height=\"90\" src=\"\/wp-content\/uploads\/sites\/5\/2019\/04\/conference-2x.png\" alt=\"Conferenza\"\/>\n<h2>Conferenza<\/h2>\n <strong>3<\/strong> sale<br \/>\n<strong>40+<\/strong> sessioni<br \/>\n<\/section>\n\t\t\t<a href=\"programma\/agenda\" target=\"_self\" role=\"button\" rel=\"noopener\"><br \/>\n\t\t\t\t\t\tGUARDA IL PROGRAMMA<br \/>\n\t\t<\/a>\n<h3>Un&#8217;esperienza<br \/>\nsensoriale<\/h3>\n\tLe passate edizioni hanno suscitato molto entusiasmo tra i partecipanti, grazie alle numerose iniziative organizzate: non solo classiche sessioni, ma anche laboratori, come l&#8217;Angolo dei Maker, e vere e proprie esperienze &#8220;sensoriali&#8221;, come la visita al Museo Tattile e la cena al buio.<br \/>\nUn riassunto del vortice di emozioni avute in quei giorni \u00e8 stato raccolto in<br \/>\n<a href=\"https:\/\/medium.com\/@ste8\/il-libro-dei-ricordi-dagli-hack-cessibility-days-237bc62bd267\">questo post<\/a>.\n<h2>Vuoi diventare sponsor dell&#8217;evento?<\/h2>\nAccessibility Days \u00e8 un evento gratuito organizzato da associazioni no-profit.<br \/>\nSe ti va, puoi aiutarci a sostenere i costi per l&#8217;organizzazione con un piccolo contributo economico.<br \/>\nAbbiamo definito una serie di livelli di sponsorizzazione, consultabili in <a href=\"https:\/\/old.accessibilitydays.it\/2020\/it\/organizzatori-e-sponsor\/diventa-sponsor\/\">questa pagina<\/a>.<br \/>\nContattaci alla mail <a href=\"mailto:accessibilitydays@gmail.com\">accessibilitydays@gmail.com<\/a> e ti indicheremo come \u00e8 possibile aiutarci a sostenere l&#8217;evento e renderlo ancora pi\u00f9 bello ed inclusivo per tutti!<br \/>\n\t\t\t<a href=\"https:\/\/old.accessibilitydays.it\/donate\" target=\"_self\" role=\"button\" rel=\"noopener\"><br \/>\n\t\t\t\t\t\tFAI UNA DONAZIONE<br \/>\n\t\t<\/a><br \/>\n\t\t\t<a href=\"https:\/\/old.accessibilitydays.it\/2020\/it\/organizzatori-e-sponsor\/diventa-sponsor\/\" target=\"_self\" role=\"button\" rel=\"noopener\"><br \/>\n\t\t\t\t\t\tSponsorizza gli Accessibility Days!<br \/>\n\t\t<\/a>\n\n","protected":false},"excerpt":{"rendered":"<div class=\"entry-summary\">\n<div class=\"entry-summary\">\nAccessibility Days 2020 Il pi\u00f9 grande evento italiano sull&#8217;Accessibilit\u00e0 e l&#8217;Inclusivit\u00e0\u00a0delle tecnologie digitali. Streaming online, 22-23 maggio 2020 Cos&#8217;\u00e8 Accessibility Days? Accessibility Days \u00e8 un evento sull&#8217;Accessibilit\u00e0 e sulle Disabilit\u00e0 rivolto a sviluppatori, designer, maker, creatori ed editori di contenuti,&hellip;\n<\/div>\n<div class=\"link-more\"><a href=\"https:\/\/old.accessibilitydays.it\/2020\/it\/\" class=\"more-link\">Continua a leggere <span class=\"screen-reader-text\"> &ldquo;Inizio&rdquo;<\/span>&hellip;<\/a><\/div>\n<\/div>\n<div class=\"link-more\"><a href=\"https:\/\/old.accessibilitydays.it\/2020\/it\/\" class=\"more-link\">Continua a leggere <span class=\"screen-reader-text\"> &ldquo;Inizio&rdquo;<\/span>&hellip;<\/a><\/div>\n","protected":false},"author":6,"featured_media":0,"parent":0,"menu_order":0,"comment_status":"closed","ping_status":"closed","template":"templates\/no-intro.php","meta":{"_acf_changed":false,"footnotes":""},"class_list":["post-107","page","type-page","status-publish","hentry","entry"],"yoast_head":"<!-- This site is optimized with the Yoast SEO plugin v25.6 - https:\/\/yoast.com\/wordpress\/plugins\/seo\/ -->\n<title>Inizio - Accessibility Days 2020<\/title>\n<meta name=\"robots\" content=\"index, follow, max-snippet:-1, max-image-preview:large, max-video-preview:-1\" \/>\n<link rel=\"canonical\" href=\"https:\/\/old.accessibilitydays.it\/2020\/it\/\" \/>\n<meta property=\"og:locale\" content=\"it_IT\" \/>\n<meta property=\"og:type\" content=\"article\" \/>\n<meta property=\"og:title\" content=\"Inizio - Accessibility Days 2020\" \/>\n<meta property=\"og:description\" content=\"Accessibility Days 2020 Il pi\u00f9 grande evento italiano sull&#8217;Accessibilit\u00e0 e l&#8217;Inclusivit\u00e0\u00a0delle tecnologie digitali. Streaming online, 22-23 maggio 2020 Cos&#8217;\u00e8 Accessibility Days? Accessibility Days \u00e8 un evento sull&#8217;Accessibilit\u00e0 e sulle Disabilit\u00e0 rivolto a sviluppatori, designer, maker, creatori ed editori di contenuti,&hellip; Continua a leggere &ldquo;Inizio&rdquo;&hellip;\" \/>\n<meta property=\"og:url\" content=\"https:\/\/old.accessibilitydays.it\/2020\/it\/\" \/>\n<meta property=\"og:site_name\" content=\"Accessibility Days 2020\" \/>\n<meta property=\"article:modified_time\" content=\"2025-05-14T14:45:43+00:00\" \/>\n<meta property=\"og:image\" content=\"https:\/\/old.accessibilitydays.it\/2020\/wp-content\/uploads\/sites\/5\/2020\/05\/GAAD-with-text-500.jpg\" \/>\n<meta name=\"twitter:card\" content=\"summary_large_image\" \/>\n<meta name=\"twitter:label1\" content=\"Tempo di lettura stimato\" \/>\n\t<meta name=\"twitter:data1\" content=\"4 minuti\" \/>\n<script type=\"application\/ld+json\" class=\"yoast-schema-graph\">{\"@context\":\"https:\/\/schema.org\",\"@graph\":[{\"@type\":\"WebPage\",\"@id\":\"https:\/\/old.accessibilitydays.it\/2020\/it\/\",\"url\":\"https:\/\/old.accessibilitydays.it\/2020\/it\/\",\"name\":\"Inizio - Accessibility Days 2020\",\"isPartOf\":{\"@id\":\"https:\/\/old.accessibilitydays.it\/2020\/#website\"},\"primaryImageOfPage\":{\"@id\":\"https:\/\/old.accessibilitydays.it\/2020\/it\/#primaryimage\"},\"image\":{\"@id\":\"https:\/\/old.accessibilitydays.it\/2020\/it\/#primaryimage\"},\"thumbnailUrl\":\"https:\/\/old.accessibilitydays.it\/2020\/wp-content\/uploads\/sites\/5\/2020\/05\/GAAD-with-text-500.jpg\",\"datePublished\":\"2019-02-21T22:39:20+00:00\",\"dateModified\":\"2025-05-14T14:45:43+00:00\",\"breadcrumb\":{\"@id\":\"https:\/\/old.accessibilitydays.it\/2020\/it\/#breadcrumb\"},\"inLanguage\":\"it-IT\",\"potentialAction\":[{\"@type\":\"ReadAction\",\"target\":[\"https:\/\/old.accessibilitydays.it\/2020\/it\/\"]}]},{\"@type\":\"ImageObject\",\"inLanguage\":\"it-IT\",\"@id\":\"https:\/\/old.accessibilitydays.it\/2020\/it\/#primaryimage\",\"url\":\"https:\/\/old.accessibilitydays.it\/2020\/wp-content\/uploads\/sites\/5\/2020\/05\/GAAD-with-text-500.jpg\",\"contentUrl\":\"https:\/\/old.accessibilitydays.it\/2020\/wp-content\/uploads\/sites\/5\/2020\/05\/GAAD-with-text-500.jpg\",\"width\":500,\"height\":135,\"caption\":\"Logo del GAAD (Global Accessibility Awareness Day)\"},{\"@type\":\"BreadcrumbList\",\"@id\":\"https:\/\/old.accessibilitydays.it\/2020\/it\/#breadcrumb\",\"itemListElement\":[{\"@type\":\"ListItem\",\"position\":1,\"name\":\"Home\",\"item\":\"https:\/\/old.accessibilitydays.it\/2020\/it\/\"},{\"@type\":\"ListItem\",\"position\":2,\"name\":\"Inizio\"}]},{\"@type\":\"WebSite\",\"@id\":\"https:\/\/old.accessibilitydays.it\/2020\/#website\",\"url\":\"https:\/\/old.accessibilitydays.it\/2020\/\",\"name\":\"Accessibility Days 2020\",\"description\":\"Sensibilizzazione sull&#039;Accessibilit\u00e0 e sulle Disabilit\u00e0\",\"publisher\":{\"@id\":\"https:\/\/old.accessibilitydays.it\/2020\/#organization\"},\"potentialAction\":[{\"@type\":\"SearchAction\",\"target\":{\"@type\":\"EntryPoint\",\"urlTemplate\":\"https:\/\/old.accessibilitydays.it\/2020\/?s={search_term_string}\"},\"query-input\":{\"@type\":\"PropertyValueSpecification\",\"valueRequired\":true,\"valueName\":\"search_term_string\"}}],\"inLanguage\":\"it-IT\"},{\"@type\":\"Organization\",\"@id\":\"https:\/\/old.accessibilitydays.it\/2020\/#organization\",\"name\":\"Accessibility Days 2020\",\"url\":\"https:\/\/old.accessibilitydays.it\/2020\/\",\"logo\":{\"@type\":\"ImageObject\",\"inLanguage\":\"it-IT\",\"@id\":\"https:\/\/old.accessibilitydays.it\/2020\/#\/schema\/logo\/image\/\",\"url\":\"https:\/\/old.accessibilitydays.it\/2020\/wp-content\/uploads\/sites\/5\/2020\/01\/cropped-accessibility_days_2020-logo-1.jpg\",\"contentUrl\":\"https:\/\/old.accessibilitydays.it\/2020\/wp-content\/uploads\/sites\/5\/2020\/01\/cropped-accessibility_days_2020-logo-1.jpg\",\"width\":445,\"height\":282,\"caption\":\"Accessibility Days 2020\"},\"image\":{\"@id\":\"https:\/\/old.accessibilitydays.it\/2020\/#\/schema\/logo\/image\/\"}}]}<\/script>\n<!-- \/ Yoast SEO plugin. -->","yoast_head_json":{"title":"Inizio - Accessibility Days 2020","robots":{"index":"index","follow":"follow","max-snippet":"max-snippet:-1","max-image-preview":"max-image-preview:large","max-video-preview":"max-video-preview:-1"},"canonical":"https:\/\/old.accessibilitydays.it\/2020\/it\/","og_locale":"it_IT","og_type":"article","og_title":"Inizio - Accessibility Days 2020","og_description":"Accessibility Days 2020 Il pi\u00f9 grande evento italiano sull&#8217;Accessibilit\u00e0 e l&#8217;Inclusivit\u00e0\u00a0delle tecnologie digitali. Streaming online, 22-23 maggio 2020 Cos&#8217;\u00e8 Accessibility Days? Accessibility Days \u00e8 un evento sull&#8217;Accessibilit\u00e0 e sulle Disabilit\u00e0 rivolto a sviluppatori, designer, maker, creatori ed editori di contenuti,&hellip; Continua a leggere &ldquo;Inizio&rdquo;&hellip;","og_url":"https:\/\/old.accessibilitydays.it\/2020\/it\/","og_site_name":"Accessibility Days 2020","article_modified_time":"2025-05-14T14:45:43+00:00","og_image":[{"url":"https:\/\/old.accessibilitydays.it\/2020\/wp-content\/uploads\/sites\/5\/2020\/05\/GAAD-with-text-500.jpg","type":"","width":"","height":""}],"twitter_card":"summary_large_image","twitter_misc":{"Tempo di lettura stimato":"4 minuti"},"schema":{"@context":"https:\/\/schema.org","@graph":[{"@type":"WebPage","@id":"https:\/\/old.accessibilitydays.it\/2020\/it\/","url":"https:\/\/old.accessibilitydays.it\/2020\/it\/","name":"Inizio - Accessibility Days 2020","isPartOf":{"@id":"https:\/\/old.accessibilitydays.it\/2020\/#website"},"primaryImageOfPage":{"@id":"https:\/\/old.accessibilitydays.it\/2020\/it\/#primaryimage"},"image":{"@id":"https:\/\/old.accessibilitydays.it\/2020\/it\/#primaryimage"},"thumbnailUrl":"https:\/\/old.accessibilitydays.it\/2020\/wp-content\/uploads\/sites\/5\/2020\/05\/GAAD-with-text-500.jpg","datePublished":"2019-02-21T22:39:20+00:00","dateModified":"2025-05-14T14:45:43+00:00","breadcrumb":{"@id":"https:\/\/old.accessibilitydays.it\/2020\/it\/#breadcrumb"},"inLanguage":"it-IT","potentialAction":[{"@type":"ReadAction","target":["https:\/\/old.accessibilitydays.it\/2020\/it\/"]}]},{"@type":"ImageObject","inLanguage":"it-IT","@id":"https:\/\/old.accessibilitydays.it\/2020\/it\/#primaryimage","url":"https:\/\/old.accessibilitydays.it\/2020\/wp-content\/uploads\/sites\/5\/2020\/05\/GAAD-with-text-500.jpg","contentUrl":"https:\/\/old.accessibilitydays.it\/2020\/wp-content\/uploads\/sites\/5\/2020\/05\/GAAD-with-text-500.jpg","width":500,"height":135,"caption":"Logo del GAAD (Global Accessibility Awareness Day)"},{"@type":"BreadcrumbList","@id":"https:\/\/old.accessibilitydays.it\/2020\/it\/#breadcrumb","itemListElement":[{"@type":"ListItem","position":1,"name":"Home","item":"https:\/\/old.accessibilitydays.it\/2020\/it\/"},{"@type":"ListItem","position":2,"name":"Inizio"}]},{"@type":"WebSite","@id":"https:\/\/old.accessibilitydays.it\/2020\/#website","url":"https:\/\/old.accessibilitydays.it\/2020\/","name":"Accessibility Days 2020","description":"Sensibilizzazione sull&#039;Accessibilit\u00e0 e sulle Disabilit\u00e0","publisher":{"@id":"https:\/\/old.accessibilitydays.it\/2020\/#organization"},"potentialAction":[{"@type":"SearchAction","target":{"@type":"EntryPoint","urlTemplate":"https:\/\/old.accessibilitydays.it\/2020\/?s={search_term_string}"},"query-input":{"@type":"PropertyValueSpecification","valueRequired":true,"valueName":"search_term_string"}}],"inLanguage":"it-IT"},{"@type":"Organization","@id":"https:\/\/old.accessibilitydays.it\/2020\/#organization","name":"Accessibility Days 2020","url":"https:\/\/old.accessibilitydays.it\/2020\/","logo":{"@type":"ImageObject","inLanguage":"it-IT","@id":"https:\/\/old.accessibilitydays.it\/2020\/#\/schema\/logo\/image\/","url":"https:\/\/old.accessibilitydays.it\/2020\/wp-content\/uploads\/sites\/5\/2020\/01\/cropped-accessibility_days_2020-logo-1.jpg","contentUrl":"https:\/\/old.accessibilitydays.it\/2020\/wp-content\/uploads\/sites\/5\/2020\/01\/cropped-accessibility_days_2020-logo-1.jpg","width":445,"height":282,"caption":"Accessibility Days 2020"},"image":{"@id":"https:\/\/old.accessibilitydays.it\/2020\/#\/schema\/logo\/image\/"}}]}},"acf":[],"_links":{"self":[{"href":"https:\/\/old.accessibilitydays.it\/2020\/wp-json\/wp\/v2\/pages\/107","targetHints":{"allow":["GET"]}}],"collection":[{"href":"https:\/\/old.accessibilitydays.it\/2020\/wp-json\/wp\/v2\/pages"}],"about":[{"href":"https:\/\/old.accessibilitydays.it\/2020\/wp-json\/wp\/v2\/types\/page"}],"author":[{"embeddable":true,"href":"https:\/\/old.accessibilitydays.it\/2020\/wp-json\/wp\/v2\/users\/6"}],"replies":[{"embeddable":true,"href":"https:\/\/old.accessibilitydays.it\/2020\/wp-json\/wp\/v2\/comments?post=107"}],"version-history":[{"count":161,"href":"https:\/\/old.accessibilitydays.it\/2020\/wp-json\/wp\/v2\/pages\/107\/revisions"}],"predecessor-version":[{"id":3080,"href":"https:\/\/old.accessibilitydays.it\/2020\/wp-json\/wp\/v2\/pages\/107\/revisions\/3080"}],"wp:attachment":[{"href":"https:\/\/old.accessibilitydays.it\/2020\/wp-json\/wp\/v2\/media?parent=107"}],"curies":[{"name":"wp","href":"https:\/\/api.w.org\/{rel}","templated":true}]}}