{"id":1834,"date":"2020-02-19T16:28:51","date_gmt":"2020-02-19T15:28:51","guid":{"rendered":"https:\/\/accessibilitydays.it\/2020\/?page_id=1834"},"modified":"2025-05-14T16:38:18","modified_gmt":"2025-05-14T14:38:18","slug":"perche-le-aziende-dovrebbero-essere-interessate","status":"publish","type":"page","link":"https:\/\/old.accessibilitydays.it\/2020\/it\/perche-le-aziende-dovrebbero-essere-interessate\/","title":{"rendered":"Perch\u00e9 le aziende dovrebbero essere interessate?"},"content":{"rendered":"\n\n\t<h4>Non si tratta solo di &#8220;fare del bene&#8221;!<\/h4>\n<p>Oltre ai benefici legati alla <strong>sfera del sociale<\/strong> che si possono ottenere decidendo di realizzare prodotti e soluzioni accessibili, o ai vincoli che si debbono rispettare nel caso si operi in settori regolati da specifiche normative su questo tema, riteniamo che ci sia un altro aspetto che possa particolarmente interessare alle aziende.<\/p>\n<h3>Pi\u00f9 clienti grazie a prodotti e servizi accessibili<\/h3>\n<p>Realizzare soluzioni accessibili significa anche <strong>raggiungere un numero di utenti superiore<\/strong>, e di conseguenza un <strong>maggior numero di clienti<\/strong>.<\/p>\n<p>\t\t\t\t<img loading=\"lazy\" decoding=\"async\" src=\"https:\/\/old.accessibilitydays.it\/2020\/wp-content\/uploads\/sites\/5\/2020\/02\/startups-business-tips-guides.jpg\" alt=\"Immagine &quot;Pi\u00f9 clienti grazie a soluzioni accessibili&quot;\" height=\"666\" width=\"1000\" title=\"Immagine &quot;Pi\u00f9 clienti grazie a soluzioni accessibili&quot;\" \/><\/p>\n<h4>Due fattori chiave che accrescono il numero di utenti<\/h4>\n<p>Infatti, oltre alle persone disabili sin dalla nascita, che purtroppo gi\u00e0 sono in numero rilevante, va considerato che ci sono almeno altre due situazioni che accrescono <strong>notevolmente<\/strong> il numero di persone che hanno bisogno di soluzioni accessibili.<\/p>\n<h4>1. Le nuove esigenze della societ\u00e0<\/h4>\nIn primis, con l&#8217;allungarsi a livello globale della qualit\u00e0 e dell&#8217;aspettativa di vita, ci saranno sempre pi\u00f9 persone anziane che vorranno comunque accedere a servizi digitali, ma potranno farlo agevolmente solo se tali servizi saranno accessibili, a causa di malattie ed invalidit\u00e0 che insorgono con l&#8217;avanzare dell&#8217;et\u00e0.<br \/>\nGiusto per citare quello che probabilmente \u00e8 il disagio pi\u00f9 noto, il numero di persone che gi\u00e0 dai 40 anni inizia ad avere problemi pi\u00f9 o meno gravi di ipovisione \u00e8 decisamente rilevante. Almeno in Italia, la fascia di popolazione interessata sar\u00e0 sempre pi\u00f9 numerosa.<br \/>\n\t\t\t\t<img loading=\"lazy\" decoding=\"async\" src=\"https:\/\/old.accessibilitydays.it\/2020\/wp-content\/uploads\/sites\/5\/2020\/02\/old-person-using-pc-18-1455793035.jpg\" alt=\"Immagine di persona anziana che usa il computer\" height=\"450\" width=\"600\" title=\"Immagine di persona anziana che usa il computer\" \/>\n<h4>2. Le disabilit\u00e0 sono anche temporanee<\/h4>\nIn seconda istanza, spesso si pensa alle disabilit\u00e0 come a situazioni &#8220;particolari&#8221; e permanenti, che affliggono solamente persone che per certi aspetti sono state &#8220;meno fortunate&#8221;.<br \/>\nLa disabilit\u00e0 va intesa invece in modo molto pi\u00f9 ampio: anche situazioni temporanee causate ad esempio da un infortunio o da un intervento chirurgico possono portare a disabilit\u00e0 temporanee che durano settimane o mesi.<br \/>\nIn tutte queste circostanze, in una societ\u00e0 sempre pi\u00f9 digitale e che difficilmente si ferma ad aspettare, poter svolgere delle attivit\u00e0 o dei lavori anche in queste situazioni, grazie al fatto di avere soluzioni accessibili, pu\u00f2 fare la differenza.<br \/>\n\t\t\t\t<img loading=\"lazy\" decoding=\"async\" src=\"https:\/\/old.accessibilitydays.it\/2020\/wp-content\/uploads\/sites\/5\/2020\/02\/Temp-disabilities.png\" alt=\"Immagine di alcuni tipi di disabilit\u00e0 permanente, temporanea o dovuta ad una situazione\" height=\"910\" width=\"1010\" title=\"Immagine di alcuni tipi di disabilit\u00e0 permanente, temporanea o dovuta ad una situazione\" \/>\n<h3>Gli Accessibility Days come occasione di crescita<\/h3>\n<p><strong>Scopo degli Accessibility Days, oltre a fare sensibilizzazione sull&#8217;accessibilit\u00e0, vuole essere quello di mettere in contatto le persone e le aziende che vogliono affrontare queste tematiche e creare sinergie in merito.<\/strong><\/p>\nPer fare un esempio, possiamo citare un importante risultato raggiunto da una delle aziende che ci ha seguito e supportato negli anni, Tangible: a fine 2019 il Sito dell&#8217;Aeroporto Marconi di Bologna, su cui hanno lavorato, ha ottenuto il premio di &#8220;Eccellenza Web dell&#8217;anno 2019&#8221; per il livello di accessibilit\u00e0 raggiunto!<br \/>\n(Leggi <a href=\"https:\/\/www.facebook.com\/wethinktangible\/posts\/10158220237041742\">qui<\/a> la storia)<br \/>\n\t\t\t\t<img loading=\"lazy\" decoding=\"async\" src=\"https:\/\/old.accessibilitydays.it\/2020\/wp-content\/uploads\/sites\/5\/2020\/02\/79368787_10158220236706742_2955645469172170752_n.jpg\" alt=\"Immagine del premio &quot;Eccellenza Web dell'anno 2019&quot;\" height=\"813\" width=\"960\" title=\"Immagine del premio &quot;Eccellenza Web dell'anno 2019&quot;\" \/>\n\n","protected":false},"excerpt":{"rendered":"<div class=\"entry-summary\">\n<div class=\"entry-summary\">\nNon si tratta solo di &#8220;fare del bene&#8221;! Oltre ai benefici legati alla sfera del sociale che si possono ottenere decidendo di realizzare prodotti e soluzioni accessibili, o ai vincoli che si debbono rispettare nel caso si operi in settori&hellip;\n<\/div>\n<div class=\"link-more\"><a href=\"https:\/\/old.accessibilitydays.it\/2020\/it\/perche-le-aziende-dovrebbero-essere-interessate\/\" class=\"more-link\">Continua a leggere <span class=\"screen-reader-text\"> &ldquo;Perch\u00e9 le aziende dovrebbero essere interessate?&rdquo;<\/span>&hellip;<\/a><\/div>\n<\/div>\n<div class=\"link-more\"><a href=\"https:\/\/old.accessibilitydays.it\/2020\/it\/perche-le-aziende-dovrebbero-essere-interessate\/\" class=\"more-link\">Continua a leggere <span class=\"screen-reader-text\"> &ldquo;Perch\u00e9 le aziende dovrebbero essere interessate?&rdquo;<\/span>&hellip;<\/a><\/div>\n","protected":false},"author":4,"featured_media":0,"parent":0,"menu_order":0,"comment_status":"closed","ping_status":"closed","template":"","meta":{"_acf_changed":false,"footnotes":""},"class_list":["post-1834","page","type-page","status-publish","hentry","entry"],"yoast_head":"<!-- This site is optimized with the Yoast SEO plugin v25.6 - https:\/\/yoast.com\/wordpress\/plugins\/seo\/ -->\n<title>Perch\u00e9 le aziende dovrebbero essere interessate? - Accessibility Days 2020<\/title>\n<meta name=\"robots\" content=\"index, follow, max-snippet:-1, max-image-preview:large, max-video-preview:-1\" \/>\n<link rel=\"canonical\" href=\"https:\/\/old.accessibilitydays.it\/2020\/it\/perche-le-aziende-dovrebbero-essere-interessate\/\" \/>\n<meta property=\"og:locale\" content=\"it_IT\" \/>\n<meta property=\"og:type\" content=\"article\" \/>\n<meta property=\"og:title\" content=\"Perch\u00e9 le aziende dovrebbero essere interessate? - Accessibility Days 2020\" \/>\n<meta property=\"og:description\" content=\"Non si tratta solo di &#8220;fare del bene&#8221;! Oltre ai benefici legati alla sfera del sociale che si possono ottenere decidendo di realizzare prodotti e soluzioni accessibili, o ai vincoli che si debbono rispettare nel caso si operi in settori&hellip; Continua a leggere &ldquo;Perch\u00e9 le aziende dovrebbero essere interessate?&rdquo;&hellip;\" \/>\n<meta property=\"og:url\" content=\"https:\/\/old.accessibilitydays.it\/2020\/it\/perche-le-aziende-dovrebbero-essere-interessate\/\" \/>\n<meta property=\"og:site_name\" content=\"Accessibility Days 2020\" \/>\n<meta property=\"article:modified_time\" content=\"2025-05-14T14:38:18+00:00\" \/>\n<meta property=\"og:image\" content=\"https:\/\/old.accessibilitydays.it\/2020\/wp-content\/uploads\/sites\/5\/2020\/02\/startups-business-tips-guides.jpg\" \/>\n<meta name=\"twitter:card\" content=\"summary_large_image\" \/>\n<meta name=\"twitter:label1\" content=\"Tempo di lettura stimato\" \/>\n\t<meta name=\"twitter:data1\" content=\"2 minuti\" \/>\n<script type=\"application\/ld+json\" class=\"yoast-schema-graph\">{\"@context\":\"https:\/\/schema.org\",\"@graph\":[{\"@type\":\"WebPage\",\"@id\":\"https:\/\/old.accessibilitydays.it\/2020\/it\/perche-le-aziende-dovrebbero-essere-interessate\/\",\"url\":\"https:\/\/old.accessibilitydays.it\/2020\/it\/perche-le-aziende-dovrebbero-essere-interessate\/\",\"name\":\"Perch\u00e9 le aziende dovrebbero essere interessate? - Accessibility Days 2020\",\"isPartOf\":{\"@id\":\"https:\/\/old.accessibilitydays.it\/2020\/#website\"},\"primaryImageOfPage\":{\"@id\":\"https:\/\/old.accessibilitydays.it\/2020\/it\/perche-le-aziende-dovrebbero-essere-interessate\/#primaryimage\"},\"image\":{\"@id\":\"https:\/\/old.accessibilitydays.it\/2020\/it\/perche-le-aziende-dovrebbero-essere-interessate\/#primaryimage\"},\"thumbnailUrl\":\"https:\/\/old.accessibilitydays.it\/2020\/wp-content\/uploads\/sites\/5\/2020\/02\/startups-business-tips-guides.jpg\",\"datePublished\":\"2020-02-19T15:28:51+00:00\",\"dateModified\":\"2025-05-14T14:38:18+00:00\",\"breadcrumb\":{\"@id\":\"https:\/\/old.accessibilitydays.it\/2020\/it\/perche-le-aziende-dovrebbero-essere-interessate\/#breadcrumb\"},\"inLanguage\":\"it-IT\",\"potentialAction\":[{\"@type\":\"ReadAction\",\"target\":[\"https:\/\/old.accessibilitydays.it\/2020\/it\/perche-le-aziende-dovrebbero-essere-interessate\/\"]}]},{\"@type\":\"ImageObject\",\"inLanguage\":\"it-IT\",\"@id\":\"https:\/\/old.accessibilitydays.it\/2020\/it\/perche-le-aziende-dovrebbero-essere-interessate\/#primaryimage\",\"url\":\"https:\/\/old.accessibilitydays.it\/2020\/wp-content\/uploads\/sites\/5\/2020\/02\/startups-business-tips-guides.jpg\",\"contentUrl\":\"https:\/\/old.accessibilitydays.it\/2020\/wp-content\/uploads\/sites\/5\/2020\/02\/startups-business-tips-guides.jpg\",\"width\":1000,\"height\":666,\"caption\":\"Immagine \\\"Pi\u00f9 clienti grazie a soluzioni accessibili\\\"\"},{\"@type\":\"BreadcrumbList\",\"@id\":\"https:\/\/old.accessibilitydays.it\/2020\/it\/perche-le-aziende-dovrebbero-essere-interessate\/#breadcrumb\",\"itemListElement\":[{\"@type\":\"ListItem\",\"position\":1,\"name\":\"Home\",\"item\":\"https:\/\/old.accessibilitydays.it\/2020\/it\/\"},{\"@type\":\"ListItem\",\"position\":2,\"name\":\"Perch\u00e9 le aziende dovrebbero essere interessate?\"}]},{\"@type\":\"WebSite\",\"@id\":\"https:\/\/old.accessibilitydays.it\/2020\/#website\",\"url\":\"https:\/\/old.accessibilitydays.it\/2020\/\",\"name\":\"Accessibility Days 2020\",\"description\":\"Sensibilizzazione sull&#039;Accessibilit\u00e0 e sulle Disabilit\u00e0\",\"publisher\":{\"@id\":\"https:\/\/old.accessibilitydays.it\/2020\/#organization\"},\"potentialAction\":[{\"@type\":\"SearchAction\",\"target\":{\"@type\":\"EntryPoint\",\"urlTemplate\":\"https:\/\/old.accessibilitydays.it\/2020\/?s={search_term_string}\"},\"query-input\":{\"@type\":\"PropertyValueSpecification\",\"valueRequired\":true,\"valueName\":\"search_term_string\"}}],\"inLanguage\":\"it-IT\"},{\"@type\":\"Organization\",\"@id\":\"https:\/\/old.accessibilitydays.it\/2020\/#organization\",\"name\":\"Accessibility Days 2020\",\"url\":\"https:\/\/old.accessibilitydays.it\/2020\/\",\"logo\":{\"@type\":\"ImageObject\",\"inLanguage\":\"it-IT\",\"@id\":\"https:\/\/old.accessibilitydays.it\/2020\/#\/schema\/logo\/image\/\",\"url\":\"https:\/\/old.accessibilitydays.it\/2020\/wp-content\/uploads\/sites\/5\/2020\/01\/cropped-accessibility_days_2020-logo-1.jpg\",\"contentUrl\":\"https:\/\/old.accessibilitydays.it\/2020\/wp-content\/uploads\/sites\/5\/2020\/01\/cropped-accessibility_days_2020-logo-1.jpg\",\"width\":445,\"height\":282,\"caption\":\"Accessibility Days 2020\"},\"image\":{\"@id\":\"https:\/\/old.accessibilitydays.it\/2020\/#\/schema\/logo\/image\/\"}}]}<\/script>\n<!-- \/ Yoast SEO plugin. -->","yoast_head_json":{"title":"Perch\u00e9 le aziende dovrebbero essere interessate? - Accessibility Days 2020","robots":{"index":"index","follow":"follow","max-snippet":"max-snippet:-1","max-image-preview":"max-image-preview:large","max-video-preview":"max-video-preview:-1"},"canonical":"https:\/\/old.accessibilitydays.it\/2020\/it\/perche-le-aziende-dovrebbero-essere-interessate\/","og_locale":"it_IT","og_type":"article","og_title":"Perch\u00e9 le aziende dovrebbero essere interessate? - Accessibility Days 2020","og_description":"Non si tratta solo di &#8220;fare del bene&#8221;! Oltre ai benefici legati alla sfera del sociale che si possono ottenere decidendo di realizzare prodotti e soluzioni accessibili, o ai vincoli che si debbono rispettare nel caso si operi in settori&hellip; Continua a leggere &ldquo;Perch\u00e9 le aziende dovrebbero essere interessate?&rdquo;&hellip;","og_url":"https:\/\/old.accessibilitydays.it\/2020\/it\/perche-le-aziende-dovrebbero-essere-interessate\/","og_site_name":"Accessibility Days 2020","article_modified_time":"2025-05-14T14:38:18+00:00","og_image":[{"url":"https:\/\/old.accessibilitydays.it\/2020\/wp-content\/uploads\/sites\/5\/2020\/02\/startups-business-tips-guides.jpg","type":"","width":"","height":""}],"twitter_card":"summary_large_image","twitter_misc":{"Tempo di lettura stimato":"2 minuti"},"schema":{"@context":"https:\/\/schema.org","@graph":[{"@type":"WebPage","@id":"https:\/\/old.accessibilitydays.it\/2020\/it\/perche-le-aziende-dovrebbero-essere-interessate\/","url":"https:\/\/old.accessibilitydays.it\/2020\/it\/perche-le-aziende-dovrebbero-essere-interessate\/","name":"Perch\u00e9 le aziende dovrebbero essere interessate? - Accessibility Days 2020","isPartOf":{"@id":"https:\/\/old.accessibilitydays.it\/2020\/#website"},"primaryImageOfPage":{"@id":"https:\/\/old.accessibilitydays.it\/2020\/it\/perche-le-aziende-dovrebbero-essere-interessate\/#primaryimage"},"image":{"@id":"https:\/\/old.accessibilitydays.it\/2020\/it\/perche-le-aziende-dovrebbero-essere-interessate\/#primaryimage"},"thumbnailUrl":"https:\/\/old.accessibilitydays.it\/2020\/wp-content\/uploads\/sites\/5\/2020\/02\/startups-business-tips-guides.jpg","datePublished":"2020-02-19T15:28:51+00:00","dateModified":"2025-05-14T14:38:18+00:00","breadcrumb":{"@id":"https:\/\/old.accessibilitydays.it\/2020\/it\/perche-le-aziende-dovrebbero-essere-interessate\/#breadcrumb"},"inLanguage":"it-IT","potentialAction":[{"@type":"ReadAction","target":["https:\/\/old.accessibilitydays.it\/2020\/it\/perche-le-aziende-dovrebbero-essere-interessate\/"]}]},{"@type":"ImageObject","inLanguage":"it-IT","@id":"https:\/\/old.accessibilitydays.it\/2020\/it\/perche-le-aziende-dovrebbero-essere-interessate\/#primaryimage","url":"https:\/\/old.accessibilitydays.it\/2020\/wp-content\/uploads\/sites\/5\/2020\/02\/startups-business-tips-guides.jpg","contentUrl":"https:\/\/old.accessibilitydays.it\/2020\/wp-content\/uploads\/sites\/5\/2020\/02\/startups-business-tips-guides.jpg","width":1000,"height":666,"caption":"Immagine \"Pi\u00f9 clienti grazie a soluzioni accessibili\""},{"@type":"BreadcrumbList","@id":"https:\/\/old.accessibilitydays.it\/2020\/it\/perche-le-aziende-dovrebbero-essere-interessate\/#breadcrumb","itemListElement":[{"@type":"ListItem","position":1,"name":"Home","item":"https:\/\/old.accessibilitydays.it\/2020\/it\/"},{"@type":"ListItem","position":2,"name":"Perch\u00e9 le aziende dovrebbero essere interessate?"}]},{"@type":"WebSite","@id":"https:\/\/old.accessibilitydays.it\/2020\/#website","url":"https:\/\/old.accessibilitydays.it\/2020\/","name":"Accessibility Days 2020","description":"Sensibilizzazione sull&#039;Accessibilit\u00e0 e sulle Disabilit\u00e0","publisher":{"@id":"https:\/\/old.accessibilitydays.it\/2020\/#organization"},"potentialAction":[{"@type":"SearchAction","target":{"@type":"EntryPoint","urlTemplate":"https:\/\/old.accessibilitydays.it\/2020\/?s={search_term_string}"},"query-input":{"@type":"PropertyValueSpecification","valueRequired":true,"valueName":"search_term_string"}}],"inLanguage":"it-IT"},{"@type":"Organization","@id":"https:\/\/old.accessibilitydays.it\/2020\/#organization","name":"Accessibility Days 2020","url":"https:\/\/old.accessibilitydays.it\/2020\/","logo":{"@type":"ImageObject","inLanguage":"it-IT","@id":"https:\/\/old.accessibilitydays.it\/2020\/#\/schema\/logo\/image\/","url":"https:\/\/old.accessibilitydays.it\/2020\/wp-content\/uploads\/sites\/5\/2020\/01\/cropped-accessibility_days_2020-logo-1.jpg","contentUrl":"https:\/\/old.accessibilitydays.it\/2020\/wp-content\/uploads\/sites\/5\/2020\/01\/cropped-accessibility_days_2020-logo-1.jpg","width":445,"height":282,"caption":"Accessibility Days 2020"},"image":{"@id":"https:\/\/old.accessibilitydays.it\/2020\/#\/schema\/logo\/image\/"}}]}},"acf":[],"_links":{"self":[{"href":"https:\/\/old.accessibilitydays.it\/2020\/wp-json\/wp\/v2\/pages\/1834","targetHints":{"allow":["GET"]}}],"collection":[{"href":"https:\/\/old.accessibilitydays.it\/2020\/wp-json\/wp\/v2\/pages"}],"about":[{"href":"https:\/\/old.accessibilitydays.it\/2020\/wp-json\/wp\/v2\/types\/page"}],"author":[{"embeddable":true,"href":"https:\/\/old.accessibilitydays.it\/2020\/wp-json\/wp\/v2\/users\/4"}],"replies":[{"embeddable":true,"href":"https:\/\/old.accessibilitydays.it\/2020\/wp-json\/wp\/v2\/comments?post=1834"}],"version-history":[{"count":14,"href":"https:\/\/old.accessibilitydays.it\/2020\/wp-json\/wp\/v2\/pages\/1834\/revisions"}],"predecessor-version":[{"id":3066,"href":"https:\/\/old.accessibilitydays.it\/2020\/wp-json\/wp\/v2\/pages\/1834\/revisions\/3066"}],"wp:attachment":[{"href":"https:\/\/old.accessibilitydays.it\/2020\/wp-json\/wp\/v2\/media?parent=1834"}],"curies":[{"name":"wp","href":"https:\/\/api.w.org\/{rel}","templated":true}]}}