{"id":1998,"date":"2020-04-13T23:21:05","date_gmt":"2020-04-13T21:21:05","guid":{"rendered":"https:\/\/accessibilitydays.it\/2020\/?page_id=1998"},"modified":"2020-09-10T10:08:27","modified_gmt":"2020-09-10T08:08:27","slug":"webinar","status":"publish","type":"page","link":"https:\/\/old.accessibilitydays.it\/2020\/it\/webinar\/","title":{"rendered":"Webinar"},"content":{"rendered":"\n\t<h5><em>I webinar richiedono un&#8217;iscrizione gratuita, che\u00a0<\/em><em>pu\u00f2 essere effettuata attraverso i link indicati a fianco di ognuno di essi.<\/em><\/h5>\n\t<h2>Prossimi webinar<\/h2>\n\t<h3>17\/09\/2020 &#8211; 17:00<\/h3>\n<p><a href=\"https:\/\/community.codemotion.com\/accessibility-days\/meetups\/meetup-aperitech-di-settembre-di-accessibility-days\">Iscrizione<\/a><\/p>\n\t\t\t\t<img loading=\"lazy\" decoding=\"async\" src=\"https:\/\/old.accessibilitydays.it\/2020\/wp-content\/uploads\/sites\/5\/2020\/09\/webinar-webus.jpg\" alt=\"Copertina webinar &quot;Applicazioni, trasporto pubblico e accessibilit\u00e0: WeBus, l'app nativa ottimizzata per i non vedenti&quot;\" height=\"1156\" width=\"1800\" title=\"Copertina webinar &quot;Applicazioni, trasporto pubblico e accessibilit\u00e0: WeBus, l'app nativa ottimizzata per i non vedenti&quot;\" \/>\n\t<h3>Applicazioni, trasporto pubblico e accessibilit\u00e0: WeBus, l&#8217;app nativa ottimizzata per i non vedenti<\/h3>\n<p><a href=\"https:\/\/www.linkedin.com\/in\/robertocasula3\/?originalSubdomain=it\">Roberto Casula<\/a> (iOS developer@bitapp) e <a href=\"https:\/\/www.linkedin.com\/in\/rubenspischedda\/\">Rubens Pischedda<\/a> (Android developer@bitapp)<\/p>\nWeBus nasce come App dedicata al trasporto pubblico per chi si muove in citt\u00e0. L&#8217;App fornisce in tempo reale gli orari di arrivo degli autobus, calcola i percorsi migliori per giungere la destinazione e informa l&#8217;utente mentre \u00e8 a bordo del mezzo.<br \/>\nGli sviluppatori, grazie alle indicazioni di alcuni referenti dell&#8217;Unione Italiana dei Ciechi e degli Ipovedenti, hanno ottimizzato l&#8217;APP per renderla accessibile agli utenti non vedenti.<br \/>\nDurante il webinar tecnico gli sviluppatori mostreranno le soluzioni adottate per iOS e Android.\n\t\t\t<a href=\"https:\/\/community.codemotion.com\/accessibility-days\/meetups\/meetup-aperitech-di-settembre-di-accessibility-days\" target=\"_self\" role=\"button\" rel=\"noopener noreferrer\">\n\t\t\t\t\t\tISCRIVITI AL WEBINAR\n\t\t<\/a>\n\t<h2>Webinar passati<\/h2>\n\t<h3>22\/07\/2020 &#8211; 17:00<\/h3>\n\t\t\t\t<img loading=\"lazy\" decoding=\"async\" src=\"https:\/\/old.accessibilitydays.it\/2020\/wp-content\/uploads\/sites\/5\/2020\/07\/ar-vr.jpg\" alt=\"Copertina webinar &quot;Realt\u00e0 Aumentata e Virtuale accessibili: sfide, obiettivi e soluzioni&quot;\" height=\"1154\" width=\"1794\" title=\"Copertina webinar &quot;Realt\u00e0 Aumentata e Virtuale accessibili: sfide, obiettivi e soluzioni&quot;\" \/>\n\t<h3>Realt\u00e0 Aumentata e Virtuale accessibili: sfide, obiettivi e soluzioni<\/h3>\nNicol\u00f2 Carpignoli (Web AR Developer and Consultant, Accessibility Consultant at Chialab) &#8211; <a href=\"https:\/\/www.linkedin.com\/in\/delfuria\/\">Linkedin<\/a><br \/>\n#ar #vr #augmented-reality #virtual-reality\nLa Realt\u00e0 Aumentata e Virtuale possono essere ormai considerate tecnologie mature: \u00e8 facile pensare al loro utilizzo nell&#8217;industria dell&#8217;intrattenimento, ma in realt\u00e0 vengono utilizzate con successo in ambiti come l&#8217;educational, l&#8217;health-care, la formazione professionale, aprendo nuove prospettive di comunicazione. Ma com&#8217;\u00e8 possibile rendere accessibili due tecnologie cos\u00ec complesse, che coinvolgono la maggior parte dei sensi umani?<br \/>\nVedremo in questo talk quali sono le sfide da affrontare, gli obiettivi e gli standard che si stanno definendo, e una serie di esempi pratici, di successo, di applicazioni AR\/VR accessibili.\n\t\t\t<a href=\"https:\/\/youtu.be\/NV3pCuLl3Ko\" target=\"_self\" role=\"button\" rel=\"noopener noreferrer\">\n\t\t\t\t\t\tVAI AL VIDEO\n\t\t<\/a>\n\t<h3>02\/07\/2020 &#8211; 16:30<\/h3>\n<p>&nbsp;<\/p>\n\t\t\t\t<img loading=\"lazy\" decoding=\"async\" src=\"https:\/\/old.accessibilitydays.it\/2020\/wp-content\/uploads\/sites\/5\/2020\/06\/webinar-delfo.jpeg\" alt=\"Copertina webinar &quot;Inclusive Design Reloaded: Design for ALL... EVERYWHERE!&quot;\" height=\"936\" width=\"1462\" title=\"Copertina webinar &quot;Inclusive Design Reloaded: Design for ALL... EVERYWHERE!&quot;\" \/>\n\t<h3>Inclusive Design Reloaded: Design for ALL&#8230; EVERYWHERE!<\/h3>\nStefano Del Furia (IIS Da Vinci &#8211; STOA \/ CTO &#8211; Software Architect) &#8211; <a href=\"https:\/\/www.linkedin.com\/in\/delfuria\/\">Linkedin<\/a><br \/>\n#design #inclusivedesign\nUn approccio di tipo inclusivo crea soluzioni migliori, perch\u00e9 mira a beneficiare tutti gli utenti, quindi anche quelli che devono far fronte alle disabilit\u00e0.<br \/>\nIn questa sessione si parler\u00e0 di come pensare in termini di accessibilit\u00e0 durante l&#8217;intero processo di design non solo per le problematiche legate all&#8217;informatica, ma anche analizzando casi reali che coinvolgono la quotidianit\u00e0 delle persone con disabilit\u00e0.<br \/>\nQuando progettiamo per la diversit\u00e0 umana, rendiamo possibile un tipo globale di partecipazione, con un maggiore impatto sullo scambio di positivit\u00e0 e sui benefici emotivi di quello che avremmo quando affrontiamo solo le disabilit\u00e0.\n\t\t\t<a href=\"https:\/\/www.youtube.com\/watch?v=cn2Veknpxb4&amp;list=PLSxR-TnKYQQHOAoFGYI_mUEvDgQFgaVmM\" target=\"_self\" role=\"button\" rel=\"noopener noreferrer\">\n\t\t\t\t\t\tVAI AL VIDEO\n\t\t<\/a>\n\t<h3>11\/06\/2020 &#8211; 15:00<\/h3>\n<p>&nbsp;<\/p>\n\t\t\t\t<img loading=\"lazy\" decoding=\"async\" src=\"https:\/\/old.accessibilitydays.it\/2020\/wp-content\/uploads\/sites\/5\/2020\/06\/webinar-siteimprove-300x192.png\" alt=\"Copertina webinar &quot;Accessibilit\u00e0 web e Automazione - come una metodologia integrata pu\u00f2 aiutare nel concreto&quot;\" height=\"192\" width=\"300\" title=\"Copertina webinar &quot;Accessibilit\u00e0 web e Automazione - come una metodologia integrata pu\u00f2 aiutare nel concreto&quot;\" \/>\n\t<h3>Accessibilit\u00e0 web e Automazione &#8211; come una metodologia integrata pu\u00f2 aiutare nel concreto<\/h3>\nRoberta Cammarata (Customer Success Manager @ Siteimprove) &#8211; <a href=\"https:\/\/www.linkedin.com\/in\/robertacammarata\">Linkedin<\/a><br \/>\nGiuseppe Geresia\u00a0 (Managing Director Italy @ Siteimprove) &#8211; <a href=\"https:\/\/www.linkedin.com\/in\/ggeresia\">Linkedin<\/a><br \/>\n#web\n<p>Una visione dettagliata e casi concreti di come aziende e enti pubblici riescono ad integrare automatismi e processi interni<\/p>\n\t\t\t<a href=\"https:\/\/www.youtube.com\/watch?v=NXji4gt_SiA&amp;list=PLSxR-TnKYQQHOAoFGYI_mUEvDgQFgaVmM\" target=\"_self\" role=\"button\" rel=\"noopener noreferrer\">\n\t\t\t\t\t\tVAI AL VIDEO\n\t\t<\/a>\n\t<h3>19\/05\/2020 &#8211; 18:30<\/h3>\n\t\t\t\t<img loading=\"lazy\" decoding=\"async\" src=\"https:\/\/old.accessibilitydays.it\/2020\/wp-content\/uploads\/sites\/5\/2020\/06\/webinar-pitch.png\" alt=\"Copertina webinar &quot;Preparare un Pitch&quot;\" height=\"512\" width=\"800\" title=\"Copertina webinar &quot;Preparare un Pitch&quot;\" \/>\n\t<h3>Preparare un Pitch<\/h3>\nLorenzo Barbieri (Microsoft) &#8211; <a href=\"https:\/\/www.linkedin.com\/in\/geniodelmale\/\">Linkedin<\/a><br \/>\n#publicspeaking #pitch #hackathon\nC&#8217;\u00e8 una frase, attribuita tra gli altri a Teddy Roosevelt, che dice se devo fare un discorso di due ore posso farlo anche subito, se devo fare un discorso di cinque minuti ho bisogno di tanta preparazione. In questo webinar vedremo come preparare un pitch efficace avendo poco tempo a disposizione.<br \/>\nQuesto webinar nasce dall&#8217;esigenza di dare ai partecipanti all&#8217;Accessibility Hackathon degli strumenti per preparare al meglio il pitch con cui dovranno presentare i progetti di fronte alla giuria che li valuter\u00e0.\n\t\t\t<a href=\"https:\/\/www.youtube.com\/watch?v=U5GK0VLGlcU&amp;list=PLSxR-TnKYQQHOAoFGYI_mUEvDgQFgaVmM\" target=\"_self\" role=\"button\" rel=\"noopener noreferrer\">\n\t\t\t\t\t\tVAI AL VIDEO\n\t\t<\/a>\n\t<h3>12\/05\/2020 &#8211; 18:30<\/h3>\n\t\t\t\t<img loading=\"lazy\" decoding=\"async\" src=\"https:\/\/old.accessibilitydays.it\/2020\/wp-content\/uploads\/sites\/5\/2020\/06\/webinar-alexa.png\" alt=\"Copertina webinar &quot;Implementare Skill con Alexa&quot;\" height=\"512\" width=\"800\" title=\"Copertina webinar &quot;Implementare Skill con Alexa&quot;\" \/>\n\t<h3>Implementare Skill con Alexa<\/h3>\nEnos Recanati &#8211; <a href=\"https:\/\/www.linkedin.com\/in\/enosrecanati\">Linkedin<\/a><br \/>\n#alexa #smartspeaker\n<p>Gli assistenti vocali stanno prendendo sempre pi\u00f9 piede, abilitando scenari non possibili fino a qualche tempo fa. Vedremo quali sono gli strumenti e le opzioni a nostra disposizione per realizzare Skill Alexa per integrarle nelle nostre applicazioni, senza trascurare gli aspetti relativi all&#8217;accessibilit\u00e0.<\/p>\n\t\t\t<a href=\"https:\/\/www.youtube.com\/watch?v=gJBU6HAmwU4&amp;list=PLSxR-TnKYQQHOAoFGYI_mUEvDgQFgaVmM\" target=\"_self\" role=\"button\" rel=\"noopener noreferrer\">\n\t\t\t\t\t\tVAI AL VIDEO\n\t\t<\/a>\n\t<h3>05\/05\/2020 &#8211; 18:30<\/h3>\n\t\t\t\t<img loading=\"lazy\" decoding=\"async\" src=\"https:\/\/old.accessibilitydays.it\/2020\/wp-content\/uploads\/sites\/5\/2020\/06\/webinar-normativa.png\" alt=\"Copertina webinar &quot;Privacy e nuove frontiere della normativa sull'accessibilit\u00e0&quot;\" height=\"512\" width=\"800\" title=\"Copertina webinar &quot;Privacy e nuove frontiere della normativa sull'accessibilit\u00e0&quot;\" \/>\n\t<h3>Privacy e nuove frontiere della normativa sull&#8217;accessibilit\u00e0<\/h3>\nHayd\u00e9e Longo (Avvocato &#8211; Disability manager) &#8211; <a href=\"https:\/\/www.linkedin.com\/in\/hayd%C3%A9e-longo-58024535\">Linkedin<\/a><br \/>\n#normativa\nIn questo webinar Hayd\u00e9e Longo, avvocato e &#8220;Disability Manager&#8221;, ci far\u00e0 una panoramica della normativa sull&#8217;accessibilit\u00e0 che regolamenta lo sviluppo di software (app, siti web, skills per smart speaker, &#8230;).<br \/>\nIl webinar \u00e8 di particolare importanza per il fatto che sar\u00e0 prorio una persona che professionalmente si occupa di questa materia a tenerlo, per cui ce ne parler\u00e0 con un livello di precisione e approfondimento difficilmente raggiungibile da sviluppatori che cercano di districarsi tra i meandri delle normative \ud83d\ude42\n\t\t\t<a href=\"https:\/\/www.youtube.com\/watch?v=sUucRL4W1pI&amp;list=PLSxR-TnKYQQHOAoFGYI_mUEvDgQFgaVmM\" target=\"_self\" role=\"button\" rel=\"noopener noreferrer\">\n\t\t\t\t\t\tVAI AL VIDEO\n\t\t<\/a>\n\t<h3>28\/04\/2020 &#8211; 18:30<\/h3>\n\t\t\t\t<img loading=\"lazy\" decoding=\"async\" src=\"https:\/\/old.accessibilitydays.it\/2020\/wp-content\/uploads\/sites\/5\/2020\/06\/webinar-low-code.png\" alt=\"Copertina webinar &quot;Sviluppo 'Low Code' con la Microsoft Power Platform&quot;\" height=\"512\" width=\"800\" title=\"Copertina webinar &quot;Sviluppo 'Low Code' con la Microsoft Power Platform&quot;\" \/>\n\t<h3>Sviluppo &#8220;Low Code&#8221; con la Microsoft Power Platform<\/h3>\nRossella De Santis (Microsoft)<br \/>\n#lowcode #powerplatform #dev\nQuesta volta parleremo di sviluppo secondo l&#8217;approccio &#8220;low code&#8221;. Di cosa si tratta?<br \/>\nDa Wikipedia: una piattaforma di sviluppo low-code \u00e8 un ambiente di sviluppo che permette di creare software applicativi attraverso moduli di configurazioni e interfacce grafiche, invece di programmare scrivendo codice sorgente. Le piattaforme di sviluppo low code riducono la quantit\u00e0 di scrittura di codice manuale tradizionale, consentendo una creazione accelerata delle applicazioni aziendali. Uno dei vantaggi \u00e8 quello di permettere a persone senza particolari competenze tecniche di programmazione di contribuire allo sviluppo di un\u2019applicazione. Le piattaforme di sviluppo low-code riducono il costo iniziale di installazione, implementazione e formazione<br \/>\nQuindi un bello strumento per consentire di creare applicazioni e soluzioni in modo efficace ed in tempi rapidi anche a chi non \u00e8 un ninja della programmazione!\n\t\t\t<a href=\"https:\/\/www.youtube.com\/watch?v=QrNCF_8sELc&amp;list=PLSxR-TnKYQQHOAoFGYI_mUEvDgQFgaVmM\" target=\"_self\" role=\"button\" rel=\"noopener noreferrer\">\n\t\t\t\t\t\tVAI AL VIDEO\n\t\t<\/a>\n\t<h3>21\/04\/2020 &#8211; 18:30<\/h3>\n\t\t\t\t<img loading=\"lazy\" decoding=\"async\" src=\"https:\/\/old.accessibilitydays.it\/2020\/wp-content\/uploads\/sites\/5\/2020\/06\/webinar-azure.png\" alt=\"Copertina webinar &quot;Azure Cognitive Services&quot;\" height=\"512\" width=\"800\" title=\"Copertina webinar &quot;Azure Cognitive Services&quot;\" \/>\n\t<h3>Azure Cognitive Services<\/h3>\nAndrea Saltarello (CTO &#8211; Managed Designs S.r.l) &#8211; <a href=\"https:\/\/www.linkedin.com\/in\/andysal\/\">Linkedin<\/a><br \/>\n#azure #cognitiveservices #dev\n<p>Come usare gli Azure Cognitive Services per implementare, con un occhio di riguardo per gli scenari di accessibilit\u00e0, funzionalit\u00e0 di riconoscimento del linguaggio naturale, computer vision (es: riconoscimento di volti, oggetti, &#8230;) e sintesi vocale all&#8217;interno delle applicazioni!<\/p>\n\t\t\t<a href=\"https:\/\/www.youtube.com\/watch?v=gIg_y6HUJlY&amp;list=PLSxR-TnKYQQHOAoFGYI_mUEvDgQFgaVmM\" target=\"_self\" role=\"button\" rel=\"noopener noreferrer\">\n\t\t\t\t\t\tVAI AL VIDEO\n\t\t<\/a>\n\t<h3>15\/04\/2020 &#8211; 18:30<\/h3>\n\t\t\t\t<img loading=\"lazy\" decoding=\"async\" src=\"https:\/\/old.accessibilitydays.it\/2020\/wp-content\/uploads\/sites\/5\/2020\/06\/webinar-public-speaking.png\" alt=\"Copertina webinar &quot;Accessible Public Speaking&quot;\" height=\"512\" width=\"800\" title=\"Copertina webinar &quot;Accessible Public Speaking&quot;\" \/>\n\t<h3>Accessible Public Speaking &#8211; Rendi accessibili le tue presentazioni, per non escludere nessuno!<\/h3>\nLorenzo Barbieri (Microsoft) &#8211; <a href=\"https:\/\/www.linkedin.com\/in\/geniodelmale\/\">Linkedin<\/a><br \/>\n#publicspeaking\n<p>\u00c8 importante rendere accessibili le nostre presentazioni, e potrebbe essere facile se lo desideriamo e lo pianifichiamo. In questa sessione vedremo cosa potremmo fare prima, durante e dopo una sessione per renderla pi\u00f9 accessibile e dare a tutte le persone la possibilit\u00e0 di partecipare, compreso chi ha delle disabilit\u00e0.<\/p>\n\t\t\t<a href=\"https:\/\/www.youtube.com\/watch?v=XL-_tIQFlww&amp;list=PLSxR-TnKYQQHOAoFGYI_mUEvDgQFgaVmM\" target=\"_self\" role=\"button\" rel=\"noopener noreferrer\">\n\t\t\t\t\t\tVAI AL VIDEO\n\t\t<\/a>\n","protected":false},"excerpt":{"rendered":"<div class=\"entry-summary\">\n<div class=\"entry-summary\">\nI webinar richiedono un&#8217;iscrizione gratuita, che\u00a0pu\u00f2 essere effettuata attraverso i link indicati a fianco di ognuno di essi. Prossimi webinar 17\/09\/2020 &#8211; 17:00 Iscrizione Applicazioni, trasporto pubblico e accessibilit\u00e0: WeBus, l&#8217;app nativa ottimizzata per i non vedenti Roberto Casula (iOS&hellip;\n<\/div>\n<div class=\"link-more\"><a href=\"https:\/\/old.accessibilitydays.it\/2020\/it\/webinar\/\" class=\"more-link\">Continua a leggere <span class=\"screen-reader-text\"> &ldquo;Webinar&rdquo;<\/span>&hellip;<\/a><\/div>\n<\/div>\n<div class=\"link-more\"><a href=\"https:\/\/old.accessibilitydays.it\/2020\/it\/webinar\/\" class=\"more-link\">Continua a leggere <span class=\"screen-reader-text\"> &ldquo;Webinar&rdquo;<\/span>&hellip;<\/a><\/div>\n","protected":false},"author":4,"featured_media":0,"parent":0,"menu_order":0,"comment_status":"closed","ping_status":"closed","template":"","meta":{"_acf_changed":false,"footnotes":""},"class_list":["post-1998","page","type-page","status-publish","hentry","entry"],"yoast_head":"<!-- This site is optimized with the Yoast SEO plugin v25.6 - https:\/\/yoast.com\/wordpress\/plugins\/seo\/ -->\n<title>Webinar - Accessibility Days 2020<\/title>\n<meta name=\"robots\" content=\"index, follow, max-snippet:-1, max-image-preview:large, max-video-preview:-1\" \/>\n<link rel=\"canonical\" href=\"https:\/\/old.accessibilitydays.it\/2020\/it\/webinar\/\" \/>\n<meta property=\"og:locale\" content=\"it_IT\" \/>\n<meta property=\"og:type\" content=\"article\" \/>\n<meta property=\"og:title\" content=\"Webinar - Accessibility Days 2020\" \/>\n<meta property=\"og:description\" content=\"I webinar richiedono un&#8217;iscrizione gratuita, che\u00a0pu\u00f2 essere effettuata attraverso i link indicati a fianco di ognuno di essi. Prossimi webinar 17\/09\/2020 &#8211; 17:00 Iscrizione Applicazioni, trasporto pubblico e accessibilit\u00e0: WeBus, l&#8217;app nativa ottimizzata per i non vedenti Roberto Casula (iOS&hellip; Continua a leggere &ldquo;Webinar&rdquo;&hellip;\" \/>\n<meta property=\"og:url\" content=\"https:\/\/old.accessibilitydays.it\/2020\/it\/webinar\/\" \/>\n<meta property=\"og:site_name\" content=\"Accessibility Days 2020\" \/>\n<meta property=\"article:modified_time\" content=\"2020-09-10T08:08:27+00:00\" \/>\n<meta property=\"og:image\" content=\"https:\/\/old.accessibilitydays.it\/2020\/wp-content\/uploads\/sites\/5\/2020\/09\/webinar-webus.jpg\" \/>\n<meta name=\"twitter:card\" content=\"summary_large_image\" \/>\n<meta name=\"twitter:label1\" content=\"Tempo di lettura stimato\" \/>\n\t<meta name=\"twitter:data1\" content=\"5 minuti\" \/>\n<script type=\"application\/ld+json\" class=\"yoast-schema-graph\">{\"@context\":\"https:\/\/schema.org\",\"@graph\":[{\"@type\":\"WebPage\",\"@id\":\"https:\/\/old.accessibilitydays.it\/2020\/it\/webinar\/\",\"url\":\"https:\/\/old.accessibilitydays.it\/2020\/it\/webinar\/\",\"name\":\"Webinar - Accessibility Days 2020\",\"isPartOf\":{\"@id\":\"https:\/\/old.accessibilitydays.it\/2020\/#website\"},\"primaryImageOfPage\":{\"@id\":\"https:\/\/old.accessibilitydays.it\/2020\/it\/webinar\/#primaryimage\"},\"image\":{\"@id\":\"https:\/\/old.accessibilitydays.it\/2020\/it\/webinar\/#primaryimage\"},\"thumbnailUrl\":\"https:\/\/old.accessibilitydays.it\/2020\/wp-content\/uploads\/sites\/5\/2020\/09\/webinar-webus.jpg\",\"datePublished\":\"2020-04-13T21:21:05+00:00\",\"dateModified\":\"2020-09-10T08:08:27+00:00\",\"breadcrumb\":{\"@id\":\"https:\/\/old.accessibilitydays.it\/2020\/it\/webinar\/#breadcrumb\"},\"inLanguage\":\"it-IT\",\"potentialAction\":[{\"@type\":\"ReadAction\",\"target\":[\"https:\/\/old.accessibilitydays.it\/2020\/it\/webinar\/\"]}]},{\"@type\":\"ImageObject\",\"inLanguage\":\"it-IT\",\"@id\":\"https:\/\/old.accessibilitydays.it\/2020\/it\/webinar\/#primaryimage\",\"url\":\"https:\/\/old.accessibilitydays.it\/2020\/wp-content\/uploads\/sites\/5\/2020\/09\/webinar-webus.jpg\",\"contentUrl\":\"https:\/\/old.accessibilitydays.it\/2020\/wp-content\/uploads\/sites\/5\/2020\/09\/webinar-webus.jpg\",\"width\":1800,\"height\":1156,\"caption\":\"Copertina webinar \\\"Applicazioni, trasporto pubblico e accessibilit\u00e0: WeBus, l'app nativa ottimizzata per i non vedenti\\\"\"},{\"@type\":\"BreadcrumbList\",\"@id\":\"https:\/\/old.accessibilitydays.it\/2020\/it\/webinar\/#breadcrumb\",\"itemListElement\":[{\"@type\":\"ListItem\",\"position\":1,\"name\":\"Home\",\"item\":\"https:\/\/old.accessibilitydays.it\/2020\/it\/\"},{\"@type\":\"ListItem\",\"position\":2,\"name\":\"Webinar\"}]},{\"@type\":\"WebSite\",\"@id\":\"https:\/\/old.accessibilitydays.it\/2020\/#website\",\"url\":\"https:\/\/old.accessibilitydays.it\/2020\/\",\"name\":\"Accessibility Days 2020\",\"description\":\"Sensibilizzazione sull&#039;Accessibilit\u00e0 e sulle Disabilit\u00e0\",\"publisher\":{\"@id\":\"https:\/\/old.accessibilitydays.it\/2020\/#organization\"},\"potentialAction\":[{\"@type\":\"SearchAction\",\"target\":{\"@type\":\"EntryPoint\",\"urlTemplate\":\"https:\/\/old.accessibilitydays.it\/2020\/?s={search_term_string}\"},\"query-input\":{\"@type\":\"PropertyValueSpecification\",\"valueRequired\":true,\"valueName\":\"search_term_string\"}}],\"inLanguage\":\"it-IT\"},{\"@type\":\"Organization\",\"@id\":\"https:\/\/old.accessibilitydays.it\/2020\/#organization\",\"name\":\"Accessibility Days 2020\",\"url\":\"https:\/\/old.accessibilitydays.it\/2020\/\",\"logo\":{\"@type\":\"ImageObject\",\"inLanguage\":\"it-IT\",\"@id\":\"https:\/\/old.accessibilitydays.it\/2020\/#\/schema\/logo\/image\/\",\"url\":\"https:\/\/old.accessibilitydays.it\/2020\/wp-content\/uploads\/sites\/5\/2020\/01\/cropped-accessibility_days_2020-logo-1.jpg\",\"contentUrl\":\"https:\/\/old.accessibilitydays.it\/2020\/wp-content\/uploads\/sites\/5\/2020\/01\/cropped-accessibility_days_2020-logo-1.jpg\",\"width\":445,\"height\":282,\"caption\":\"Accessibility Days 2020\"},\"image\":{\"@id\":\"https:\/\/old.accessibilitydays.it\/2020\/#\/schema\/logo\/image\/\"}}]}<\/script>\n<!-- \/ Yoast SEO plugin. -->","yoast_head_json":{"title":"Webinar - Accessibility Days 2020","robots":{"index":"index","follow":"follow","max-snippet":"max-snippet:-1","max-image-preview":"max-image-preview:large","max-video-preview":"max-video-preview:-1"},"canonical":"https:\/\/old.accessibilitydays.it\/2020\/it\/webinar\/","og_locale":"it_IT","og_type":"article","og_title":"Webinar - Accessibility Days 2020","og_description":"I webinar richiedono un&#8217;iscrizione gratuita, che\u00a0pu\u00f2 essere effettuata attraverso i link indicati a fianco di ognuno di essi. Prossimi webinar 17\/09\/2020 &#8211; 17:00 Iscrizione Applicazioni, trasporto pubblico e accessibilit\u00e0: WeBus, l&#8217;app nativa ottimizzata per i non vedenti Roberto Casula (iOS&hellip; Continua a leggere &ldquo;Webinar&rdquo;&hellip;","og_url":"https:\/\/old.accessibilitydays.it\/2020\/it\/webinar\/","og_site_name":"Accessibility Days 2020","article_modified_time":"2020-09-10T08:08:27+00:00","og_image":[{"url":"https:\/\/old.accessibilitydays.it\/2020\/wp-content\/uploads\/sites\/5\/2020\/09\/webinar-webus.jpg","type":"","width":"","height":""}],"twitter_card":"summary_large_image","twitter_misc":{"Tempo di lettura stimato":"5 minuti"},"schema":{"@context":"https:\/\/schema.org","@graph":[{"@type":"WebPage","@id":"https:\/\/old.accessibilitydays.it\/2020\/it\/webinar\/","url":"https:\/\/old.accessibilitydays.it\/2020\/it\/webinar\/","name":"Webinar - Accessibility Days 2020","isPartOf":{"@id":"https:\/\/old.accessibilitydays.it\/2020\/#website"},"primaryImageOfPage":{"@id":"https:\/\/old.accessibilitydays.it\/2020\/it\/webinar\/#primaryimage"},"image":{"@id":"https:\/\/old.accessibilitydays.it\/2020\/it\/webinar\/#primaryimage"},"thumbnailUrl":"https:\/\/old.accessibilitydays.it\/2020\/wp-content\/uploads\/sites\/5\/2020\/09\/webinar-webus.jpg","datePublished":"2020-04-13T21:21:05+00:00","dateModified":"2020-09-10T08:08:27+00:00","breadcrumb":{"@id":"https:\/\/old.accessibilitydays.it\/2020\/it\/webinar\/#breadcrumb"},"inLanguage":"it-IT","potentialAction":[{"@type":"ReadAction","target":["https:\/\/old.accessibilitydays.it\/2020\/it\/webinar\/"]}]},{"@type":"ImageObject","inLanguage":"it-IT","@id":"https:\/\/old.accessibilitydays.it\/2020\/it\/webinar\/#primaryimage","url":"https:\/\/old.accessibilitydays.it\/2020\/wp-content\/uploads\/sites\/5\/2020\/09\/webinar-webus.jpg","contentUrl":"https:\/\/old.accessibilitydays.it\/2020\/wp-content\/uploads\/sites\/5\/2020\/09\/webinar-webus.jpg","width":1800,"height":1156,"caption":"Copertina webinar \"Applicazioni, trasporto pubblico e accessibilit\u00e0: WeBus, l'app nativa ottimizzata per i non vedenti\""},{"@type":"BreadcrumbList","@id":"https:\/\/old.accessibilitydays.it\/2020\/it\/webinar\/#breadcrumb","itemListElement":[{"@type":"ListItem","position":1,"name":"Home","item":"https:\/\/old.accessibilitydays.it\/2020\/it\/"},{"@type":"ListItem","position":2,"name":"Webinar"}]},{"@type":"WebSite","@id":"https:\/\/old.accessibilitydays.it\/2020\/#website","url":"https:\/\/old.accessibilitydays.it\/2020\/","name":"Accessibility Days 2020","description":"Sensibilizzazione sull&#039;Accessibilit\u00e0 e sulle Disabilit\u00e0","publisher":{"@id":"https:\/\/old.accessibilitydays.it\/2020\/#organization"},"potentialAction":[{"@type":"SearchAction","target":{"@type":"EntryPoint","urlTemplate":"https:\/\/old.accessibilitydays.it\/2020\/?s={search_term_string}"},"query-input":{"@type":"PropertyValueSpecification","valueRequired":true,"valueName":"search_term_string"}}],"inLanguage":"it-IT"},{"@type":"Organization","@id":"https:\/\/old.accessibilitydays.it\/2020\/#organization","name":"Accessibility Days 2020","url":"https:\/\/old.accessibilitydays.it\/2020\/","logo":{"@type":"ImageObject","inLanguage":"it-IT","@id":"https:\/\/old.accessibilitydays.it\/2020\/#\/schema\/logo\/image\/","url":"https:\/\/old.accessibilitydays.it\/2020\/wp-content\/uploads\/sites\/5\/2020\/01\/cropped-accessibility_days_2020-logo-1.jpg","contentUrl":"https:\/\/old.accessibilitydays.it\/2020\/wp-content\/uploads\/sites\/5\/2020\/01\/cropped-accessibility_days_2020-logo-1.jpg","width":445,"height":282,"caption":"Accessibility Days 2020"},"image":{"@id":"https:\/\/old.accessibilitydays.it\/2020\/#\/schema\/logo\/image\/"}}]}},"acf":[],"_links":{"self":[{"href":"https:\/\/old.accessibilitydays.it\/2020\/wp-json\/wp\/v2\/pages\/1998","targetHints":{"allow":["GET"]}}],"collection":[{"href":"https:\/\/old.accessibilitydays.it\/2020\/wp-json\/wp\/v2\/pages"}],"about":[{"href":"https:\/\/old.accessibilitydays.it\/2020\/wp-json\/wp\/v2\/types\/page"}],"author":[{"embeddable":true,"href":"https:\/\/old.accessibilitydays.it\/2020\/wp-json\/wp\/v2\/users\/4"}],"replies":[{"embeddable":true,"href":"https:\/\/old.accessibilitydays.it\/2020\/wp-json\/wp\/v2\/comments?post=1998"}],"version-history":[{"count":37,"href":"https:\/\/old.accessibilitydays.it\/2020\/wp-json\/wp\/v2\/pages\/1998\/revisions"}],"predecessor-version":[{"id":2717,"href":"https:\/\/old.accessibilitydays.it\/2020\/wp-json\/wp\/v2\/pages\/1998\/revisions\/2717"}],"wp:attachment":[{"href":"https:\/\/old.accessibilitydays.it\/2020\/wp-json\/wp\/v2\/media?parent=1998"}],"curies":[{"name":"wp","href":"https:\/\/api.w.org\/{rel}","templated":true}]}}