{"id":2599,"date":"2020-05-21T00:23:58","date_gmt":"2020-05-20T22:23:58","guid":{"rendered":"https:\/\/accessibilitydays.it\/2020\/?page_id=2599"},"modified":"2020-05-23T14:20:24","modified_gmt":"2020-05-23T12:20:24","slug":"live","status":"publish","type":"page","link":"https:\/\/old.accessibilitydays.it\/2020\/it\/live\/","title":{"rendered":"Diretta su YouTube"},"content":{"rendered":"\n\t<h4>Accedi alla diretta streaming su YouTube selezionando la track desiderata<\/h4>\n<p>Le sessioni sono divise per track, guarda l&#8217;agenda per sapere la track relativa ad ogni sessione.<\/p>\n<ul>\n<li><a href=\"http:\/\/accessibilitydays.it\/track1\">Track 1 (attiva fino alle ore 19.30)<\/a><\/li>\n<li><a href=\"http:\/\/accessibilitydays.it\/track2\">Track 2 <\/a><\/li>\n<li><a href=\"http:\/\/accessibilitydays.it\/track3\">Track 3 <\/a>\u00a0&#8211; <a href=\"https:\/\/us02web.zoom.us\/j\/83241144486?pwd=cmNsWlZtNTFNVDZjVlhIckVTMURidz09\">Accedi su Zoom<\/a><\/li>\n<li><a href=\"http:\/\/accessibilitydays.it\/track4\">Track 4<\/a><\/li>\n<\/ul>\n<h4>Agenda<\/h4>\n<ul>\n<li>Venerd\u00ec 22 maggio\n<ul>\n<li><a href=\"https:\/\/old.accessibilitydays.it\/2020\/it\/programma\/agenda-venerdi\/\">Pagina web<\/a><\/li>\n<li><a href=\"https:\/\/bit.ly\/ad2020-agenda-venerdi-22\">PDF (versione a tabella)<\/a><\/li>\n<\/ul>\n<\/li>\n<li>Sabato 23 maggio\n<ul>\n<li><a href=\"https:\/\/old.accessibilitydays.it\/2020\/it\/programma\/agenda-sabato\/\">Pagina web<\/a><\/li>\n<li><a href=\"https:\/\/bit.ly\/ad2020-agenda-sabato-23\">PDF (versione a tabella)<\/a><\/li>\n<\/ul>\n<\/li>\n<\/ul>\n<p>Oppure scarica l&#8217;App per<\/p>\n<ul>\n<li><a href=\"https:\/\/apps.apple.com\/it\/app\/accessibility-days\/id1463280755\">Apple iOS<\/a><\/li>\n<li><a href=\"https:\/\/play.google.com\/store\/apps\/details?id=it.itcares.pharo.accessibilitydays2019&amp;hl=it\">Android<\/a><\/li>\n<\/ul>\n<h4>Canale Slack degli Accessibility Days<\/h4>\n<p>Per accedere allo Slack, <strong><a href=\"https:\/\/bit.ly\/ad-invite-slack\">clicca qui<\/a>.<\/strong><\/p>\nSlack \u00e8 un programma di chat, che useremo per fare networking durante l&#8217;evento: si potr\u00e0 parlare con gli speaker (molti sono presenti, non tutti) o con altri partecipanti che condividono lo stesso interesse per un certo argomento (es. sviluppo web, mobile, deisgn, etc..).<br \/>\nIl vantaggio di usare Slack rispetto alla Chat di YouTube, \u00e8 che si pu\u00f2 continuare a discutere di un argomento o di una sessione anche dopo che tale sessione \u00e8 terminata.<br \/>\nAbbiamo messo a disposizione una guida sull&#8217;uso di Slack dal minuto 9:40 del video che trovi <a href=\"https:\/\/youtu.be\/INTo9rPnDoU?t=580\">cliccando qui<\/a>.\n<h4>Sottotitolazione delle sessioni<\/h4>\n<ul>\n<li>La Track 1, sia per il venerd\u00ec che per il sabato, sar\u00e0 sottotitolata manualmente da una persona che svolge questo servizio.<\/li>\n<li>Nelle Track 2 e 3 alcuni speaker proveranno ad attivare i servizi di sottotitolazione automatica offerti da alcuni software. Cercheranno di fare il meglio possibile, purtroppo non possiamo garantire la qualit\u00e0 del risultato.<\/li>\n<\/ul>\n<h4>Supporto e informazioni<\/h4>\nPotete scriverci alla mail <a href=\"mailto:accessibilitydays@gmail.com\">accessibilitydays@gmail.com<\/a><br \/>\nCercheremo di rispondervi il prima possibile.<br \/>\nIn alternativa potete usare il <a href=\"https:\/\/bit.ly\/ad-invite-slack\">canale Slack<\/a>.\n<p>&nbsp;<\/p>\n","protected":false},"excerpt":{"rendered":"<div class=\"entry-summary\">\n<div class=\"entry-summary\">\nAccedi alla diretta streaming su YouTube selezionando la track desiderata Le sessioni sono divise per track, guarda l&#8217;agenda per sapere la track relativa ad ogni sessione. Track 1 (attiva fino alle ore 19.30) Track 2 Track 3 \u00a0&#8211; Accedi su&hellip;\n<\/div>\n<div class=\"link-more\"><a href=\"https:\/\/old.accessibilitydays.it\/2020\/it\/live\/\" class=\"more-link\">Continua a leggere <span class=\"screen-reader-text\"> &ldquo;Diretta su YouTube&rdquo;<\/span>&hellip;<\/a><\/div>\n<\/div>\n<div class=\"link-more\"><a href=\"https:\/\/old.accessibilitydays.it\/2020\/it\/live\/\" class=\"more-link\">Continua a leggere <span class=\"screen-reader-text\"> &ldquo;Diretta su YouTube&rdquo;<\/span>&hellip;<\/a><\/div>\n","protected":false},"author":4,"featured_media":0,"parent":0,"menu_order":0,"comment_status":"closed","ping_status":"closed","template":"","meta":{"_acf_changed":false,"footnotes":""},"class_list":["post-2599","page","type-page","status-publish","hentry","entry"],"yoast_head":"<!-- This site is optimized with the Yoast SEO plugin v25.6 - https:\/\/yoast.com\/wordpress\/plugins\/seo\/ -->\n<title>Diretta su YouTube - Accessibility Days 2020<\/title>\n<meta name=\"robots\" content=\"index, follow, max-snippet:-1, max-image-preview:large, max-video-preview:-1\" \/>\n<link rel=\"canonical\" href=\"https:\/\/old.accessibilitydays.it\/2020\/it\/live\/\" \/>\n<meta property=\"og:locale\" content=\"it_IT\" \/>\n<meta property=\"og:type\" content=\"article\" \/>\n<meta property=\"og:title\" content=\"Diretta su YouTube - Accessibility Days 2020\" \/>\n<meta property=\"og:description\" content=\"Accedi alla diretta streaming su YouTube selezionando la track desiderata Le sessioni sono divise per track, guarda l&#8217;agenda per sapere la track relativa ad ogni sessione. Track 1 (attiva fino alle ore 19.30) Track 2 Track 3 \u00a0&#8211; Accedi su&hellip; Continua a leggere &ldquo;Diretta su YouTube&rdquo;&hellip;\" \/>\n<meta property=\"og:url\" content=\"https:\/\/old.accessibilitydays.it\/2020\/it\/live\/\" \/>\n<meta property=\"og:site_name\" content=\"Accessibility Days 2020\" \/>\n<meta property=\"article:modified_time\" content=\"2020-05-23T12:20:24+00:00\" \/>\n<meta name=\"twitter:card\" content=\"summary_large_image\" \/>\n<meta name=\"twitter:label1\" content=\"Tempo di lettura stimato\" \/>\n\t<meta name=\"twitter:data1\" content=\"1 minuto\" \/>\n<script type=\"application\/ld+json\" class=\"yoast-schema-graph\">{\"@context\":\"https:\/\/schema.org\",\"@graph\":[{\"@type\":\"WebPage\",\"@id\":\"https:\/\/old.accessibilitydays.it\/2020\/it\/live\/\",\"url\":\"https:\/\/old.accessibilitydays.it\/2020\/it\/live\/\",\"name\":\"Diretta su YouTube - Accessibility Days 2020\",\"isPartOf\":{\"@id\":\"https:\/\/old.accessibilitydays.it\/2020\/#website\"},\"datePublished\":\"2020-05-20T22:23:58+00:00\",\"dateModified\":\"2020-05-23T12:20:24+00:00\",\"breadcrumb\":{\"@id\":\"https:\/\/old.accessibilitydays.it\/2020\/it\/live\/#breadcrumb\"},\"inLanguage\":\"it-IT\",\"potentialAction\":[{\"@type\":\"ReadAction\",\"target\":[\"https:\/\/old.accessibilitydays.it\/2020\/it\/live\/\"]}]},{\"@type\":\"BreadcrumbList\",\"@id\":\"https:\/\/old.accessibilitydays.it\/2020\/it\/live\/#breadcrumb\",\"itemListElement\":[{\"@type\":\"ListItem\",\"position\":1,\"name\":\"Home\",\"item\":\"https:\/\/old.accessibilitydays.it\/2020\/it\/\"},{\"@type\":\"ListItem\",\"position\":2,\"name\":\"Diretta su YouTube\"}]},{\"@type\":\"WebSite\",\"@id\":\"https:\/\/old.accessibilitydays.it\/2020\/#website\",\"url\":\"https:\/\/old.accessibilitydays.it\/2020\/\",\"name\":\"Accessibility Days 2020\",\"description\":\"Sensibilizzazione sull&#039;Accessibilit\u00e0 e sulle Disabilit\u00e0\",\"publisher\":{\"@id\":\"https:\/\/old.accessibilitydays.it\/2020\/#organization\"},\"potentialAction\":[{\"@type\":\"SearchAction\",\"target\":{\"@type\":\"EntryPoint\",\"urlTemplate\":\"https:\/\/old.accessibilitydays.it\/2020\/?s={search_term_string}\"},\"query-input\":{\"@type\":\"PropertyValueSpecification\",\"valueRequired\":true,\"valueName\":\"search_term_string\"}}],\"inLanguage\":\"it-IT\"},{\"@type\":\"Organization\",\"@id\":\"https:\/\/old.accessibilitydays.it\/2020\/#organization\",\"name\":\"Accessibility Days 2020\",\"url\":\"https:\/\/old.accessibilitydays.it\/2020\/\",\"logo\":{\"@type\":\"ImageObject\",\"inLanguage\":\"it-IT\",\"@id\":\"https:\/\/old.accessibilitydays.it\/2020\/#\/schema\/logo\/image\/\",\"url\":\"https:\/\/old.accessibilitydays.it\/2020\/wp-content\/uploads\/sites\/5\/2020\/01\/cropped-accessibility_days_2020-logo-1.jpg\",\"contentUrl\":\"https:\/\/old.accessibilitydays.it\/2020\/wp-content\/uploads\/sites\/5\/2020\/01\/cropped-accessibility_days_2020-logo-1.jpg\",\"width\":445,\"height\":282,\"caption\":\"Accessibility Days 2020\"},\"image\":{\"@id\":\"https:\/\/old.accessibilitydays.it\/2020\/#\/schema\/logo\/image\/\"}}]}<\/script>\n<!-- \/ Yoast SEO plugin. -->","yoast_head_json":{"title":"Diretta su YouTube - Accessibility Days 2020","robots":{"index":"index","follow":"follow","max-snippet":"max-snippet:-1","max-image-preview":"max-image-preview:large","max-video-preview":"max-video-preview:-1"},"canonical":"https:\/\/old.accessibilitydays.it\/2020\/it\/live\/","og_locale":"it_IT","og_type":"article","og_title":"Diretta su YouTube - Accessibility Days 2020","og_description":"Accedi alla diretta streaming su YouTube selezionando la track desiderata Le sessioni sono divise per track, guarda l&#8217;agenda per sapere la track relativa ad ogni sessione. Track 1 (attiva fino alle ore 19.30) Track 2 Track 3 \u00a0&#8211; Accedi su&hellip; Continua a leggere &ldquo;Diretta su YouTube&rdquo;&hellip;","og_url":"https:\/\/old.accessibilitydays.it\/2020\/it\/live\/","og_site_name":"Accessibility Days 2020","article_modified_time":"2020-05-23T12:20:24+00:00","twitter_card":"summary_large_image","twitter_misc":{"Tempo di lettura stimato":"1 minuto"},"schema":{"@context":"https:\/\/schema.org","@graph":[{"@type":"WebPage","@id":"https:\/\/old.accessibilitydays.it\/2020\/it\/live\/","url":"https:\/\/old.accessibilitydays.it\/2020\/it\/live\/","name":"Diretta su YouTube - Accessibility Days 2020","isPartOf":{"@id":"https:\/\/old.accessibilitydays.it\/2020\/#website"},"datePublished":"2020-05-20T22:23:58+00:00","dateModified":"2020-05-23T12:20:24+00:00","breadcrumb":{"@id":"https:\/\/old.accessibilitydays.it\/2020\/it\/live\/#breadcrumb"},"inLanguage":"it-IT","potentialAction":[{"@type":"ReadAction","target":["https:\/\/old.accessibilitydays.it\/2020\/it\/live\/"]}]},{"@type":"BreadcrumbList","@id":"https:\/\/old.accessibilitydays.it\/2020\/it\/live\/#breadcrumb","itemListElement":[{"@type":"ListItem","position":1,"name":"Home","item":"https:\/\/old.accessibilitydays.it\/2020\/it\/"},{"@type":"ListItem","position":2,"name":"Diretta su YouTube"}]},{"@type":"WebSite","@id":"https:\/\/old.accessibilitydays.it\/2020\/#website","url":"https:\/\/old.accessibilitydays.it\/2020\/","name":"Accessibility Days 2020","description":"Sensibilizzazione sull&#039;Accessibilit\u00e0 e sulle Disabilit\u00e0","publisher":{"@id":"https:\/\/old.accessibilitydays.it\/2020\/#organization"},"potentialAction":[{"@type":"SearchAction","target":{"@type":"EntryPoint","urlTemplate":"https:\/\/old.accessibilitydays.it\/2020\/?s={search_term_string}"},"query-input":{"@type":"PropertyValueSpecification","valueRequired":true,"valueName":"search_term_string"}}],"inLanguage":"it-IT"},{"@type":"Organization","@id":"https:\/\/old.accessibilitydays.it\/2020\/#organization","name":"Accessibility Days 2020","url":"https:\/\/old.accessibilitydays.it\/2020\/","logo":{"@type":"ImageObject","inLanguage":"it-IT","@id":"https:\/\/old.accessibilitydays.it\/2020\/#\/schema\/logo\/image\/","url":"https:\/\/old.accessibilitydays.it\/2020\/wp-content\/uploads\/sites\/5\/2020\/01\/cropped-accessibility_days_2020-logo-1.jpg","contentUrl":"https:\/\/old.accessibilitydays.it\/2020\/wp-content\/uploads\/sites\/5\/2020\/01\/cropped-accessibility_days_2020-logo-1.jpg","width":445,"height":282,"caption":"Accessibility Days 2020"},"image":{"@id":"https:\/\/old.accessibilitydays.it\/2020\/#\/schema\/logo\/image\/"}}]}},"acf":[],"_links":{"self":[{"href":"https:\/\/old.accessibilitydays.it\/2020\/wp-json\/wp\/v2\/pages\/2599","targetHints":{"allow":["GET"]}}],"collection":[{"href":"https:\/\/old.accessibilitydays.it\/2020\/wp-json\/wp\/v2\/pages"}],"about":[{"href":"https:\/\/old.accessibilitydays.it\/2020\/wp-json\/wp\/v2\/types\/page"}],"author":[{"embeddable":true,"href":"https:\/\/old.accessibilitydays.it\/2020\/wp-json\/wp\/v2\/users\/4"}],"replies":[{"embeddable":true,"href":"https:\/\/old.accessibilitydays.it\/2020\/wp-json\/wp\/v2\/comments?post=2599"}],"version-history":[{"count":24,"href":"https:\/\/old.accessibilitydays.it\/2020\/wp-json\/wp\/v2\/pages\/2599\/revisions"}],"predecessor-version":[{"id":2660,"href":"https:\/\/old.accessibilitydays.it\/2020\/wp-json\/wp\/v2\/pages\/2599\/revisions\/2660"}],"wp:attachment":[{"href":"https:\/\/old.accessibilitydays.it\/2020\/wp-json\/wp\/v2\/media?parent=2599"}],"curies":[{"name":"wp","href":"https:\/\/api.w.org\/{rel}","templated":true}]}}