{"id":58,"date":"2019-02-17T21:39:09","date_gmt":"2019-02-17T20:39:09","guid":{"rendered":"https:\/\/accessibilitydays.it\/2020\/?page_id=58"},"modified":"2020-02-08T15:53:56","modified_gmt":"2020-02-08T14:53:56","slug":"laboratori-e-punti-informativi","status":"publish","type":"page","link":"https:\/\/old.accessibilitydays.it\/2020\/it\/programma\/laboratori-e-punti-informativi\/","title":{"rendered":"Laboratori e Punti Informativi"},"content":{"rendered":"\n\t<h2>Laboratori<\/h2>\n<p>Durante la manifestazione si svolgeranno alcuni laboratori gratuiti. Non \u00e8 richiesta un&#8217;iscrizione specifica, oltre a quella per partecipare alla conferenza.<\/p>\n<h2>Elenco in fase di definizione&#8230;<\/h2>\n<p>Nelle prossime settimane, a mano che i laboratori saranno definiti, aggiorneremo l&#8217;elenco sottostante. #staytuned<\/p>\n\t<h4>Roberto Gozzani: dispositivi per non vedenti [Angolo dei Maker]<\/h4>\n<p>Dopo la positiva esperienza della scorsa edizione, il vulcanico <a href=\"https:\/\/www.linkedin.com\/in\/roberto-gozzani-571107a4\/\">Roberto Gozzani<\/a> di <a href=\"https:\/\/www.tecnocreazioni.it\/\">TecnoCreazioni<\/a> sar\u00e0 nuovamente presente nell&#8217;Angolo dei Maker per presentarci i suoi dispositivi e i suoi prototipi realizzati per i non vedenti. Si parler\u00e0 di elettronica pratica, stampa 3D low cost, sensori e di consigli per passare dall&#8217;idea al protitpo.<\/p>\n<p><strong>Venerd\u00ec dalle 14:00 alle 17:00 &#8211; Sabato dalle 10:00 alle 13:00<\/strong><\/p>\n\t<h4>Arduino nella didattica inclusiva (Giulio Berretta) [Angolo dei Maker]<\/h4>\n<p>Molti dispositivi elettronici, pur essendo dotati di pulsanti fisici od altri controlli hardware, risultano scomodi da usare, soprattutto da utenti con disabilit\u00e0 visiva a causa delle loro interfacce scarsamente intuitive e soprattutto ricche di particolari visivi. Durante questo talk si tratteranno le tematiche di accessibilit\u00e0 e usabilit\u00e0 dell\u2019hardware e verranno alcuni accorgimenti utili per realizzare un dispositivo elettronico ottimizzato dal punto di vista dell\u2019interfaccia utente, sia in input, che in output. Infine, verranno mostrati dispositivi simili funzionali anche nel campo della tiflotecnica e della tiflodidattica.<\/p>\n<p><strong>Venerd\u00ec dalle 11:00 alle 13:00 &#8211; Sabato dalle 14:00 alle 16:00<\/strong><\/p>\n\t<h4>Tavola rotonda sui software per creare musica<\/h4>\n<p>Nella giornata del sabato si svolger\u00e0 una tavola rotonda in cui si discuter\u00e0 del punto della situazione per quanto riguarda l&#8217;accessibilit\u00e0 dei software per la creazione di musica. Saranno analizzate diverse applicazioni e ci si confronter\u00e0 per capire punti di forza e di debolezza di ognuna di esse.<\/p>\n<p><strong>Sabato dalle 14:00 alle 17:00<\/strong><\/p>\n\t<h4>Apple: le tecnologie assistive on-board<\/h4>\nIn questo workshop verranno presentate le tecnologie assistive fornite nativamente con i dispositivi Apple di nuova generazione.<br \/>\nIn particolare, si scoprir\u00e0 come dispositivi apparentemente inutilizzabili da persone con disabilit\u00e0 visive, come smartphone e tablet con touch screen, riescono invece a diventare completamente accessibili grazie alle tecnologie contenute in essi.<br \/>\nI partecipanti potranno inoltre provare essi stessi queste tecnologie, grazie a dei dispositivi gentilmente messi a disposizione dal MedStore di Ancona.\n<p><strong>Venerd\u00ec dalle 14:00 alle 15:00 &#8211; Sabato dalle 14:00 alle 15:00<\/strong><\/p>\n\t<p><a name=\"musei\"><\/a><\/p>\n<h2>Punti Informativi e Ask The Expert<\/h2>\n<p>Durante la manifestazione saranno a disposizione degli esperti e dei rappresentati delle istituzioni coinvolte nell&#8217;evento per fornire informazioni e rispondere a domande nei rispettivi ambiti di competenza.<\/p>\n\t<h4>UICI \u2013 Unione Italiana dei Ciechi e degli Ipovedenti<\/h4>\nDurante la giornata, i ragazzi della UICI (Unione Italiana Ciechi e Ipovedenti) saranno disponibili per fornire informazioni e confronti sul tema della disabilit\u00e0 e dell&#8217;accessibilit\u00e0 di applicazioni e dispositivi.<br \/>\nInoltre, potranno spiegare ai partecipanti gli strumenti &#8220;tradizionali&#8221; usati quotidianamente da persone con disabilit\u00e0 visive.\n<p><strong>Venerd\u00ec e Sabato &#8211; tutto il giorno<\/strong><\/p>\n\t<h4>Tecnolgie assistive Apple (Universal Access e MED Store)<\/h4>\nPer chi non pu\u00f2 assistere al laboratorio, sar\u00e0 possibile avere una dimostrazione delle tecnologie assistive fornite nativamente con i dispositivi Apple di nuova generazione. In particolare, si scoprir\u00e0 come dispositivi apparentemente inutilizzabili da persone con disabilit\u00e0 visive, come smartphone e tablet con touch screen, riescono invece a diventare completamente accessibili grazie alle tecnologie contenute in essi.<br \/>\nI partecipanti potranno inoltre provare essi stessi queste tecnologie, grazie a dei dispositivi gentilmente messi a disposizione dal MedStore di Ancona.\n<p><strong>Venerd\u00ec e Sabato &#8211; tutto il giorno<\/strong><\/p>\n\t<h4>Accessibilit\u00e0 sviluppo Web<\/h4>\n<p>Oltre alle sessioni, durante la giornata di venerd\u00ec e sabato avremo la possibilit\u00e0 di confrontarci con degli esperti di accessibilit\u00e0 nell&#8217;ambito del Web provenienti da varie istituzioni come <a href=\"https:\/\/www.iwa.it\/\">IWA Italy<\/a> (International Web Association Italia), <a href=\"https:\/\/www.webaccessibile.org\/\">webaccessibile.org, AGID (Agenzia per l&#8217;Italia Digitale) e INVAT (Istituto Nazionale Valutazione Ausili e Tecnologie)<\/a>.<\/p>\n<p><strong>Venerd\u00ec e Sabato &#8211; tutto il giorno<\/strong><\/p>\n\t<h4>Accessibilit\u00e0 sviluppo Mobile<\/h4>\n<p>Oltre al punto informativo Apple e alle sessioni presenti in agenda, durante la manifestazione sar\u00e0 possibile confrontarsi con Mattia Ducci di EveryWare Lab (spin-off dell&#8217;Universit\u00e0 degli Studi di Milano) su argomenti relativi all&#8217;accessibilit\u00e0 nelle app mobile.<\/p>\n<p><strong>Venerd\u00ec e Sabato &#8211; tutto il giorno<\/strong><\/p>\n\t<h4>Fondazione LIA: libri e pubblicazioni digitali accessibili per tutti<\/h4>\nGregorio Pellegrino, responsabile progetti di ricerca e sviluppo della Fondazione LIA, sar\u00e0 disponibile per discutere del tema della creazione di libri e pubblicazioni digitali accessibili per tutti.<br \/>\nFondazione LIA (Libri Italiani Accessibili) \u00e8 una organizzazione no profit che promuove l\u2019integrazione e la partecipazione attiva al mondo della cultura delle persone con disabilit\u00e0 visiva permettendo loro di scegliere come, quando e, soprattutto, cosa leggere. Per fare ci\u00f2 Fondazione LIA realizza eventi di sensibilizzazione e promozione, ricerca sull\u2019accessibilit\u00e0 delle pubblicazioni digitali, corsi di formazione e attivit\u00e0 di consulenza.<br \/>\nFondazione LIA collabora con i produttori di contenuti (editori, organizzazioni e istituzioni pubbliche e private) per rendere accessibile la cultura alle persone con disabilit\u00e0 visive. L\u2019esperienza accumulata e la partecipazione ai pi\u00f9 importanti gruppi di lavoro internazionali che operano in questo ambito, rendono la Fondazione un punto di riferimento nazionale e internazionale.<br \/>\nLa Fondazione \u00e8 membro attivo di un network internazionale che si occupa di accessibilit\u00e0 e di editoria digitale. In particolare \u00e8 membro dello Steering Committee del Business Publishing Group del W3C (World Wide Web Consortium), del Board di EDRLab (European Digital Reading Laboratory), della Readium Foundation che sviluppa soluzioni di lettura digitale ed opera a livello internazionale. Partecipa inoltre ai principali working group internazionali sull\u2019accessibilit\u00e0: Transition to accessibile EPUB del DAISY Consortium, DIAGRAM standard &amp; TIES Production group e collabora all\u2019Osservatorio internazionale sull\u2019accessibilit\u00e0 delle soluzioni di lettura realizzato da IDPF, DAISY Consortium e BISG (Book Industry Study Group).<br \/>\nFin dal suo avvio ha collaborato con l\u2019Unione Italiana Ciechi e Ipovedenti (UICI) che, nel novembre 2017, \u00e8 diventata partecipante istituzionale.<br \/>\nAttualmente oltre ad Associazione Italiana Editori (AIE) sono soci della Fondazione 16 case editrici e una piattaforma di prestito bibliotecario (Media Library Online)\n<p><strong>Venerd\u00ec pomeriggio &#8211; Sabato mattina<\/strong><\/p>\n","protected":false},"excerpt":{"rendered":"<div class=\"entry-summary\">\n<div class=\"entry-summary\">\nLaboratori Durante la manifestazione si svolgeranno alcuni laboratori gratuiti. Non \u00e8 richiesta un&#8217;iscrizione specifica, oltre a quella per partecipare alla conferenza. Elenco in fase di definizione&#8230; Nelle prossime settimane, a mano che i laboratori saranno definiti, aggiorneremo l&#8217;elenco sottostante. #staytuned&hellip;\n<\/div>\n<div class=\"link-more\"><a href=\"https:\/\/old.accessibilitydays.it\/2020\/it\/programma\/laboratori-e-punti-informativi\/\" class=\"more-link\">Continua a leggere <span class=\"screen-reader-text\"> &ldquo;Laboratori e Punti Informativi&rdquo;<\/span>&hellip;<\/a><\/div>\n<\/div>\n<div class=\"link-more\"><a href=\"https:\/\/old.accessibilitydays.it\/2020\/it\/programma\/laboratori-e-punti-informativi\/\" class=\"more-link\">Continua a leggere <span class=\"screen-reader-text\"> &ldquo;Laboratori e Punti Informativi&rdquo;<\/span>&hellip;<\/a><\/div>\n","protected":false},"author":3,"featured_media":0,"parent":52,"menu_order":0,"comment_status":"closed","ping_status":"closed","template":"","meta":{"_acf_changed":false,"footnotes":""},"class_list":["post-58","page","type-page","status-publish","hentry","entry"],"yoast_head":"<!-- This site is optimized with the Yoast SEO plugin v25.6 - https:\/\/yoast.com\/wordpress\/plugins\/seo\/ -->\n<title>Laboratori e Punti Informativi - Accessibility Days 2020<\/title>\n<meta name=\"robots\" content=\"index, follow, max-snippet:-1, max-image-preview:large, max-video-preview:-1\" \/>\n<link rel=\"canonical\" href=\"https:\/\/old.accessibilitydays.it\/2020\/it\/programma\/laboratori-e-punti-informativi\/\" \/>\n<meta property=\"og:locale\" content=\"it_IT\" \/>\n<meta property=\"og:type\" content=\"article\" \/>\n<meta property=\"og:title\" content=\"Laboratori e Punti Informativi - Accessibility Days 2020\" \/>\n<meta property=\"og:description\" content=\"Laboratori Durante la manifestazione si svolgeranno alcuni laboratori gratuiti. Non \u00e8 richiesta un&#8217;iscrizione specifica, oltre a quella per partecipare alla conferenza. Elenco in fase di definizione&#8230; Nelle prossime settimane, a mano che i laboratori saranno definiti, aggiorneremo l&#8217;elenco sottostante. #staytuned&hellip; Continua a leggere &ldquo;Laboratori e Punti Informativi&rdquo;&hellip;\" \/>\n<meta property=\"og:url\" content=\"https:\/\/old.accessibilitydays.it\/2020\/it\/programma\/laboratori-e-punti-informativi\/\" \/>\n<meta property=\"og:site_name\" content=\"Accessibility Days 2020\" \/>\n<meta property=\"article:modified_time\" content=\"2020-02-08T14:53:56+00:00\" \/>\n<meta name=\"twitter:card\" content=\"summary_large_image\" \/>\n<meta name=\"twitter:label1\" content=\"Tempo di lettura stimato\" \/>\n\t<meta name=\"twitter:data1\" content=\"5 minuti\" \/>\n<script type=\"application\/ld+json\" class=\"yoast-schema-graph\">{\"@context\":\"https:\/\/schema.org\",\"@graph\":[{\"@type\":\"WebPage\",\"@id\":\"https:\/\/old.accessibilitydays.it\/2020\/it\/programma\/laboratori-e-punti-informativi\/\",\"url\":\"https:\/\/old.accessibilitydays.it\/2020\/it\/programma\/laboratori-e-punti-informativi\/\",\"name\":\"Laboratori e Punti Informativi - Accessibility Days 2020\",\"isPartOf\":{\"@id\":\"https:\/\/old.accessibilitydays.it\/2020\/#website\"},\"datePublished\":\"2019-02-17T20:39:09+00:00\",\"dateModified\":\"2020-02-08T14:53:56+00:00\",\"breadcrumb\":{\"@id\":\"https:\/\/old.accessibilitydays.it\/2020\/it\/programma\/laboratori-e-punti-informativi\/#breadcrumb\"},\"inLanguage\":\"it-IT\",\"potentialAction\":[{\"@type\":\"ReadAction\",\"target\":[\"https:\/\/old.accessibilitydays.it\/2020\/it\/programma\/laboratori-e-punti-informativi\/\"]}]},{\"@type\":\"BreadcrumbList\",\"@id\":\"https:\/\/old.accessibilitydays.it\/2020\/it\/programma\/laboratori-e-punti-informativi\/#breadcrumb\",\"itemListElement\":[{\"@type\":\"ListItem\",\"position\":1,\"name\":\"Home\",\"item\":\"https:\/\/old.accessibilitydays.it\/2020\/it\/\"},{\"@type\":\"ListItem\",\"position\":2,\"name\":\"Programma\",\"item\":\"https:\/\/old.accessibilitydays.it\/2020\/it\/programma\/\"},{\"@type\":\"ListItem\",\"position\":3,\"name\":\"Laboratori e Punti Informativi\"}]},{\"@type\":\"WebSite\",\"@id\":\"https:\/\/old.accessibilitydays.it\/2020\/#website\",\"url\":\"https:\/\/old.accessibilitydays.it\/2020\/\",\"name\":\"Accessibility Days 2020\",\"description\":\"Sensibilizzazione sull&#039;Accessibilit\u00e0 e sulle Disabilit\u00e0\",\"publisher\":{\"@id\":\"https:\/\/old.accessibilitydays.it\/2020\/#organization\"},\"potentialAction\":[{\"@type\":\"SearchAction\",\"target\":{\"@type\":\"EntryPoint\",\"urlTemplate\":\"https:\/\/old.accessibilitydays.it\/2020\/?s={search_term_string}\"},\"query-input\":{\"@type\":\"PropertyValueSpecification\",\"valueRequired\":true,\"valueName\":\"search_term_string\"}}],\"inLanguage\":\"it-IT\"},{\"@type\":\"Organization\",\"@id\":\"https:\/\/old.accessibilitydays.it\/2020\/#organization\",\"name\":\"Accessibility Days 2020\",\"url\":\"https:\/\/old.accessibilitydays.it\/2020\/\",\"logo\":{\"@type\":\"ImageObject\",\"inLanguage\":\"it-IT\",\"@id\":\"https:\/\/old.accessibilitydays.it\/2020\/#\/schema\/logo\/image\/\",\"url\":\"https:\/\/old.accessibilitydays.it\/2020\/wp-content\/uploads\/sites\/5\/2020\/01\/cropped-accessibility_days_2020-logo-1.jpg\",\"contentUrl\":\"https:\/\/old.accessibilitydays.it\/2020\/wp-content\/uploads\/sites\/5\/2020\/01\/cropped-accessibility_days_2020-logo-1.jpg\",\"width\":445,\"height\":282,\"caption\":\"Accessibility Days 2020\"},\"image\":{\"@id\":\"https:\/\/old.accessibilitydays.it\/2020\/#\/schema\/logo\/image\/\"}}]}<\/script>\n<!-- \/ Yoast SEO plugin. -->","yoast_head_json":{"title":"Laboratori e Punti Informativi - Accessibility Days 2020","robots":{"index":"index","follow":"follow","max-snippet":"max-snippet:-1","max-image-preview":"max-image-preview:large","max-video-preview":"max-video-preview:-1"},"canonical":"https:\/\/old.accessibilitydays.it\/2020\/it\/programma\/laboratori-e-punti-informativi\/","og_locale":"it_IT","og_type":"article","og_title":"Laboratori e Punti Informativi - Accessibility Days 2020","og_description":"Laboratori Durante la manifestazione si svolgeranno alcuni laboratori gratuiti. Non \u00e8 richiesta un&#8217;iscrizione specifica, oltre a quella per partecipare alla conferenza. Elenco in fase di definizione&#8230; Nelle prossime settimane, a mano che i laboratori saranno definiti, aggiorneremo l&#8217;elenco sottostante. #staytuned&hellip; Continua a leggere &ldquo;Laboratori e Punti Informativi&rdquo;&hellip;","og_url":"https:\/\/old.accessibilitydays.it\/2020\/it\/programma\/laboratori-e-punti-informativi\/","og_site_name":"Accessibility Days 2020","article_modified_time":"2020-02-08T14:53:56+00:00","twitter_card":"summary_large_image","twitter_misc":{"Tempo di lettura stimato":"5 minuti"},"schema":{"@context":"https:\/\/schema.org","@graph":[{"@type":"WebPage","@id":"https:\/\/old.accessibilitydays.it\/2020\/it\/programma\/laboratori-e-punti-informativi\/","url":"https:\/\/old.accessibilitydays.it\/2020\/it\/programma\/laboratori-e-punti-informativi\/","name":"Laboratori e Punti Informativi - Accessibility Days 2020","isPartOf":{"@id":"https:\/\/old.accessibilitydays.it\/2020\/#website"},"datePublished":"2019-02-17T20:39:09+00:00","dateModified":"2020-02-08T14:53:56+00:00","breadcrumb":{"@id":"https:\/\/old.accessibilitydays.it\/2020\/it\/programma\/laboratori-e-punti-informativi\/#breadcrumb"},"inLanguage":"it-IT","potentialAction":[{"@type":"ReadAction","target":["https:\/\/old.accessibilitydays.it\/2020\/it\/programma\/laboratori-e-punti-informativi\/"]}]},{"@type":"BreadcrumbList","@id":"https:\/\/old.accessibilitydays.it\/2020\/it\/programma\/laboratori-e-punti-informativi\/#breadcrumb","itemListElement":[{"@type":"ListItem","position":1,"name":"Home","item":"https:\/\/old.accessibilitydays.it\/2020\/it\/"},{"@type":"ListItem","position":2,"name":"Programma","item":"https:\/\/old.accessibilitydays.it\/2020\/it\/programma\/"},{"@type":"ListItem","position":3,"name":"Laboratori e Punti Informativi"}]},{"@type":"WebSite","@id":"https:\/\/old.accessibilitydays.it\/2020\/#website","url":"https:\/\/old.accessibilitydays.it\/2020\/","name":"Accessibility Days 2020","description":"Sensibilizzazione sull&#039;Accessibilit\u00e0 e sulle Disabilit\u00e0","publisher":{"@id":"https:\/\/old.accessibilitydays.it\/2020\/#organization"},"potentialAction":[{"@type":"SearchAction","target":{"@type":"EntryPoint","urlTemplate":"https:\/\/old.accessibilitydays.it\/2020\/?s={search_term_string}"},"query-input":{"@type":"PropertyValueSpecification","valueRequired":true,"valueName":"search_term_string"}}],"inLanguage":"it-IT"},{"@type":"Organization","@id":"https:\/\/old.accessibilitydays.it\/2020\/#organization","name":"Accessibility Days 2020","url":"https:\/\/old.accessibilitydays.it\/2020\/","logo":{"@type":"ImageObject","inLanguage":"it-IT","@id":"https:\/\/old.accessibilitydays.it\/2020\/#\/schema\/logo\/image\/","url":"https:\/\/old.accessibilitydays.it\/2020\/wp-content\/uploads\/sites\/5\/2020\/01\/cropped-accessibility_days_2020-logo-1.jpg","contentUrl":"https:\/\/old.accessibilitydays.it\/2020\/wp-content\/uploads\/sites\/5\/2020\/01\/cropped-accessibility_days_2020-logo-1.jpg","width":445,"height":282,"caption":"Accessibility Days 2020"},"image":{"@id":"https:\/\/old.accessibilitydays.it\/2020\/#\/schema\/logo\/image\/"}}]}},"acf":[],"_links":{"self":[{"href":"https:\/\/old.accessibilitydays.it\/2020\/wp-json\/wp\/v2\/pages\/58","targetHints":{"allow":["GET"]}}],"collection":[{"href":"https:\/\/old.accessibilitydays.it\/2020\/wp-json\/wp\/v2\/pages"}],"about":[{"href":"https:\/\/old.accessibilitydays.it\/2020\/wp-json\/wp\/v2\/types\/page"}],"author":[{"embeddable":true,"href":"https:\/\/old.accessibilitydays.it\/2020\/wp-json\/wp\/v2\/users\/3"}],"replies":[{"embeddable":true,"href":"https:\/\/old.accessibilitydays.it\/2020\/wp-json\/wp\/v2\/comments?post=58"}],"version-history":[{"count":23,"href":"https:\/\/old.accessibilitydays.it\/2020\/wp-json\/wp\/v2\/pages\/58\/revisions"}],"predecessor-version":[{"id":1662,"href":"https:\/\/old.accessibilitydays.it\/2020\/wp-json\/wp\/v2\/pages\/58\/revisions\/1662"}],"up":[{"embeddable":true,"href":"https:\/\/old.accessibilitydays.it\/2020\/wp-json\/wp\/v2\/pages\/52"}],"wp:attachment":[{"href":"https:\/\/old.accessibilitydays.it\/2020\/wp-json\/wp\/v2\/media?parent=58"}],"curies":[{"name":"wp","href":"https:\/\/api.w.org\/{rel}","templated":true}]}}