{"id":107,"date":"2019-02-21T23:39:20","date_gmt":"2019-02-21T22:39:20","guid":{"rendered":"https:\/\/accessibilitydays.it\/2021\/?page_id=107"},"modified":"2025-05-14T16:30:57","modified_gmt":"2025-05-14T14:30:57","slug":"inizio-2","status":"publish","type":"page","link":"https:\/\/old.accessibilitydays.it\/2021\/it\/","title":{"rendered":"Home"},"content":{"rendered":"\n\n\t<h1>Accessibility Days 2021<\/h1>\n<h2>Il pi\u00f9 grande evento italiano sull&#8217;<strong>Accessibilit\u00e0<\/strong> e l&#8217;<strong>Inclusivit\u00e0<\/strong>\u00a0delle <strong>tecnologie digitali<\/strong>.<\/h2>\n<h2>20-22 maggio 2021, Online<\/h2>\n\t\t\t<a href=\"https:\/\/old.accessibilitydays.it\/2021\/it\/crediti-docenti\/\" target=\"_self\" role=\"button\" rel=\"noopener\"><br \/>\n\t\t\t\t\t\tPERCORSI ACCREDITATI PER DOCENTI<br \/>\n\t\t<\/a>\n<h2>Una video-guida per vivere al meglio l&#8217;evento<\/h2>\nTi stai smarrendo, mentre cerchi di capire tutti i contenuti ed i servizi che saranno a disposizione agli Accessibility Days 2021?<br \/>\nNiente paura, ecco qui una video-guida per orientarsi, e vivere al meglio la conferenza!<br \/>\nE&#8217; un video da 20 minuti (e s\u00ec, le cose sono tante), ma utilissimo per non perdersi nulla!<br \/>\n\t<center><br \/>\n<iframe loading=\"lazy\" width=\"560\" height=\"315\" src=\"https:\/\/www.youtube.com\/embed\/u9toqErl8YM\" title=\"YouTube video player\" frameborder=\"0\" allow=\"accelerometer; autoplay; clipboard-write; encrypted-media; gyroscope; picture-in-picture\" allowfullscreen><\/iframe><br \/>\n<\/center>\n<h2>Cos&#8217;\u00e8 Accessibility Days?<\/h2>\n Accessibility Days \u00e8 un evento sull&#8217;Accessibilit\u00e0 e sulle Disabilit\u00e0 rivolto a sviluppatori, designer, maker, creatori ed editori di contenuti, ed in generale a tutte le persone che si occupano di tecnologie digitali. Compresa anche la Didattica a Distanza, argomento della massima importanza in questo periodo.<br \/>\nSi terr\u00e0 in occasione del <a href=\"https:\/\/globalaccessibilityawarenessday.org\/\">Global Accessibility Awareness Day<\/a> (GAAD), manifestazione promossa ogni anno a livello mondiale, nel mese di maggio, per sensibilizzare chi si occupa di tecnologie digitali sul tema dell&#8217;accessibilit\u00e0 e dell&#8217;inclusivit\u00e0, attraverso il confronto e l&#8217;interazione di persone con disabilit\u00e0.<br \/>\n\t\t\t\t<a href=\"https:\/\/globalaccessibilityawarenessday.org\/\" target=\"_self\" itemprop=\"url\" rel=\"noopener\"><br \/>\n\t\t\t\t<img loading=\"lazy\" decoding=\"async\" src=\"https:\/\/old.accessibilitydays.it\/2021\/wp-content\/uploads\/sites\/7\/2020\/05\/GAAD-with-text-500.jpg\" alt=\"Logo del GAAD (Global Accessibility Awareness Day)\" itemprop=\"image\" height=\"135\" width=\"500\" title=\"Logo del GAAD (Global Accessibility Awareness Day)\" onerror=\"this.style.display='none'\"  \/><br \/>\n\t\t\t\t<\/a>\n<hr \/>\n<h3>La quinta edizione degli Accessibility Days<\/h3>\n<p>Gli Accessibility Days sono giunti alla quinta edizione. Anche quest&#8217;anno saremo costretti a svolgerlo online, e dovremo perci\u00f2 nuovamente rinunciare a tutte le esperienze che arricchivano il nostro evento, come la cena al buio o la visita al museo tattile.<\/p>\n<p>Ma gi\u00e0 l&#8217;esperienza dello scorso anno ci ha insegnato che non tutto il male viene per nuocere: fare l&#8217;edizione 2020 online ci ha consentito di far partecipare e farci conoscere da molte pi\u00f9 persone rispetto agli anni precedenti, con 820 iscritti, rispetto ai circa 100 che partecipavano alle edizioni in presenza. Persone che poi hanno continuato a seguirci nei webinar, altra iniziativa avviata proprio a seguito di tutti i cambiamenti che ci sono stati dallo scorso anno, e resa possibile grazie al fatto di essere eventi svolti online.<\/p>\n<p>Anche in questo 2021 perci\u00f2, nonostante dovremo nuovamente far buon viso a cattivo gioco, cercheremo di &#8220;sfruttare&#8221; al meglio le possibilit\u00e0 offerte dagli eventi online, in modo da apportare contributi ed esperienze di valore a chi parteciper\u00e0, sperando che tu sia tra questi!<\/p>\n<hr \/>\n<h2>Il messaggio di Andrea Bocelli<\/h2>\n<p>Una persona che ci ha dato il suo sostegno in questi anni \u00e8 Andrea Bocelli. In diverse occasioni ci ha anche inviato dei messaggi: vi riproponiamo quello per la terza edizione, in cui ci ha raccontato una bellissima testimonianza sull&#8217;importanza della tecnologia nella vita quotidiana dei disabili. Il titolo che diede al suo intervento fu &#8220;L&#8217;accessibilit\u00e0: una sfida da cogliere&#8221;,\u00a0 a sottolineare l&#8217;importanza del ruolo che, come persone che si occupano di tecnologie digitali, ci attende.<\/p>\n\t\t\t\t<img loading=\"lazy\" decoding=\"async\" src=\"https:\/\/old.accessibilitydays.it\/2021\/wp-content\/uploads\/sites\/7\/2020\/03\/Andrea-Bocelli-500x500-1.jpg\" alt=\"Foto di Andrea Bocelli\" itemprop=\"image\" height=\"500\" width=\"500\" title=\"Foto di Andrea Bocelli\" onerror=\"this.style.display='none'\"  \/><br \/>\n\t<center><br \/>\n<iframe loading=\"lazy\" width=\"560\" height=\"315\" title=\"video yotube bocelli\" src=\"https:\/\/www.youtube.com\/embed\/--2rScDlXz0\" frameborder=\"0\" allow=\"accelerometer; autoplay; encrypted-media; gyroscope; picture-in-picture\" allowfullscreen><\/iframe><br \/>\n<\/center>\n<hr \/>\n<h2>Contenuti dell&#8217;evento<\/h2>\n<p>Durante la manifestazione avremo una serie di iniziative, di seguito ti elenchiamo le varie tipologie<\/p>\n<h4><img loading=\"lazy\" decoding=\"async\" src=\"\/wp-content\/uploads\/sites\/7\/2019\/04\/conference-2x.png\" alt=\"Conferenza\" width=\"60\" height=\"60\" \/><\/h4>\n<h4>Conferenza<\/h4>\n<p>Oltre 40 sessioni e 70 speaker su temi relativi all&#8217;accessibilit\u00e0 delle tecnologie digitali: da quali sono gli strumenti a disposizione nella vita quotidiana per gli utenti con disabilit\u00e0, a come le tecnologie possono aiutarci a progettare e sviluppare soluzioni maggiormente fruibili. Senza dimenticare gli aspetti normativi che regolamentano l&#8217;accessibilit\u00e0. <a href=\"https:\/\/old.accessibilitydays.it\/2021\/it\/agenda\/\">Clicca qui per scoprire l&#8217;agenda!<\/a><\/p>\n<h4><img loading=\"lazy\" decoding=\"async\" src=\"\/wp-content\/uploads\/sites\/7\/2019\/04\/conference-2x.png\" alt=\"Conferenza\" width=\"60\" height=\"60\" \/><\/h4>\n<h4>Didattica inclusiva (anche a distanza)<\/h4>\n<p>Svolgere la didattica in maniera inclusiva \u00e8 fondamentale, per dare la possibilit\u00e0 agli studenti con disabilit\u00e0 di accedere allo stesso materiale degli altri. In questi giorni di emergenza sanitaria, con la didattica a distanza, \u00e8 ancora pi\u00f9 importante non lasciare nessuno indietro. Sia il venerd\u00ec che il sabato parleremo approfonditamente di come le tecnologie digitali possono aiutarci anche in questo.<\/p>\n<h4><img loading=\"lazy\" decoding=\"async\" src=\"\/wp-content\/uploads\/sites\/7\/2021\/04\/game-icon3.png\" alt=\"Icona per Accessibility Game\" width=\"60\" height=\"60\" \/><\/h4>\n<h4>Accessibility Game<\/h4>\n<p>Sei parte di un&#8217;azienda\/organizzazione che ha realizzato un sito web o un&#8217;app che reputi di qualit\u00e0? Hai mai verificato se quel software sia veramente utilizzabile da tutti? Mettiti in gioco con #accessibilityGame e scopri se \u00e8 davvero usabile e accessibile per tutti! <a href=\"https:\/\/old.accessibilitydays.it\/2021\/it\/accessibility-game\/\">Clicca qui per tutti i dettagli.<\/a><\/p>\n<h4><img loading=\"lazy\" decoding=\"async\" src=\"\/wp-content\/uploads\/sites\/7\/2019\/04\/conference-2x.png\" alt=\"Conferenza\" width=\"60\" height=\"60\" \/><\/h4>\n<h4>Networking tra i partecipanti<\/h4>\n<p>Anche se saremo di nuovo costretti a fare un&#8217;edizione solamente online dell&#8217;evento, stiamo lavorando per mettere a disposizione dei partecipanti degli strumenti che facilitino il confronto, lo scambio di idee ed il networking, i vari valori aggiunti di una conferenza rispetto a semplici video. Restate sintonizzati per saperne di pi\u00f9!<\/p>\n\t\t\t<a href=\"https:\/\/old.accessibilitydays.it\/2021\/it\/iscriviti\/\" target=\"_self\" role=\"button\" rel=\"noopener\"><br \/>\n\t\t\t\t\t\tISCRIVITI ALLA CONFERENZA!<br \/>\n\t\t<\/a><br \/>\n\t\t\t<a href=\"https:\/\/old.accessibilitydays.it\/2021\/it\/iscriviti-accessibility-game\" target=\"_self\" role=\"button\" rel=\"noopener\"><br \/>\n\t\t\t\t\t\tPARTECIPA ALL&#8217;ACCESSIBILITY GAME!<br \/>\n\t\t<\/a><br \/>\n\t\t\t<a href=\"https:\/\/old.accessibilitydays.it\/2021\/it\/organizzatori-e-sponsor\/diventa-sponsor\/\" target=\"_self\" role=\"button\" rel=\"noopener\"><br \/>\n\t\t\t\t\t\tDONAZIONI E SPONSORIZZAZIONI<br \/>\n\t\t<\/a>\n<h3>Un&#8217;esperienza<br \/>\nsensoriale<\/h3>\n\tLe passate edizioni hanno suscitato molto entusiasmo tra i partecipanti, grazie alle numerose iniziative organizzate: non solo classiche sessioni, ma anche laboratori, come l&#8217;Angolo dei Maker, e vere e proprie esperienze &#8220;sensoriali&#8221;, come la visita al Museo Tattile e la cena al buio.<br \/>\nPurtroppo anche per quest&#8217;edizione dovremo rinunciare a molte di queste esperienze, ma se vuoi avere un&#8217;idea (nella sperenza di poterle ripetere nei prossimi anni!), un riassunto del vortice di emozioni \u00e8 stato raccolto in <a href=\"https:\/\/medium.com\/@ste8\/il-libro-dei-ricordi-dagli-hack-cessibility-days-237bc62bd267\">questo post<\/a>.\n<hr \/>\n<h2>Aiutaci a sostenere i costi dell&#8217;evento<\/h2>\nAccessibility Days \u00e8 una manifestazione no-profit per la quale ci stiamo sforzando ad avere un ingresso gratuito, in modo tale da avere il maggior numero di partecipanti possibile.<br \/>\nUn evento del genere richiede per\u00f2 molte spese, soprattutto se si vuole far s\u00ec che i partecipanti possano avere la <strong>migliore esperienza possibile (ovviamente anche in termini di accessibilit\u00e0!)<\/strong>, e nonostante il supporto dei tanti volontari che ci danno una mano, per alcuni servizi dobbiamo rivolgerci a dei professionisti, anche per le responsabilit\u00e0 che richiedono tali compiti.\n<p>Per darti un&#8217;idea dei costi, abbiamo reso pubblico il budget dell&#8217;evento, che trovi nell&#8217;elenco sottostante. Le voci saranno aggiornate di volta in volta, e potranno essere pi\u00f9 precise con l&#8217;avvicinarsi dell&#8217;evento.<\/p>\n\t\t\t<a href=\"https:\/\/old.accessibilitydays.it\/donate\" target=\"_self\" role=\"button\" rel=\"noopener\"><br \/>\n\t\t\t\t\t\tFai una donazione<br \/>\n\t\t<\/a><br \/>\n\t\t\t<a href=\"https:\/\/old.accessibilitydays.it\/2021\/it\/organizzatori-e-sponsor\/diventa-sponsor\/\" target=\"_self\" role=\"button\" rel=\"noopener\"><br \/>\n\t\t\t\t\t\tSponsorizza gli Accessibility Days<br \/>\n\t\t<\/a>\n\n<table id=\"tablepress-4\" class=\"tablepress tablepress-id-4\">\n<thead>\n<tr class=\"row-1\">\n\t<th class=\"column-1\">Obiettivo<\/th><th class=\"column-2\">Budget indicativo<\/th><th class=\"column-3\">Percentuale raggiungimento<\/th>\n<\/tr>\n<\/thead>\n<tbody class=\"row-striping row-hover\">\n<tr class=\"row-2\">\n\t<td class=\"column-1\">Regia, montaggio video e pubblicazione post-evento<\/td><td class=\"column-2\">3.500 \u20ac<\/td><td class=\"column-3\"><div class=\"progress progress80\"><\/div><\/td>\n<\/tr>\n<tr class=\"row-3\">\n\t<td class=\"column-1\">Marketing, comunicazione, advertising, grafica, ...<\/td><td class=\"column-2\">2.200 \u20ac<\/td><td class=\"column-3\"><div class=\"progress progress65\"><\/div><\/td>\n<\/tr>\n<tr class=\"row-4\">\n\t<td class=\"column-1\">Sottotitolazione live \"manuale\" delle sessioni per sordi e ipoacusici in Track 1<\/td><td class=\"column-2\">700 \u20ac<\/td><td class=\"column-3\"><div class=\"progress progress100\"><\/div><\/td>\n<\/tr>\n<tr class=\"row-5\">\n\t<td class=\"column-1\">Sottotitolazione live \"manuale\" delle sessioni per sordi e ipoacusici in Track 2<\/td><td class=\"column-2\">700 \u20ac<\/td><td class=\"column-3\"><div class=\"progress progress100\"><\/div><\/td>\n<\/tr>\n<tr class=\"row-6\">\n\t<td class=\"column-1\">Sottotitolazione live \"manuale\" delle sessioni per sordi e ipoacusici in Track 3<\/td><td class=\"column-2\">700 \u20ac<\/td><td class=\"column-3\"><div class=\"progress progress100\"><\/div><\/td>\n<\/tr>\n<tr class=\"row-7\">\n\t<td class=\"column-1\">Traduzione LIS Track 1 Venerd\u00ec<\/td><td class=\"column-2\">Offerta da RAI Pubblica Utilit\u00e0<\/td><td class=\"column-3\"><div class=\"progress progress100\"><\/div><\/td>\n<\/tr>\n<tr class=\"row-8\">\n\t<td class=\"column-1\">Traduzione LIS Track 1 Sabato<\/td><td class=\"column-2\">600 \u20ac<\/td><td class=\"column-3\"><div class=\"progress progress100\"><\/div><\/td>\n<\/tr>\n<tr class=\"row-9\">\n\t<td class=\"column-1\">Gestione sito<\/td><td class=\"column-2\">100-500 \u20ac<\/td><td class=\"column-3\"><div class=\"progress progress0\"><\/div><\/td>\n<\/tr>\n<tr class=\"row-10\">\n\t<td class=\"column-1\">Spese varie (licenze software, cartoleria, ...)<\/td><td class=\"column-2\">100-200 \u20ac<\/td><td class=\"column-3\"><div class=\"progress progress0\"><\/div><\/td>\n<\/tr>\n<tr class=\"row-11\">\n\t<td class=\"column-1\">Test di accessibilit\u00e0 per l'Accessibility Game, svolti da professionisti<\/td><td class=\"column-2\">da definire<\/td><td class=\"column-3\"><div class=\"progress progress0\"><\/div><\/td>\n<\/tr>\n<tr class=\"row-12\">\n\t<td class=\"column-1\">Servizio di traduzione in italiano delle sessioni in inglese<\/td><td class=\"column-2\">Offerto da UICI<\/td><td class=\"column-3\"><div class=\"progress progress100\"><\/div><\/td>\n<\/tr>\n<\/tbody>\n<\/table>\n<!-- #tablepress-4 from cache -->\n<p>Se ti va di aiutarci a sostenere questi costi, puoi farlo tramite una donazione o sponsorizzazione: solo con il vostro aiuto possiamo migliorare l&#8217;esperienza e l&#8217;accessibilit\u00e0 nella partecipazione agli Accessibility Days per tutti!<\/p>\n\t\t\t<a href=\"https:\/\/old.accessibilitydays.it\/donate\" target=\"_self\" role=\"button\" rel=\"noopener\"><br \/>\n\t\t\t\t\t\tFai una donazione<br \/>\n\t\t<\/a><br \/>\n\t\t\t<a href=\"https:\/\/old.accessibilitydays.it\/2021\/it\/organizzatori-e-sponsor\/diventa-sponsor\/\" target=\"_self\" role=\"button\" rel=\"noopener\"><br \/>\n\t\t\t\t\t\tSponsorizza gli Accessibility Days<br \/>\n\t\t<\/a>\n\n","protected":false},"excerpt":{"rendered":"<div class=\"entry-summary\">\n<div class=\"entry-summary\">\nAccessibility Days 2021 Il pi\u00f9 grande evento italiano sull&#8217;Accessibilit\u00e0 e l&#8217;Inclusivit\u00e0\u00a0delle tecnologie digitali. 20-22 maggio 2021, Online PERCORSI ACCREDITATI PER DOCENTI Una video-guida per vivere al meglio l&#8217;evento Ti stai smarrendo, mentre cerchi di capire tutti i contenuti ed i&hellip;\n<\/div>\n<div class=\"link-more\"><a href=\"https:\/\/old.accessibilitydays.it\/2021\/it\/\" class=\"more-link\">Continua a leggere <span class=\"screen-reader-text\"> &ldquo;Home&rdquo;<\/span>&hellip;<\/a><\/div>\n<\/div>\n<div class=\"link-more\"><a href=\"https:\/\/old.accessibilitydays.it\/2021\/it\/\" class=\"more-link\">Continua a leggere <span class=\"screen-reader-text\"> &ldquo;Home&rdquo;<\/span>&hellip;<\/a><\/div>\n","protected":false},"author":6,"featured_media":0,"parent":0,"menu_order":0,"comment_status":"closed","ping_status":"closed","template":"templates\/no-intro.php","meta":{"_acf_changed":false,"footnotes":""},"class_list":["post-107","page","type-page","status-publish","hentry","entry"],"yoast_head":"<!-- This site is optimized with the Yoast SEO plugin v25.6 - https:\/\/yoast.com\/wordpress\/plugins\/seo\/ -->\n<title>Accessibility Days 2021<\/title>\n<meta name=\"description\" content=\"Il pi\u00f9 grande evento italiano sull&#039;Accessibilit\u00e0 e l&#039;Inclusivit\u00e0 delle tecnologie digitali.20-22 maggio 2021, Online\" \/>\n<meta name=\"robots\" content=\"index, follow, max-snippet:-1, max-image-preview:large, max-video-preview:-1\" \/>\n<link rel=\"canonical\" href=\"https:\/\/old.accessibilitydays.it\/2021\/it\/\" \/>\n<meta property=\"og:locale\" content=\"it_IT\" \/>\n<meta property=\"og:type\" content=\"article\" \/>\n<meta property=\"og:title\" content=\"Accessibility Days 2021 - Dal 20 al 22 maggio\" \/>\n<meta property=\"og:description\" content=\"Il pi\u00f9 grande evento italiano sull&#039;Accessibilit\u00e0 e l&#039;Inclusivit\u00e0 delle tecnologie digitali.\" \/>\n<meta property=\"og:url\" content=\"https:\/\/old.accessibilitydays.it\/2021\/it\/\" \/>\n<meta property=\"og:site_name\" content=\"Accessibility Days 2021\" \/>\n<meta property=\"article:publisher\" content=\"https:\/\/www.facebook.com\/AccessibilityDays\/\" \/>\n<meta property=\"article:modified_time\" content=\"2025-05-14T14:30:57+00:00\" \/>\n<meta property=\"og:image\" content=\"https:\/\/old.accessibilitydays.it\/2021\/wp-content\/uploads\/sites\/7\/2021\/05\/Acessibility-logo-2021.jpg\" \/>\n\t<meta property=\"og:image:width\" content=\"1800\" \/>\n\t<meta property=\"og:image:height\" content=\"1175\" \/>\n\t<meta property=\"og:image:type\" content=\"image\/jpeg\" \/>\n<meta name=\"twitter:card\" content=\"summary_large_image\" \/>\n<meta name=\"twitter:site\" content=\"@a11y_days\" \/>\n<meta name=\"twitter:label1\" content=\"Tempo di lettura stimato\" \/>\n\t<meta name=\"twitter:data1\" content=\"5 minuti\" \/>\n<script type=\"application\/ld+json\" class=\"yoast-schema-graph\">{\"@context\":\"https:\/\/schema.org\",\"@graph\":[{\"@type\":\"WebPage\",\"@id\":\"https:\/\/old.accessibilitydays.it\/2021\/it\/\",\"url\":\"https:\/\/old.accessibilitydays.it\/2021\/it\/\",\"name\":\"Accessibility Days 2021\",\"isPartOf\":{\"@id\":\"https:\/\/old.accessibilitydays.it\/2021\/#website\"},\"primaryImageOfPage\":{\"@id\":\"https:\/\/old.accessibilitydays.it\/2021\/it\/#primaryimage\"},\"image\":{\"@id\":\"https:\/\/old.accessibilitydays.it\/2021\/it\/#primaryimage\"},\"thumbnailUrl\":\"https:\/\/old.accessibilitydays.it\/2021\/wp-content\/uploads\/sites\/7\/2020\/05\/GAAD-with-text-500.jpg\",\"datePublished\":\"2019-02-21T22:39:20+00:00\",\"dateModified\":\"2025-05-14T14:30:57+00:00\",\"description\":\"Il pi\u00f9 grande evento italiano sull'Accessibilit\u00e0 e l'Inclusivit\u00e0 delle tecnologie digitali.20-22 maggio 2021, Online\",\"breadcrumb\":{\"@id\":\"https:\/\/old.accessibilitydays.it\/2021\/it\/#breadcrumb\"},\"inLanguage\":\"it-IT\",\"potentialAction\":[{\"@type\":\"ReadAction\",\"target\":[\"https:\/\/old.accessibilitydays.it\/2021\/it\/\"]}]},{\"@type\":\"ImageObject\",\"inLanguage\":\"it-IT\",\"@id\":\"https:\/\/old.accessibilitydays.it\/2021\/it\/#primaryimage\",\"url\":\"https:\/\/old.accessibilitydays.it\/2021\/wp-content\/uploads\/sites\/7\/2020\/05\/GAAD-with-text-500.jpg\",\"contentUrl\":\"https:\/\/old.accessibilitydays.it\/2021\/wp-content\/uploads\/sites\/7\/2020\/05\/GAAD-with-text-500.jpg\",\"width\":500,\"height\":135,\"caption\":\"Logo del GAAD (Global Accessibility Awareness Day)\"},{\"@type\":\"BreadcrumbList\",\"@id\":\"https:\/\/old.accessibilitydays.it\/2021\/it\/#breadcrumb\",\"itemListElement\":[{\"@type\":\"ListItem\",\"position\":1,\"name\":\"Home\",\"item\":\"https:\/\/old.accessibilitydays.it\/2021\/it\/\"},{\"@type\":\"ListItem\",\"position\":2,\"name\":\"Home\"}]},{\"@type\":\"WebSite\",\"@id\":\"https:\/\/old.accessibilitydays.it\/2021\/#website\",\"url\":\"https:\/\/old.accessibilitydays.it\/2021\/\",\"name\":\"Accessibility Days 2021\",\"description\":\"Sensibilizzazione sull&#039;Accessibilit\u00e0 e sulle Disabilit\u00e0\",\"publisher\":{\"@id\":\"https:\/\/old.accessibilitydays.it\/2021\/#organization\"},\"potentialAction\":[{\"@type\":\"SearchAction\",\"target\":{\"@type\":\"EntryPoint\",\"urlTemplate\":\"https:\/\/old.accessibilitydays.it\/2021\/?s={search_term_string}\"},\"query-input\":{\"@type\":\"PropertyValueSpecification\",\"valueRequired\":true,\"valueName\":\"search_term_string\"}}],\"inLanguage\":\"it-IT\"},{\"@type\":\"Organization\",\"@id\":\"https:\/\/old.accessibilitydays.it\/2021\/#organization\",\"name\":\"Accessibility Days\",\"url\":\"https:\/\/old.accessibilitydays.it\/2021\/\",\"logo\":{\"@type\":\"ImageObject\",\"inLanguage\":\"it-IT\",\"@id\":\"https:\/\/old.accessibilitydays.it\/2021\/#\/schema\/logo\/image\/\",\"url\":\"https:\/\/old.accessibilitydays.it\/2021\/wp-content\/uploads\/sites\/7\/2021\/03\/Logo-sito.jpg\",\"contentUrl\":\"https:\/\/old.accessibilitydays.it\/2021\/wp-content\/uploads\/sites\/7\/2021\/03\/Logo-sito.jpg\",\"width\":300,\"height\":190,\"caption\":\"Accessibility Days\"},\"image\":{\"@id\":\"https:\/\/old.accessibilitydays.it\/2021\/#\/schema\/logo\/image\/\"},\"sameAs\":[\"https:\/\/www.facebook.com\/AccessibilityDays\/\",\"https:\/\/x.com\/a11y_days\",\"https:\/\/www.linkedin.com\/company\/accessibility-days\/\",\"https:\/\/www.youtube.com\/channel\/UCzFrbfqazVbmlwwSeA4DjOw\"]}]}<\/script>\n<!-- \/ Yoast SEO plugin. -->","yoast_head_json":{"title":"Accessibility Days 2021","description":"Il pi\u00f9 grande evento italiano sull'Accessibilit\u00e0 e l'Inclusivit\u00e0 delle tecnologie digitali.20-22 maggio 2021, Online","robots":{"index":"index","follow":"follow","max-snippet":"max-snippet:-1","max-image-preview":"max-image-preview:large","max-video-preview":"max-video-preview:-1"},"canonical":"https:\/\/old.accessibilitydays.it\/2021\/it\/","og_locale":"it_IT","og_type":"article","og_title":"Accessibility Days 2021 - Dal 20 al 22 maggio","og_description":"Il pi\u00f9 grande evento italiano sull'Accessibilit\u00e0 e l'Inclusivit\u00e0 delle tecnologie digitali.","og_url":"https:\/\/old.accessibilitydays.it\/2021\/it\/","og_site_name":"Accessibility Days 2021","article_publisher":"https:\/\/www.facebook.com\/AccessibilityDays\/","article_modified_time":"2025-05-14T14:30:57+00:00","og_image":[{"width":1800,"height":1175,"url":"https:\/\/old.accessibilitydays.it\/2021\/wp-content\/uploads\/sites\/7\/2021\/05\/Acessibility-logo-2021.jpg","type":"image\/jpeg"}],"twitter_card":"summary_large_image","twitter_site":"@a11y_days","twitter_misc":{"Tempo di lettura stimato":"5 minuti"},"schema":{"@context":"https:\/\/schema.org","@graph":[{"@type":"WebPage","@id":"https:\/\/old.accessibilitydays.it\/2021\/it\/","url":"https:\/\/old.accessibilitydays.it\/2021\/it\/","name":"Accessibility Days 2021","isPartOf":{"@id":"https:\/\/old.accessibilitydays.it\/2021\/#website"},"primaryImageOfPage":{"@id":"https:\/\/old.accessibilitydays.it\/2021\/it\/#primaryimage"},"image":{"@id":"https:\/\/old.accessibilitydays.it\/2021\/it\/#primaryimage"},"thumbnailUrl":"https:\/\/old.accessibilitydays.it\/2021\/wp-content\/uploads\/sites\/7\/2020\/05\/GAAD-with-text-500.jpg","datePublished":"2019-02-21T22:39:20+00:00","dateModified":"2025-05-14T14:30:57+00:00","description":"Il pi\u00f9 grande evento italiano sull'Accessibilit\u00e0 e l'Inclusivit\u00e0 delle tecnologie digitali.20-22 maggio 2021, Online","breadcrumb":{"@id":"https:\/\/old.accessibilitydays.it\/2021\/it\/#breadcrumb"},"inLanguage":"it-IT","potentialAction":[{"@type":"ReadAction","target":["https:\/\/old.accessibilitydays.it\/2021\/it\/"]}]},{"@type":"ImageObject","inLanguage":"it-IT","@id":"https:\/\/old.accessibilitydays.it\/2021\/it\/#primaryimage","url":"https:\/\/old.accessibilitydays.it\/2021\/wp-content\/uploads\/sites\/7\/2020\/05\/GAAD-with-text-500.jpg","contentUrl":"https:\/\/old.accessibilitydays.it\/2021\/wp-content\/uploads\/sites\/7\/2020\/05\/GAAD-with-text-500.jpg","width":500,"height":135,"caption":"Logo del GAAD (Global Accessibility Awareness Day)"},{"@type":"BreadcrumbList","@id":"https:\/\/old.accessibilitydays.it\/2021\/it\/#breadcrumb","itemListElement":[{"@type":"ListItem","position":1,"name":"Home","item":"https:\/\/old.accessibilitydays.it\/2021\/it\/"},{"@type":"ListItem","position":2,"name":"Home"}]},{"@type":"WebSite","@id":"https:\/\/old.accessibilitydays.it\/2021\/#website","url":"https:\/\/old.accessibilitydays.it\/2021\/","name":"Accessibility Days 2021","description":"Sensibilizzazione sull&#039;Accessibilit\u00e0 e sulle Disabilit\u00e0","publisher":{"@id":"https:\/\/old.accessibilitydays.it\/2021\/#organization"},"potentialAction":[{"@type":"SearchAction","target":{"@type":"EntryPoint","urlTemplate":"https:\/\/old.accessibilitydays.it\/2021\/?s={search_term_string}"},"query-input":{"@type":"PropertyValueSpecification","valueRequired":true,"valueName":"search_term_string"}}],"inLanguage":"it-IT"},{"@type":"Organization","@id":"https:\/\/old.accessibilitydays.it\/2021\/#organization","name":"Accessibility Days","url":"https:\/\/old.accessibilitydays.it\/2021\/","logo":{"@type":"ImageObject","inLanguage":"it-IT","@id":"https:\/\/old.accessibilitydays.it\/2021\/#\/schema\/logo\/image\/","url":"https:\/\/old.accessibilitydays.it\/2021\/wp-content\/uploads\/sites\/7\/2021\/03\/Logo-sito.jpg","contentUrl":"https:\/\/old.accessibilitydays.it\/2021\/wp-content\/uploads\/sites\/7\/2021\/03\/Logo-sito.jpg","width":300,"height":190,"caption":"Accessibility Days"},"image":{"@id":"https:\/\/old.accessibilitydays.it\/2021\/#\/schema\/logo\/image\/"},"sameAs":["https:\/\/www.facebook.com\/AccessibilityDays\/","https:\/\/x.com\/a11y_days","https:\/\/www.linkedin.com\/company\/accessibility-days\/","https:\/\/www.youtube.com\/channel\/UCzFrbfqazVbmlwwSeA4DjOw"]}]}},"acf":[],"_links":{"self":[{"href":"https:\/\/old.accessibilitydays.it\/2021\/wp-json\/wp\/v2\/pages\/107","targetHints":{"allow":["GET"]}}],"collection":[{"href":"https:\/\/old.accessibilitydays.it\/2021\/wp-json\/wp\/v2\/pages"}],"about":[{"href":"https:\/\/old.accessibilitydays.it\/2021\/wp-json\/wp\/v2\/types\/page"}],"author":[{"embeddable":true,"href":"https:\/\/old.accessibilitydays.it\/2021\/wp-json\/wp\/v2\/users\/6"}],"replies":[{"embeddable":true,"href":"https:\/\/old.accessibilitydays.it\/2021\/wp-json\/wp\/v2\/comments?post=107"}],"version-history":[{"count":250,"href":"https:\/\/old.accessibilitydays.it\/2021\/wp-json\/wp\/v2\/pages\/107\/revisions"}],"predecessor-version":[{"id":4246,"href":"https:\/\/old.accessibilitydays.it\/2021\/wp-json\/wp\/v2\/pages\/107\/revisions\/4246"}],"wp:attachment":[{"href":"https:\/\/old.accessibilitydays.it\/2021\/wp-json\/wp\/v2\/media?parent=107"}],"curies":[{"name":"wp","href":"https:\/\/api.w.org\/{rel}","templated":true}]}}