{"id":3321,"date":"2021-04-20T22:04:19","date_gmt":"2021-04-20T20:04:19","guid":{"rendered":"https:\/\/accessibilitydays.it\/2021\/?page_id=3321"},"modified":"2025-05-14T16:32:21","modified_gmt":"2025-05-14T14:32:21","slug":"agenda-del-giovedi-20-maggio-2021","status":"publish","type":"page","link":"https:\/\/old.accessibilitydays.it\/2021\/it\/programma\/agenda-del-giovedi-20-maggio-2021\/","title":{"rendered":"Agenda del Gioved\u00ec (20 maggio 2021)"},"content":{"rendered":"\n\n\t\t\t\t<a href=\"https:\/\/old.accessibilitydays.it\/2021\/it\/live\" target=\"_self\" role=\"button\" rel=\"noopener\"><br \/>\n\t\t\t\t\t\t\ud83d\udd34 SEGUI LA DIRETTA DELL&#8217;EVENTO \ud83d\udd34<br \/>\n\t\t<\/a>\n<h4>Servizi di accessibilit\u00e0 per il gioved\u00ec<\/h4>\n<ul>\n<li>Sottotitolazione manuale per l&#8217;unica track del gioved\u00ec.<\/li>\n<\/ul>\n<h5><em><a href=\"https:\/\/bit.ly\/ad2021-agenda-gioved\u00ec-20\">Clicca qui<\/a> per visualizzare l&#8217;agenda del venerd\u00ec come PDF<br \/>\no scorri in basso per leggere i dettagli di ogni sessione<\/em><\/h5>\n\t\t\t\t<a href=\"https:\/\/bit.ly\/ad2021-agenda-gioved\u00ec-20\" target=\"_self\" itemprop=\"url\" rel=\"noopener\"><br \/>\n\t\t\t\t<img loading=\"lazy\" decoding=\"async\" src=\"https:\/\/old.accessibilitydays.it\/2021\/wp-content\/uploads\/sites\/7\/2020\/05\/Copertina-Agenda-Venerd\u00ec-150x150.png\" alt=\"Link al PDF dell'agenda del venerd\u00ec\" itemprop=\"image\" height=\"150\" width=\"150\" title=\"Link al PDF dell'agenda del venerd\u00ec\" onerror=\"this.style.display='none'\"  \/><br \/>\n\t\t\t\t<\/a>\n<h2>Gioved\u00ec<\/h2>\n<h3>08:45 &#8211; 09:00<\/h3>\n<h3>Apertura collegamento streaming<\/h3>\n<h3>09:00 &#8211; 09:30<\/h3>\n<p>{Track 1}<\/p>\n<h3>Discorso di benvenuto e Keynote<\/h3>\n<h3>09:30 &#8211; 10:00<\/h3>\n<p>{Track 1}<\/p>\n<h3><a href=\"https:\/\/old.accessibilitydays.it\/2021\/lectures\/barriere-digitali\/\" target=\"_blank\" rel=\"noopener\">Barriere digitali: le criticit&agrave; pi&ugrave; comuni<\/a><\/h3>\n<p>Marco Andreoli (Co-founder Yeah cooperativa sociale)<\/p>\n<h3>10:00 &#8211; 13:00<\/h3>\n<p>{Track 1}<\/p>\n<h3>Accessibility Game: hai mai verificato che il tuo software sia effettivamente utilizzabile da chiunque?<\/h3>\n<p>Con la partecipazione di:<\/p>\n<ul>\n<li>Roberto Scano (Presidente IWA Italy &#8211; International Web Association Italia)<\/li>\n<li>Fabrizio Caccavello (International Web Association &#8211; IWA Italy)<\/li>\n<li>Michele Landolfo (Esperto di Accessibilit\u00e0 @\u00a0INVAT)<\/li>\n<li>Sauro Cesaretti (Esperto di Accessibilit\u00e0, Vicepresidente UICI Ancona)<\/li>\n<li>Beatrice De Luca (Esperta di metodologie per l&#8217;usabilit\u00e0 @ Fondazione ASPHI Onlus)<\/li>\n<li>Pietro Minucci (Esperto disabilit\u00e0 uditive @ Fondazione ASPHI Onlus)<\/li>\n<\/ul>\n<h3>11:00 &#8211; 11:15<\/h3>\n<h3>COFFEE-BREAK<\/h3>\n<h3>11:15 &#8211; 12:00<\/h3>\n<p>{Track 1}<\/p>\n<h3><a href=\"https:\/\/old.accessibilitydays.it\/2021\/lectures\/societa-benefit-cosa-sono-e-perche-lo-siamo-diventati\/\" target=\"_blank\" rel=\"noopener\">Societ\u00e0 benefit: cosa sono e perch\u00e9 lo siamo diventati<\/a><\/h3>\n<p>Ilaria Mauric (Head of Design @ Tangible)<\/p>\n<h3>11:15 &#8211; 12:00<\/h3>\n<p>{Track 3}<\/p>\n<h3>[In fase di definzione]<\/h3>\n<h2>Venerd\u00ec pomeriggio<\/h2>\n\t\t\t<a href=\"iscriviti\" target=\"_self\" role=\"button\" rel=\"noopener\"><br \/>\n\t\t\t\t\t\tISCRIVITI SUBITO<br \/>\n\t\t<\/a>\n<h5><em><a href=\"https:\/\/bit.ly\/ad2021-agenda-gioved\u00ec-20\">Clicca qui<\/a> per visualizzare l&#8217;agenda del venerd\u00ec come PDF<br \/>\n<\/em><\/h5>\n\t\t\t\t<a href=\"https:\/\/bit.ly\/ad2021-agenda-gioved\u00ec-20\" target=\"_self\" itemprop=\"url\" rel=\"noopener\"><br \/>\n\t\t\t\t<img loading=\"lazy\" decoding=\"async\" src=\"https:\/\/old.accessibilitydays.it\/2021\/wp-content\/uploads\/sites\/7\/2020\/05\/Copertina-Agenda-Venerd\u00ec-206x300.png\" alt=\"Link al PDF dell'agenda del venerd\u00ec\" itemprop=\"image\" height=\"300\" width=\"206\" title=\"Link al PDF dell'agenda del venerd\u00ec\" onerror=\"this.style.display='none'\"  \/><br \/>\n\t\t\t\t<\/a>\n\n","protected":false},"excerpt":{"rendered":"<div class=\"entry-summary\">\n<div class=\"entry-summary\">\n\ud83d\udd34 SEGUI LA DIRETTA DELL&#8217;EVENTO \ud83d\udd34 Servizi di accessibilit\u00e0 per il gioved\u00ec Sottotitolazione manuale per l&#8217;unica track del gioved\u00ec. Clicca qui per visualizzare l&#8217;agenda del venerd\u00ec come PDF o scorri in basso per leggere i dettagli di ogni sessione Gioved\u00ec&hellip;\n<\/div>\n<div class=\"link-more\"><a href=\"https:\/\/old.accessibilitydays.it\/2021\/it\/programma\/agenda-del-giovedi-20-maggio-2021\/\" class=\"more-link\">Continua a leggere <span class=\"screen-reader-text\"> &ldquo;Agenda del Gioved\u00ec (20 maggio 2021)&rdquo;<\/span>&hellip;<\/a><\/div>\n<\/div>\n<div class=\"link-more\"><a href=\"https:\/\/old.accessibilitydays.it\/2021\/it\/programma\/agenda-del-giovedi-20-maggio-2021\/\" class=\"more-link\">Continua a leggere <span class=\"screen-reader-text\"> &ldquo;Agenda del Gioved\u00ec (20 maggio 2021)&rdquo;<\/span>&hellip;<\/a><\/div>\n","protected":false},"author":3,"featured_media":0,"parent":52,"menu_order":0,"comment_status":"closed","ping_status":"closed","template":"","meta":{"_acf_changed":false,"footnotes":""},"class_list":["post-3321","page","type-page","status-publish","hentry","entry"],"yoast_head":"<!-- This site is optimized with the Yoast SEO plugin v25.6 - https:\/\/yoast.com\/wordpress\/plugins\/seo\/ -->\n<title>Agenda del Gioved\u00ec (20 maggio 2021) - Accessibility Days 2021<\/title>\n<meta name=\"robots\" content=\"index, follow, max-snippet:-1, max-image-preview:large, max-video-preview:-1\" \/>\n<link rel=\"canonical\" href=\"https:\/\/old.accessibilitydays.it\/2021\/it\/programma\/agenda-del-giovedi-20-maggio-2021\/\" \/>\n<meta property=\"og:locale\" content=\"it_IT\" \/>\n<meta property=\"og:type\" content=\"article\" \/>\n<meta property=\"og:title\" content=\"Agenda del Gioved\u00ec (20 maggio 2021) - Accessibility Days 2021\" \/>\n<meta property=\"og:description\" content=\"\ud83d\udd34 SEGUI LA DIRETTA DELL&#8217;EVENTO \ud83d\udd34 Servizi di accessibilit\u00e0 per il gioved\u00ec Sottotitolazione manuale per l&#8217;unica track del gioved\u00ec. Clicca qui per visualizzare l&#8217;agenda del venerd\u00ec come PDF o scorri in basso per leggere i dettagli di ogni sessione Gioved\u00ec&hellip; Continua a leggere &ldquo;Agenda del Gioved\u00ec (20 maggio 2021)&rdquo;&hellip;\" \/>\n<meta property=\"og:url\" content=\"https:\/\/old.accessibilitydays.it\/2021\/it\/programma\/agenda-del-giovedi-20-maggio-2021\/\" \/>\n<meta property=\"og:site_name\" content=\"Accessibility Days 2021\" \/>\n<meta property=\"article:publisher\" content=\"https:\/\/www.facebook.com\/AccessibilityDays\/\" \/>\n<meta property=\"article:modified_time\" content=\"2025-05-14T14:32:21+00:00\" \/>\n<meta name=\"twitter:card\" content=\"summary_large_image\" \/>\n<meta name=\"twitter:site\" content=\"@a11y_days\" \/>\n<meta name=\"twitter:label1\" content=\"Tempo di lettura stimato\" \/>\n\t<meta name=\"twitter:data1\" content=\"1 minuto\" \/>\n<script type=\"application\/ld+json\" class=\"yoast-schema-graph\">{\"@context\":\"https:\/\/schema.org\",\"@graph\":[{\"@type\":\"WebPage\",\"@id\":\"https:\/\/old.accessibilitydays.it\/2021\/it\/programma\/agenda-del-giovedi-20-maggio-2021\/\",\"url\":\"https:\/\/old.accessibilitydays.it\/2021\/it\/programma\/agenda-del-giovedi-20-maggio-2021\/\",\"name\":\"Agenda del Gioved\u00ec (20 maggio 2021) - Accessibility Days 2021\",\"isPartOf\":{\"@id\":\"https:\/\/old.accessibilitydays.it\/2021\/#website\"},\"datePublished\":\"2021-04-20T20:04:19+00:00\",\"dateModified\":\"2025-05-14T14:32:21+00:00\",\"breadcrumb\":{\"@id\":\"https:\/\/old.accessibilitydays.it\/2021\/it\/programma\/agenda-del-giovedi-20-maggio-2021\/#breadcrumb\"},\"inLanguage\":\"it-IT\",\"potentialAction\":[{\"@type\":\"ReadAction\",\"target\":[\"https:\/\/old.accessibilitydays.it\/2021\/it\/programma\/agenda-del-giovedi-20-maggio-2021\/\"]}]},{\"@type\":\"BreadcrumbList\",\"@id\":\"https:\/\/old.accessibilitydays.it\/2021\/it\/programma\/agenda-del-giovedi-20-maggio-2021\/#breadcrumb\",\"itemListElement\":[{\"@type\":\"ListItem\",\"position\":1,\"name\":\"Home\",\"item\":\"https:\/\/old.accessibilitydays.it\/2021\/it\/\"},{\"@type\":\"ListItem\",\"position\":2,\"name\":\"Programma\",\"item\":\"https:\/\/old.accessibilitydays.it\/2021\/it\/programma\/\"},{\"@type\":\"ListItem\",\"position\":3,\"name\":\"Agenda del Gioved\u00ec (20 maggio 2021)\"}]},{\"@type\":\"WebSite\",\"@id\":\"https:\/\/old.accessibilitydays.it\/2021\/#website\",\"url\":\"https:\/\/old.accessibilitydays.it\/2021\/\",\"name\":\"Accessibility Days 2021\",\"description\":\"Sensibilizzazione sull&#039;Accessibilit\u00e0 e sulle Disabilit\u00e0\",\"publisher\":{\"@id\":\"https:\/\/old.accessibilitydays.it\/2021\/#organization\"},\"potentialAction\":[{\"@type\":\"SearchAction\",\"target\":{\"@type\":\"EntryPoint\",\"urlTemplate\":\"https:\/\/old.accessibilitydays.it\/2021\/?s={search_term_string}\"},\"query-input\":{\"@type\":\"PropertyValueSpecification\",\"valueRequired\":true,\"valueName\":\"search_term_string\"}}],\"inLanguage\":\"it-IT\"},{\"@type\":\"Organization\",\"@id\":\"https:\/\/old.accessibilitydays.it\/2021\/#organization\",\"name\":\"Accessibility Days\",\"url\":\"https:\/\/old.accessibilitydays.it\/2021\/\",\"logo\":{\"@type\":\"ImageObject\",\"inLanguage\":\"it-IT\",\"@id\":\"https:\/\/old.accessibilitydays.it\/2021\/#\/schema\/logo\/image\/\",\"url\":\"https:\/\/old.accessibilitydays.it\/2021\/wp-content\/uploads\/sites\/7\/2021\/03\/Logo-sito.jpg\",\"contentUrl\":\"https:\/\/old.accessibilitydays.it\/2021\/wp-content\/uploads\/sites\/7\/2021\/03\/Logo-sito.jpg\",\"width\":300,\"height\":190,\"caption\":\"Accessibility Days\"},\"image\":{\"@id\":\"https:\/\/old.accessibilitydays.it\/2021\/#\/schema\/logo\/image\/\"},\"sameAs\":[\"https:\/\/www.facebook.com\/AccessibilityDays\/\",\"https:\/\/x.com\/a11y_days\",\"https:\/\/www.linkedin.com\/company\/accessibility-days\/\",\"https:\/\/www.youtube.com\/channel\/UCzFrbfqazVbmlwwSeA4DjOw\"]}]}<\/script>\n<!-- \/ Yoast SEO plugin. -->","yoast_head_json":{"title":"Agenda del Gioved\u00ec (20 maggio 2021) - Accessibility Days 2021","robots":{"index":"index","follow":"follow","max-snippet":"max-snippet:-1","max-image-preview":"max-image-preview:large","max-video-preview":"max-video-preview:-1"},"canonical":"https:\/\/old.accessibilitydays.it\/2021\/it\/programma\/agenda-del-giovedi-20-maggio-2021\/","og_locale":"it_IT","og_type":"article","og_title":"Agenda del Gioved\u00ec (20 maggio 2021) - Accessibility Days 2021","og_description":"\ud83d\udd34 SEGUI LA DIRETTA DELL&#8217;EVENTO \ud83d\udd34 Servizi di accessibilit\u00e0 per il gioved\u00ec Sottotitolazione manuale per l&#8217;unica track del gioved\u00ec. Clicca qui per visualizzare l&#8217;agenda del venerd\u00ec come PDF o scorri in basso per leggere i dettagli di ogni sessione Gioved\u00ec&hellip; Continua a leggere &ldquo;Agenda del Gioved\u00ec (20 maggio 2021)&rdquo;&hellip;","og_url":"https:\/\/old.accessibilitydays.it\/2021\/it\/programma\/agenda-del-giovedi-20-maggio-2021\/","og_site_name":"Accessibility Days 2021","article_publisher":"https:\/\/www.facebook.com\/AccessibilityDays\/","article_modified_time":"2025-05-14T14:32:21+00:00","twitter_card":"summary_large_image","twitter_site":"@a11y_days","twitter_misc":{"Tempo di lettura stimato":"1 minuto"},"schema":{"@context":"https:\/\/schema.org","@graph":[{"@type":"WebPage","@id":"https:\/\/old.accessibilitydays.it\/2021\/it\/programma\/agenda-del-giovedi-20-maggio-2021\/","url":"https:\/\/old.accessibilitydays.it\/2021\/it\/programma\/agenda-del-giovedi-20-maggio-2021\/","name":"Agenda del Gioved\u00ec (20 maggio 2021) - Accessibility Days 2021","isPartOf":{"@id":"https:\/\/old.accessibilitydays.it\/2021\/#website"},"datePublished":"2021-04-20T20:04:19+00:00","dateModified":"2025-05-14T14:32:21+00:00","breadcrumb":{"@id":"https:\/\/old.accessibilitydays.it\/2021\/it\/programma\/agenda-del-giovedi-20-maggio-2021\/#breadcrumb"},"inLanguage":"it-IT","potentialAction":[{"@type":"ReadAction","target":["https:\/\/old.accessibilitydays.it\/2021\/it\/programma\/agenda-del-giovedi-20-maggio-2021\/"]}]},{"@type":"BreadcrumbList","@id":"https:\/\/old.accessibilitydays.it\/2021\/it\/programma\/agenda-del-giovedi-20-maggio-2021\/#breadcrumb","itemListElement":[{"@type":"ListItem","position":1,"name":"Home","item":"https:\/\/old.accessibilitydays.it\/2021\/it\/"},{"@type":"ListItem","position":2,"name":"Programma","item":"https:\/\/old.accessibilitydays.it\/2021\/it\/programma\/"},{"@type":"ListItem","position":3,"name":"Agenda del Gioved\u00ec (20 maggio 2021)"}]},{"@type":"WebSite","@id":"https:\/\/old.accessibilitydays.it\/2021\/#website","url":"https:\/\/old.accessibilitydays.it\/2021\/","name":"Accessibility Days 2021","description":"Sensibilizzazione sull&#039;Accessibilit\u00e0 e sulle Disabilit\u00e0","publisher":{"@id":"https:\/\/old.accessibilitydays.it\/2021\/#organization"},"potentialAction":[{"@type":"SearchAction","target":{"@type":"EntryPoint","urlTemplate":"https:\/\/old.accessibilitydays.it\/2021\/?s={search_term_string}"},"query-input":{"@type":"PropertyValueSpecification","valueRequired":true,"valueName":"search_term_string"}}],"inLanguage":"it-IT"},{"@type":"Organization","@id":"https:\/\/old.accessibilitydays.it\/2021\/#organization","name":"Accessibility Days","url":"https:\/\/old.accessibilitydays.it\/2021\/","logo":{"@type":"ImageObject","inLanguage":"it-IT","@id":"https:\/\/old.accessibilitydays.it\/2021\/#\/schema\/logo\/image\/","url":"https:\/\/old.accessibilitydays.it\/2021\/wp-content\/uploads\/sites\/7\/2021\/03\/Logo-sito.jpg","contentUrl":"https:\/\/old.accessibilitydays.it\/2021\/wp-content\/uploads\/sites\/7\/2021\/03\/Logo-sito.jpg","width":300,"height":190,"caption":"Accessibility Days"},"image":{"@id":"https:\/\/old.accessibilitydays.it\/2021\/#\/schema\/logo\/image\/"},"sameAs":["https:\/\/www.facebook.com\/AccessibilityDays\/","https:\/\/x.com\/a11y_days","https:\/\/www.linkedin.com\/company\/accessibility-days\/","https:\/\/www.youtube.com\/channel\/UCzFrbfqazVbmlwwSeA4DjOw"]}]}},"acf":[],"_links":{"self":[{"href":"https:\/\/old.accessibilitydays.it\/2021\/wp-json\/wp\/v2\/pages\/3321","targetHints":{"allow":["GET"]}}],"collection":[{"href":"https:\/\/old.accessibilitydays.it\/2021\/wp-json\/wp\/v2\/pages"}],"about":[{"href":"https:\/\/old.accessibilitydays.it\/2021\/wp-json\/wp\/v2\/types\/page"}],"author":[{"embeddable":true,"href":"https:\/\/old.accessibilitydays.it\/2021\/wp-json\/wp\/v2\/users\/3"}],"replies":[{"embeddable":true,"href":"https:\/\/old.accessibilitydays.it\/2021\/wp-json\/wp\/v2\/comments?post=3321"}],"version-history":[{"count":29,"href":"https:\/\/old.accessibilitydays.it\/2021\/wp-json\/wp\/v2\/pages\/3321\/revisions"}],"predecessor-version":[{"id":4250,"href":"https:\/\/old.accessibilitydays.it\/2021\/wp-json\/wp\/v2\/pages\/3321\/revisions\/4250"}],"up":[{"embeddable":true,"href":"https:\/\/old.accessibilitydays.it\/2021\/wp-json\/wp\/v2\/pages\/52"}],"wp:attachment":[{"href":"https:\/\/old.accessibilitydays.it\/2021\/wp-json\/wp\/v2\/media?parent=3321"}],"curies":[{"name":"wp","href":"https:\/\/api.w.org\/{rel}","templated":true}]}}