{"id":3522,"date":"2021-05-05T23:12:20","date_gmt":"2021-05-05T21:12:20","guid":{"rendered":"https:\/\/accessibilitydays.it\/2021\/?page_id=3522"},"modified":"2021-05-11T08:56:44","modified_gmt":"2021-05-11T06:56:44","slug":"crediti-docenti","status":"publish","type":"page","link":"https:\/\/old.accessibilitydays.it\/2021\/it\/crediti-docenti\/","title":{"rendered":"Percorsi accreditati per docenti"},"content":{"rendered":"\n\n\t<p>Svolgere la didattica in maniera inclusiva \u00e8 fondamentale, per dare la possibilit\u00e0 ad alunne ed alunni con disabilit\u00e0 di accedere allo stesso materiale degli altri, ed in questi giorni di emergenza sanitaria \u00e8 ancora pi\u00f9 importante non lasciare indietro nessuna persona!<\/p>\n<p>Grazie alla collaborazione con il Future Lab &#8211; Campus Da Vinci di Umbertide (PG), abbiamo identificato <strong>5 percorsi formativi<\/strong> <strong>validi per formazione e aggiornamento<\/strong> rivolti a <strong>docenti<\/strong> delle scuole di ogni ordine e grado sia <strong>a tempo indeterminato<\/strong> (<a href=\"https:\/\/sofia.istruzione.it\/\">previa iscrizione entro il 21 Maggio sulla piattaforma S.O.F.I.A<\/a>) che <strong>a tempo determinato<\/strong> (in questo caso l&#8217;attestato sar\u00e0 rilasciato direttamente dal Campus DaVinci).<\/p>\nI 5 percorsi formativi hanno alla base le tematiche relative ad Accessibilit\u00e0 ed Inclusione, in particolare nel contesto delle tecnologie digitali, approfondite attraverso il confronto e l&#8217;interazione di persone con disabilit\u00e0.<br \/>\nSia venerd\u00ec 21 che sabato 22 maggio si parler\u00e0 approfonditamente di come le tecnologie digitali possano aiutarci anche in questo!\n\t\t\t<a href=\"https:\/\/bit.ly\/ad2021-crediti-docenti\" target=\"_self\" role=\"button\" rel=\"noopener\">\n\t\t\t\t\t\tACCEDI ALLE INFORMAZIONI SUI PERCORSI ACCREDITATI\n\t\t<\/a>\n\n","protected":false},"excerpt":{"rendered":"<div class=\"entry-summary\">\n<div class=\"entry-summary\">\nSvolgere la didattica in maniera inclusiva \u00e8 fondamentale, per dare la possibilit\u00e0 ad alunne ed alunni con disabilit\u00e0 di accedere allo stesso materiale degli altri, ed in questi giorni di emergenza sanitaria \u00e8 ancora pi\u00f9 importante non lasciare indietro nessuna&hellip;\n<\/div>\n<div class=\"link-more\"><a href=\"https:\/\/old.accessibilitydays.it\/2021\/it\/crediti-docenti\/\" class=\"more-link\">Continua a leggere <span class=\"screen-reader-text\"> &ldquo;Percorsi accreditati per docenti&rdquo;<\/span>&hellip;<\/a><\/div>\n<\/div>\n<div class=\"link-more\"><a href=\"https:\/\/old.accessibilitydays.it\/2021\/it\/crediti-docenti\/\" class=\"more-link\">Continua a leggere <span class=\"screen-reader-text\"> &ldquo;Percorsi accreditati per docenti&rdquo;<\/span>&hellip;<\/a><\/div>\n","protected":false},"author":3,"featured_media":0,"parent":0,"menu_order":0,"comment_status":"closed","ping_status":"closed","template":"","meta":{"_acf_changed":false,"footnotes":""},"class_list":["post-3522","page","type-page","status-publish","hentry","entry"],"yoast_head":"<!-- This site is optimized with the Yoast SEO plugin v25.6 - https:\/\/yoast.com\/wordpress\/plugins\/seo\/ -->\n<title>Percorsi accreditati per docenti - Accessibility Days 2021<\/title>\n<meta name=\"robots\" content=\"index, follow, max-snippet:-1, max-image-preview:large, max-video-preview:-1\" \/>\n<link rel=\"canonical\" href=\"https:\/\/old.accessibilitydays.it\/2021\/it\/crediti-docenti\/\" \/>\n<meta property=\"og:locale\" content=\"it_IT\" \/>\n<meta property=\"og:type\" content=\"article\" \/>\n<meta property=\"og:title\" content=\"Percorsi accreditati per docenti - Accessibility Days 2021\" \/>\n<meta property=\"og:description\" content=\"Svolgere la didattica in maniera inclusiva \u00e8 fondamentale, per dare la possibilit\u00e0 ad alunne ed alunni con disabilit\u00e0 di accedere allo stesso materiale degli altri, ed in questi giorni di emergenza sanitaria \u00e8 ancora pi\u00f9 importante non lasciare indietro nessuna&hellip; Continua a leggere &ldquo;Percorsi accreditati per docenti&rdquo;&hellip;\" \/>\n<meta property=\"og:url\" content=\"https:\/\/old.accessibilitydays.it\/2021\/it\/crediti-docenti\/\" \/>\n<meta property=\"og:site_name\" content=\"Accessibility Days 2021\" \/>\n<meta property=\"article:publisher\" content=\"https:\/\/www.facebook.com\/AccessibilityDays\/\" \/>\n<meta property=\"article:modified_time\" content=\"2021-05-11T06:56:44+00:00\" \/>\n<meta name=\"twitter:card\" content=\"summary_large_image\" \/>\n<meta name=\"twitter:site\" content=\"@a11y_days\" \/>\n<meta name=\"twitter:label1\" content=\"Tempo di lettura stimato\" \/>\n\t<meta name=\"twitter:data1\" content=\"1 minuto\" \/>\n<script type=\"application\/ld+json\" class=\"yoast-schema-graph\">{\"@context\":\"https:\/\/schema.org\",\"@graph\":[{\"@type\":\"WebPage\",\"@id\":\"https:\/\/old.accessibilitydays.it\/2021\/it\/crediti-docenti\/\",\"url\":\"https:\/\/old.accessibilitydays.it\/2021\/it\/crediti-docenti\/\",\"name\":\"Percorsi accreditati per docenti - Accessibility Days 2021\",\"isPartOf\":{\"@id\":\"https:\/\/old.accessibilitydays.it\/2021\/#website\"},\"datePublished\":\"2021-05-05T21:12:20+00:00\",\"dateModified\":\"2021-05-11T06:56:44+00:00\",\"breadcrumb\":{\"@id\":\"https:\/\/old.accessibilitydays.it\/2021\/it\/crediti-docenti\/#breadcrumb\"},\"inLanguage\":\"it-IT\",\"potentialAction\":[{\"@type\":\"ReadAction\",\"target\":[\"https:\/\/old.accessibilitydays.it\/2021\/it\/crediti-docenti\/\"]}]},{\"@type\":\"BreadcrumbList\",\"@id\":\"https:\/\/old.accessibilitydays.it\/2021\/it\/crediti-docenti\/#breadcrumb\",\"itemListElement\":[{\"@type\":\"ListItem\",\"position\":1,\"name\":\"Home\",\"item\":\"https:\/\/old.accessibilitydays.it\/2021\/it\/\"},{\"@type\":\"ListItem\",\"position\":2,\"name\":\"Percorsi accreditati per docenti\"}]},{\"@type\":\"WebSite\",\"@id\":\"https:\/\/old.accessibilitydays.it\/2021\/#website\",\"url\":\"https:\/\/old.accessibilitydays.it\/2021\/\",\"name\":\"Accessibility Days 2021\",\"description\":\"Sensibilizzazione sull&#039;Accessibilit\u00e0 e sulle Disabilit\u00e0\",\"publisher\":{\"@id\":\"https:\/\/old.accessibilitydays.it\/2021\/#organization\"},\"potentialAction\":[{\"@type\":\"SearchAction\",\"target\":{\"@type\":\"EntryPoint\",\"urlTemplate\":\"https:\/\/old.accessibilitydays.it\/2021\/?s={search_term_string}\"},\"query-input\":{\"@type\":\"PropertyValueSpecification\",\"valueRequired\":true,\"valueName\":\"search_term_string\"}}],\"inLanguage\":\"it-IT\"},{\"@type\":\"Organization\",\"@id\":\"https:\/\/old.accessibilitydays.it\/2021\/#organization\",\"name\":\"Accessibility Days\",\"url\":\"https:\/\/old.accessibilitydays.it\/2021\/\",\"logo\":{\"@type\":\"ImageObject\",\"inLanguage\":\"it-IT\",\"@id\":\"https:\/\/old.accessibilitydays.it\/2021\/#\/schema\/logo\/image\/\",\"url\":\"https:\/\/old.accessibilitydays.it\/2021\/wp-content\/uploads\/sites\/7\/2021\/03\/Logo-sito.jpg\",\"contentUrl\":\"https:\/\/old.accessibilitydays.it\/2021\/wp-content\/uploads\/sites\/7\/2021\/03\/Logo-sito.jpg\",\"width\":300,\"height\":190,\"caption\":\"Accessibility Days\"},\"image\":{\"@id\":\"https:\/\/old.accessibilitydays.it\/2021\/#\/schema\/logo\/image\/\"},\"sameAs\":[\"https:\/\/www.facebook.com\/AccessibilityDays\/\",\"https:\/\/x.com\/a11y_days\",\"https:\/\/www.linkedin.com\/company\/accessibility-days\/\",\"https:\/\/www.youtube.com\/channel\/UCzFrbfqazVbmlwwSeA4DjOw\"]}]}<\/script>\n<!-- \/ Yoast SEO plugin. -->","yoast_head_json":{"title":"Percorsi accreditati per docenti - Accessibility Days 2021","robots":{"index":"index","follow":"follow","max-snippet":"max-snippet:-1","max-image-preview":"max-image-preview:large","max-video-preview":"max-video-preview:-1"},"canonical":"https:\/\/old.accessibilitydays.it\/2021\/it\/crediti-docenti\/","og_locale":"it_IT","og_type":"article","og_title":"Percorsi accreditati per docenti - Accessibility Days 2021","og_description":"Svolgere la didattica in maniera inclusiva \u00e8 fondamentale, per dare la possibilit\u00e0 ad alunne ed alunni con disabilit\u00e0 di accedere allo stesso materiale degli altri, ed in questi giorni di emergenza sanitaria \u00e8 ancora pi\u00f9 importante non lasciare indietro nessuna&hellip; Continua a leggere &ldquo;Percorsi accreditati per docenti&rdquo;&hellip;","og_url":"https:\/\/old.accessibilitydays.it\/2021\/it\/crediti-docenti\/","og_site_name":"Accessibility Days 2021","article_publisher":"https:\/\/www.facebook.com\/AccessibilityDays\/","article_modified_time":"2021-05-11T06:56:44+00:00","twitter_card":"summary_large_image","twitter_site":"@a11y_days","twitter_misc":{"Tempo di lettura stimato":"1 minuto"},"schema":{"@context":"https:\/\/schema.org","@graph":[{"@type":"WebPage","@id":"https:\/\/old.accessibilitydays.it\/2021\/it\/crediti-docenti\/","url":"https:\/\/old.accessibilitydays.it\/2021\/it\/crediti-docenti\/","name":"Percorsi accreditati per docenti - Accessibility Days 2021","isPartOf":{"@id":"https:\/\/old.accessibilitydays.it\/2021\/#website"},"datePublished":"2021-05-05T21:12:20+00:00","dateModified":"2021-05-11T06:56:44+00:00","breadcrumb":{"@id":"https:\/\/old.accessibilitydays.it\/2021\/it\/crediti-docenti\/#breadcrumb"},"inLanguage":"it-IT","potentialAction":[{"@type":"ReadAction","target":["https:\/\/old.accessibilitydays.it\/2021\/it\/crediti-docenti\/"]}]},{"@type":"BreadcrumbList","@id":"https:\/\/old.accessibilitydays.it\/2021\/it\/crediti-docenti\/#breadcrumb","itemListElement":[{"@type":"ListItem","position":1,"name":"Home","item":"https:\/\/old.accessibilitydays.it\/2021\/it\/"},{"@type":"ListItem","position":2,"name":"Percorsi accreditati per docenti"}]},{"@type":"WebSite","@id":"https:\/\/old.accessibilitydays.it\/2021\/#website","url":"https:\/\/old.accessibilitydays.it\/2021\/","name":"Accessibility Days 2021","description":"Sensibilizzazione sull&#039;Accessibilit\u00e0 e sulle Disabilit\u00e0","publisher":{"@id":"https:\/\/old.accessibilitydays.it\/2021\/#organization"},"potentialAction":[{"@type":"SearchAction","target":{"@type":"EntryPoint","urlTemplate":"https:\/\/old.accessibilitydays.it\/2021\/?s={search_term_string}"},"query-input":{"@type":"PropertyValueSpecification","valueRequired":true,"valueName":"search_term_string"}}],"inLanguage":"it-IT"},{"@type":"Organization","@id":"https:\/\/old.accessibilitydays.it\/2021\/#organization","name":"Accessibility Days","url":"https:\/\/old.accessibilitydays.it\/2021\/","logo":{"@type":"ImageObject","inLanguage":"it-IT","@id":"https:\/\/old.accessibilitydays.it\/2021\/#\/schema\/logo\/image\/","url":"https:\/\/old.accessibilitydays.it\/2021\/wp-content\/uploads\/sites\/7\/2021\/03\/Logo-sito.jpg","contentUrl":"https:\/\/old.accessibilitydays.it\/2021\/wp-content\/uploads\/sites\/7\/2021\/03\/Logo-sito.jpg","width":300,"height":190,"caption":"Accessibility Days"},"image":{"@id":"https:\/\/old.accessibilitydays.it\/2021\/#\/schema\/logo\/image\/"},"sameAs":["https:\/\/www.facebook.com\/AccessibilityDays\/","https:\/\/x.com\/a11y_days","https:\/\/www.linkedin.com\/company\/accessibility-days\/","https:\/\/www.youtube.com\/channel\/UCzFrbfqazVbmlwwSeA4DjOw"]}]}},"acf":[],"_links":{"self":[{"href":"https:\/\/old.accessibilitydays.it\/2021\/wp-json\/wp\/v2\/pages\/3522","targetHints":{"allow":["GET"]}}],"collection":[{"href":"https:\/\/old.accessibilitydays.it\/2021\/wp-json\/wp\/v2\/pages"}],"about":[{"href":"https:\/\/old.accessibilitydays.it\/2021\/wp-json\/wp\/v2\/types\/page"}],"author":[{"embeddable":true,"href":"https:\/\/old.accessibilitydays.it\/2021\/wp-json\/wp\/v2\/users\/3"}],"replies":[{"embeddable":true,"href":"https:\/\/old.accessibilitydays.it\/2021\/wp-json\/wp\/v2\/comments?post=3522"}],"version-history":[{"count":9,"href":"https:\/\/old.accessibilitydays.it\/2021\/wp-json\/wp\/v2\/pages\/3522\/revisions"}],"predecessor-version":[{"id":3636,"href":"https:\/\/old.accessibilitydays.it\/2021\/wp-json\/wp\/v2\/pages\/3522\/revisions\/3636"}],"wp:attachment":[{"href":"https:\/\/old.accessibilitydays.it\/2021\/wp-json\/wp\/v2\/media?parent=3522"}],"curies":[{"name":"wp","href":"https:\/\/api.w.org\/{rel}","templated":true}]}}