{"id":56,"date":"2019-02-17T21:38:16","date_gmt":"2019-02-17T20:38:16","guid":{"rendered":"https:\/\/accessibilitydays.it\/2021\/?page_id=56"},"modified":"2025-05-14T16:33:00","modified_gmt":"2025-05-14T14:33:00","slug":"agenda-venerdi","status":"publish","type":"page","link":"https:\/\/old.accessibilitydays.it\/2021\/it\/programma\/agenda-venerdi\/","title":{"rendered":"Agenda del Venerd\u00ec (21 maggio 2021)"},"content":{"rendered":"\n\n\t\t\t\t<a href=\"https:\/\/old.accessibilitydays.it\/2021\/it\/live\" target=\"_self\" role=\"button\" rel=\"noopener\"><br \/>\n\t\t\t\t\t\t<img decoding=\"async\" role=\"img\" draggable=\"false\" src=\"https:\/\/s.w.org\/images\/core\/emoji\/13.0.1\/svg\/1f534.svg\" alt=\"\ud83d\udd34\" \/> SEGUI LA DIRETTA DELL&#8217;EVENTO <img decoding=\"async\" role=\"img\" draggable=\"false\" src=\"https:\/\/s.w.org\/images\/core\/emoji\/13.0.1\/svg\/1f534.svg\" alt=\"\ud83d\udd34\" \/><br \/>\n\t\t<\/a>\n<h4>Servizi di accessibilit\u00e0 per il venerd\u00ec<\/h4>\n<ul>\n<li>Sottotitolazione manuale per tutte e tre le track.<\/li>\n<li>Traduzione LIS in Track 1, offerta da RAI Pubblica Utilit\u00e0.<\/li>\n<li>Traduzione LIS per la sessione delle 11.15 in Track 3 offerta da SuperAbile\/INAIL.<\/li>\n<\/ul>\n<h5><em><a href=\"https:\/\/bit.ly\/ad2021-agenda-venerdi-21\">Clicca qui<\/a> per visualizzare l&#8217;agenda del venerd\u00ec come PDF<br \/>\no scorri in basso per leggere i dettagli di ogni sessione<\/em><\/h5>\n\t\t\t\t<a href=\"https:\/\/bit.ly\/ad2021-agenda-venerdi-21\" target=\"_self\" itemprop=\"url\" rel=\"noopener\"><br \/>\n\t\t\t\t<img loading=\"lazy\" decoding=\"async\" src=\"https:\/\/old.accessibilitydays.it\/2021\/wp-content\/uploads\/sites\/7\/2020\/05\/Copertina-Agenda-Venerd\u00ec-150x150.png\" alt=\"Link al PDF dell'agenda del venerd\u00ec\" itemprop=\"image\" height=\"150\" width=\"150\" title=\"Link al PDF dell'agenda del venerd\u00ec\" onerror=\"this.style.display='none'\"  \/><br \/>\n\t\t\t\t<\/a>\n<h2>Venerd\u00ec mattina<\/h2>\n<h3>08:45 &#8211; 09:00<\/h3>\n<h3>Apertura collegamento streaming<\/h3>\n<h3>09:00 &#8211; 10:15<\/h3>\n<p>{Track 1}<\/p>\n<h3>Discorso di benvenuto e Keynote<\/h3>\nInterventi:<br \/>\n&#8211; Lorenzo Baglioni (cantante, autore, presentatore e attore, ex docente di Matematica)<br \/>\n&#8211; &#8220;Intelligenza artificiale e accessibilit\u00e0&#8221; di Emanuele Frontoni (Dip. Ingegneria. dell&#8217;Informazione, Universit\u00e0 Politecnica delle Marche)<br \/>\n&#8211; Maurizio Molinari (Capo dell&#8217;Ufficio del Parlamento europeo a Milano e responsabile media del Parlamento europeo in Italia)\n<h3>10:15 &#8211; 11:00<\/h3>\n<p>{Track 1}<\/p>\n<h3><a href=\"https:\/\/old.accessibilitydays.it\/2021\/lectures\/storytelling-inclusivo\/\" target=\"_blank\" rel=\"noopener\">Storytelling inclusivo<\/a><\/h3>\n<p>Lorenzo Barbieri (Speaker, Mentor, Cloud Wizard @ Microsoft)<\/p>\n<h3>10:15 &#8211; 11:00<\/h3>\n<p>{Track 2}<\/p>\n<h3><a href=\"https:\/\/old.accessibilitydays.it\/2021\/lectures\/siteimprove\/\" rel=\"noopener\">Accessibilit\u00e0 Web: Siteimprove e l&#8217;esperienza del Comune di Firenze<\/a><\/h3>\n<p>Giuseppe Geresia (Siteimprove Italia), Francesca Pessina (Siteimprove Italia), Leonardo Ricci (Comune di Firenze)<\/p>\n<h3>10:15 &#8211; 11:00<\/h3>\n<p>{Track 3}<\/p>\n<h3><a href=\"https:\/\/old.accessibilitydays.it\/2021\/lectures\/sfc-project-presentation\/\" rel=\"noopener\">Scuderia Ferrari Club Riga &#8211; un&#8217;esperienza inclusiva per gli appassionati di automobilismo, portatori o meno di disabilit\u00e0 visive<\/a><\/h3>\n<p>Valerio Palmigiano (Presidente Scuderia Ferrari Club Riga), Antonio Caruccio (Giornalista di Motorsport &#8211; Commentatore TV), Alberto Galassi<\/p>\n<h3>11:00 &#8211; 11:15<\/h3>\n<h3>COFFEE-BREAK<\/h3>\n<h3>11:15 &#8211; 12:00<\/h3>\n<p>{Track 1}<\/p>\n<h3><a href=\"https:\/\/old.accessibilitydays.it\/2021\/lectures\/societa-benefit-cosa-sono-e-perche-lo-siamo-diventati\/\" target=\"_blank\" rel=\"noopener\">Societ\u00e0 benefit: cosa sono e perch\u00e9 lo siamo diventati<\/a><\/h3>\n<p>Ilaria Mauric (Head of Design @ Tangible)<\/p>\n<h3>11:15 &#8211; 12:00<\/h3>\n<p>{Track 2}<\/p>\n<h3><a href=\"https:\/\/old.accessibilitydays.it\/2021\/lectures\/usabilita-nella-valutazione-dei-siti-pubblici-wcag-ed-euristiche\/\" target=\"_blank\" rel=\"noopener\">Usabilit\u00e0 nella valutazione dei siti pubblici: WCAG ed Euristiche<\/a><\/h3>\n<p>Jacopo Deyla (consulente per l&#8217;accessibilit\u00e0 di Regione Emilia-Romagna)<\/p>\n<h3>11:15 &#8211; 12:00<\/h3>\n<p>{Track 3}<\/p>\n<h3><a href=\"https:\/\/old.accessibilitydays.it\/2021\/lectures\/superabile-pensare-accessibile\/\" target=\"_blank\" rel=\"noopener\">L&#8217;esperienza del Contact Center Superabile Inail per la disabilit\u00e0<\/a><\/h3>\n<p>SuperAbile INAIL (Il Contact Center integrato per la disabilit\u00e0)<\/p>\n<h3>12:00 &#8211; 13:00<\/h3>\n<p>{Track 1}<\/p>\n<h3><a href=\"https:\/\/old.accessibilitydays.it\/2021\/lectures\/lavoro\/\">Opportunit\u00e0 professionali e lavoro:<\/a><br \/>\n&#8211; il lavoro e la disabilit\u00e0 visiva<br \/>\n&#8211; il valore della Neurodiversit\u00e0 al lavoro<\/h3>\nMaurizio Molinari<br \/>\n(Capo dell&#8217;Ufficio del Parlamento europeo a Milano), Alessandro Forliani (Giornalista RAI), Gabriella Di Natale (coach Specialisterne)\n<h3>12:00 &#8211; 13:00<\/h3>\n<p>{Track 2}<\/p>\n<h3><a href=\"https:\/\/old.accessibilitydays.it\/2021\/lectures\/le-ultime-novita-dal-w3c-per-laccessibilita\/\" target=\"_blank\" rel=\"noopener\">Le ultime novit\u00e0 dal W3C per l&#8217;accessibilit\u00e0<\/a><\/h3>\n<p>Gregorio Pellegrino (Chief Accessibility Officer per Fondazione LIA)<\/p>\n<h3>12:00 &#8211; 13:00<\/h3>\n<p>{Track 3}<\/p>\n<h3><a href=\"https:\/\/old.accessibilitydays.it\/2021\/lectures\/web_universita\/\" target=\"_blank\" rel=\"noopener\">I siti web delle universit\u00e0 italiane alla prova dell&#8217;accessibilit\u00e0<\/a><\/h3>\nSessione a cura di <a href=\"https:\/\/www.kapusons.it\/\">kapusons srl<\/a>.<br \/>\nProf. Andrea Polini (delegato del Rettore per l&#8217;ICT dell&#8217;Universit\u00e0 di Camerino), Francesco Barcellona (Responsabile Settore Sviluppo Portali Web dell&#8217;Universit\u00e0 Sapienza di Roma)\n<h3>13:00 &#8211; 14:00<\/h3>\n<h3>PRANZO<\/h3>\n<h2>Venerd\u00ec pomeriggio<\/h2>\n<h3>14:00 &#8211; 14:45<\/h3>\n<p>{Track 1}<\/p>\n<h3><a href=\"https:\/\/old.accessibilitydays.it\/2021\/lectures\/la-domotica-secondo-inail-dispositivi-tecnici-per-lautonomia-degli-infortunati-sul-lavoro\/\" target=\"_blank\" rel=\"noopener\">La domotica secondo Inail: Dispositivi Tecnici per l&#8217;autonomia degli infortunati sul lavoro<\/a><\/h3>\n<p>Angelo Davalli (Responsabile formazione tecnica e sanitaria Centro Protesi, Inail direzione centrale assistenza protesica e riabilitazione)<\/p>\n<h3>14:00 &#8211; 14:45<\/h3>\n<p>{Track 2}<\/p>\n<h3><a href=\"https:\/\/old.accessibilitydays.it\/2021\/lectures\/lavorare-nel-web-in-modo-inclusivo-con-joomla-4-0\/\" target=\"_blank\" rel=\"noopener\">Lavorare nel web in modo inclusivo con Joomla! 4.0<\/a><\/h3>\nLuca Marzo (Open Source Matters, Inc. \/ Joomla), Donato Matturro (Presidente Associazione Joomla!Lombardia e membro del JAT &#8211; Joomla! Accessibility Team), Vito Disimino<br \/>\n(Software Development Team Leader &#8211; Esperto di Accessibilit\u00e0 e membro del JAT &#8211; Joomla! Accessibility Team)\n<h3>14:00 &#8211; 14:45<\/h3>\n<p>{Track 3}<\/p>\n<h3><a href=\"https:\/\/old.accessibilitydays.it\/2021\/lectures\/patologie-invisibili-come-dalla-consapevolezza-si-arriva-allinclusione\/\" target=\"_blank\" rel=\"noopener\">Patologie invisibili: come dalla consapevolezza si arriva all&#8217;inclusione<\/a><\/h3>\n<p>Serena Caria (UX designer), Laura De Santis (Experience Designer)<\/p>\n<h3>14:45 &#8211; 15:30<\/h3>\n<p>{Track 1}<\/p>\n<h3><a href=\"https:\/\/old.accessibilitydays.it\/2021\/lectures\/vorreiprendereiltreno-una-casa-domotica-per-la-vita-autonoma\/\" target=\"_blank\" rel=\"noopener\">#Vorreiprendereiltreno: una casa domotica per la vita autonoma<\/a><\/h3>\n<p> Carlo Tempesti (Presidente ONLUS #Vorreiprendereiltreno), Arch. Enrico Cibei e Arch. Lucas Frediani<\/p>\n<h3>14:45 &#8211; 15:30<\/h3>\n<p>{Track 2}<\/p>\n<h3><a href=\"https:\/\/old.accessibilitydays.it\/2021\/lectures\/accessibility-lawsuit-in-2021\/\" target=\"_blank\" rel=\"noopener\">Accessibility Lawsuit in 2021<\/a><\/h3>\n<p>Michele Lucchini (VP of Delivery and Accessibility Operations @ UsableNet Inc)<\/p>\n<h3>14:45 &#8211; 15:30<\/h3>\n<p>{Track 3}<\/p>\n<h3><a href=\"https:\/\/old.accessibilitydays.it\/2021\/lectures\/insegnare-online-in-modo-accessibile-ed-efficace\/\" target=\"_blank\" rel=\"noopener\">Insegnare online in modo accessibile ed efficace<\/a><\/h3>\n<p>Alessandra Giampaolo (Multimedia specialist and project manager)<\/p>\n<h3>15:30 &#8211; 16:30<\/h3>\n<p>{Track 1}<\/p>\n<h3><a href=\"https:\/\/old.accessibilitydays.it\/2021\/lectures\/rai-e-gallerie-degli-uffizi-nuove-forme-di-accessibilita-museale\/\" target=\"_blank\" rel=\"noopener\">RAI e Gallerie degli Uffizi: nuove forme di accessibilit\u00e0 museale<\/a><\/h3>\n<p>Maria Chiara Andriello, Luca Della Bianca, Anna Soffici, Francesca Sborgi, Andrea Biotti<\/p>\n<h3>15:30 &#8211; 16:30<\/h3>\n<p>{Track 2}<\/p>\n<h3><a href=\"https:\/\/old.accessibilitydays.it\/2021\/lectures\/legal-design-accessibilita-ai-diritti\/\" target=\"_blank\" rel=\"noopener\">Legal Design: accessibilit\u00e0 ai diritti<\/a><br \/>\n<\/h3>\n<p>Nicole Monte, Andrea Cavalloni (42LF &#8211; The Innovation Law Firm)<\/p>\n<h3>15:30 &#8211; 16:30<\/h3>\n<p>{Track 3}<\/p>\n<h3><a href=\"https:\/\/old.accessibilitydays.it\/2021\/lectures\/riflessioni-sugli-aspetti-di-design-nei-contenuti-per-la-didattica\/\" target=\"_blank\" rel=\"noopener\">Riflessioni sugli aspetti di design nei contenuti per la didattica<\/a><\/h3>\n<p>Lucia Iacopini (Pedagogista Clinico, Esperta di didattica tradizionale e digitale, di inclusione e normativa in ambito scolastico &#8211; IWA Italy)<\/p>\n<h3>16:30 &#8211; 16:45<\/h3>\n<h3>COFFEE-BREAK<\/h3>\n<h3>16:45 &#8211; 18:00<\/h3>\n<p>{Track 1}<\/p>\n<h3><a href=\"https:\/\/old.accessibilitydays.it\/2021\/lectures\/panel-inclusion-diversity\/\">Panel &#8220;Inclusion &amp; Diversity: lo stiamo facendo bene?&#8221;<\/a><\/h3>\n<p>Flavia Weisghizzi, Giuliana Giusti, Immanuel Casto, Lucia Iacopini, Michele Landolfo<\/p>\n<h3>16:45 &#8211; 18:00<\/h3>\n<p>{Track 2}<\/p>\n<h3><a href=\"https:\/\/old.accessibilitydays.it\/2021\/lectures\/dinapp-lapp-accessibile-di-avis-liguria-rivolta-ai-donatori-di-sangue\/\" target=\"_blank\" rel=\"noopener\">DinApp: l&#8217;app Accessibile di AVIS Liguria rivolta ai donatori di sangue<\/a><\/h3>\n<p>Angelo Lupo, Alessandro Casale, Federica Imperiale, Marco Chirico, Paolo Barone<\/p>\n<h3>16:45 &#8211; 18:00<\/h3>\n<p>{Track 3}<\/p>\n<h3><a href=\"https:\/\/old.accessibilitydays.it\/2021\/lectures\/lo-smart-speaker-per-rendere-piu-accessibile-lesperienza-duso-del-tuo-software\/\" target=\"_blank\" rel=\"noopener\">Lo smart speaker per rendere pi&ugrave; accessibile l&rsquo;esperienza d&rsquo;uso del tuo software<\/a><\/h3>\n<p>Enrico Maioli (UX Designer @ Flowing.it), Alessandro Violini (UI Developer, Interaction Designer, Web Accessibility Specialist, Partner @ Flowing.it)<\/p>\n<h3>18:00 &#8211; 19:00<\/h3>\n<p>{Track 1}<\/p>\n<h3><a href=\"https:\/\/old.accessibilitydays.it\/2021\/lectures\/accessibility-at-scale-facebook\/\" target=\"_blank\" rel=\"noopener\">From the Facebook team: Accessible Design at Scale<\/a><\/h3>\n[Disponibile traduzione in italiano]<br \/>\nGillian Terzis (Content Designer @ Facebook)\n<h3>18:00 &#8211; 19:00<\/h3>\n<p>{Track 2}<\/p>\n<h3><a href=\"https:\/\/old.accessibilitydays.it\/2021\/lectures\/microelettronica-comunicazione\/\" target=\"_blank\" rel=\"noopener\">Microelettronica e comunicazione: le nuove frontiere della mobilit\u00e0 e dell&#8217;autonomia personale per la disabilit\u00e0 visiva<\/a><\/h3>\n<p>Marino Attini (Componente della Direzione nazionale UICI), Paolo Visintin<\/p>\n<h3>19:00 &#8211; 19:30<\/h3>\n<p>{Track 1}<\/p>\n<h3><a href=\"https:\/\/old.accessibilitydays.it\/2021\/lectures\/microsoft-inclusive-tech-lab\/\" target=\"_blank\" rel=\"noopener\">Tour virtuale del Microsoft Inclusive Tech Lab<\/a><\/h3>\n[Disponibile traduzione in italiano]<br \/>\nSolomon Romney (Project Manager @ Microsoft Inclusive Tech Lab), Bryce Johnson (Co-inventor of the Xbox Adaptive Controller. Accessibility Research, Microsoft Devices)\n<h3>19:30 &#8211; 20:00<\/h3>\n<p>{Track 1}<\/p>\n<h3><a href=\"https:\/\/old.accessibilitydays.it\/2021\/lectures\/microsoft-soundscape\/\" target=\"_blank\" rel=\"noopener\">Avventure con Microsoft Soundscape (Adventures with Microsoft Soundscape)<\/a><\/h3>\n[Disponibile traduzione in italiano]<br \/>\nAmos Miller (Product Strategist @ Microsoft Research), Jarnail Chudge (Design and innovation architect in the Enable Group at Microsoft Technology &#038; Research)\n<h3>20:00 &#8211; 20:05<\/h3>\n<p>{Track 1}<\/p>\n<h3>Saluto di chiusura seconda giornata<\/h3>\n\t\t\t<a href=\"iscriviti\" target=\"_self\" role=\"button\" rel=\"noopener\"><br \/>\n\t\t\t\t\t\tISCRIVITI SUBITO<br \/>\n\t\t<\/a>\n<h5><em><a href=\"https:\/\/bit.ly\/ad2021-agenda-venerdi-21\">Clicca qui<\/a> per visualizzare l&#8217;agenda del venerd\u00ec come PDF<br \/>\n<\/em><\/h5>\n\t\t\t\t<a href=\"https:\/\/bit.ly\/ad2021-agenda-venerdi-21\" target=\"_self\" itemprop=\"url\" rel=\"noopener\"><br \/>\n\t\t\t\t<img loading=\"lazy\" decoding=\"async\" src=\"https:\/\/old.accessibilitydays.it\/2021\/wp-content\/uploads\/sites\/7\/2020\/05\/Copertina-Agenda-Venerd\u00ec-206x300.png\" alt=\"Link al PDF dell'agenda del venerd\u00ec\" itemprop=\"image\" height=\"300\" width=\"206\" title=\"Link al PDF dell'agenda del venerd\u00ec\" onerror=\"this.style.display='none'\"  \/><br \/>\n\t\t\t\t<\/a>\n\n","protected":false},"excerpt":{"rendered":"<div class=\"entry-summary\">\n<div class=\"entry-summary\">\nSEGUI LA DIRETTA DELL&#8217;EVENTO Servizi di accessibilit\u00e0 per il venerd\u00ec Sottotitolazione manuale per tutte e tre le track. Traduzione LIS in Track 1, offerta da RAI Pubblica Utilit\u00e0. Traduzione LIS per la sessione delle 11.15 in Track 3 offerta da&hellip;\n<\/div>\n<div class=\"link-more\"><a href=\"https:\/\/old.accessibilitydays.it\/2021\/it\/programma\/agenda-venerdi\/\" class=\"more-link\">Continua a leggere <span class=\"screen-reader-text\"> &ldquo;Agenda del Venerd\u00ec (21 maggio 2021)&rdquo;<\/span>&hellip;<\/a><\/div>\n<\/div>\n<div class=\"link-more\"><a href=\"https:\/\/old.accessibilitydays.it\/2021\/it\/programma\/agenda-venerdi\/\" class=\"more-link\">Continua a leggere <span class=\"screen-reader-text\"> &ldquo;Agenda del Venerd\u00ec (21 maggio 2021)&rdquo;<\/span>&hellip;<\/a><\/div>\n","protected":false},"author":3,"featured_media":0,"parent":52,"menu_order":0,"comment_status":"closed","ping_status":"closed","template":"","meta":{"_acf_changed":false,"footnotes":""},"class_list":["post-56","page","type-page","status-publish","hentry","entry"],"yoast_head":"<!-- This site is optimized with the Yoast SEO plugin v25.6 - https:\/\/yoast.com\/wordpress\/plugins\/seo\/ -->\n<title>Agenda del Venerd\u00ec (21 maggio 2021) - Accessibility Days 2021<\/title>\n<meta name=\"robots\" content=\"index, follow, max-snippet:-1, max-image-preview:large, max-video-preview:-1\" \/>\n<link rel=\"canonical\" href=\"https:\/\/old.accessibilitydays.it\/2021\/it\/programma\/agenda-venerdi\/\" \/>\n<meta property=\"og:locale\" content=\"it_IT\" \/>\n<meta property=\"og:type\" content=\"article\" \/>\n<meta property=\"og:title\" content=\"Agenda del Venerd\u00ec (21 maggio 2021) - Accessibility Days 2021\" \/>\n<meta property=\"og:description\" content=\"SEGUI LA DIRETTA DELL&#8217;EVENTO Servizi di accessibilit\u00e0 per il venerd\u00ec Sottotitolazione manuale per tutte e tre le track. Traduzione LIS in Track 1, offerta da RAI Pubblica Utilit\u00e0. Traduzione LIS per la sessione delle 11.15 in Track 3 offerta da&hellip; Continua a leggere &ldquo;Agenda del Venerd\u00ec (21 maggio 2021)&rdquo;&hellip;\" \/>\n<meta property=\"og:url\" content=\"https:\/\/old.accessibilitydays.it\/2021\/it\/programma\/agenda-venerdi\/\" \/>\n<meta property=\"og:site_name\" content=\"Accessibility Days 2021\" \/>\n<meta property=\"article:publisher\" content=\"https:\/\/www.facebook.com\/AccessibilityDays\/\" \/>\n<meta property=\"article:modified_time\" content=\"2025-05-14T14:33:00+00:00\" \/>\n<meta property=\"og:image\" content=\"https:\/\/s.w.org\/images\/core\/emoji\/13.0.1\/svg\/1f534.svg\" \/>\n<meta name=\"twitter:card\" content=\"summary_large_image\" \/>\n<meta name=\"twitter:site\" content=\"@a11y_days\" \/>\n<meta name=\"twitter:label1\" content=\"Tempo di lettura stimato\" \/>\n\t<meta name=\"twitter:data1\" content=\"4 minuti\" \/>\n<script type=\"application\/ld+json\" class=\"yoast-schema-graph\">{\"@context\":\"https:\/\/schema.org\",\"@graph\":[{\"@type\":\"WebPage\",\"@id\":\"https:\/\/old.accessibilitydays.it\/2021\/it\/programma\/agenda-venerdi\/\",\"url\":\"https:\/\/old.accessibilitydays.it\/2021\/it\/programma\/agenda-venerdi\/\",\"name\":\"Agenda del Venerd\u00ec (21 maggio 2021) - Accessibility Days 2021\",\"isPartOf\":{\"@id\":\"https:\/\/old.accessibilitydays.it\/2021\/#website\"},\"primaryImageOfPage\":{\"@id\":\"https:\/\/old.accessibilitydays.it\/2021\/it\/programma\/agenda-venerdi\/#primaryimage\"},\"image\":{\"@id\":\"https:\/\/old.accessibilitydays.it\/2021\/it\/programma\/agenda-venerdi\/#primaryimage\"},\"thumbnailUrl\":\"https:\/\/s.w.org\/images\/core\/emoji\/13.0.1\/svg\/1f534.svg\",\"datePublished\":\"2019-02-17T20:38:16+00:00\",\"dateModified\":\"2025-05-14T14:33:00+00:00\",\"breadcrumb\":{\"@id\":\"https:\/\/old.accessibilitydays.it\/2021\/it\/programma\/agenda-venerdi\/#breadcrumb\"},\"inLanguage\":\"it-IT\",\"potentialAction\":[{\"@type\":\"ReadAction\",\"target\":[\"https:\/\/old.accessibilitydays.it\/2021\/it\/programma\/agenda-venerdi\/\"]}]},{\"@type\":\"ImageObject\",\"inLanguage\":\"it-IT\",\"@id\":\"https:\/\/old.accessibilitydays.it\/2021\/it\/programma\/agenda-venerdi\/#primaryimage\",\"url\":\"https:\/\/s.w.org\/images\/core\/emoji\/13.0.1\/svg\/1f534.svg\",\"contentUrl\":\"https:\/\/s.w.org\/images\/core\/emoji\/13.0.1\/svg\/1f534.svg\"},{\"@type\":\"BreadcrumbList\",\"@id\":\"https:\/\/old.accessibilitydays.it\/2021\/it\/programma\/agenda-venerdi\/#breadcrumb\",\"itemListElement\":[{\"@type\":\"ListItem\",\"position\":1,\"name\":\"Home\",\"item\":\"https:\/\/old.accessibilitydays.it\/2021\/it\/\"},{\"@type\":\"ListItem\",\"position\":2,\"name\":\"Programma\",\"item\":\"https:\/\/old.accessibilitydays.it\/2021\/it\/programma\/\"},{\"@type\":\"ListItem\",\"position\":3,\"name\":\"Agenda del Venerd\u00ec (21 maggio 2021)\"}]},{\"@type\":\"WebSite\",\"@id\":\"https:\/\/old.accessibilitydays.it\/2021\/#website\",\"url\":\"https:\/\/old.accessibilitydays.it\/2021\/\",\"name\":\"Accessibility Days 2021\",\"description\":\"Sensibilizzazione sull&#039;Accessibilit\u00e0 e sulle Disabilit\u00e0\",\"publisher\":{\"@id\":\"https:\/\/old.accessibilitydays.it\/2021\/#organization\"},\"potentialAction\":[{\"@type\":\"SearchAction\",\"target\":{\"@type\":\"EntryPoint\",\"urlTemplate\":\"https:\/\/old.accessibilitydays.it\/2021\/?s={search_term_string}\"},\"query-input\":{\"@type\":\"PropertyValueSpecification\",\"valueRequired\":true,\"valueName\":\"search_term_string\"}}],\"inLanguage\":\"it-IT\"},{\"@type\":\"Organization\",\"@id\":\"https:\/\/old.accessibilitydays.it\/2021\/#organization\",\"name\":\"Accessibility Days\",\"url\":\"https:\/\/old.accessibilitydays.it\/2021\/\",\"logo\":{\"@type\":\"ImageObject\",\"inLanguage\":\"it-IT\",\"@id\":\"https:\/\/old.accessibilitydays.it\/2021\/#\/schema\/logo\/image\/\",\"url\":\"https:\/\/old.accessibilitydays.it\/2021\/wp-content\/uploads\/sites\/7\/2021\/03\/Logo-sito.jpg\",\"contentUrl\":\"https:\/\/old.accessibilitydays.it\/2021\/wp-content\/uploads\/sites\/7\/2021\/03\/Logo-sito.jpg\",\"width\":300,\"height\":190,\"caption\":\"Accessibility Days\"},\"image\":{\"@id\":\"https:\/\/old.accessibilitydays.it\/2021\/#\/schema\/logo\/image\/\"},\"sameAs\":[\"https:\/\/www.facebook.com\/AccessibilityDays\/\",\"https:\/\/x.com\/a11y_days\",\"https:\/\/www.linkedin.com\/company\/accessibility-days\/\",\"https:\/\/www.youtube.com\/channel\/UCzFrbfqazVbmlwwSeA4DjOw\"]}]}<\/script>\n<!-- \/ Yoast SEO plugin. -->","yoast_head_json":{"title":"Agenda del Venerd\u00ec (21 maggio 2021) - Accessibility Days 2021","robots":{"index":"index","follow":"follow","max-snippet":"max-snippet:-1","max-image-preview":"max-image-preview:large","max-video-preview":"max-video-preview:-1"},"canonical":"https:\/\/old.accessibilitydays.it\/2021\/it\/programma\/agenda-venerdi\/","og_locale":"it_IT","og_type":"article","og_title":"Agenda del Venerd\u00ec (21 maggio 2021) - Accessibility Days 2021","og_description":"SEGUI LA DIRETTA DELL&#8217;EVENTO Servizi di accessibilit\u00e0 per il venerd\u00ec Sottotitolazione manuale per tutte e tre le track. Traduzione LIS in Track 1, offerta da RAI Pubblica Utilit\u00e0. Traduzione LIS per la sessione delle 11.15 in Track 3 offerta da&hellip; Continua a leggere &ldquo;Agenda del Venerd\u00ec (21 maggio 2021)&rdquo;&hellip;","og_url":"https:\/\/old.accessibilitydays.it\/2021\/it\/programma\/agenda-venerdi\/","og_site_name":"Accessibility Days 2021","article_publisher":"https:\/\/www.facebook.com\/AccessibilityDays\/","article_modified_time":"2025-05-14T14:33:00+00:00","og_image":[{"url":"https:\/\/s.w.org\/images\/core\/emoji\/13.0.1\/svg\/1f534.svg","type":"","width":"","height":""}],"twitter_card":"summary_large_image","twitter_site":"@a11y_days","twitter_misc":{"Tempo di lettura stimato":"4 minuti"},"schema":{"@context":"https:\/\/schema.org","@graph":[{"@type":"WebPage","@id":"https:\/\/old.accessibilitydays.it\/2021\/it\/programma\/agenda-venerdi\/","url":"https:\/\/old.accessibilitydays.it\/2021\/it\/programma\/agenda-venerdi\/","name":"Agenda del Venerd\u00ec (21 maggio 2021) - Accessibility Days 2021","isPartOf":{"@id":"https:\/\/old.accessibilitydays.it\/2021\/#website"},"primaryImageOfPage":{"@id":"https:\/\/old.accessibilitydays.it\/2021\/it\/programma\/agenda-venerdi\/#primaryimage"},"image":{"@id":"https:\/\/old.accessibilitydays.it\/2021\/it\/programma\/agenda-venerdi\/#primaryimage"},"thumbnailUrl":"https:\/\/s.w.org\/images\/core\/emoji\/13.0.1\/svg\/1f534.svg","datePublished":"2019-02-17T20:38:16+00:00","dateModified":"2025-05-14T14:33:00+00:00","breadcrumb":{"@id":"https:\/\/old.accessibilitydays.it\/2021\/it\/programma\/agenda-venerdi\/#breadcrumb"},"inLanguage":"it-IT","potentialAction":[{"@type":"ReadAction","target":["https:\/\/old.accessibilitydays.it\/2021\/it\/programma\/agenda-venerdi\/"]}]},{"@type":"ImageObject","inLanguage":"it-IT","@id":"https:\/\/old.accessibilitydays.it\/2021\/it\/programma\/agenda-venerdi\/#primaryimage","url":"https:\/\/s.w.org\/images\/core\/emoji\/13.0.1\/svg\/1f534.svg","contentUrl":"https:\/\/s.w.org\/images\/core\/emoji\/13.0.1\/svg\/1f534.svg"},{"@type":"BreadcrumbList","@id":"https:\/\/old.accessibilitydays.it\/2021\/it\/programma\/agenda-venerdi\/#breadcrumb","itemListElement":[{"@type":"ListItem","position":1,"name":"Home","item":"https:\/\/old.accessibilitydays.it\/2021\/it\/"},{"@type":"ListItem","position":2,"name":"Programma","item":"https:\/\/old.accessibilitydays.it\/2021\/it\/programma\/"},{"@type":"ListItem","position":3,"name":"Agenda del Venerd\u00ec (21 maggio 2021)"}]},{"@type":"WebSite","@id":"https:\/\/old.accessibilitydays.it\/2021\/#website","url":"https:\/\/old.accessibilitydays.it\/2021\/","name":"Accessibility Days 2021","description":"Sensibilizzazione sull&#039;Accessibilit\u00e0 e sulle Disabilit\u00e0","publisher":{"@id":"https:\/\/old.accessibilitydays.it\/2021\/#organization"},"potentialAction":[{"@type":"SearchAction","target":{"@type":"EntryPoint","urlTemplate":"https:\/\/old.accessibilitydays.it\/2021\/?s={search_term_string}"},"query-input":{"@type":"PropertyValueSpecification","valueRequired":true,"valueName":"search_term_string"}}],"inLanguage":"it-IT"},{"@type":"Organization","@id":"https:\/\/old.accessibilitydays.it\/2021\/#organization","name":"Accessibility Days","url":"https:\/\/old.accessibilitydays.it\/2021\/","logo":{"@type":"ImageObject","inLanguage":"it-IT","@id":"https:\/\/old.accessibilitydays.it\/2021\/#\/schema\/logo\/image\/","url":"https:\/\/old.accessibilitydays.it\/2021\/wp-content\/uploads\/sites\/7\/2021\/03\/Logo-sito.jpg","contentUrl":"https:\/\/old.accessibilitydays.it\/2021\/wp-content\/uploads\/sites\/7\/2021\/03\/Logo-sito.jpg","width":300,"height":190,"caption":"Accessibility Days"},"image":{"@id":"https:\/\/old.accessibilitydays.it\/2021\/#\/schema\/logo\/image\/"},"sameAs":["https:\/\/www.facebook.com\/AccessibilityDays\/","https:\/\/x.com\/a11y_days","https:\/\/www.linkedin.com\/company\/accessibility-days\/","https:\/\/www.youtube.com\/channel\/UCzFrbfqazVbmlwwSeA4DjOw"]}]}},"acf":[],"_links":{"self":[{"href":"https:\/\/old.accessibilitydays.it\/2021\/wp-json\/wp\/v2\/pages\/56","targetHints":{"allow":["GET"]}}],"collection":[{"href":"https:\/\/old.accessibilitydays.it\/2021\/wp-json\/wp\/v2\/pages"}],"about":[{"href":"https:\/\/old.accessibilitydays.it\/2021\/wp-json\/wp\/v2\/types\/page"}],"author":[{"embeddable":true,"href":"https:\/\/old.accessibilitydays.it\/2021\/wp-json\/wp\/v2\/users\/3"}],"replies":[{"embeddable":true,"href":"https:\/\/old.accessibilitydays.it\/2021\/wp-json\/wp\/v2\/comments?post=56"}],"version-history":[{"count":222,"href":"https:\/\/old.accessibilitydays.it\/2021\/wp-json\/wp\/v2\/pages\/56\/revisions"}],"predecessor-version":[{"id":4252,"href":"https:\/\/old.accessibilitydays.it\/2021\/wp-json\/wp\/v2\/pages\/56\/revisions\/4252"}],"up":[{"embeddable":true,"href":"https:\/\/old.accessibilitydays.it\/2021\/wp-json\/wp\/v2\/pages\/52"}],"wp:attachment":[{"href":"https:\/\/old.accessibilitydays.it\/2021\/wp-json\/wp\/v2\/media?parent=56"}],"curies":[{"name":"wp","href":"https:\/\/api.w.org\/{rel}","templated":true}]}}