{"id":4233,"date":"2022-03-27T14:17:39","date_gmt":"2022-03-27T12:17:39","guid":{"rendered":"https:\/\/accessibilitydays.it\/2022\/?page_id=4233"},"modified":"2025-05-14T16:08:58","modified_gmt":"2025-05-14T14:08:58","slug":"agenda-sabato-workshop","status":"publish","type":"page","link":"https:\/\/old.accessibilitydays.it\/2022\/it\/programma\/agenda-sabato-workshop\/","title":{"rendered":"Workshop del Sabato (21 maggio 2022)"},"content":{"rendered":"\n\n\t<h2>ATTENZIONE!!!<\/h2>\n<h4>SOLO IN PRESENZA A MILANO, NON IN STREAMING<\/h4>\nA differenza delle tre track di sessioni, i workshop si svolgeranno solamente in presenza a Milano.<br \/>\nNon sono previsti n\u00e9 streaming, n\u00e9 registrazioni video.\n<h4>RICHIESTA ISCRIZIONE PER GLI SPECIFICI WORKSHOP<\/h4>\n<p>Tutti i workshop tranne quelli dell&#8217;Aula Maker sono a numero a chiuso per esigenze logistiche derivanti dalla capienza delle aule e per garantire un livello ottimale di interazione. Per questo motivo, dopo essersi iscritti alla conferenza, \u00e8 necessario compilare la richiesta di partecipazione per i workshop a cui si intende prendere parte.<\/p>\n<p><strong><a href=\"https:\/\/old.accessibilitydays.it\/2022\/it\/iscrizioni-workshop\/\">VAI ALLE ISTRUZIONI PER L&#8217;ISCRIZIONE AI WORKSHOP!<\/a><\/strong><\/p>\n<h2>Agenda in formato PDF, come tabella<\/h2>\n\t\t\t\t<a href=\"https:\/\/bit.ly\/ad2022-agenda-sabato21-workshop\" target=\"_self\" itemprop=\"url\" rel=\"noopener\"><br \/>\n\t\t\t\t<img loading=\"lazy\" decoding=\"async\" src=\"https:\/\/old.accessibilitydays.it\/2022\/wp-content\/uploads\/sites\/8\/2022\/05\/Copertina.png\" alt=\"Scarica l'agenda in formato PDF\" itemprop=\"image\" height=\"375\" width=\"266\" title=\"Scarica l'agenda in formato PDF\" onerror=\"this.style.display='none'\"  \/><br \/>\n\t\t\t\t<\/a>\n<ul>\n<li><a href=\"https:\/\/bit.ly\/ad2022-agenda-sabato21-workshop\">Agenda in PDF dei soli <strong>WORKSHOP DI SABATO<\/strong> 21 maggio<\/a><\/li>\n<li><a href=\"https:\/\/bit.ly\/ad2022-agenda-pdf\">Agenda in PDF <strong>COMPLETA<\/strong>\u00a0degli Accessibility Days 2022 (<strong>sessioni + workshop<\/strong>)<\/a><\/li>\n<\/ul>\n<h2>Sabato mattina<\/h2>\n<h3>08:30 &#8211; 09:30<\/h3>\n<h3>Ingresso dei partecipanti e apertura degli spazi espositivi<\/h3>\n<h3>09:30 &#8211; 10:00<\/h3>\n<p>{<a href=\"https:\/\/old.accessibilitydays.it\/2022\/it\/aule-track1\">Track 1<\/a>}<\/p>\n<h3>Discorso di benvenuto e Keynote in Track 1<\/h3>\n<h3>10:00 &#8211; 10:15<\/h3>\n<h3>PAUSA PER SPOSTAMENTO NELLE AULE<\/h3>\n<h3>10:15 &#8211; 11:45<\/h3>\n<p>{<a href=\"https:\/\/old.accessibilitydays.it\/2022\/it\/aule-workshop1\">Aula Workshop 1<\/a>}<\/p>\n<h3><a href=\"https:\/\/old.accessibilitydays.it\/2022\/lectures\/selflens-app\/\">SelfLens: una app per la lettura delle etichette dei prodotti<\/a><\/h3>\n<ul>\n<li>Barbara Leporini (Componente CDA @ I.Ri.Fo.R.)<\/li>\n<li>Angelo Camodeca (Componente CDA @ I.Ri.Fo.R.)<\/li>\n<li>Luciano Giunipero (EDI Group)<\/li>\n<\/ul>\n<h3>10:15 &#8211; 11:45<\/h3>\n<p>{<a href=\"https:\/\/old.accessibilitydays.it\/2022\/it\/aule-workshop2\">Aula Workshop 2<\/a>}<\/p>\n<h3>Spazio non utilizzato<\/h3>\n<h3>10:15 &#8211; 11:45<\/h3>\n<p>{<a href=\"https:\/\/old.accessibilitydays.it\/2022\/it\/aule-workshop3\">Aula Workshop 3<\/a>}<\/p>\n<h3><a href=\"https:\/\/old.accessibilitydays.it\/2022\/lectures\/puzzle-inclusivo\/\">Puzzle inclusivo: comporre un puzzle senza l&#8217;uso della vista<\/a><\/h3>\n<p>Alessandro Bordini (CEO @ Eat the Dark)<\/p>\n<h3>10:15 &#8211; 11:45<\/h3>\n<p>{<a href=\"https:\/\/old.accessibilitydays.it\/2022\/it\/aule-workshop4\">Aula Workshop 4<\/a>}<\/p>\n<h3><a href=\"https:\/\/old.accessibilitydays.it\/2022\/lectures\/accesso-studio-autonomia\/\">Accesso allo studio e all&#8217;autonomia per bambini e ragazzi con disturbi del neurosviluppo<\/a><\/h3>\n<ul>\n<li>Maria Luisa Lorusso (Ricercatrice in neuropsicologia dei disturbi dello sviluppo e responsabile lab E-Health @ IRCCS E. Medea- Associazione La Nostra Famiglia)<\/li>\n<li>Francesca Borasio (Assegnista di ricerca @ Universit\u00e0 Cattolica del Sacro Cuore di Milano e l&#8217;IRCCS E. Medea)<\/li>\n<li>Franca Garzotto (Responsabile @ Laboratorio 3I, Dipartimento di Elettronica, Informazione e Bioingegneria &#8211; Politecnico di Milano)<\/li>\n<\/ul>\n<h3>10:15 &#8211; 11:45<\/h3>\n<p>{<a href=\"https:\/\/old.accessibilitydays.it\/2022\/it\/aule-workshop-maker\">Aula Workshop Maker<\/a>}<\/p>\n<h3><a href=\"https:\/\/old.accessibilitydays.it\/2022\/lectures\/letismart-smartypbx\/\">LETIsmart e SmartyPBX: le soluzioni proposte da UICI per l&#8217;autonomia personale urbana e lo smart-working per i centralinisti<\/a><\/h3>\n<ul>\n<li>Marino Attini (Componente della Direzione nazionale UICI)<\/li>\n<li>Paolo Visintin (CEO @ evoseed Srl)<\/li>\n<\/ul>\n<h3>11:45 &#8211; 13:15<\/h3>\n<p>{<a href=\"https:\/\/old.accessibilitydays.it\/2022\/it\/aule-workshop1\">Aula Workshop 1<\/a>}<\/p>\n<h3><a href=\"https:\/\/old.accessibilitydays.it\/2022\/lectures\/comunic-ens\/\">Il servizio Comunic@ENS e la sua evoluzione nel tempo<\/a><\/h3>\n<p>Annalisa Di Gioia (Consigliere Regionale @ ENS Piemonte)<\/p>\n<h3>11:45 &#8211; 13:15<\/h3>\n<p>{<a href=\"https:\/\/old.accessibilitydays.it\/2022\/it\/aule-workshop2\">Aula Workshop 2<\/a>}<\/p>\n<h3><a href=\"https:\/\/old.accessibilitydays.it\/2022\/lectures\/odla-musica-workshop\/\">ODLA &#8211; La scrittura digitale della musica accessibile ai disabili visivi<\/a><\/h3>\n<p>Alessandro Pace, Renato Pace (Inventori ODLA &#8211; Kemonia River Srl)<\/p>\n<h3>11:45 &#8211; 13:15<\/h3>\n<p>{<a href=\"https:\/\/old.accessibilitydays.it\/2022\/it\/aule-workshop3\">Aula Workshop 3<\/a>}<\/p>\n<h3><a href=\"https:\/\/old.accessibilitydays.it\/2022\/lectures\/community-design-workshop\/ \">The Power of Many. Community Design: Progettare con le community per le community. In pratica.<\/a><\/h3>\n<p>Proxima Spa (Societ\u00e0 Benefit) + Lato Srl (Societ\u00e0 Benefit)<\/p>\n<h3>11:45 &#8211; 13:15<\/h3>\n<p>{<a href=\"https:\/\/old.accessibilitydays.it\/2022\/it\/aule-workshop4\">Aula Workshop 4<\/a>}<\/p>\n<h3><a href=\"https:\/\/old.accessibilitydays.it\/2022\/lectures\/tecnologie-assistive-disabilita-visiva-workshop\/\">Le Tecnologie Assistive per la disabilit\u00e0 visiva: strumento indispensabile per sviluppare accessibile <\/a><\/h3>\n<p>Team Accessibility Days<\/p>\n<ul>\n<li>Michele Landolfo (Esperto di accessibilit\u00e0 @ INVAT, Accessibility Days)<\/li>\n<li>Sauro Cesaretti (Esperto di accessibilit\u00e0 @ Accessibility Days)<\/li>\n<\/ul>\n<h3>11:45 &#8211; 13:15<\/h3>\n<p>{<a href=\"https:\/\/old.accessibilitydays.it\/2022\/it\/aule-workshop-maker\">Aula Workshop Maker<\/a>}<\/p>\n<h3><a href=\"https:\/\/old.accessibilitydays.it\/2022\/lectures\/museo-stampa-3d\/ \">Un Museo Accessibile a tutti: Stampa 3D e Tecnologie per la riproduzione di opere d&#8217;arte<\/a><\/h3>\n<ul>\n<li>Aurelio Sartorio (Responsabile del servizio Materiale didattico @ Fondazione Istituto dei Ciechi di Milano)<\/li>\n<li>Mariella Levi (Professore Ordinario di Scienza e Tecnologia dei Materiali @ Politecnico di Milano)<\/li>\n<li>Mattia Ciurnelli (CEO, Designer &amp; Digital Fabrication Specialist @ Superforma Srls)<\/li>\n<\/ul>\n<h3>13:15 &#8211; 14:45<\/h3>\n<h3>PRANZO<\/h3>\n<h3>(CON POSSIBILIT\u00c0 DI VISITARE GLI SPAZI ESPOSITIVI)<\/h3>\n<h2>Sabato pomeriggio<\/h2>\n<h3>14:45 &#8211; 17:00<\/h3>\n<p>{<a href=\"https:\/\/old.accessibilitydays.it\/2022\/it\/aule-workshop1\">Aula Workshop 1<\/a>}<\/p>\n<h3><a href=\"https:\/\/old.accessibilitydays.it\/2022\/lectures\/comunita-sorda-coronavirus\">La Comunit\u00e0 Sorda segnante e le persone con pluridisabilit\u00e0 e sordocecit\u00e0 al tempo del coronavirus<\/a><\/h3>\n<ul>\n<li>Elena Tomasuolo (LaCAM ISTC-CNR)<\/li>\n<li>Davide Bernardi (La Casa delle Luci)<\/li>\n<li>Alessandra Boni (La Casa delle Luci)<\/li>\n<li>Stefania Fadda (CABSS &#8211; Centro Assistenza per Bambini Sordi e Sordociechi Onlus)<\/li>\n<li>Patrizia Ceccarani (Lega del filo d&#8217;oro)<\/li>\n<li>Nicoletta Marconi (Lega del filo d&#8217;oro)<\/li>\n<\/ul>\n<h3>14:45 &#8211; 16:15<\/h3>\n<p>{<a href=\"https:\/\/old.accessibilitydays.it\/2022\/it\/aule-workshop2\">Aula Workshop 2<\/a>}<\/p>\n<h3><a href=\"https:\/\/old.accessibilitydays.it\/2022\/lectures\/raccontare-opere-arte\/ \">Raccontare un&#8217;opera d&#8217;arte in maniera inclusiva<\/a><\/h3>\n<ul>\n<li>Monica Bernacchia (Responsabile Ufficio Comunicazione @ Museo Tattile Statale Omero di Ancona)<\/li>\n<li>Elisabetta Borgia (Responsabile Ufficio Educazione, formazione e ricerca @ Direzione generale Educazione, ricerca e istituti culturali &#8211; Ministero della Cultura)<\/li>\n<\/ul>\n<h3>14:45 &#8211; 16:15<\/h3>\n<p>{<a href=\"https:\/\/old.accessibilitydays.it\/2022\/it\/aule-workshop3\">Aula Workshop 3<\/a>}<\/p>\n<h3><a href=\"https:\/\/old.accessibilitydays.it\/2022\/lectures\/design-thinking-gestione-carico-lavorativo\/\">Design Thinking per la gestione del carico lavorativo<\/a><\/h3>\nIBM Client Engineering:<br \/>\nSerena Caria, Niccol\u00f2 Howard Minetti, Priscilla Lanotte, Marcello Pichini, Carolina Brigida, Caterina Fabbri, Cecilia Lalatta Costerbosa, Sandra Grazia Tedesco\n<h3>14:45 &#8211; 16:15<\/h3>\n<p>{<a href=\"https:\/\/old.accessibilitydays.it\/2022\/it\/aule-workshop4\">Aula Workshop 4<\/a>}<\/p>\n<h3><a href=\"https:\/\/old.accessibilitydays.it\/2022\/lectures\/edico-workshop\/\">Edico: l&#8217;editor di testi scientifici accessibile per la disabilit\u00e0 visiva<\/a><\/h3>\n<p>UICI (Unione Italiana dei Ciechi e degli Ipovedenti) + IRIFOR<\/p>\n<h3>14:45 &#8211; 16:15<\/h3>\n<p>{<a href=\"https:\/\/old.accessibilitydays.it\/2022\/it\/aule-workshop-maker\">Aula Workshop Maker<\/a>}<\/p>\n<h3><a href=\"https:\/\/old.accessibilitydays.it\/2022\/lectures\/letismart-smartypbx\/\">LETIsmart e SmartyPBX: le soluzioni proposte da UICI per l&#8217;autonomia personale urbana e lo smart-working per i centralinisti<\/a><\/h3>\n<ul>\n<li>Marino Attini (Componente della Direzione nazionale UICI)<\/li>\n<li>Paolo Visintin (CEO @ evoseed Srl)<\/li>\n<\/ul>\n<h3>16:30 &#8211; 18:00<\/h3>\n<p>{In presenza}<\/p>\n<h3>Attivit\u00e0 di networking e proseguimento degli spazi espositivi<\/h3>\n\t\t\t<a href=\"https:\/\/old.accessibilitydays.it\/2022\/it\/iscriviti\/\" target=\"_self\" role=\"button\" rel=\"noopener\"><br \/>\n\t\t\t\t\t\tISCRIVITI ALL&#8217;EVENTO<br \/>\n\t\t<\/a>\n\n","protected":false},"excerpt":{"rendered":"<div class=\"entry-summary\">\n<div class=\"entry-summary\">\nATTENZIONE!!! SOLO IN PRESENZA A MILANO, NON IN STREAMING A differenza delle tre track di sessioni, i workshop si svolgeranno solamente in presenza a Milano. Non sono previsti n\u00e9 streaming, n\u00e9 registrazioni video. RICHIESTA ISCRIZIONE PER GLI SPECIFICI WORKSHOP Tutti&hellip;\n<\/div>\n<div class=\"link-more\"><a href=\"https:\/\/old.accessibilitydays.it\/2022\/it\/programma\/agenda-sabato-workshop\/\" class=\"more-link\">Continua a leggere <span class=\"screen-reader-text\"> &ldquo;Workshop del Sabato (21 maggio 2022)&rdquo;<\/span>&hellip;<\/a><\/div>\n<\/div>\n<div class=\"link-more\"><a href=\"https:\/\/old.accessibilitydays.it\/2022\/it\/programma\/agenda-sabato-workshop\/\" class=\"more-link\">Continua a leggere <span class=\"screen-reader-text\"> &ldquo;Workshop del Sabato (21 maggio 2022)&rdquo;<\/span>&hellip;<\/a><\/div>\n","protected":false},"author":3,"featured_media":0,"parent":52,"menu_order":0,"comment_status":"closed","ping_status":"closed","template":"","meta":{"_acf_changed":false,"footnotes":""},"class_list":["post-4233","page","type-page","status-publish","hentry","entry"],"yoast_head":"<!-- This site is optimized with the Yoast SEO plugin v25.6 - https:\/\/yoast.com\/wordpress\/plugins\/seo\/ -->\n<title>Workshop del Sabato (21 maggio 2022) - Accessibility Days 2022<\/title>\n<meta name=\"robots\" content=\"index, follow, max-snippet:-1, max-image-preview:large, max-video-preview:-1\" \/>\n<link rel=\"canonical\" href=\"https:\/\/old.accessibilitydays.it\/2022\/it\/programma\/agenda-sabato-workshop\/\" \/>\n<meta property=\"og:locale\" content=\"it_IT\" \/>\n<meta property=\"og:type\" content=\"article\" \/>\n<meta property=\"og:title\" content=\"Workshop del Sabato (21 maggio 2022) - Accessibility Days 2022\" \/>\n<meta property=\"og:description\" content=\"ATTENZIONE!!! SOLO IN PRESENZA A MILANO, NON IN STREAMING A differenza delle tre track di sessioni, i workshop si svolgeranno solamente in presenza a Milano. Non sono previsti n\u00e9 streaming, n\u00e9 registrazioni video. RICHIESTA ISCRIZIONE PER GLI SPECIFICI WORKSHOP Tutti&hellip; Continua a leggere &ldquo;Workshop del Sabato (21 maggio 2022)&rdquo;&hellip;\" \/>\n<meta property=\"og:url\" content=\"https:\/\/old.accessibilitydays.it\/2022\/it\/programma\/agenda-sabato-workshop\/\" \/>\n<meta property=\"og:site_name\" content=\"Accessibility Days 2022\" \/>\n<meta property=\"article:publisher\" content=\"https:\/\/www.facebook.com\/AccessibilityDays\/\" \/>\n<meta property=\"article:modified_time\" content=\"2025-05-14T14:08:58+00:00\" \/>\n<meta property=\"og:image\" content=\"https:\/\/old.accessibilitydays.it\/2022\/wp-content\/uploads\/sites\/8\/2022\/05\/Copertina.png\" \/>\n<meta name=\"twitter:card\" content=\"summary_large_image\" \/>\n<meta name=\"twitter:site\" content=\"@a11y_days\" \/>\n<meta name=\"twitter:label1\" content=\"Tempo di lettura stimato\" \/>\n\t<meta name=\"twitter:data1\" content=\"3 minuti\" \/>\n<script type=\"application\/ld+json\" class=\"yoast-schema-graph\">{\"@context\":\"https:\/\/schema.org\",\"@graph\":[{\"@type\":\"WebPage\",\"@id\":\"https:\/\/old.accessibilitydays.it\/2022\/it\/programma\/agenda-sabato-workshop\/\",\"url\":\"https:\/\/old.accessibilitydays.it\/2022\/it\/programma\/agenda-sabato-workshop\/\",\"name\":\"Workshop del Sabato (21 maggio 2022) - Accessibility Days 2022\",\"isPartOf\":{\"@id\":\"https:\/\/old.accessibilitydays.it\/2022\/#website\"},\"primaryImageOfPage\":{\"@id\":\"https:\/\/old.accessibilitydays.it\/2022\/it\/programma\/agenda-sabato-workshop\/#primaryimage\"},\"image\":{\"@id\":\"https:\/\/old.accessibilitydays.it\/2022\/it\/programma\/agenda-sabato-workshop\/#primaryimage\"},\"thumbnailUrl\":\"https:\/\/old.accessibilitydays.it\/2022\/wp-content\/uploads\/sites\/8\/2022\/05\/Copertina.png\",\"datePublished\":\"2022-03-27T12:17:39+00:00\",\"dateModified\":\"2025-05-14T14:08:58+00:00\",\"breadcrumb\":{\"@id\":\"https:\/\/old.accessibilitydays.it\/2022\/it\/programma\/agenda-sabato-workshop\/#breadcrumb\"},\"inLanguage\":\"it-IT\",\"potentialAction\":[{\"@type\":\"ReadAction\",\"target\":[\"https:\/\/old.accessibilitydays.it\/2022\/it\/programma\/agenda-sabato-workshop\/\"]}]},{\"@type\":\"ImageObject\",\"inLanguage\":\"it-IT\",\"@id\":\"https:\/\/old.accessibilitydays.it\/2022\/it\/programma\/agenda-sabato-workshop\/#primaryimage\",\"url\":\"https:\/\/old.accessibilitydays.it\/2022\/wp-content\/uploads\/sites\/8\/2022\/05\/Copertina.png\",\"contentUrl\":\"https:\/\/old.accessibilitydays.it\/2022\/wp-content\/uploads\/sites\/8\/2022\/05\/Copertina.png\",\"width\":266,\"height\":375},{\"@type\":\"BreadcrumbList\",\"@id\":\"https:\/\/old.accessibilitydays.it\/2022\/it\/programma\/agenda-sabato-workshop\/#breadcrumb\",\"itemListElement\":[{\"@type\":\"ListItem\",\"position\":1,\"name\":\"Home\",\"item\":\"https:\/\/old.accessibilitydays.it\/2022\/it\/\"},{\"@type\":\"ListItem\",\"position\":2,\"name\":\"Programma\",\"item\":\"https:\/\/old.accessibilitydays.it\/2022\/it\/programma\/\"},{\"@type\":\"ListItem\",\"position\":3,\"name\":\"Workshop del Sabato (21 maggio 2022)\"}]},{\"@type\":\"WebSite\",\"@id\":\"https:\/\/old.accessibilitydays.it\/2022\/#website\",\"url\":\"https:\/\/old.accessibilitydays.it\/2022\/\",\"name\":\"Accessibility Days 2021\",\"description\":\"Sensibilizzazione sull&#039;Accessibilit\u00e0 e sulle Disabilit\u00e0\",\"publisher\":{\"@id\":\"https:\/\/old.accessibilitydays.it\/2022\/#organization\"},\"potentialAction\":[{\"@type\":\"SearchAction\",\"target\":{\"@type\":\"EntryPoint\",\"urlTemplate\":\"https:\/\/old.accessibilitydays.it\/2022\/?s={search_term_string}\"},\"query-input\":{\"@type\":\"PropertyValueSpecification\",\"valueRequired\":true,\"valueName\":\"search_term_string\"}}],\"inLanguage\":\"it-IT\"},{\"@type\":\"Organization\",\"@id\":\"https:\/\/old.accessibilitydays.it\/2022\/#organization\",\"name\":\"Accessibility Days\",\"url\":\"https:\/\/old.accessibilitydays.it\/2022\/\",\"logo\":{\"@type\":\"ImageObject\",\"inLanguage\":\"it-IT\",\"@id\":\"https:\/\/old.accessibilitydays.it\/2022\/#\/schema\/logo\/image\/\",\"url\":\"https:\/\/old.accessibilitydays.it\/2022\/wp-content\/uploads\/sites\/8\/2022\/02\/Logo-sito.jpg\",\"contentUrl\":\"https:\/\/old.accessibilitydays.it\/2022\/wp-content\/uploads\/sites\/8\/2022\/02\/Logo-sito.jpg\",\"width\":300,\"height\":190,\"caption\":\"Accessibility Days\"},\"image\":{\"@id\":\"https:\/\/old.accessibilitydays.it\/2022\/#\/schema\/logo\/image\/\"},\"sameAs\":[\"https:\/\/www.facebook.com\/AccessibilityDays\/\",\"https:\/\/x.com\/a11y_days\",\"https:\/\/www.linkedin.com\/company\/accessibility-days\/\",\"https:\/\/www.youtube.com\/channel\/UCzFrbfqazVbmlwwSeA4DjOw\"]}]}<\/script>\n<!-- \/ Yoast SEO plugin. -->","yoast_head_json":{"title":"Workshop del Sabato (21 maggio 2022) - Accessibility Days 2022","robots":{"index":"index","follow":"follow","max-snippet":"max-snippet:-1","max-image-preview":"max-image-preview:large","max-video-preview":"max-video-preview:-1"},"canonical":"https:\/\/old.accessibilitydays.it\/2022\/it\/programma\/agenda-sabato-workshop\/","og_locale":"it_IT","og_type":"article","og_title":"Workshop del Sabato (21 maggio 2022) - Accessibility Days 2022","og_description":"ATTENZIONE!!! SOLO IN PRESENZA A MILANO, NON IN STREAMING A differenza delle tre track di sessioni, i workshop si svolgeranno solamente in presenza a Milano. Non sono previsti n\u00e9 streaming, n\u00e9 registrazioni video. RICHIESTA ISCRIZIONE PER GLI SPECIFICI WORKSHOP Tutti&hellip; Continua a leggere &ldquo;Workshop del Sabato (21 maggio 2022)&rdquo;&hellip;","og_url":"https:\/\/old.accessibilitydays.it\/2022\/it\/programma\/agenda-sabato-workshop\/","og_site_name":"Accessibility Days 2022","article_publisher":"https:\/\/www.facebook.com\/AccessibilityDays\/","article_modified_time":"2025-05-14T14:08:58+00:00","og_image":[{"url":"https:\/\/old.accessibilitydays.it\/2022\/wp-content\/uploads\/sites\/8\/2022\/05\/Copertina.png","type":"","width":"","height":""}],"twitter_card":"summary_large_image","twitter_site":"@a11y_days","twitter_misc":{"Tempo di lettura stimato":"3 minuti"},"schema":{"@context":"https:\/\/schema.org","@graph":[{"@type":"WebPage","@id":"https:\/\/old.accessibilitydays.it\/2022\/it\/programma\/agenda-sabato-workshop\/","url":"https:\/\/old.accessibilitydays.it\/2022\/it\/programma\/agenda-sabato-workshop\/","name":"Workshop del Sabato (21 maggio 2022) - Accessibility Days 2022","isPartOf":{"@id":"https:\/\/old.accessibilitydays.it\/2022\/#website"},"primaryImageOfPage":{"@id":"https:\/\/old.accessibilitydays.it\/2022\/it\/programma\/agenda-sabato-workshop\/#primaryimage"},"image":{"@id":"https:\/\/old.accessibilitydays.it\/2022\/it\/programma\/agenda-sabato-workshop\/#primaryimage"},"thumbnailUrl":"https:\/\/old.accessibilitydays.it\/2022\/wp-content\/uploads\/sites\/8\/2022\/05\/Copertina.png","datePublished":"2022-03-27T12:17:39+00:00","dateModified":"2025-05-14T14:08:58+00:00","breadcrumb":{"@id":"https:\/\/old.accessibilitydays.it\/2022\/it\/programma\/agenda-sabato-workshop\/#breadcrumb"},"inLanguage":"it-IT","potentialAction":[{"@type":"ReadAction","target":["https:\/\/old.accessibilitydays.it\/2022\/it\/programma\/agenda-sabato-workshop\/"]}]},{"@type":"ImageObject","inLanguage":"it-IT","@id":"https:\/\/old.accessibilitydays.it\/2022\/it\/programma\/agenda-sabato-workshop\/#primaryimage","url":"https:\/\/old.accessibilitydays.it\/2022\/wp-content\/uploads\/sites\/8\/2022\/05\/Copertina.png","contentUrl":"https:\/\/old.accessibilitydays.it\/2022\/wp-content\/uploads\/sites\/8\/2022\/05\/Copertina.png","width":266,"height":375},{"@type":"BreadcrumbList","@id":"https:\/\/old.accessibilitydays.it\/2022\/it\/programma\/agenda-sabato-workshop\/#breadcrumb","itemListElement":[{"@type":"ListItem","position":1,"name":"Home","item":"https:\/\/old.accessibilitydays.it\/2022\/it\/"},{"@type":"ListItem","position":2,"name":"Programma","item":"https:\/\/old.accessibilitydays.it\/2022\/it\/programma\/"},{"@type":"ListItem","position":3,"name":"Workshop del Sabato (21 maggio 2022)"}]},{"@type":"WebSite","@id":"https:\/\/old.accessibilitydays.it\/2022\/#website","url":"https:\/\/old.accessibilitydays.it\/2022\/","name":"Accessibility Days 2021","description":"Sensibilizzazione sull&#039;Accessibilit\u00e0 e sulle Disabilit\u00e0","publisher":{"@id":"https:\/\/old.accessibilitydays.it\/2022\/#organization"},"potentialAction":[{"@type":"SearchAction","target":{"@type":"EntryPoint","urlTemplate":"https:\/\/old.accessibilitydays.it\/2022\/?s={search_term_string}"},"query-input":{"@type":"PropertyValueSpecification","valueRequired":true,"valueName":"search_term_string"}}],"inLanguage":"it-IT"},{"@type":"Organization","@id":"https:\/\/old.accessibilitydays.it\/2022\/#organization","name":"Accessibility Days","url":"https:\/\/old.accessibilitydays.it\/2022\/","logo":{"@type":"ImageObject","inLanguage":"it-IT","@id":"https:\/\/old.accessibilitydays.it\/2022\/#\/schema\/logo\/image\/","url":"https:\/\/old.accessibilitydays.it\/2022\/wp-content\/uploads\/sites\/8\/2022\/02\/Logo-sito.jpg","contentUrl":"https:\/\/old.accessibilitydays.it\/2022\/wp-content\/uploads\/sites\/8\/2022\/02\/Logo-sito.jpg","width":300,"height":190,"caption":"Accessibility Days"},"image":{"@id":"https:\/\/old.accessibilitydays.it\/2022\/#\/schema\/logo\/image\/"},"sameAs":["https:\/\/www.facebook.com\/AccessibilityDays\/","https:\/\/x.com\/a11y_days","https:\/\/www.linkedin.com\/company\/accessibility-days\/","https:\/\/www.youtube.com\/channel\/UCzFrbfqazVbmlwwSeA4DjOw"]}]}},"acf":[],"_links":{"self":[{"href":"https:\/\/old.accessibilitydays.it\/2022\/wp-json\/wp\/v2\/pages\/4233","targetHints":{"allow":["GET"]}}],"collection":[{"href":"https:\/\/old.accessibilitydays.it\/2022\/wp-json\/wp\/v2\/pages"}],"about":[{"href":"https:\/\/old.accessibilitydays.it\/2022\/wp-json\/wp\/v2\/types\/page"}],"author":[{"embeddable":true,"href":"https:\/\/old.accessibilitydays.it\/2022\/wp-json\/wp\/v2\/users\/3"}],"replies":[{"embeddable":true,"href":"https:\/\/old.accessibilitydays.it\/2022\/wp-json\/wp\/v2\/comments?post=4233"}],"version-history":[{"count":43,"href":"https:\/\/old.accessibilitydays.it\/2022\/wp-json\/wp\/v2\/pages\/4233\/revisions"}],"predecessor-version":[{"id":6016,"href":"https:\/\/old.accessibilitydays.it\/2022\/wp-json\/wp\/v2\/pages\/4233\/revisions\/6016"}],"up":[{"embeddable":true,"href":"https:\/\/old.accessibilitydays.it\/2022\/wp-json\/wp\/v2\/pages\/52"}],"wp:attachment":[{"href":"https:\/\/old.accessibilitydays.it\/2022\/wp-json\/wp\/v2\/media?parent=4233"}],"curies":[{"name":"wp","href":"https:\/\/api.w.org\/{rel}","templated":true}]}}