{"id":4699,"date":"2022-04-13T00:41:30","date_gmt":"2022-04-12T22:41:30","guid":{"rendered":"https:\/\/accessibilitydays.it\/2022\/?page_id=4699"},"modified":"2022-05-19T02:07:51","modified_gmt":"2022-05-19T00:07:51","slug":"crediti-docenti-studenti","status":"publish","type":"page","link":"https:\/\/old.accessibilitydays.it\/2022\/it\/crediti-docenti-studenti\/","title":{"rendered":"Crediti personale scolastico"},"content":{"rendered":"\n\n\t<h2>Crediti per personale scolastico<\/h2>\n<p>Svolgere la didattica in maniera inclusiva \u00e8 fondamentale, per dare la possibilit\u00e0 ad alunne ed alunni con disabilit\u00e0 di accedere allo stesso materiale degli altri, ed in questi anni di emergenza sanitaria \u00e8 ancora pi\u00f9 importante non lasciare indietro nessuna persona!<\/p>\n<p>Anche per questa edizione degli Accessibility Days, grazie alla collaborazione con il Future Lab &#8211; Campus Da Vinci di Umbertide (PG), abbiamo definito dei <strong>percorsi formativi<\/strong> <strong>validi per formazione e aggiornamento<\/strong> rivolti a tutto il personale scolastico (quindi non solo <strong>docenti, ma anche dirigenti, amministrativi, tecnici, etc&#8230;)<\/strong>\u00a0delle scuole di ogni ordine e grado sia <strong>a tempo indeterminato <\/strong>che <strong>a tempo determinato<\/strong>.<\/p>\nIscrivendoti alla conferenza, nella mail di conferma riceverai le indicazioni utili per ottenere l&#8217;accreditamento.<br \/>\nSe non dovessi ricevere la mail dopo l&#8217;iscrizione, ti preghiamo di controllare nella cartella SPAM.\n<p><strong><a href=\"https:\/\/old.accessibilitydays.it\/2022\/it\/iscriviti\/\">&gt; ISCRIVITI AGLI ACCESSIBILITY DAYS 2022<\/a><\/strong><\/p>\n<hr \/>\n<h2>Crediti per Studenti<\/h2>\nCome Accessibility Days, ringraziamo tutte le facolt\u00e0 che vorranno aiutarci a diffondere i contenuti della conferenza attraverso crediti per gli studenti.<br \/>\n<strong>Se sei uno studente<\/strong>, ti invitiamo a metterti in contatto con i responsabili della tua facolt\u00e0, per verificarne la fattibilit\u00e0.\n<p>&nbsp;<\/p>\n<h3>Elenco facolt\u00e0 con crediti per gli studenti<\/h3>\n<h4>Politecnico di Milano &#8211; Scuola del Design<\/h4>\n<p>Accessibility Days 2022 \u00e8 parte delle iniziative inserite nel palinsesto di &#8220;Design Explorer&#8221; della Scuola del Design del Politecnico di Milano. Tutte le indicazioni sul punteggio assegnato e la convalida dei crediti per gli studenti sono disponibili all&#8217;indirizzo: <a href=\"https:\/\/www.design.polimi.it\/it\/didattica\/studiare-design\/design-explorer\">https:\/\/www.design.polimi.it\/it\/didattica\/studiare-design\/design-explorer<\/a><\/p>\n<p>&nbsp;<\/p>\n\n","protected":false},"excerpt":{"rendered":"<div class=\"entry-summary\">\n<div class=\"entry-summary\">\nCrediti per personale scolastico Svolgere la didattica in maniera inclusiva \u00e8 fondamentale, per dare la possibilit\u00e0 ad alunne ed alunni con disabilit\u00e0 di accedere allo stesso materiale degli altri, ed in questi anni di emergenza sanitaria \u00e8 ancora pi\u00f9 importante&hellip;\n<\/div>\n<div class=\"link-more\"><a href=\"https:\/\/old.accessibilitydays.it\/2022\/it\/crediti-docenti-studenti\/\" class=\"more-link\">Continua a leggere <span class=\"screen-reader-text\"> &ldquo;Crediti personale scolastico&rdquo;<\/span>&hellip;<\/a><\/div>\n<\/div>\n<div class=\"link-more\"><a href=\"https:\/\/old.accessibilitydays.it\/2022\/it\/crediti-docenti-studenti\/\" class=\"more-link\">Continua a leggere <span class=\"screen-reader-text\"> &ldquo;Crediti personale scolastico&rdquo;<\/span>&hellip;<\/a><\/div>\n","protected":false},"author":3,"featured_media":0,"parent":0,"menu_order":0,"comment_status":"closed","ping_status":"closed","template":"","meta":{"_acf_changed":false,"footnotes":""},"class_list":["post-4699","page","type-page","status-publish","hentry","entry"],"yoast_head":"<!-- This site is optimized with the Yoast SEO plugin v25.6 - https:\/\/yoast.com\/wordpress\/plugins\/seo\/ -->\n<title>Crediti personale scolastico - Accessibility Days 2022<\/title>\n<meta name=\"robots\" content=\"index, follow, max-snippet:-1, max-image-preview:large, max-video-preview:-1\" \/>\n<link rel=\"canonical\" href=\"https:\/\/old.accessibilitydays.it\/2022\/it\/crediti-docenti-studenti\/\" \/>\n<meta property=\"og:locale\" content=\"it_IT\" \/>\n<meta property=\"og:type\" content=\"article\" \/>\n<meta property=\"og:title\" content=\"Crediti personale scolastico - Accessibility Days 2022\" \/>\n<meta property=\"og:description\" content=\"Crediti per personale scolastico Svolgere la didattica in maniera inclusiva \u00e8 fondamentale, per dare la possibilit\u00e0 ad alunne ed alunni con disabilit\u00e0 di accedere allo stesso materiale degli altri, ed in questi anni di emergenza sanitaria \u00e8 ancora pi\u00f9 importante&hellip; Continua a leggere &ldquo;Crediti personale scolastico&rdquo;&hellip;\" \/>\n<meta property=\"og:url\" content=\"https:\/\/old.accessibilitydays.it\/2022\/it\/crediti-docenti-studenti\/\" \/>\n<meta property=\"og:site_name\" content=\"Accessibility Days 2022\" \/>\n<meta property=\"article:publisher\" content=\"https:\/\/www.facebook.com\/AccessibilityDays\/\" \/>\n<meta property=\"article:modified_time\" content=\"2022-05-19T00:07:51+00:00\" \/>\n<meta name=\"twitter:card\" content=\"summary_large_image\" \/>\n<meta name=\"twitter:site\" content=\"@a11y_days\" \/>\n<meta name=\"twitter:label1\" content=\"Tempo di lettura stimato\" \/>\n\t<meta name=\"twitter:data1\" content=\"1 minuto\" \/>\n<script type=\"application\/ld+json\" class=\"yoast-schema-graph\">{\"@context\":\"https:\/\/schema.org\",\"@graph\":[{\"@type\":\"WebPage\",\"@id\":\"https:\/\/old.accessibilitydays.it\/2022\/it\/crediti-docenti-studenti\/\",\"url\":\"https:\/\/old.accessibilitydays.it\/2022\/it\/crediti-docenti-studenti\/\",\"name\":\"Crediti personale scolastico - Accessibility Days 2022\",\"isPartOf\":{\"@id\":\"https:\/\/old.accessibilitydays.it\/2022\/#website\"},\"datePublished\":\"2022-04-12T22:41:30+00:00\",\"dateModified\":\"2022-05-19T00:07:51+00:00\",\"breadcrumb\":{\"@id\":\"https:\/\/old.accessibilitydays.it\/2022\/it\/crediti-docenti-studenti\/#breadcrumb\"},\"inLanguage\":\"it-IT\",\"potentialAction\":[{\"@type\":\"ReadAction\",\"target\":[\"https:\/\/old.accessibilitydays.it\/2022\/it\/crediti-docenti-studenti\/\"]}]},{\"@type\":\"BreadcrumbList\",\"@id\":\"https:\/\/old.accessibilitydays.it\/2022\/it\/crediti-docenti-studenti\/#breadcrumb\",\"itemListElement\":[{\"@type\":\"ListItem\",\"position\":1,\"name\":\"Home\",\"item\":\"https:\/\/old.accessibilitydays.it\/2022\/it\/\"},{\"@type\":\"ListItem\",\"position\":2,\"name\":\"Crediti personale scolastico\"}]},{\"@type\":\"WebSite\",\"@id\":\"https:\/\/old.accessibilitydays.it\/2022\/#website\",\"url\":\"https:\/\/old.accessibilitydays.it\/2022\/\",\"name\":\"Accessibility Days 2021\",\"description\":\"Sensibilizzazione sull&#039;Accessibilit\u00e0 e sulle Disabilit\u00e0\",\"publisher\":{\"@id\":\"https:\/\/old.accessibilitydays.it\/2022\/#organization\"},\"potentialAction\":[{\"@type\":\"SearchAction\",\"target\":{\"@type\":\"EntryPoint\",\"urlTemplate\":\"https:\/\/old.accessibilitydays.it\/2022\/?s={search_term_string}\"},\"query-input\":{\"@type\":\"PropertyValueSpecification\",\"valueRequired\":true,\"valueName\":\"search_term_string\"}}],\"inLanguage\":\"it-IT\"},{\"@type\":\"Organization\",\"@id\":\"https:\/\/old.accessibilitydays.it\/2022\/#organization\",\"name\":\"Accessibility Days\",\"url\":\"https:\/\/old.accessibilitydays.it\/2022\/\",\"logo\":{\"@type\":\"ImageObject\",\"inLanguage\":\"it-IT\",\"@id\":\"https:\/\/old.accessibilitydays.it\/2022\/#\/schema\/logo\/image\/\",\"url\":\"https:\/\/old.accessibilitydays.it\/2022\/wp-content\/uploads\/sites\/8\/2022\/02\/Logo-sito.jpg\",\"contentUrl\":\"https:\/\/old.accessibilitydays.it\/2022\/wp-content\/uploads\/sites\/8\/2022\/02\/Logo-sito.jpg\",\"width\":300,\"height\":190,\"caption\":\"Accessibility Days\"},\"image\":{\"@id\":\"https:\/\/old.accessibilitydays.it\/2022\/#\/schema\/logo\/image\/\"},\"sameAs\":[\"https:\/\/www.facebook.com\/AccessibilityDays\/\",\"https:\/\/x.com\/a11y_days\",\"https:\/\/www.linkedin.com\/company\/accessibility-days\/\",\"https:\/\/www.youtube.com\/channel\/UCzFrbfqazVbmlwwSeA4DjOw\"]}]}<\/script>\n<!-- \/ Yoast SEO plugin. -->","yoast_head_json":{"title":"Crediti personale scolastico - Accessibility Days 2022","robots":{"index":"index","follow":"follow","max-snippet":"max-snippet:-1","max-image-preview":"max-image-preview:large","max-video-preview":"max-video-preview:-1"},"canonical":"https:\/\/old.accessibilitydays.it\/2022\/it\/crediti-docenti-studenti\/","og_locale":"it_IT","og_type":"article","og_title":"Crediti personale scolastico - Accessibility Days 2022","og_description":"Crediti per personale scolastico Svolgere la didattica in maniera inclusiva \u00e8 fondamentale, per dare la possibilit\u00e0 ad alunne ed alunni con disabilit\u00e0 di accedere allo stesso materiale degli altri, ed in questi anni di emergenza sanitaria \u00e8 ancora pi\u00f9 importante&hellip; Continua a leggere &ldquo;Crediti personale scolastico&rdquo;&hellip;","og_url":"https:\/\/old.accessibilitydays.it\/2022\/it\/crediti-docenti-studenti\/","og_site_name":"Accessibility Days 2022","article_publisher":"https:\/\/www.facebook.com\/AccessibilityDays\/","article_modified_time":"2022-05-19T00:07:51+00:00","twitter_card":"summary_large_image","twitter_site":"@a11y_days","twitter_misc":{"Tempo di lettura stimato":"1 minuto"},"schema":{"@context":"https:\/\/schema.org","@graph":[{"@type":"WebPage","@id":"https:\/\/old.accessibilitydays.it\/2022\/it\/crediti-docenti-studenti\/","url":"https:\/\/old.accessibilitydays.it\/2022\/it\/crediti-docenti-studenti\/","name":"Crediti personale scolastico - Accessibility Days 2022","isPartOf":{"@id":"https:\/\/old.accessibilitydays.it\/2022\/#website"},"datePublished":"2022-04-12T22:41:30+00:00","dateModified":"2022-05-19T00:07:51+00:00","breadcrumb":{"@id":"https:\/\/old.accessibilitydays.it\/2022\/it\/crediti-docenti-studenti\/#breadcrumb"},"inLanguage":"it-IT","potentialAction":[{"@type":"ReadAction","target":["https:\/\/old.accessibilitydays.it\/2022\/it\/crediti-docenti-studenti\/"]}]},{"@type":"BreadcrumbList","@id":"https:\/\/old.accessibilitydays.it\/2022\/it\/crediti-docenti-studenti\/#breadcrumb","itemListElement":[{"@type":"ListItem","position":1,"name":"Home","item":"https:\/\/old.accessibilitydays.it\/2022\/it\/"},{"@type":"ListItem","position":2,"name":"Crediti personale scolastico"}]},{"@type":"WebSite","@id":"https:\/\/old.accessibilitydays.it\/2022\/#website","url":"https:\/\/old.accessibilitydays.it\/2022\/","name":"Accessibility Days 2021","description":"Sensibilizzazione sull&#039;Accessibilit\u00e0 e sulle Disabilit\u00e0","publisher":{"@id":"https:\/\/old.accessibilitydays.it\/2022\/#organization"},"potentialAction":[{"@type":"SearchAction","target":{"@type":"EntryPoint","urlTemplate":"https:\/\/old.accessibilitydays.it\/2022\/?s={search_term_string}"},"query-input":{"@type":"PropertyValueSpecification","valueRequired":true,"valueName":"search_term_string"}}],"inLanguage":"it-IT"},{"@type":"Organization","@id":"https:\/\/old.accessibilitydays.it\/2022\/#organization","name":"Accessibility Days","url":"https:\/\/old.accessibilitydays.it\/2022\/","logo":{"@type":"ImageObject","inLanguage":"it-IT","@id":"https:\/\/old.accessibilitydays.it\/2022\/#\/schema\/logo\/image\/","url":"https:\/\/old.accessibilitydays.it\/2022\/wp-content\/uploads\/sites\/8\/2022\/02\/Logo-sito.jpg","contentUrl":"https:\/\/old.accessibilitydays.it\/2022\/wp-content\/uploads\/sites\/8\/2022\/02\/Logo-sito.jpg","width":300,"height":190,"caption":"Accessibility Days"},"image":{"@id":"https:\/\/old.accessibilitydays.it\/2022\/#\/schema\/logo\/image\/"},"sameAs":["https:\/\/www.facebook.com\/AccessibilityDays\/","https:\/\/x.com\/a11y_days","https:\/\/www.linkedin.com\/company\/accessibility-days\/","https:\/\/www.youtube.com\/channel\/UCzFrbfqazVbmlwwSeA4DjOw"]}]}},"acf":[],"_links":{"self":[{"href":"https:\/\/old.accessibilitydays.it\/2022\/wp-json\/wp\/v2\/pages\/4699","targetHints":{"allow":["GET"]}}],"collection":[{"href":"https:\/\/old.accessibilitydays.it\/2022\/wp-json\/wp\/v2\/pages"}],"about":[{"href":"https:\/\/old.accessibilitydays.it\/2022\/wp-json\/wp\/v2\/types\/page"}],"author":[{"embeddable":true,"href":"https:\/\/old.accessibilitydays.it\/2022\/wp-json\/wp\/v2\/users\/3"}],"replies":[{"embeddable":true,"href":"https:\/\/old.accessibilitydays.it\/2022\/wp-json\/wp\/v2\/comments?post=4699"}],"version-history":[{"count":9,"href":"https:\/\/old.accessibilitydays.it\/2022\/wp-json\/wp\/v2\/pages\/4699\/revisions"}],"predecessor-version":[{"id":5594,"href":"https:\/\/old.accessibilitydays.it\/2022\/wp-json\/wp\/v2\/pages\/4699\/revisions\/5594"}],"wp:attachment":[{"href":"https:\/\/old.accessibilitydays.it\/2022\/wp-json\/wp\/v2\/media?parent=4699"}],"curies":[{"name":"wp","href":"https:\/\/api.w.org\/{rel}","templated":true}]}}