{"id":66,"date":"2019-02-17T21:43:36","date_gmt":"2019-02-17T20:43:36","guid":{"rendered":"https:\/\/accessibilitydays.it\/2022\/?page_id=66"},"modified":"2025-05-14T16:12:04","modified_gmt":"2025-05-14T14:12:04","slug":"location","status":"publish","type":"page","link":"https:\/\/old.accessibilitydays.it\/2022\/it\/location\/","title":{"rendered":"Location"},"content":{"rendered":"\n\n\t<h2>Un evento ibrido: in presenza e streaming<\/h2>\nPer l&#8217;edizione 2022 degli Accessibility Days, a grande richiesta torneremo (anche) in presenza, con un evento che si svolger\u00e0 in modalit\u00e0 ibrida!<br \/>\nAvremo infatti il piacere di essere ospitati presso la prestigiosa sede dell&#8217;Istituto dei Ciechi di Milano, luogo in cui avrebbe dovuto svolgersi l&#8217;edizione 2020 secondo i piani originali&#8230; ma poi sappiamo come sono andate a finire le cose!<br \/>\nRiprenderemo perci\u00f2 con le attivit\u00e0 in presenza, laddove ci eravamo interrotti: ci aspettano tante iniziative che ci sono mancate tantissimo negli ultimi due anni, come le esperienze sensoriali, i laboratori, ed ovviamente tutta la componente di relazioni e networking che, se svolte in presenza, hanno una marcia in pi\u00f9.\n<h2>Partecipare via streaming<\/h2>\n<p>Per assistere allo streaming occorre registrarsi all&#8217;evento: tramite mail vi invieremo le informazioni necessarie per il collegamento.<\/p>\n<h2>In presenza: Istituto dei Ciechi di Milano<\/h2>\nIndirizzo: Via Vivaio, 7, Milano<br \/>\nSito: <a href=\"http:\/\/www.istciechimilano.it\/\">http:\/\/www.istciechimilano.it\/<\/a><br \/>\n\t<iframe loading=\"lazy\" src=\"https:\/\/www.google.com\/maps\/embed?pb=!1m18!1m12!1m3!1d2798.0458903468125!2d9.201476315557587!3d45.46887947910103!2m3!1f0!2f0!3f0!3m2!1i1024!2i768!4f13.1!3m3!1m2!1s0x4786c6bc60beeaa9%3A0xb6bd2750217eed3f!2sIstituto%20dei%20Ciechi%20di%20Milano!5e0!3m2!1sit!2sit!4v1581165295690!5m2!1sit!2sit\" width=\"600\" height=\"375\" frameborder=\"0\" allowfullscreen=\"\"><\/iframe><br \/>\n\t\t\t\t<img loading=\"lazy\" decoding=\"async\" src=\"https:\/\/old.accessibilitydays.it\/2022\/wp-content\/uploads\/sites\/8\/2020\/02\/Istituto-dei-Ciechi-di-Milano.jpg\" alt=\"Foto dell'Istituto dei Ciechi di Milano\" itemprop=\"image\" height=\"375\" width=\"500\" title=\"Istituto dei Ciechi di Milano\" onerror=\"this.style.display='none'\"  \/><br \/>\n\t\t\t\t\t\tIstituto dei Ciechi di Milano\n<h2>Come raggiungere l&#8217;Istituto dei Ciechi<\/h2>\n<p><strong>Posizione: <\/strong><a href=\"https:\/\/goo.gl\/maps\/WFxn2an55HPd8ZSKA\">apri su Google Maps<\/a><\/p>\n<p><strong>Metropolitana: <\/strong>Linea 1: fermate San Babila e Palestro.<\/p>\n<p><strong>In auto: ATTENZIONE! L&#8217;istituto si trova all&#8217;interno della ZTL<\/strong>. Si pu\u00f2 arrivare in auto ai bordi di Milano, lasciando l&#8217;auto in un parcheggio ATM, e da l\u00ec prendere la metropolitana. Oppure, si pu\u00f2 entrare nella ZTL pagando il ticket di ingresso in Area C.<\/p>\n<p>&nbsp;<\/p>\n<h2>Informazioni su Track e Aule<\/h2>\n<p><strong>Aule per le sessioni<\/strong><\/p>\n<ul>\n<li>Track 1: Sala Barozzi, Piano Terra<\/li>\n<li>Track 2: Sala Stoppani, 1\u00b0 Piano<\/li>\n<li>Track 3: Aula Tocca e Impara, 2\u00b0 Piano<\/li>\n<\/ul>\n<p><strong>Aule per i workshop<\/strong><\/p>\n<ul>\n<li>Aula Workshop 1: collocata al 1\u00b0 Piano<\/li>\n<li>Aula Workshop 2: collocata al 1\u00b0 Piano<\/li>\n<li>Aula Workshop 3: collocata al 1\u00b0 Piano<\/li>\n<li>Aula Workshop 4: collocata al 2\u00b0 Piano<\/li>\n<li>Aula Workshop Maker: Sala Mostre, Piano Terra (vicino all&#8217;ingresso)<\/li>\n<\/ul>\n\n","protected":false},"excerpt":{"rendered":"<div class=\"entry-summary\">\n<div class=\"entry-summary\">\nUn evento ibrido: in presenza e streaming Per l&#8217;edizione 2022 degli Accessibility Days, a grande richiesta torneremo (anche) in presenza, con un evento che si svolger\u00e0 in modalit\u00e0 ibrida! Avremo infatti il piacere di essere ospitati presso la prestigiosa sede&hellip;\n<\/div>\n<div class=\"link-more\"><a href=\"https:\/\/old.accessibilitydays.it\/2022\/it\/location\/\" class=\"more-link\">Continua a leggere <span class=\"screen-reader-text\"> &ldquo;Location&rdquo;<\/span>&hellip;<\/a><\/div>\n<\/div>\n<div class=\"link-more\"><a href=\"https:\/\/old.accessibilitydays.it\/2022\/it\/location\/\" class=\"more-link\">Continua a leggere <span class=\"screen-reader-text\"> &ldquo;Location&rdquo;<\/span>&hellip;<\/a><\/div>\n","protected":false},"author":3,"featured_media":0,"parent":0,"menu_order":0,"comment_status":"closed","ping_status":"closed","template":"","meta":{"_acf_changed":false,"footnotes":""},"class_list":["post-66","page","type-page","status-publish","hentry","entry"],"yoast_head":"<!-- This site is optimized with the Yoast SEO plugin v25.6 - https:\/\/yoast.com\/wordpress\/plugins\/seo\/ -->\n<title>Location - Accessibility Days 2022<\/title>\n<meta name=\"robots\" content=\"index, follow, max-snippet:-1, max-image-preview:large, max-video-preview:-1\" \/>\n<link rel=\"canonical\" href=\"https:\/\/old.accessibilitydays.it\/2022\/it\/location\/\" \/>\n<meta property=\"og:locale\" content=\"it_IT\" \/>\n<meta property=\"og:type\" content=\"article\" \/>\n<meta property=\"og:title\" content=\"Location - Accessibility Days 2022\" \/>\n<meta property=\"og:description\" content=\"Un evento ibrido: in presenza e streaming Per l&#8217;edizione 2022 degli Accessibility Days, a grande richiesta torneremo (anche) in presenza, con un evento che si svolger\u00e0 in modalit\u00e0 ibrida! Avremo infatti il piacere di essere ospitati presso la prestigiosa sede&hellip; Continua a leggere &ldquo;Location&rdquo;&hellip;\" \/>\n<meta property=\"og:url\" content=\"https:\/\/old.accessibilitydays.it\/2022\/it\/location\/\" \/>\n<meta property=\"og:site_name\" content=\"Accessibility Days 2022\" \/>\n<meta property=\"article:publisher\" content=\"https:\/\/www.facebook.com\/AccessibilityDays\/\" \/>\n<meta property=\"article:modified_time\" content=\"2025-05-14T14:12:04+00:00\" \/>\n<meta property=\"og:image\" content=\"https:\/\/old.accessibilitydays.it\/2022\/wp-content\/uploads\/sites\/8\/2020\/02\/Istituto-dei-Ciechi-di-Milano.jpg\" \/>\n<meta name=\"twitter:card\" content=\"summary_large_image\" \/>\n<meta name=\"twitter:site\" content=\"@a11y_days\" \/>\n<meta name=\"twitter:label1\" content=\"Tempo di lettura stimato\" \/>\n\t<meta name=\"twitter:data1\" content=\"1 minuto\" \/>\n<script type=\"application\/ld+json\" class=\"yoast-schema-graph\">{\"@context\":\"https:\/\/schema.org\",\"@graph\":[{\"@type\":\"WebPage\",\"@id\":\"https:\/\/old.accessibilitydays.it\/2022\/it\/location\/\",\"url\":\"https:\/\/old.accessibilitydays.it\/2022\/it\/location\/\",\"name\":\"Location - Accessibility Days 2022\",\"isPartOf\":{\"@id\":\"https:\/\/old.accessibilitydays.it\/2022\/#website\"},\"primaryImageOfPage\":{\"@id\":\"https:\/\/old.accessibilitydays.it\/2022\/it\/location\/#primaryimage\"},\"image\":{\"@id\":\"https:\/\/old.accessibilitydays.it\/2022\/it\/location\/#primaryimage\"},\"thumbnailUrl\":\"https:\/\/old.accessibilitydays.it\/2022\/wp-content\/uploads\/sites\/8\/2020\/02\/Istituto-dei-Ciechi-di-Milano.jpg\",\"datePublished\":\"2019-02-17T20:43:36+00:00\",\"dateModified\":\"2025-05-14T14:12:04+00:00\",\"breadcrumb\":{\"@id\":\"https:\/\/old.accessibilitydays.it\/2022\/it\/location\/#breadcrumb\"},\"inLanguage\":\"it-IT\",\"potentialAction\":[{\"@type\":\"ReadAction\",\"target\":[\"https:\/\/old.accessibilitydays.it\/2022\/it\/location\/\"]}]},{\"@type\":\"ImageObject\",\"inLanguage\":\"it-IT\",\"@id\":\"https:\/\/old.accessibilitydays.it\/2022\/it\/location\/#primaryimage\",\"url\":\"https:\/\/old.accessibilitydays.it\/2022\/wp-content\/uploads\/sites\/8\/2020\/02\/Istituto-dei-Ciechi-di-Milano.jpg\",\"contentUrl\":\"https:\/\/old.accessibilitydays.it\/2022\/wp-content\/uploads\/sites\/8\/2020\/02\/Istituto-dei-Ciechi-di-Milano.jpg\",\"width\":500,\"height\":375,\"caption\":\"Istituto dei Ciechi di Milano\"},{\"@type\":\"BreadcrumbList\",\"@id\":\"https:\/\/old.accessibilitydays.it\/2022\/it\/location\/#breadcrumb\",\"itemListElement\":[{\"@type\":\"ListItem\",\"position\":1,\"name\":\"Home\",\"item\":\"https:\/\/old.accessibilitydays.it\/2022\/it\/\"},{\"@type\":\"ListItem\",\"position\":2,\"name\":\"Location\"}]},{\"@type\":\"WebSite\",\"@id\":\"https:\/\/old.accessibilitydays.it\/2022\/#website\",\"url\":\"https:\/\/old.accessibilitydays.it\/2022\/\",\"name\":\"Accessibility Days 2021\",\"description\":\"Sensibilizzazione sull&#039;Accessibilit\u00e0 e sulle Disabilit\u00e0\",\"publisher\":{\"@id\":\"https:\/\/old.accessibilitydays.it\/2022\/#organization\"},\"potentialAction\":[{\"@type\":\"SearchAction\",\"target\":{\"@type\":\"EntryPoint\",\"urlTemplate\":\"https:\/\/old.accessibilitydays.it\/2022\/?s={search_term_string}\"},\"query-input\":{\"@type\":\"PropertyValueSpecification\",\"valueRequired\":true,\"valueName\":\"search_term_string\"}}],\"inLanguage\":\"it-IT\"},{\"@type\":\"Organization\",\"@id\":\"https:\/\/old.accessibilitydays.it\/2022\/#organization\",\"name\":\"Accessibility Days\",\"url\":\"https:\/\/old.accessibilitydays.it\/2022\/\",\"logo\":{\"@type\":\"ImageObject\",\"inLanguage\":\"it-IT\",\"@id\":\"https:\/\/old.accessibilitydays.it\/2022\/#\/schema\/logo\/image\/\",\"url\":\"https:\/\/old.accessibilitydays.it\/2022\/wp-content\/uploads\/sites\/8\/2022\/02\/Logo-sito.jpg\",\"contentUrl\":\"https:\/\/old.accessibilitydays.it\/2022\/wp-content\/uploads\/sites\/8\/2022\/02\/Logo-sito.jpg\",\"width\":300,\"height\":190,\"caption\":\"Accessibility Days\"},\"image\":{\"@id\":\"https:\/\/old.accessibilitydays.it\/2022\/#\/schema\/logo\/image\/\"},\"sameAs\":[\"https:\/\/www.facebook.com\/AccessibilityDays\/\",\"https:\/\/x.com\/a11y_days\",\"https:\/\/www.linkedin.com\/company\/accessibility-days\/\",\"https:\/\/www.youtube.com\/channel\/UCzFrbfqazVbmlwwSeA4DjOw\"]}]}<\/script>\n<!-- \/ Yoast SEO plugin. -->","yoast_head_json":{"title":"Location - Accessibility Days 2022","robots":{"index":"index","follow":"follow","max-snippet":"max-snippet:-1","max-image-preview":"max-image-preview:large","max-video-preview":"max-video-preview:-1"},"canonical":"https:\/\/old.accessibilitydays.it\/2022\/it\/location\/","og_locale":"it_IT","og_type":"article","og_title":"Location - Accessibility Days 2022","og_description":"Un evento ibrido: in presenza e streaming Per l&#8217;edizione 2022 degli Accessibility Days, a grande richiesta torneremo (anche) in presenza, con un evento che si svolger\u00e0 in modalit\u00e0 ibrida! Avremo infatti il piacere di essere ospitati presso la prestigiosa sede&hellip; Continua a leggere &ldquo;Location&rdquo;&hellip;","og_url":"https:\/\/old.accessibilitydays.it\/2022\/it\/location\/","og_site_name":"Accessibility Days 2022","article_publisher":"https:\/\/www.facebook.com\/AccessibilityDays\/","article_modified_time":"2025-05-14T14:12:04+00:00","og_image":[{"url":"https:\/\/old.accessibilitydays.it\/2022\/wp-content\/uploads\/sites\/8\/2020\/02\/Istituto-dei-Ciechi-di-Milano.jpg","type":"","width":"","height":""}],"twitter_card":"summary_large_image","twitter_site":"@a11y_days","twitter_misc":{"Tempo di lettura stimato":"1 minuto"},"schema":{"@context":"https:\/\/schema.org","@graph":[{"@type":"WebPage","@id":"https:\/\/old.accessibilitydays.it\/2022\/it\/location\/","url":"https:\/\/old.accessibilitydays.it\/2022\/it\/location\/","name":"Location - Accessibility Days 2022","isPartOf":{"@id":"https:\/\/old.accessibilitydays.it\/2022\/#website"},"primaryImageOfPage":{"@id":"https:\/\/old.accessibilitydays.it\/2022\/it\/location\/#primaryimage"},"image":{"@id":"https:\/\/old.accessibilitydays.it\/2022\/it\/location\/#primaryimage"},"thumbnailUrl":"https:\/\/old.accessibilitydays.it\/2022\/wp-content\/uploads\/sites\/8\/2020\/02\/Istituto-dei-Ciechi-di-Milano.jpg","datePublished":"2019-02-17T20:43:36+00:00","dateModified":"2025-05-14T14:12:04+00:00","breadcrumb":{"@id":"https:\/\/old.accessibilitydays.it\/2022\/it\/location\/#breadcrumb"},"inLanguage":"it-IT","potentialAction":[{"@type":"ReadAction","target":["https:\/\/old.accessibilitydays.it\/2022\/it\/location\/"]}]},{"@type":"ImageObject","inLanguage":"it-IT","@id":"https:\/\/old.accessibilitydays.it\/2022\/it\/location\/#primaryimage","url":"https:\/\/old.accessibilitydays.it\/2022\/wp-content\/uploads\/sites\/8\/2020\/02\/Istituto-dei-Ciechi-di-Milano.jpg","contentUrl":"https:\/\/old.accessibilitydays.it\/2022\/wp-content\/uploads\/sites\/8\/2020\/02\/Istituto-dei-Ciechi-di-Milano.jpg","width":500,"height":375,"caption":"Istituto dei Ciechi di Milano"},{"@type":"BreadcrumbList","@id":"https:\/\/old.accessibilitydays.it\/2022\/it\/location\/#breadcrumb","itemListElement":[{"@type":"ListItem","position":1,"name":"Home","item":"https:\/\/old.accessibilitydays.it\/2022\/it\/"},{"@type":"ListItem","position":2,"name":"Location"}]},{"@type":"WebSite","@id":"https:\/\/old.accessibilitydays.it\/2022\/#website","url":"https:\/\/old.accessibilitydays.it\/2022\/","name":"Accessibility Days 2021","description":"Sensibilizzazione sull&#039;Accessibilit\u00e0 e sulle Disabilit\u00e0","publisher":{"@id":"https:\/\/old.accessibilitydays.it\/2022\/#organization"},"potentialAction":[{"@type":"SearchAction","target":{"@type":"EntryPoint","urlTemplate":"https:\/\/old.accessibilitydays.it\/2022\/?s={search_term_string}"},"query-input":{"@type":"PropertyValueSpecification","valueRequired":true,"valueName":"search_term_string"}}],"inLanguage":"it-IT"},{"@type":"Organization","@id":"https:\/\/old.accessibilitydays.it\/2022\/#organization","name":"Accessibility Days","url":"https:\/\/old.accessibilitydays.it\/2022\/","logo":{"@type":"ImageObject","inLanguage":"it-IT","@id":"https:\/\/old.accessibilitydays.it\/2022\/#\/schema\/logo\/image\/","url":"https:\/\/old.accessibilitydays.it\/2022\/wp-content\/uploads\/sites\/8\/2022\/02\/Logo-sito.jpg","contentUrl":"https:\/\/old.accessibilitydays.it\/2022\/wp-content\/uploads\/sites\/8\/2022\/02\/Logo-sito.jpg","width":300,"height":190,"caption":"Accessibility Days"},"image":{"@id":"https:\/\/old.accessibilitydays.it\/2022\/#\/schema\/logo\/image\/"},"sameAs":["https:\/\/www.facebook.com\/AccessibilityDays\/","https:\/\/x.com\/a11y_days","https:\/\/www.linkedin.com\/company\/accessibility-days\/","https:\/\/www.youtube.com\/channel\/UCzFrbfqazVbmlwwSeA4DjOw"]}]}},"acf":[],"_links":{"self":[{"href":"https:\/\/old.accessibilitydays.it\/2022\/wp-json\/wp\/v2\/pages\/66","targetHints":{"allow":["GET"]}}],"collection":[{"href":"https:\/\/old.accessibilitydays.it\/2022\/wp-json\/wp\/v2\/pages"}],"about":[{"href":"https:\/\/old.accessibilitydays.it\/2022\/wp-json\/wp\/v2\/types\/page"}],"author":[{"embeddable":true,"href":"https:\/\/old.accessibilitydays.it\/2022\/wp-json\/wp\/v2\/users\/3"}],"replies":[{"embeddable":true,"href":"https:\/\/old.accessibilitydays.it\/2022\/wp-json\/wp\/v2\/comments?post=66"}],"version-history":[{"count":25,"href":"https:\/\/old.accessibilitydays.it\/2022\/wp-json\/wp\/v2\/pages\/66\/revisions"}],"predecessor-version":[{"id":6022,"href":"https:\/\/old.accessibilitydays.it\/2022\/wp-json\/wp\/v2\/pages\/66\/revisions\/6022"}],"wp:attachment":[{"href":"https:\/\/old.accessibilitydays.it\/2022\/wp-json\/wp\/v2\/media?parent=66"}],"curies":[{"name":"wp","href":"https:\/\/api.w.org\/{rel}","templated":true}]}}