{"id":666,"date":"2019-04-18T00:42:33","date_gmt":"2019-04-17T22:42:33","guid":{"rendered":"https:\/\/accessibilitydays.it\/2022\/?page_id=666"},"modified":"2025-05-14T16:05:20","modified_gmt":"2025-05-14T14:05:20","slug":"agenda","status":"publish","type":"page","link":"https:\/\/old.accessibilitydays.it\/2022\/it\/agenda\/","title":{"rendered":"Agenda Accessibility Days 2022"},"content":{"rendered":"\n\n\t<h2>Sessioni e Workshop<\/h2>\n<h4>Venerd\u00ec 20 Maggio 2022<\/h4>\n<ol>\n<li><a href=\"https:\/\/old.accessibilitydays.it\/2022\/it\/programma\/agenda-venerdi-sessioni\/\">Sessioni Venerd\u00ec\u00a0<\/a><\/li>\n<li><a href=\"https:\/\/old.accessibilitydays.it\/2022\/it\/programma\/agenda-venerdi-workshop\/\">Workshop Venerd\u00ec<\/a><\/li>\n<\/ol>\n<h4>Sabato 21 Maggio 2022<\/h4>\n<ol>\n<li><a href=\"https:\/\/old.accessibilitydays.it\/2022\/it\/programma\/agenda-sabato-sessioni\/\">Sessioni Sabato<\/a><\/li>\n<li><a href=\"https:\/\/old.accessibilitydays.it\/2022\/it\/programma\/agenda-sabato-workshop\/\">Workshop Sabato<\/a><\/li>\n<\/ol>\n<h2>Espositori<\/h2>\n<p><a href=\"https:\/\/old.accessibilitydays.it\/2022\/it\/espositori\/\">Vai all&#8217;elenco degli espositori<\/a><\/p>\n<h2>Webinar pre-evento<\/h2>\n<p><a href=\"https:\/\/old.accessibilitydays.it\/2022\/it\/webinar-pre-evento\/\">Vai alla lista dei webinar che si svolgeranno a partire da aprile.<\/a><\/p>\n<h2>Dialogo nel Buio e Cena al Buio<\/h2>\n<p>Una delle esperienze sensoriali che potr\u00e0 vivere chi parteciper\u00e0 in presenza a Milano.<\/p>\n<p><a href=\"https:\/\/old.accessibilitydays.it\/2022\/it\/dialogo-nel-buio\/\">Vai alle informazioni su Dialogo nel Buio e sulla Cena al Buio<\/a><\/p>\n<p>&nbsp;<\/p>\n<h2>Partecipare in presenza o in streaming?<\/h2>\n<h4>Ecco alcuni dei vantaggi di cui potrai beneficiare se parteciperai in presenza:<\/h4>\n<ol>\n<li><strong>Networking tra i partecipanti<\/strong>. per quanti tentativi sono stati fatti per replicare l&#8217;esperienza negli eventi online, tramite sistemi di chat o altre modalit\u00e0, purtroppo nulla si avvicina alle possibilit\u00e0 del networking con gli eventi in presenza. Compreso ci\u00f2 che si pu\u00f2 fare anche al termine della giornata, come aperitivi, cene o birre per concludere la serata in compagnia delle persone incontrate.<\/li>\n<li><strong>Possibilit\u00e0 di interfacciarsi con gli speaker.\u00a0<\/strong>Sar\u00e0 pi\u00f9 facile &#8220;intercettarli&#8221; per confrontarsi con loro o fargli ulteriori domande, anche una volta che il loro intervento \u00e8 concluso.<\/li>\n<li><strong>Conoscere noi organizzatori \ud83d\ude42<\/strong>\u00a0Purtroppo negli ultimi due anni abbiamo avuto tantissimi iscritti alla conferenza, ma sono ben pochi quelli che siamo poi riusciti effettivamente a conoscere. Ci piace ascoltare le vostre storie, conoscere le vostre professioni ed esperienze, per mettervi in contatto quando capitano opportunit\u00e0, sempre nell&#8217;ottica di fare networking e, se possibile, rispondere a esigenze che possono nascere all&#8217;interno della nostra community.<\/li>\n<li><strong>Pi\u00f9 immersi e concentrati nel contesto.\u00a0<\/strong>Inutile negarlo, mentre seguiamo gli eventi online spesso siamo distratti, presi come siamo dai mille impegni quotidiani. In presenza sicuramente queste distrazioni vengono meno, e grazie all&#8217;Istituto dei Ciechi che far\u00e0 da sfondo saremo immersi in un contesto che ci coinvolger\u00e0 molto di pi\u00f9 di quanto avverrebbe online!<strong><br \/>\n<\/strong><\/li>\n<li><strong>Partecipare ai workshop<\/strong>. Oltre a tre track dedicate a sessioni &#8220;frontali&#8221;, avremo altre tre track (se non quattro!) dedicate a workshop e laboratori. Questi contenuti non saranno trasmessi in streaming n\u00e9 registrati, sia per motivi tecnici, sia per le modalit\u00e0 di coinvolgimento dei partecipanti. Godere di contenuti come quelli che saranno erogati durante questi workshop, sicuramente pu\u00f2 essere un buon motivo per partecipare in presenza!<\/li>\n<li><strong>Banchetti e aree espositive.\u00a0<\/strong>Altra novit\u00e0 di questa edizione, avremo a disposizione oltre 20 tra banchetti ed aree espositive, in cui troveremo istituzioni ed aziende pronte a illustrarci tecnologie assistive, approfondire aspetti legati alla disabilit\u00e0, oppure descrivere dei prodotti o servizi all&#8217;accessibilit\u00e0 svolti dalla propria organizzazione. Inoltre, avremo anche delle esposizioni &#8220;particolari&#8221;, di cui potremo parlarvi pi\u00f9 approfonditamente nelle prossime settimane. Anche nel caso di questi contenuti, purtroppo lo streaming non \u00e8 tecnicamente realizzabile.<\/li>\n<li><strong>Area gaming accessibile<\/strong>. Oltre ai banchetti espositivi di cui vi abbiamo appena parlato, avremo delle aree per argomenti specifici. Come gi\u00e0 avvenuto nel 2019, avremo uno spazio dedicato al gaming e all&#8217;intrattenimento, con alcune delle principali aziende italiane che si occupano di questo ambito!<\/li>\n<li><strong>L&#8217;angolo dei maker.<\/strong>\u00a0Ed anche in quest&#8217;edizione non potr\u00e0 mancare un&#8217;area riservata ai maker, con alcuni interessanti dispositivi che potranno essere provati in prima persona.<\/li>\n<li><strong>Mascherine trasparenti<\/strong>. Proprio in quest&#8217;ultime ore sono state annunciate le novit\u00e0 che ci accompagneranno nella prossima fase di uscita dall&#8217;emergenza sanitaria. Ovviamente tutti speriamo che veramente l&#8217;emergenza termini, e che finalmente potremo fare a meno delle mascherine! In ogni caso, da buoni &#8220;ingegneri&#8221; che cercano di analizzare i rischi, abbiamo pensato bene di muoverci per avere a disposizione delle mascherine anti-covid di tipo trasparente, per garantire la realizzazione di un evento realmente inclusivo e accessibile a tutti.<br \/>\nQuello che pu\u00f2 sembrare un dettaglio, la mascherina trasparente, permetter\u00e0 l&#8217;eliminazione di una barriera nei confronti delle persone con disabilit\u00e0 uditiva. E abbiamo trovato anche chi crede al nostro progetto e ha deciso di supportarci, donandoci una fornitura per oltre 2.000\u20ac: l&#8217;azienda\u00a0<a href=\"https:\/\/accessibilitydays.voxmail.it\/nl\/pv5f4n\/xrlaxq\/qucjn\/uf\/1\/aHR0cHM6Ly9zaG9wLmRpZW5waS5jb20v?_d=72H&amp;_c=aa24580f\">Dienpi Srl!<\/a><br \/>\nNon sappiamo se effettivamente potremo fare a meno delle mascherine nei giorni dell&#8217;evento, noi intanto siamo attrezzati per ogni evenienza!<\/li>\n<li><strong>Dialogo nel Buio<\/strong>. Nelle passate edizioni in presenza abbiamo avuto esperienze come cene, aperitivi o passeggiate al buio. L&#8217;Istituto dei Ciechi di Milano offre una specifica &#8220;esperienza&#8221;, chiamata Dialogo nel Buio. Un&#8217;esperienza unica, diversa da altre che potreste aver gi\u00e0 vissuto, se vi \u00e8 capitato di partecipare ad esempio a qualche cena al buio. Anche di questo vi racconteremo meglio nei prossimi giorni!<\/li>\n<li><strong>Unicum<\/strong>. E a proposito di unicit\u00e0, ogni edizione degli Accessibility Days \u00e8 sempre stata diversa dalle altre, con esperienze e modalit\u00e0 che di volta in volta cambiano. Non vorrete mica perdervi l&#8217;esperienza che potremo fare quest&#8217;anno presso l&#8217;Istituto dei Ciechi?<\/li>\n<\/ol>\n\n","protected":false},"excerpt":{"rendered":"<div class=\"entry-summary\">\n<div class=\"entry-summary\">\nSessioni e Workshop Venerd\u00ec 20 Maggio 2022 Sessioni Venerd\u00ec\u00a0 Workshop Venerd\u00ec Sabato 21 Maggio 2022 Sessioni Sabato Workshop Sabato Espositori Vai all&#8217;elenco degli espositori Webinar pre-evento Vai alla lista dei webinar che si svolgeranno a partire da aprile. Dialogo nel&hellip;\n<\/div>\n<div class=\"link-more\"><a href=\"https:\/\/old.accessibilitydays.it\/2022\/it\/agenda\/\" class=\"more-link\">Continua a leggere <span class=\"screen-reader-text\"> &ldquo;Agenda Accessibility Days 2022&rdquo;<\/span>&hellip;<\/a><\/div>\n<\/div>\n<div class=\"link-more\"><a href=\"https:\/\/old.accessibilitydays.it\/2022\/it\/agenda\/\" class=\"more-link\">Continua a leggere <span class=\"screen-reader-text\"> &ldquo;Agenda Accessibility Days 2022&rdquo;<\/span>&hellip;<\/a><\/div>\n","protected":false},"author":4,"featured_media":0,"parent":0,"menu_order":0,"comment_status":"closed","ping_status":"closed","template":"","meta":{"_acf_changed":false,"footnotes":""},"class_list":["post-666","page","type-page","status-publish","hentry","entry"],"yoast_head":"<!-- This site is optimized with the Yoast SEO plugin v25.6 - https:\/\/yoast.com\/wordpress\/plugins\/seo\/ -->\n<title>Agenda Accessibility Days 2022 - Accessibility Days 2022<\/title>\n<meta name=\"robots\" content=\"index, follow, max-snippet:-1, max-image-preview:large, max-video-preview:-1\" \/>\n<link rel=\"canonical\" href=\"https:\/\/old.accessibilitydays.it\/2022\/it\/agenda\/\" \/>\n<meta property=\"og:locale\" content=\"it_IT\" \/>\n<meta property=\"og:type\" content=\"article\" \/>\n<meta property=\"og:title\" content=\"Agenda Accessibility Days 2022 - Accessibility Days 2022\" \/>\n<meta property=\"og:description\" content=\"Sessioni e Workshop Venerd\u00ec 20 Maggio 2022 Sessioni Venerd\u00ec\u00a0 Workshop Venerd\u00ec Sabato 21 Maggio 2022 Sessioni Sabato Workshop Sabato Espositori Vai all&#8217;elenco degli espositori Webinar pre-evento Vai alla lista dei webinar che si svolgeranno a partire da aprile. Dialogo nel&hellip; Continua a leggere &ldquo;Agenda Accessibility Days 2022&rdquo;&hellip;\" \/>\n<meta property=\"og:url\" content=\"https:\/\/old.accessibilitydays.it\/2022\/it\/agenda\/\" \/>\n<meta property=\"og:site_name\" content=\"Accessibility Days 2022\" \/>\n<meta property=\"article:publisher\" content=\"https:\/\/www.facebook.com\/AccessibilityDays\/\" \/>\n<meta property=\"article:modified_time\" content=\"2025-05-14T14:05:20+00:00\" \/>\n<meta name=\"twitter:card\" content=\"summary_large_image\" \/>\n<meta name=\"twitter:site\" content=\"@a11y_days\" \/>\n<meta name=\"twitter:label1\" content=\"Tempo di lettura stimato\" \/>\n\t<meta name=\"twitter:data1\" content=\"4 minuti\" \/>\n<script type=\"application\/ld+json\" class=\"yoast-schema-graph\">{\"@context\":\"https:\/\/schema.org\",\"@graph\":[{\"@type\":\"WebPage\",\"@id\":\"https:\/\/old.accessibilitydays.it\/2022\/it\/agenda\/\",\"url\":\"https:\/\/old.accessibilitydays.it\/2022\/it\/agenda\/\",\"name\":\"Agenda Accessibility Days 2022 - Accessibility Days 2022\",\"isPartOf\":{\"@id\":\"https:\/\/old.accessibilitydays.it\/2022\/#website\"},\"datePublished\":\"2019-04-17T22:42:33+00:00\",\"dateModified\":\"2025-05-14T14:05:20+00:00\",\"breadcrumb\":{\"@id\":\"https:\/\/old.accessibilitydays.it\/2022\/it\/agenda\/#breadcrumb\"},\"inLanguage\":\"it-IT\",\"potentialAction\":[{\"@type\":\"ReadAction\",\"target\":[\"https:\/\/old.accessibilitydays.it\/2022\/it\/agenda\/\"]}]},{\"@type\":\"BreadcrumbList\",\"@id\":\"https:\/\/old.accessibilitydays.it\/2022\/it\/agenda\/#breadcrumb\",\"itemListElement\":[{\"@type\":\"ListItem\",\"position\":1,\"name\":\"Home\",\"item\":\"https:\/\/old.accessibilitydays.it\/2022\/it\/\"},{\"@type\":\"ListItem\",\"position\":2,\"name\":\"Agenda Accessibility Days 2022\"}]},{\"@type\":\"WebSite\",\"@id\":\"https:\/\/old.accessibilitydays.it\/2022\/#website\",\"url\":\"https:\/\/old.accessibilitydays.it\/2022\/\",\"name\":\"Accessibility Days 2021\",\"description\":\"Sensibilizzazione sull&#039;Accessibilit\u00e0 e sulle Disabilit\u00e0\",\"publisher\":{\"@id\":\"https:\/\/old.accessibilitydays.it\/2022\/#organization\"},\"potentialAction\":[{\"@type\":\"SearchAction\",\"target\":{\"@type\":\"EntryPoint\",\"urlTemplate\":\"https:\/\/old.accessibilitydays.it\/2022\/?s={search_term_string}\"},\"query-input\":{\"@type\":\"PropertyValueSpecification\",\"valueRequired\":true,\"valueName\":\"search_term_string\"}}],\"inLanguage\":\"it-IT\"},{\"@type\":\"Organization\",\"@id\":\"https:\/\/old.accessibilitydays.it\/2022\/#organization\",\"name\":\"Accessibility Days\",\"url\":\"https:\/\/old.accessibilitydays.it\/2022\/\",\"logo\":{\"@type\":\"ImageObject\",\"inLanguage\":\"it-IT\",\"@id\":\"https:\/\/old.accessibilitydays.it\/2022\/#\/schema\/logo\/image\/\",\"url\":\"https:\/\/old.accessibilitydays.it\/2022\/wp-content\/uploads\/sites\/8\/2022\/02\/Logo-sito.jpg\",\"contentUrl\":\"https:\/\/old.accessibilitydays.it\/2022\/wp-content\/uploads\/sites\/8\/2022\/02\/Logo-sito.jpg\",\"width\":300,\"height\":190,\"caption\":\"Accessibility Days\"},\"image\":{\"@id\":\"https:\/\/old.accessibilitydays.it\/2022\/#\/schema\/logo\/image\/\"},\"sameAs\":[\"https:\/\/www.facebook.com\/AccessibilityDays\/\",\"https:\/\/x.com\/a11y_days\",\"https:\/\/www.linkedin.com\/company\/accessibility-days\/\",\"https:\/\/www.youtube.com\/channel\/UCzFrbfqazVbmlwwSeA4DjOw\"]}]}<\/script>\n<!-- \/ Yoast SEO plugin. -->","yoast_head_json":{"title":"Agenda Accessibility Days 2022 - Accessibility Days 2022","robots":{"index":"index","follow":"follow","max-snippet":"max-snippet:-1","max-image-preview":"max-image-preview:large","max-video-preview":"max-video-preview:-1"},"canonical":"https:\/\/old.accessibilitydays.it\/2022\/it\/agenda\/","og_locale":"it_IT","og_type":"article","og_title":"Agenda Accessibility Days 2022 - Accessibility Days 2022","og_description":"Sessioni e Workshop Venerd\u00ec 20 Maggio 2022 Sessioni Venerd\u00ec\u00a0 Workshop Venerd\u00ec Sabato 21 Maggio 2022 Sessioni Sabato Workshop Sabato Espositori Vai all&#8217;elenco degli espositori Webinar pre-evento Vai alla lista dei webinar che si svolgeranno a partire da aprile. Dialogo nel&hellip; Continua a leggere &ldquo;Agenda Accessibility Days 2022&rdquo;&hellip;","og_url":"https:\/\/old.accessibilitydays.it\/2022\/it\/agenda\/","og_site_name":"Accessibility Days 2022","article_publisher":"https:\/\/www.facebook.com\/AccessibilityDays\/","article_modified_time":"2025-05-14T14:05:20+00:00","twitter_card":"summary_large_image","twitter_site":"@a11y_days","twitter_misc":{"Tempo di lettura stimato":"4 minuti"},"schema":{"@context":"https:\/\/schema.org","@graph":[{"@type":"WebPage","@id":"https:\/\/old.accessibilitydays.it\/2022\/it\/agenda\/","url":"https:\/\/old.accessibilitydays.it\/2022\/it\/agenda\/","name":"Agenda Accessibility Days 2022 - Accessibility Days 2022","isPartOf":{"@id":"https:\/\/old.accessibilitydays.it\/2022\/#website"},"datePublished":"2019-04-17T22:42:33+00:00","dateModified":"2025-05-14T14:05:20+00:00","breadcrumb":{"@id":"https:\/\/old.accessibilitydays.it\/2022\/it\/agenda\/#breadcrumb"},"inLanguage":"it-IT","potentialAction":[{"@type":"ReadAction","target":["https:\/\/old.accessibilitydays.it\/2022\/it\/agenda\/"]}]},{"@type":"BreadcrumbList","@id":"https:\/\/old.accessibilitydays.it\/2022\/it\/agenda\/#breadcrumb","itemListElement":[{"@type":"ListItem","position":1,"name":"Home","item":"https:\/\/old.accessibilitydays.it\/2022\/it\/"},{"@type":"ListItem","position":2,"name":"Agenda Accessibility Days 2022"}]},{"@type":"WebSite","@id":"https:\/\/old.accessibilitydays.it\/2022\/#website","url":"https:\/\/old.accessibilitydays.it\/2022\/","name":"Accessibility Days 2021","description":"Sensibilizzazione sull&#039;Accessibilit\u00e0 e sulle Disabilit\u00e0","publisher":{"@id":"https:\/\/old.accessibilitydays.it\/2022\/#organization"},"potentialAction":[{"@type":"SearchAction","target":{"@type":"EntryPoint","urlTemplate":"https:\/\/old.accessibilitydays.it\/2022\/?s={search_term_string}"},"query-input":{"@type":"PropertyValueSpecification","valueRequired":true,"valueName":"search_term_string"}}],"inLanguage":"it-IT"},{"@type":"Organization","@id":"https:\/\/old.accessibilitydays.it\/2022\/#organization","name":"Accessibility Days","url":"https:\/\/old.accessibilitydays.it\/2022\/","logo":{"@type":"ImageObject","inLanguage":"it-IT","@id":"https:\/\/old.accessibilitydays.it\/2022\/#\/schema\/logo\/image\/","url":"https:\/\/old.accessibilitydays.it\/2022\/wp-content\/uploads\/sites\/8\/2022\/02\/Logo-sito.jpg","contentUrl":"https:\/\/old.accessibilitydays.it\/2022\/wp-content\/uploads\/sites\/8\/2022\/02\/Logo-sito.jpg","width":300,"height":190,"caption":"Accessibility Days"},"image":{"@id":"https:\/\/old.accessibilitydays.it\/2022\/#\/schema\/logo\/image\/"},"sameAs":["https:\/\/www.facebook.com\/AccessibilityDays\/","https:\/\/x.com\/a11y_days","https:\/\/www.linkedin.com\/company\/accessibility-days\/","https:\/\/www.youtube.com\/channel\/UCzFrbfqazVbmlwwSeA4DjOw"]}]}},"acf":[],"_links":{"self":[{"href":"https:\/\/old.accessibilitydays.it\/2022\/wp-json\/wp\/v2\/pages\/666","targetHints":{"allow":["GET"]}}],"collection":[{"href":"https:\/\/old.accessibilitydays.it\/2022\/wp-json\/wp\/v2\/pages"}],"about":[{"href":"https:\/\/old.accessibilitydays.it\/2022\/wp-json\/wp\/v2\/types\/page"}],"author":[{"embeddable":true,"href":"https:\/\/old.accessibilitydays.it\/2022\/wp-json\/wp\/v2\/users\/4"}],"replies":[{"embeddable":true,"href":"https:\/\/old.accessibilitydays.it\/2022\/wp-json\/wp\/v2\/comments?post=666"}],"version-history":[{"count":28,"href":"https:\/\/old.accessibilitydays.it\/2022\/wp-json\/wp\/v2\/pages\/666\/revisions"}],"predecessor-version":[{"id":6007,"href":"https:\/\/old.accessibilitydays.it\/2022\/wp-json\/wp\/v2\/pages\/666\/revisions\/6007"}],"wp:attachment":[{"href":"https:\/\/old.accessibilitydays.it\/2022\/wp-json\/wp\/v2\/media?parent=666"}],"curies":[{"name":"wp","href":"https:\/\/api.w.org\/{rel}","templated":true}]}}