{"id":4285,"date":"2022-03-27T22:24:07","date_gmt":"2022-03-27T20:24:07","guid":{"rendered":"https:\/\/accessibilitydays.it\/2023\/?page_id=4285"},"modified":"2025-05-14T15:56:52","modified_gmt":"2025-05-14T13:56:52","slug":"agenda-venerdi-sessioni","status":"publish","type":"page","link":"https:\/\/old.accessibilitydays.it\/2023\/it\/programma\/agenda-venerdi-sessioni\/","title":{"rendered":"Sessioni del Venerd\u00ec (19 maggio 2023)"},"content":{"rendered":"\n\n\t<h4>Servizi di accessibilit\u00e0 per il venerd\u00ec<\/h4>\nStiamo lavorando per avere la sottotitolazione manuale e l&#8217;interpretariato LIS per le tre track delle sessioni.<br \/>\nRiusciremo a dare conferma di questi servizi nelle prossime settimane, sulla base dei fondi raccolti tramite\u00a0<a href=\"https:\/\/old.accessibilitydays.it\/2023\/it\/organizzatori-e-sponsor\/diventa-sponsor\/\">donazioni e sponsorizzazioni<\/a>.<br \/>\n\t\t\t\t<a href=\"https:\/\/bit.ly\/ad2023-agenda-venerdi-19maggio-sessioni\" target=\"_self\" itemprop=\"url\" rel=\"noopener\"><br \/>\n\t\t\t\t<img loading=\"lazy\" decoding=\"async\" src=\"https:\/\/old.accessibilitydays.it\/2023\/wp-content\/uploads\/sites\/9\/2022\/05\/Copertina.png\" alt=\"Scarica l'agenda in formato PDF\" itemprop=\"image\" height=\"375\" width=\"266\" title=\"Scarica l'agenda in formato PDF\" onerror=\"this.style.display='none'\"  \/><br \/>\n\t\t\t\t<\/a>\n<ul>\n<li><a href=\"https:\/\/bit.ly\/ad2023-agenda-venerdi-19maggio-sessioni\">Agenda in PDF delle sole <strong>SESSIONI DI VENERD\u00cc<\/strong> 19 maggio<\/a><\/li>\n<li><a href=\"https:\/\/bit.ly\/ad2023-agenda-pdf\">Agenda in PDF <strong>COMPLETA<\/strong> degli Accessibility Days 2023 (<strong>sessioni + workshop<\/strong>)<\/a><\/li>\n<\/ul>\n<h2>Venerd\u00ec mattina<\/h2>\n<h3>08:30 &#8211; 09:30<\/h3>\n<h3>Ingresso dei partecipanti e apertura degli spazi espositivi<\/h3>\n<h3>09:30 &#8211; 10:15<\/h3>\n<p>{<a href=\"https:\/\/old.accessibilitydays.it\/2023\/it\/aule-track1\">Track 1<\/a>}<\/p>\n<h3><a href=\"https:\/\/old.accessibilitydays.it\/2023\/sessione\/keynote-del-venerdi\/\">DISCORSO DI BENVENUTO E KEYNOTE DEL VENERD\u00cc<\/a><\/h3>\n<p><em>Interventi:<\/em><\/p>\n<ul>\n<li><em>UICI Roma<\/em><\/li>\n<li><em>TIM<\/em><\/li>\n<li><em>AGID<\/em><\/li>\n<li><em>Comune di Roma<\/em><\/li>\n<\/ul>\n<h3>10:15 &#8211; 10:30<\/h3>\n<h3>PAUSA PER SPOSTAMENTO NELLE AULE<\/h3>\n<h3>10:30 &#8211; 11:15<\/h3>\n<p>{<a href=\"https:\/\/old.accessibilitydays.it\/2023\/it\/aule-track1\">Track 1<\/a>}<\/p>\n<h3><a href=\"https:\/\/old.accessibilitydays.it\/2023\/sessione\/infografica-accessibile\/\">Infografica, suggerimenti utili per rappresentare i dati in modo creativo e accessibile<\/a><\/h3>\n<p>Michela Di Stefano (studio361)<\/p>\n<h3>10:30 &#8211; 11:15<\/h3>\n<p>{<a href=\"https:\/\/old.accessibilitydays.it\/2023\/it\/aule-track2\">Track 2<\/a>}<\/p>\n<h3><a href=\"https:\/\/old.accessibilitydays.it\/2023\/sessione\/intesa-sanpaolo-accessible-by-design\/\">Intesa Sanpaolo accessible by design: dal design system all&#8217;assessment<\/a><\/h3>\n<ul>\n<li><em>Alfredo Politano (Capgemini Invent)<\/em><\/li>\n<li><em>Daniele Del Gaudio (Frog, part of Capgemini Invent)<\/em><\/li>\n<li><em>Francesca Abellonio (Intesa Sanpaolo)<\/em><\/li>\n<\/ul>\n<h3>10:30 &#8211; 11:15<\/h3>\n<p>{<a href=\"https:\/\/old.accessibilitydays.it\/2023\/it\/aule-track3\">Track 3<\/a>}<\/p>\n<h3><a href=\"https:\/\/old.accessibilitydays.it\/2023\/sessione\/neurodiversita-parlare-di-a-con\/\">Neurodiversit\u00e0: parlare di, parlare a, parlare con<\/a><\/h3>\n<p>Eleonora Marocchini (IGDORE, CEST)<\/p>\n<h3>11:15 &#8211; 12:00<\/h3>\n<p>{<a href=\"https:\/\/old.accessibilitydays.it\/2023\/it\/aule-track1\">Track 1<\/a>}<\/p>\n<h3><a href=\"https:\/\/old.accessibilitydays.it\/2023\/sessione\/strumenti-automatici-accessibilita\/\">Strumenti automatici per l&#8217;accessibilit\u00e0: pro e contro, potenzialit\u00e0, criticit\u00e0<\/a><\/h3>\n<ul>\n<li>Sauro Cesaretti (Esperto di accessibilit\u00e0, Co-fondatore e Presidente @ Accessibility Days)<\/li>\n<li>Barbara Leporini (Primo Ricercatore @ CNR-ISTI)<\/li>\n<li>Dajana Gioffr\u00e8 (Chief Visionary Officer @ Accessiway)<\/li>\n<li>Jacopo Deyla (Head of consulting @ Accessiway)<\/li>\n<li>Davide Spizzichino (Business Developer @ Eye-Able)<\/li>\n<li>Michele Lucchini (Vice President of Delivery @ UsableNet Inc.)<\/li>\n<\/ul>\n<h3>11:15 &#8211; 12:00<\/h3>\n<p>{<a href=\"https:\/\/old.accessibilitydays.it\/2023\/it\/aule-track2\">Track 2<\/a>}<\/p>\n<h3><a href=\"https:\/\/old.accessibilitydays.it\/2023\/sessione\/accessibilita-user-experience\/\">Accessibilit\u00e0 e User Experience: l&#8217;importanza di conoscere il mondo dell&#8217;utente finale<\/a><\/h3>\n<ul>\n<li>Silvia Mattia (SOGEI)<\/li>\n<li>Maurizio Amedeo Uliano (SOGEI)<\/li>\n<\/ul>\n<h3>11:15 &#8211; 12:00<\/h3>\n<p>{<a href=\"https:\/\/old.accessibilitydays.it\/2023\/it\/aule-track3\">Track 3<\/a>}<\/p>\n<h3><a href=\"https:\/\/old.accessibilitydays.it\/2023\/sessione\/progetto-leggere-il-greco-antico-cecita-scuola-e-ricerca\/\">Progetto Leggere il Greco Antico: cecit\u00e0, scuola e ricerca<\/a><\/h3>\n<ul>\n<li>Silvia Gianferrari (Liceo Volta)<\/li>\n<li>Stefano Del Furia (Campus Da Vinci)<\/li>\n<\/ul>\n<h3>12:00 &#8211; 13:00<\/h3>\n<p>{<a href=\"https:\/\/old.accessibilitydays.it\/2023\/it\/aule-track1\">Track 1<\/a>}<\/p>\n<h3><a href=\"https:\/\/old.accessibilitydays.it\/2023\/sessione\/tavola-rotonda-media-audiovisivi\/\">Uniti per l&#8217;accessibilit\u00e0 dei contenuti media audiovisivi<\/a><\/h3>\n<ul>\n<li><em>Maria Chiara Andriello (Responsabile Accessibilit\u00e0 @ Direzione Pubblica Utilit\u00e0 della RAI)<\/em><\/li>\n<li><em>Simone Delicato (Head of TIMVISION and Entertainment Products @ TIM)<\/em><\/li>\n<li><em>Lars Bosselmann (Director @ EBU &#8211; European Blind Union)<\/em><\/li>\n<li><em>Elena Di Giovanni (Docente @ Universit\u00e0 di Macerata)<\/em><\/li>\n<li><em>Irene Ranzato (Professoressa associata @ Universit\u00e0 di Roma Sapienza)<\/em><\/li>\n<li><em>Simona Magale (Head of Information Technology Quality Assurance @ Sky Italia)<\/em><\/li>\n<\/ul>\n<h3>12:00 &#8211; 13:00<\/h3>\n<p>{<a href=\"https:\/\/old.accessibilitydays.it\/2023\/it\/aule-track2\">Track 2<\/a>}<\/p>\n<h3><a href=\"https:\/\/old.accessibilitydays.it\/2023\/sessione\/accessibilita-progettazione\/\">L&rsquo;accessibilit&agrave; nella data visualizations: due casi studio<\/a><\/h3>\n<ul>\n<li>Ilenia Baronio (Tangible)<\/li>\n<li>Caterina Amato (Tangible)<\/li>\n<\/ul>\n<h3>12:00 &#8211; 13:00<\/h3>\n<p>{<a href=\"https:\/\/old.accessibilitydays.it\/2023\/it\/aule-track3\">Track 3<\/a>}<\/p>\n<h3><a href=\"https:\/\/old.accessibilitydays.it\/2023\/sessione\/droide-autonomo-orientarsi-correre\/\">Innovare l&#8217;accessibilit\u00e0 di ciechi\/ipovedenti: un droide autonomo per orientarsi e correre<\/a><\/h3>\n<ul>\n<li>Marcello Farina (Politecnico di Milano)<\/li>\n<li>Emanuele Lettieri (Politecnico di Milano)<\/li>\n<li>Massimiliano Naccarato (Unione Italiana Ciechi e Ipovedenti, sezione Roma)<\/li>\n<li>Francesco Cusati (Fondazione Istituto dei Ciechi di Milano)<\/li>\n<\/ul>\n<h3>13:00 &#8211; 14:30<\/h3>\n<h3>PRANZO<\/h3>\n<h3>(CON POSSIBILIT\u00c0 DI VISITARE GLI SPAZI ESPOSITIVI)<\/h3>\n<h2>Venerd\u00ec pomeriggio<\/h2>\n<h3>14:30 &#8211; 15:15<\/h3>\n<p>{<a href=\"https:\/\/old.accessibilitydays.it\/2023\/it\/aule-track1\">Track 1<\/a>}<\/p>\n<h3><a href=\"https:\/\/old.accessibilitydays.it\/2023\/sessione\/google-workspace-accessibilita\/\">Google Workspace: strumenti per l&#8217;accessibilit\u00e0<\/a><\/h3>\n<p><em>Giuseppe Margiotta (Google Cloud Professional Services)<\/em><\/p>\n<h3>14:30 &#8211; 15:15<\/h3>\n<p>{<a href=\"https:\/\/old.accessibilitydays.it\/2023\/it\/aule-track2\">Track 2<\/a>}<\/p>\n<h3><a href=\"https:\/\/old.accessibilitydays.it\/2023\/sessione\/intelligenza-artificiale-e-disabilita\/\">Intelligenza artificiale e disabilit\u00e0: breve analisi di alcuni casi concreti<\/a><\/h3>\n<ul>\n<li><em>Mariafrancesca Guadalupi (Maize|H-Farm Innovation)<\/em><\/li>\n<li><em>Roberta Crespan (Maize|H-Farm Innovation)<\/em><\/li>\n<\/ul>\n<h3>14:30 &#8211; 15:15<\/h3>\n<p>{<a href=\"https:\/\/old.accessibilitydays.it\/2023\/it\/aule-track3\">Track 3<\/a>}<\/p>\n<h3><a href=\"https:\/\/old.accessibilitydays.it\/2023\/sessione\/lezione-inclusiva\/\">La lezione inclusiva: indispensabile per alcuni, utile per tutti<\/a><\/h3>\n<p>Iacopo Balocco (Istituto Statale &#8220;Augusto Romagnoli&#8221;)<\/p>\n<h3>15:15 &#8211; 16:00<\/h3>\n<p>{<a href=\"https:\/\/old.accessibilitydays.it\/2023\/it\/aule-track1\">Track 1<\/a>}<\/p>\n<h3><a href=\"https:\/\/old.accessibilitydays.it\/2023\/sessione\/verifica-accessibilita-assistenza-digitale\/\">La verifica di accessibilit\u00e0 di un canale di assistenza digitale: caso concreto su chatbot<\/a><\/h3>\n<ul id=\"adpt-session-speaker-names\">\n<li><em>Esteban Franco (Auticon)<\/em><\/li>\n<li><em>Carlo Pierazzoli (Auticon)<\/em><\/li>\n<\/ul>\n<h3>15:15 &#8211; 16:00<\/h3>\n<p>{<a href=\"https:\/\/old.accessibilitydays.it\/2023\/it\/aule-track2\">Track 2<\/a>}<\/p>\n<h3><a href=\"https:\/\/old.accessibilitydays.it\/2023\/sessione\/inclusive-design-is-better-design\/\">Inclusive design is better design<\/a><\/h3>\n<ul id=\"adpt-session-speaker-names\">\n<li><em>Christina Mallon (Principal Director of Inclusive Design @ Microsoft)<\/em><\/li>\n<li><em>Lorena Del Mastro (Customer Success Manager @ Microsoft)<\/em><\/li>\n<\/ul>\n<h3>15:15 &#8211; 16:00<\/h3>\n<p>{<a href=\"https:\/\/old.accessibilitydays.it\/2023\/it\/aule-track3\">Track 3<\/a>}<\/p>\n<h3><a href=\"https:\/\/old.accessibilitydays.it\/2023\/sessione\/simboli-la-casa-delle-luci\/\">La riscoperta di una vecchia tecnologia: i simboli a La Casa delle Luci<\/a><\/h3>\n<p>Debora Vitali (La Casa delle Luci)<\/p>\n<h3>16:00 &#8211; 16:45<\/h3>\n<p>{<a href=\"https:\/\/old.accessibilitydays.it\/2023\/it\/aule-track1\">Track 1<\/a>}<\/p>\n<h3><a href=\"https:\/\/old.accessibilitydays.it\/2023\/sessione\/usablenet-creare-contenuti-accessibili\/\">Creare contenuti accessibili<\/a><\/h3>\n<p>Michele Lucchini (UsableNet Inc.)<\/p>\n<h3>16:00 &#8211; 16:45<\/h3>\n<p>{<a href=\"https:\/\/old.accessibilitydays.it\/2023\/it\/aule-track2\">Track 2<\/a>}<\/p>\n<h3><a href=\"https:\/\/old.accessibilitydays.it\/2023\/sessione\/abbattere-barriere-comunicative\/\">Abbattere le barriere comunicative per consentire alle persone sorde un&#8217;equa partecipazione sociale<\/a><\/h3>\n<ul>\n<li><em>Vittorio Corsini (ENS Lazio)<\/em><\/li>\n<li><em>Rosario De Caro (ENS Lazio)\u00a0<\/em><\/li>\n<\/ul>\n<h3>16:00 &#8211; 16:45<\/h3>\n<p>{<a href=\"https:\/\/old.accessibilitydays.it\/2023\/it\/aule-track3\">Track 3<\/a>}<\/p>\n<h3><a href=\"https:\/\/old.accessibilitydays.it\/2023\/sessione\/blindtag-system\/\">BlindTag System. Direzione e distanza di punti di riferimento tramite telefono.<\/a><\/h3>\n<li>Roberto Gozzani (TecnoCreazioni)\n<\/li>\n<li>Gianluca Casalino (Biblioteca Italiana Ciechi, Monza)<\/li>\n<h3>16:45 &#8211; 17:30<\/h3>\n<p>{<a href=\"https:\/\/old.accessibilitydays.it\/2023\/it\/aule-track1\">Track 1<\/a>}<\/p>\n<h3><a href=\"https:\/\/old.accessibilitydays.it\/2023\/sessione\/sviluppo-accessibile\/\">Sviluppo accessibile: personalizzare solo quando necessario<\/a><\/h3>\n<ul>\n<li><em>Fabrizio Caccavello (IWA Italy)<\/em><\/li>\n<li><em>Sauro Cesaretti (Accessibility Days)<\/em><\/li>\n<\/ul>\n<h3>16:45 &#8211; 17:30<\/h3>\n<p>{<a href=\"https:\/\/old.accessibilitydays.it\/2023\/it\/aule-track2\">Track 2<\/a>}<\/p>\n<h3><a href=\"https:\/\/old.accessibilitydays.it\/2023\/sessione\/digital-accessibility-il-primo-artificial-human-che-conosce-la-lingua-dei-segni-italiana\/\">Digital Accessibility: il primo Artificial Human che conosce la Lingua dei Segni Italiana\u00a0<\/a><\/h3>\n<ul>\n<li><em>Ernesto Di Iorio (QuestIt)<\/em><\/li>\n<li><em>Patrizia Marti (Universit\u00e0 di Siena)<\/em><\/li>\n<li><em>Olga Capirci (ISTC CNR)<\/em><\/li>\n<li><em>Alessio Di Renzo (ISTC CNR)<\/em><\/li>\n<\/ul>\n<h3>16:45 &#8211; 17:30<\/h3>\n<p>{<a href=\"https:\/\/old.accessibilitydays.it\/2023\/it\/aule-track3\">Track 3<\/a>}<\/p>\n<h3><a href=\"https:\/\/old.accessibilitydays.it\/2023\/sessione\/competenze-in-gioco\/\">Competenze in gioco<\/a><\/h3>\n<p><em>Paolino Gianturco (AID Italia)<\/em><\/p>\n<h3>17:30 &#8211; 18:00<\/h3>\n<p>{<a href=\"https:\/\/old.accessibilitydays.it\/2023\/it\/aule-track1\">Track 1<\/a>}<\/p>\n<h3>KEYNOTE DI CHIUSURA<\/h3>\n<h3>18:00 &#8211; 19:00<\/h3>\n<p>{In presenza}<\/p>\n<h3>APERITIVO DI CHIUSURA<\/h3>\n\t\t\t<a href=\"https:\/\/old.accessibilitydays.it\/2023\/it\/iscriviti\/\" target=\"_self\" role=\"button\" rel=\"noopener\"><br \/>\n\t\t\t\t\t\tISCRIVITI ALL&#8217;EVENTO<br \/>\n\t\t<\/a>\n\n","protected":false},"excerpt":{"rendered":"<div class=\"entry-summary\">\n<div class=\"entry-summary\">\nServizi di accessibilit\u00e0 per il venerd\u00ec Stiamo lavorando per avere la sottotitolazione manuale e l&#8217;interpretariato LIS per le tre track delle sessioni. Riusciremo a dare conferma di questi servizi nelle prossime settimane, sulla base dei fondi raccolti tramite\u00a0donazioni e sponsorizzazioni.&hellip;\n<\/div>\n<div class=\"link-more\"><a href=\"https:\/\/old.accessibilitydays.it\/2023\/it\/programma\/agenda-venerdi-sessioni\/\" class=\"more-link\">Continua a leggere <span class=\"screen-reader-text\"> &ldquo;Sessioni del Venerd\u00ec (19 maggio 2023)&rdquo;<\/span>&hellip;<\/a><\/div>\n<\/div>\n<div class=\"link-more\"><a href=\"https:\/\/old.accessibilitydays.it\/2023\/it\/programma\/agenda-venerdi-sessioni\/\" class=\"more-link\">Continua a leggere <span class=\"screen-reader-text\"> &ldquo;Sessioni del Venerd\u00ec (19 maggio 2023)&rdquo;<\/span>&hellip;<\/a><\/div>\n","protected":false},"author":3,"featured_media":0,"parent":52,"menu_order":0,"comment_status":"closed","ping_status":"closed","template":"","meta":{"_acf_changed":false,"footnotes":""},"class_list":["post-4285","page","type-page","status-publish","hentry","entry"],"yoast_head":"<!-- This site is optimized with the Yoast SEO plugin v25.6 - https:\/\/yoast.com\/wordpress\/plugins\/seo\/ -->\n<title>Sessioni del Venerd\u00ec (19 maggio 2023) - Accessibility Days 2023<\/title>\n<meta name=\"robots\" content=\"index, follow, max-snippet:-1, max-image-preview:large, max-video-preview:-1\" \/>\n<link rel=\"canonical\" href=\"https:\/\/old.accessibilitydays.it\/2023\/it\/programma\/agenda-venerdi-sessioni\/\" \/>\n<meta property=\"og:locale\" content=\"it_IT\" \/>\n<meta property=\"og:type\" content=\"article\" \/>\n<meta property=\"og:title\" content=\"Sessioni del Venerd\u00ec (19 maggio 2023) - Accessibility Days 2023\" \/>\n<meta property=\"og:description\" content=\"Servizi di accessibilit\u00e0 per il venerd\u00ec Stiamo lavorando per avere la sottotitolazione manuale e l&#8217;interpretariato LIS per le tre track delle sessioni. Riusciremo a dare conferma di questi servizi nelle prossime settimane, sulla base dei fondi raccolti tramite\u00a0donazioni e sponsorizzazioni.&hellip; Continua a leggere &ldquo;Sessioni del Venerd\u00ec (19 maggio 2023)&rdquo;&hellip;\" \/>\n<meta property=\"og:url\" content=\"https:\/\/old.accessibilitydays.it\/2023\/it\/programma\/agenda-venerdi-sessioni\/\" \/>\n<meta property=\"og:site_name\" content=\"Accessibility Days 2023\" \/>\n<meta property=\"article:publisher\" content=\"https:\/\/www.facebook.com\/AccessibilityDays\/\" \/>\n<meta property=\"article:modified_time\" content=\"2025-05-14T13:56:52+00:00\" \/>\n<meta property=\"og:image\" content=\"https:\/\/old.accessibilitydays.it\/2023\/wp-content\/uploads\/sites\/9\/2022\/05\/Copertina.png\" \/>\n<meta name=\"twitter:card\" content=\"summary_large_image\" \/>\n<meta name=\"twitter:site\" content=\"@a11y_days\" \/>\n<meta name=\"twitter:label1\" content=\"Tempo di lettura stimato\" \/>\n\t<meta name=\"twitter:data1\" content=\"5 minuti\" \/>\n<script type=\"application\/ld+json\" class=\"yoast-schema-graph\">{\"@context\":\"https:\/\/schema.org\",\"@graph\":[{\"@type\":\"WebPage\",\"@id\":\"https:\/\/old.accessibilitydays.it\/2023\/it\/programma\/agenda-venerdi-sessioni\/\",\"url\":\"https:\/\/old.accessibilitydays.it\/2023\/it\/programma\/agenda-venerdi-sessioni\/\",\"name\":\"Sessioni del Venerd\u00ec (19 maggio 2023) - Accessibility Days 2023\",\"isPartOf\":{\"@id\":\"https:\/\/old.accessibilitydays.it\/2023\/#website\"},\"primaryImageOfPage\":{\"@id\":\"https:\/\/old.accessibilitydays.it\/2023\/it\/programma\/agenda-venerdi-sessioni\/#primaryimage\"},\"image\":{\"@id\":\"https:\/\/old.accessibilitydays.it\/2023\/it\/programma\/agenda-venerdi-sessioni\/#primaryimage\"},\"thumbnailUrl\":\"https:\/\/old.accessibilitydays.it\/2023\/wp-content\/uploads\/sites\/9\/2022\/05\/Copertina.png\",\"datePublished\":\"2022-03-27T20:24:07+00:00\",\"dateModified\":\"2025-05-14T13:56:52+00:00\",\"breadcrumb\":{\"@id\":\"https:\/\/old.accessibilitydays.it\/2023\/it\/programma\/agenda-venerdi-sessioni\/#breadcrumb\"},\"inLanguage\":\"it-IT\",\"potentialAction\":[{\"@type\":\"ReadAction\",\"target\":[\"https:\/\/old.accessibilitydays.it\/2023\/it\/programma\/agenda-venerdi-sessioni\/\"]}]},{\"@type\":\"ImageObject\",\"inLanguage\":\"it-IT\",\"@id\":\"https:\/\/old.accessibilitydays.it\/2023\/it\/programma\/agenda-venerdi-sessioni\/#primaryimage\",\"url\":\"https:\/\/old.accessibilitydays.it\/2023\/wp-content\/uploads\/sites\/9\/2022\/05\/Copertina.png\",\"contentUrl\":\"https:\/\/old.accessibilitydays.it\/2023\/wp-content\/uploads\/sites\/9\/2022\/05\/Copertina.png\",\"width\":266,\"height\":375},{\"@type\":\"BreadcrumbList\",\"@id\":\"https:\/\/old.accessibilitydays.it\/2023\/it\/programma\/agenda-venerdi-sessioni\/#breadcrumb\",\"itemListElement\":[{\"@type\":\"ListItem\",\"position\":1,\"name\":\"Home\",\"item\":\"https:\/\/old.accessibilitydays.it\/2023\/\"},{\"@type\":\"ListItem\",\"position\":2,\"name\":\"Programma\",\"item\":\"https:\/\/old.accessibilitydays.it\/2023\/it\/programma\/\"},{\"@type\":\"ListItem\",\"position\":3,\"name\":\"Sessioni del Venerd\u00ec (19 maggio 2023)\"}]},{\"@type\":\"WebSite\",\"@id\":\"https:\/\/old.accessibilitydays.it\/2023\/#website\",\"url\":\"https:\/\/old.accessibilitydays.it\/2023\/\",\"name\":\"Accessibility Days 2021\",\"description\":\"Sensibilizzazione sull&#039;Accessibilit\u00e0 e sulle Disabilit\u00e0\",\"publisher\":{\"@id\":\"https:\/\/old.accessibilitydays.it\/2023\/#organization\"},\"potentialAction\":[{\"@type\":\"SearchAction\",\"target\":{\"@type\":\"EntryPoint\",\"urlTemplate\":\"https:\/\/old.accessibilitydays.it\/2023\/?s={search_term_string}\"},\"query-input\":{\"@type\":\"PropertyValueSpecification\",\"valueRequired\":true,\"valueName\":\"search_term_string\"}}],\"inLanguage\":\"it-IT\"},{\"@type\":\"Organization\",\"@id\":\"https:\/\/old.accessibilitydays.it\/2023\/#organization\",\"name\":\"Accessibility Days\",\"url\":\"https:\/\/old.accessibilitydays.it\/2023\/\",\"logo\":{\"@type\":\"ImageObject\",\"inLanguage\":\"it-IT\",\"@id\":\"https:\/\/old.accessibilitydays.it\/2023\/#\/schema\/logo\/image\/\",\"url\":\"https:\/\/old.accessibilitydays.it\/2023\/wp-content\/uploads\/sites\/9\/2023\/01\/Logo-sito-2023.jpg\",\"contentUrl\":\"https:\/\/old.accessibilitydays.it\/2023\/wp-content\/uploads\/sites\/9\/2023\/01\/Logo-sito-2023.jpg\",\"width\":300,\"height\":190,\"caption\":\"Accessibility Days\"},\"image\":{\"@id\":\"https:\/\/old.accessibilitydays.it\/2023\/#\/schema\/logo\/image\/\"},\"sameAs\":[\"https:\/\/www.facebook.com\/AccessibilityDays\/\",\"https:\/\/x.com\/a11y_days\",\"https:\/\/www.linkedin.com\/company\/accessibility-days\/\",\"https:\/\/www.youtube.com\/channel\/UCzFrbfqazVbmlwwSeA4DjOw\"]}]}<\/script>\n<!-- \/ Yoast SEO plugin. -->","yoast_head_json":{"title":"Sessioni del Venerd\u00ec (19 maggio 2023) - Accessibility Days 2023","robots":{"index":"index","follow":"follow","max-snippet":"max-snippet:-1","max-image-preview":"max-image-preview:large","max-video-preview":"max-video-preview:-1"},"canonical":"https:\/\/old.accessibilitydays.it\/2023\/it\/programma\/agenda-venerdi-sessioni\/","og_locale":"it_IT","og_type":"article","og_title":"Sessioni del Venerd\u00ec (19 maggio 2023) - Accessibility Days 2023","og_description":"Servizi di accessibilit\u00e0 per il venerd\u00ec Stiamo lavorando per avere la sottotitolazione manuale e l&#8217;interpretariato LIS per le tre track delle sessioni. Riusciremo a dare conferma di questi servizi nelle prossime settimane, sulla base dei fondi raccolti tramite\u00a0donazioni e sponsorizzazioni.&hellip; Continua a leggere &ldquo;Sessioni del Venerd\u00ec (19 maggio 2023)&rdquo;&hellip;","og_url":"https:\/\/old.accessibilitydays.it\/2023\/it\/programma\/agenda-venerdi-sessioni\/","og_site_name":"Accessibility Days 2023","article_publisher":"https:\/\/www.facebook.com\/AccessibilityDays\/","article_modified_time":"2025-05-14T13:56:52+00:00","og_image":[{"url":"https:\/\/old.accessibilitydays.it\/2023\/wp-content\/uploads\/sites\/9\/2022\/05\/Copertina.png","type":"","width":"","height":""}],"twitter_card":"summary_large_image","twitter_site":"@a11y_days","twitter_misc":{"Tempo di lettura stimato":"5 minuti"},"schema":{"@context":"https:\/\/schema.org","@graph":[{"@type":"WebPage","@id":"https:\/\/old.accessibilitydays.it\/2023\/it\/programma\/agenda-venerdi-sessioni\/","url":"https:\/\/old.accessibilitydays.it\/2023\/it\/programma\/agenda-venerdi-sessioni\/","name":"Sessioni del Venerd\u00ec (19 maggio 2023) - Accessibility Days 2023","isPartOf":{"@id":"https:\/\/old.accessibilitydays.it\/2023\/#website"},"primaryImageOfPage":{"@id":"https:\/\/old.accessibilitydays.it\/2023\/it\/programma\/agenda-venerdi-sessioni\/#primaryimage"},"image":{"@id":"https:\/\/old.accessibilitydays.it\/2023\/it\/programma\/agenda-venerdi-sessioni\/#primaryimage"},"thumbnailUrl":"https:\/\/old.accessibilitydays.it\/2023\/wp-content\/uploads\/sites\/9\/2022\/05\/Copertina.png","datePublished":"2022-03-27T20:24:07+00:00","dateModified":"2025-05-14T13:56:52+00:00","breadcrumb":{"@id":"https:\/\/old.accessibilitydays.it\/2023\/it\/programma\/agenda-venerdi-sessioni\/#breadcrumb"},"inLanguage":"it-IT","potentialAction":[{"@type":"ReadAction","target":["https:\/\/old.accessibilitydays.it\/2023\/it\/programma\/agenda-venerdi-sessioni\/"]}]},{"@type":"ImageObject","inLanguage":"it-IT","@id":"https:\/\/old.accessibilitydays.it\/2023\/it\/programma\/agenda-venerdi-sessioni\/#primaryimage","url":"https:\/\/old.accessibilitydays.it\/2023\/wp-content\/uploads\/sites\/9\/2022\/05\/Copertina.png","contentUrl":"https:\/\/old.accessibilitydays.it\/2023\/wp-content\/uploads\/sites\/9\/2022\/05\/Copertina.png","width":266,"height":375},{"@type":"BreadcrumbList","@id":"https:\/\/old.accessibilitydays.it\/2023\/it\/programma\/agenda-venerdi-sessioni\/#breadcrumb","itemListElement":[{"@type":"ListItem","position":1,"name":"Home","item":"https:\/\/old.accessibilitydays.it\/2023\/"},{"@type":"ListItem","position":2,"name":"Programma","item":"https:\/\/old.accessibilitydays.it\/2023\/it\/programma\/"},{"@type":"ListItem","position":3,"name":"Sessioni del Venerd\u00ec (19 maggio 2023)"}]},{"@type":"WebSite","@id":"https:\/\/old.accessibilitydays.it\/2023\/#website","url":"https:\/\/old.accessibilitydays.it\/2023\/","name":"Accessibility Days 2021","description":"Sensibilizzazione sull&#039;Accessibilit\u00e0 e sulle Disabilit\u00e0","publisher":{"@id":"https:\/\/old.accessibilitydays.it\/2023\/#organization"},"potentialAction":[{"@type":"SearchAction","target":{"@type":"EntryPoint","urlTemplate":"https:\/\/old.accessibilitydays.it\/2023\/?s={search_term_string}"},"query-input":{"@type":"PropertyValueSpecification","valueRequired":true,"valueName":"search_term_string"}}],"inLanguage":"it-IT"},{"@type":"Organization","@id":"https:\/\/old.accessibilitydays.it\/2023\/#organization","name":"Accessibility Days","url":"https:\/\/old.accessibilitydays.it\/2023\/","logo":{"@type":"ImageObject","inLanguage":"it-IT","@id":"https:\/\/old.accessibilitydays.it\/2023\/#\/schema\/logo\/image\/","url":"https:\/\/old.accessibilitydays.it\/2023\/wp-content\/uploads\/sites\/9\/2023\/01\/Logo-sito-2023.jpg","contentUrl":"https:\/\/old.accessibilitydays.it\/2023\/wp-content\/uploads\/sites\/9\/2023\/01\/Logo-sito-2023.jpg","width":300,"height":190,"caption":"Accessibility Days"},"image":{"@id":"https:\/\/old.accessibilitydays.it\/2023\/#\/schema\/logo\/image\/"},"sameAs":["https:\/\/www.facebook.com\/AccessibilityDays\/","https:\/\/x.com\/a11y_days","https:\/\/www.linkedin.com\/company\/accessibility-days\/","https:\/\/www.youtube.com\/channel\/UCzFrbfqazVbmlwwSeA4DjOw"]}]}},"acf":[],"_links":{"self":[{"href":"https:\/\/old.accessibilitydays.it\/2023\/wp-json\/wp\/v2\/pages\/4285","targetHints":{"allow":["GET"]}}],"collection":[{"href":"https:\/\/old.accessibilitydays.it\/2023\/wp-json\/wp\/v2\/pages"}],"about":[{"href":"https:\/\/old.accessibilitydays.it\/2023\/wp-json\/wp\/v2\/types\/page"}],"author":[{"embeddable":true,"href":"https:\/\/old.accessibilitydays.it\/2023\/wp-json\/wp\/v2\/users\/3"}],"replies":[{"embeddable":true,"href":"https:\/\/old.accessibilitydays.it\/2023\/wp-json\/wp\/v2\/comments?post=4285"}],"version-history":[{"count":110,"href":"https:\/\/old.accessibilitydays.it\/2023\/wp-json\/wp\/v2\/pages\/4285\/revisions"}],"predecessor-version":[{"id":7327,"href":"https:\/\/old.accessibilitydays.it\/2023\/wp-json\/wp\/v2\/pages\/4285\/revisions\/7327"}],"up":[{"embeddable":true,"href":"https:\/\/old.accessibilitydays.it\/2023\/wp-json\/wp\/v2\/pages\/52"}],"wp:attachment":[{"href":"https:\/\/old.accessibilitydays.it\/2023\/wp-json\/wp\/v2\/media?parent=4285"}],"curies":[{"name":"wp","href":"https:\/\/api.w.org\/{rel}","templated":true}]}}