{"id":4400,"date":"2022-03-30T21:37:10","date_gmt":"2022-03-30T19:37:10","guid":{"rendered":"https:\/\/accessibilitydays.it\/2023\/?page_id=4400"},"modified":"2023-05-06T23:37:46","modified_gmt":"2023-05-06T21:37:46","slug":"iscrizioni-workshop","status":"publish","type":"page","link":"https:\/\/old.accessibilitydays.it\/2023\/it\/iscrizioni-workshop\/","title":{"rendered":"Istruzioni per l&#8217;iscrizione ai Workshop"},"content":{"rendered":"\n\n\t<h2>Versione breve (da leggere attentamente)<\/h2>\n<ol>\n<li>I workshop <strong>si svolgeranno in presenza, a Roma<\/strong>: non saranno n\u00e9 trasmessi via streaming n\u00e9 registrati.<\/li>\n<li>I workshop richiedono una specifica iscrizione, perch\u00e9 a numero chiuso.<\/li>\n<li>Quella che si effettua in realt\u00e0 non \u00e8 un&#8217;iscrizione, ma una richiesta di partecipazione, a cui daremo riscontro dopo alcuni giorni.<br \/>\nVerranno tenuti in considerazione diversi parametri per valutare la richiesta: non solo l&#8217;ordine di arrivo, ma anche altri fattori come la corrispondenza rispetto al target a cui si rivolge il workshop.<\/li>\n<li>Per ricevere i link ai moduli di iscrizione ai workshop, iscriviti agli Accessibility Days 2022.<br \/>\nContestualmente all&#8217;iscrizione, riceverai una mail con le indicazioni necessarie.<br \/>\n<strong><a href=\"https:\/\/www.eventbrite.it\/e\/biglietti-accessibility-days-2023-521034928497?aff=website\">&gt; ISCRIVITI ALLA CONFERENZA PER RICEVERE I LINK PER REGISTRARTI AI WORKSHOP!<\/a><\/strong><\/li>\n<\/ol>\n<p>&nbsp;<\/p>\n<h2>Versione completa<\/h2>\n<h4>Tutti i workshop sono a numero chiuso: necessaria richiesta di partecipazione<\/h4>\n<p>Tutti I workshop sono a numero a chiuso per esigenze logistiche derivanti dalla capienza delle aule e per garantire un livello ottimale di interazione. Per questo motivo, dopo essersi iscritti alla conferenza, \u00e8 necessario compilare la richiesta di partecipazione per i workshop a cui si intende prendere parte.<\/p>\n<h4>Criteri di accettazione delle richieste di partecipazione<\/h4>\nCiascun workshop ha un target a cui si riferisce, e quindi specifici criteri di selezione. Ad esempio, il workshop di introduzione alle tecnologie assistive per la disabilit\u00e0 visiva, \u00e8 rivolto principalmente a sviluppatori, designer, creatori di contenuti digitali, e non a persone con disabilit\u00e0 visiva, mentre in altri workshop alcuni posti saranno riservati a persone con disabilit\u00e0, perch\u00e9 oltre a giovare dell&#8217;attivit\u00e0 potranno anche fornire preziosi feedback ed esperienze dirette.<br \/>\nPer questo motivo, non si far\u00e0 direttamente un&#8217;iscrizione al workshop, bens\u00ec una <strong>RICHIESTA DI PARTECIPAZIONE<\/strong>, a seguito della quale forniremo un riscontro.\n<h4>COME RICHIEDERE DI PARTECIPARE AD UN WORKSHOP<\/h4>\n<ol>\n<li>Da gioved\u00ec 13 aprile apriremo le iscrizioni per richiedere di partecipare ai vari workshop.<br \/>\nAbbiamo deciso di offrire priorit\u00e0 d&#8217;accesso ai workshop a coloro che si iscriveranno dal 13 al 18 aprile.<br \/>\nPer evitare corse ad iscriversi per primi che generano l&#8217;effetto &#8220;Click-Day&#8221; (fenomeno che non sarebbe inclusivo nei confronti delle persone che hanno bisogno di pi\u00f9 tempo per registrarsi) le richieste che perverranno in questo arco temporale verranno considerate tutte con il medesimo ordine d&#8217;arrivo.<br \/>\n&#8211;<\/li>\n<li>I link per richiedere di partecipare ai workshop verranno inviati solamente alle persone che si sono iscritte alla conferenza. Come primo passaggio, se non lo hai ancora fatto: cosa aspetti&#8230; iscriviti alla conferenza! \ud83d\ude42<br \/>\n<strong><a href=\"https:\/\/www.eventbrite.it\/e\/biglietti-accessibility-days-2023-521034928497?aff=website\">&gt; ISCRIVITI ALLA CONFERENZA PER RICEVERE I LINK PER REGISTRARTI AI WORKSHOP!<\/a><\/strong><br \/>\n&#8211;<\/li>\n<li>Ti forniremo un riscontro in tempi rapidi, comunque non oltre il 27 aprile. (Vedi la seguente sezione &#8216;DOMANDE FREQUENTI&#8217; per maggiori dettagli).<br \/>\n&#8211;<\/li>\n<li>Coloro che invieranno la richiesta di partecipazione ai workshop a partire del 19 aprile, riceveranno un riscontro a partire dal 27 aprile dopo che il nostro Team le avr\u00e0 analizzate, sempre sulla base dell&#8217;ordine d&#8217;arrivo e del criterio di selezione preferenziale del target.<\/li>\n<\/ol>\n<h4>LISTA DI ATTESA<\/h4>\nPotr\u00e0 capitare che, anche se un workshop vada sold-out, si liberino dei posti i giorni precedenti all&#8217;evento, o addirittura anche il giorno stesso.<br \/>\nSe 5 minuti prima dell&#8217;inizio del workshop chi ha ricevuto l&#8217;approvazione dell&#8217;iscrizione non si sar\u00e0 presentato al check-in del workshop stesso, perder\u00e0 la sua priorit\u00e0, in favore di altre persone che sono in lista di attesa o, in mancanza di queste, di altre che non hanno inviato la richiesta, ma che desiderano comunque partecipare.\n<p>&nbsp;<\/p>\n<h4>DOMANDE FREQUENTI<\/h4>\n<ol>\n<li>\n<h4>\u00c8 possibile iscriversi a pi\u00f9 di un workshop?<\/h4>\nS\u00ec.<br \/>\n&#8211;<\/li>\n<li>\n<h4>Quando sapr\u00f2 se la mia richiesta di iscrizione \u00e8 stata accettata?<\/h4>\nColoro che si saranno iscritti entro il 18 aprile riceveranno la risposta entro il 27 aprile. A seguire, forniremo una risposta a tutti gli altri. Tutte le iscrizioni saranno analizzate dal nostro team, per cui quelle che non arriveranno nella prima settimana riceveranno una conferma a seguito della valutazione che potr\u00e0 richiedere qualche giorno.<br \/>\n&#8211;<\/li>\n<li>\n<h4><strong>Chi posso contattare per maggiori informazioni sui workshop o sulle iscrizioni?<\/strong><\/h4>\nPuoi inviare una mail a info@accessibilitydays.it<br \/>\n&#8211;<\/li>\n<li>\n<h4><strong>Non mi sono iscritto a nessun workshop, posso comunque partecipare?<\/strong><\/h4>\nSe il giorno dell&#8217;evento si sono liberati dei posti, certo! Presentati di fronte all&#8217;aula del workshop 5 minuti prima del suo inizio.<br \/>\n&#8211;<\/li>\n<li>\n<h4><strong>I workshop verranno trasmessi in streaming?<\/strong><\/h4>\nNo, sar\u00e0 possibile usufruirne solo in presenza, a Roma presso la sede dell&#8217;evento.<br \/>\n&#8211;<\/li>\n<li>\n<h4><strong>I workshop verranno registrati e resi disponibili nel canale YouTube degli Accessibility Days?<\/strong><\/h4>\nNo.<\/li>\n<\/ol>\n<p>&nbsp;<\/p>\n<p>&nbsp;<\/p>\n\n","protected":false},"excerpt":{"rendered":"<div class=\"entry-summary\">\n<div class=\"entry-summary\">\nVersione breve (da leggere attentamente) I workshop si svolgeranno in presenza, a Roma: non saranno n\u00e9 trasmessi via streaming n\u00e9 registrati. I workshop richiedono una specifica iscrizione, perch\u00e9 a numero chiuso. Quella che si effettua in realt\u00e0 non \u00e8 un&#8217;iscrizione,&hellip;\n<\/div>\n<div class=\"link-more\"><a href=\"https:\/\/old.accessibilitydays.it\/2023\/it\/iscrizioni-workshop\/\" class=\"more-link\">Continua a leggere <span class=\"screen-reader-text\"> &ldquo;Istruzioni per l&#8217;iscrizione ai Workshop&rdquo;<\/span>&hellip;<\/a><\/div>\n<\/div>\n<div class=\"link-more\"><a href=\"https:\/\/old.accessibilitydays.it\/2023\/it\/iscrizioni-workshop\/\" class=\"more-link\">Continua a leggere <span class=\"screen-reader-text\"> &ldquo;Istruzioni per l&#8217;iscrizione ai Workshop&rdquo;<\/span>&hellip;<\/a><\/div>\n","protected":false},"author":3,"featured_media":0,"parent":0,"menu_order":0,"comment_status":"closed","ping_status":"closed","template":"","meta":{"_acf_changed":false,"footnotes":""},"class_list":["post-4400","page","type-page","status-publish","hentry","entry"],"yoast_head":"<!-- This site is optimized with the Yoast SEO plugin v25.6 - https:\/\/yoast.com\/wordpress\/plugins\/seo\/ -->\n<title>Istruzioni per l&#039;iscrizione ai Workshop - Accessibility Days 2023<\/title>\n<meta name=\"robots\" content=\"index, follow, max-snippet:-1, max-image-preview:large, max-video-preview:-1\" \/>\n<link rel=\"canonical\" href=\"https:\/\/old.accessibilitydays.it\/2023\/it\/iscrizioni-workshop\/\" \/>\n<meta property=\"og:locale\" content=\"it_IT\" \/>\n<meta property=\"og:type\" content=\"article\" \/>\n<meta property=\"og:title\" content=\"Istruzioni per l&#039;iscrizione ai Workshop - Accessibility Days 2023\" \/>\n<meta property=\"og:description\" content=\"Versione breve (da leggere attentamente) I workshop si svolgeranno in presenza, a Roma: non saranno n\u00e9 trasmessi via streaming n\u00e9 registrati. I workshop richiedono una specifica iscrizione, perch\u00e9 a numero chiuso. Quella che si effettua in realt\u00e0 non \u00e8 un&#8217;iscrizione,&hellip; Continua a leggere &ldquo;Istruzioni per l&#8217;iscrizione ai Workshop&rdquo;&hellip;\" \/>\n<meta property=\"og:url\" content=\"https:\/\/old.accessibilitydays.it\/2023\/it\/iscrizioni-workshop\/\" \/>\n<meta property=\"og:site_name\" content=\"Accessibility Days 2023\" \/>\n<meta property=\"article:publisher\" content=\"https:\/\/www.facebook.com\/AccessibilityDays\/\" \/>\n<meta property=\"article:modified_time\" content=\"2023-05-06T21:37:46+00:00\" \/>\n<meta name=\"twitter:card\" content=\"summary_large_image\" \/>\n<meta name=\"twitter:site\" content=\"@a11y_days\" \/>\n<meta name=\"twitter:label1\" content=\"Tempo di lettura stimato\" \/>\n\t<meta name=\"twitter:data1\" content=\"4 minuti\" \/>\n<script type=\"application\/ld+json\" class=\"yoast-schema-graph\">{\"@context\":\"https:\/\/schema.org\",\"@graph\":[{\"@type\":\"WebPage\",\"@id\":\"https:\/\/old.accessibilitydays.it\/2023\/it\/iscrizioni-workshop\/\",\"url\":\"https:\/\/old.accessibilitydays.it\/2023\/it\/iscrizioni-workshop\/\",\"name\":\"Istruzioni per l'iscrizione ai Workshop - Accessibility Days 2023\",\"isPartOf\":{\"@id\":\"https:\/\/old.accessibilitydays.it\/2023\/#website\"},\"datePublished\":\"2022-03-30T19:37:10+00:00\",\"dateModified\":\"2023-05-06T21:37:46+00:00\",\"breadcrumb\":{\"@id\":\"https:\/\/old.accessibilitydays.it\/2023\/it\/iscrizioni-workshop\/#breadcrumb\"},\"inLanguage\":\"it-IT\",\"potentialAction\":[{\"@type\":\"ReadAction\",\"target\":[\"https:\/\/old.accessibilitydays.it\/2023\/it\/iscrizioni-workshop\/\"]}]},{\"@type\":\"BreadcrumbList\",\"@id\":\"https:\/\/old.accessibilitydays.it\/2023\/it\/iscrizioni-workshop\/#breadcrumb\",\"itemListElement\":[{\"@type\":\"ListItem\",\"position\":1,\"name\":\"Home\",\"item\":\"https:\/\/old.accessibilitydays.it\/2023\/\"},{\"@type\":\"ListItem\",\"position\":2,\"name\":\"Istruzioni per l&#8217;iscrizione ai Workshop\"}]},{\"@type\":\"WebSite\",\"@id\":\"https:\/\/old.accessibilitydays.it\/2023\/#website\",\"url\":\"https:\/\/old.accessibilitydays.it\/2023\/\",\"name\":\"Accessibility Days 2021\",\"description\":\"Sensibilizzazione sull&#039;Accessibilit\u00e0 e sulle Disabilit\u00e0\",\"publisher\":{\"@id\":\"https:\/\/old.accessibilitydays.it\/2023\/#organization\"},\"potentialAction\":[{\"@type\":\"SearchAction\",\"target\":{\"@type\":\"EntryPoint\",\"urlTemplate\":\"https:\/\/old.accessibilitydays.it\/2023\/?s={search_term_string}\"},\"query-input\":{\"@type\":\"PropertyValueSpecification\",\"valueRequired\":true,\"valueName\":\"search_term_string\"}}],\"inLanguage\":\"it-IT\"},{\"@type\":\"Organization\",\"@id\":\"https:\/\/old.accessibilitydays.it\/2023\/#organization\",\"name\":\"Accessibility Days\",\"url\":\"https:\/\/old.accessibilitydays.it\/2023\/\",\"logo\":{\"@type\":\"ImageObject\",\"inLanguage\":\"it-IT\",\"@id\":\"https:\/\/old.accessibilitydays.it\/2023\/#\/schema\/logo\/image\/\",\"url\":\"https:\/\/old.accessibilitydays.it\/2023\/wp-content\/uploads\/sites\/9\/2023\/01\/Logo-sito-2023.jpg\",\"contentUrl\":\"https:\/\/old.accessibilitydays.it\/2023\/wp-content\/uploads\/sites\/9\/2023\/01\/Logo-sito-2023.jpg\",\"width\":300,\"height\":190,\"caption\":\"Accessibility Days\"},\"image\":{\"@id\":\"https:\/\/old.accessibilitydays.it\/2023\/#\/schema\/logo\/image\/\"},\"sameAs\":[\"https:\/\/www.facebook.com\/AccessibilityDays\/\",\"https:\/\/x.com\/a11y_days\",\"https:\/\/www.linkedin.com\/company\/accessibility-days\/\",\"https:\/\/www.youtube.com\/channel\/UCzFrbfqazVbmlwwSeA4DjOw\"]}]}<\/script>\n<!-- \/ Yoast SEO plugin. -->","yoast_head_json":{"title":"Istruzioni per l'iscrizione ai Workshop - Accessibility Days 2023","robots":{"index":"index","follow":"follow","max-snippet":"max-snippet:-1","max-image-preview":"max-image-preview:large","max-video-preview":"max-video-preview:-1"},"canonical":"https:\/\/old.accessibilitydays.it\/2023\/it\/iscrizioni-workshop\/","og_locale":"it_IT","og_type":"article","og_title":"Istruzioni per l'iscrizione ai Workshop - Accessibility Days 2023","og_description":"Versione breve (da leggere attentamente) I workshop si svolgeranno in presenza, a Roma: non saranno n\u00e9 trasmessi via streaming n\u00e9 registrati. I workshop richiedono una specifica iscrizione, perch\u00e9 a numero chiuso. Quella che si effettua in realt\u00e0 non \u00e8 un&#8217;iscrizione,&hellip; Continua a leggere &ldquo;Istruzioni per l&#8217;iscrizione ai Workshop&rdquo;&hellip;","og_url":"https:\/\/old.accessibilitydays.it\/2023\/it\/iscrizioni-workshop\/","og_site_name":"Accessibility Days 2023","article_publisher":"https:\/\/www.facebook.com\/AccessibilityDays\/","article_modified_time":"2023-05-06T21:37:46+00:00","twitter_card":"summary_large_image","twitter_site":"@a11y_days","twitter_misc":{"Tempo di lettura stimato":"4 minuti"},"schema":{"@context":"https:\/\/schema.org","@graph":[{"@type":"WebPage","@id":"https:\/\/old.accessibilitydays.it\/2023\/it\/iscrizioni-workshop\/","url":"https:\/\/old.accessibilitydays.it\/2023\/it\/iscrizioni-workshop\/","name":"Istruzioni per l'iscrizione ai Workshop - Accessibility Days 2023","isPartOf":{"@id":"https:\/\/old.accessibilitydays.it\/2023\/#website"},"datePublished":"2022-03-30T19:37:10+00:00","dateModified":"2023-05-06T21:37:46+00:00","breadcrumb":{"@id":"https:\/\/old.accessibilitydays.it\/2023\/it\/iscrizioni-workshop\/#breadcrumb"},"inLanguage":"it-IT","potentialAction":[{"@type":"ReadAction","target":["https:\/\/old.accessibilitydays.it\/2023\/it\/iscrizioni-workshop\/"]}]},{"@type":"BreadcrumbList","@id":"https:\/\/old.accessibilitydays.it\/2023\/it\/iscrizioni-workshop\/#breadcrumb","itemListElement":[{"@type":"ListItem","position":1,"name":"Home","item":"https:\/\/old.accessibilitydays.it\/2023\/"},{"@type":"ListItem","position":2,"name":"Istruzioni per l&#8217;iscrizione ai Workshop"}]},{"@type":"WebSite","@id":"https:\/\/old.accessibilitydays.it\/2023\/#website","url":"https:\/\/old.accessibilitydays.it\/2023\/","name":"Accessibility Days 2021","description":"Sensibilizzazione sull&#039;Accessibilit\u00e0 e sulle Disabilit\u00e0","publisher":{"@id":"https:\/\/old.accessibilitydays.it\/2023\/#organization"},"potentialAction":[{"@type":"SearchAction","target":{"@type":"EntryPoint","urlTemplate":"https:\/\/old.accessibilitydays.it\/2023\/?s={search_term_string}"},"query-input":{"@type":"PropertyValueSpecification","valueRequired":true,"valueName":"search_term_string"}}],"inLanguage":"it-IT"},{"@type":"Organization","@id":"https:\/\/old.accessibilitydays.it\/2023\/#organization","name":"Accessibility Days","url":"https:\/\/old.accessibilitydays.it\/2023\/","logo":{"@type":"ImageObject","inLanguage":"it-IT","@id":"https:\/\/old.accessibilitydays.it\/2023\/#\/schema\/logo\/image\/","url":"https:\/\/old.accessibilitydays.it\/2023\/wp-content\/uploads\/sites\/9\/2023\/01\/Logo-sito-2023.jpg","contentUrl":"https:\/\/old.accessibilitydays.it\/2023\/wp-content\/uploads\/sites\/9\/2023\/01\/Logo-sito-2023.jpg","width":300,"height":190,"caption":"Accessibility Days"},"image":{"@id":"https:\/\/old.accessibilitydays.it\/2023\/#\/schema\/logo\/image\/"},"sameAs":["https:\/\/www.facebook.com\/AccessibilityDays\/","https:\/\/x.com\/a11y_days","https:\/\/www.linkedin.com\/company\/accessibility-days\/","https:\/\/www.youtube.com\/channel\/UCzFrbfqazVbmlwwSeA4DjOw"]}]}},"acf":[],"_links":{"self":[{"href":"https:\/\/old.accessibilitydays.it\/2023\/wp-json\/wp\/v2\/pages\/4400","targetHints":{"allow":["GET"]}}],"collection":[{"href":"https:\/\/old.accessibilitydays.it\/2023\/wp-json\/wp\/v2\/pages"}],"about":[{"href":"https:\/\/old.accessibilitydays.it\/2023\/wp-json\/wp\/v2\/types\/page"}],"author":[{"embeddable":true,"href":"https:\/\/old.accessibilitydays.it\/2023\/wp-json\/wp\/v2\/users\/3"}],"replies":[{"embeddable":true,"href":"https:\/\/old.accessibilitydays.it\/2023\/wp-json\/wp\/v2\/comments?post=4400"}],"version-history":[{"count":34,"href":"https:\/\/old.accessibilitydays.it\/2023\/wp-json\/wp\/v2\/pages\/4400\/revisions"}],"predecessor-version":[{"id":6468,"href":"https:\/\/old.accessibilitydays.it\/2023\/wp-json\/wp\/v2\/pages\/4400\/revisions\/6468"}],"wp:attachment":[{"href":"https:\/\/old.accessibilitydays.it\/2023\/wp-json\/wp\/v2\/media?parent=4400"}],"curies":[{"name":"wp","href":"https:\/\/api.w.org\/{rel}","templated":true}]}}