{"id":6669,"date":"2023-05-13T12:13:46","date_gmt":"2023-05-13T10:13:46","guid":{"rendered":"https:\/\/accessibilitydays.it\/2023\/?page_id=6669"},"modified":"2025-05-14T16:02:53","modified_gmt":"2025-05-14T14:02:53","slug":"faq","status":"publish","type":"page","link":"https:\/\/old.accessibilitydays.it\/2023\/it\/faq\/","title":{"rendered":"FAQ &#8211; Domande frequenti"},"content":{"rendered":"\n\n\t<h3>Sono previsti attestati di partecipazione o crediti?<\/h3>\nS\u00ec, tutte le persone possono richiedere attestati di partecipazione, sia partecipando in presenza che seguendo in streaming.<br \/>\nPer il personale scolastico a tempo indeterminato, possono essere registrati anche nella piattaforma SOFIA.\n<p><a href=\"https:\/\/old.accessibilitydays.it\/2023\/it\/attestati-di-partecipazione\/\">VAI ALLE ISTRUZIONI PER RICEVERE GLI ATTESTATI DI PARTECIPAZIONE.\u00a0<\/a><\/p>\n<h3>Gli alloggi a Roma sono diventati introvabili (a prezzi accessibili), avete delle convenzioni con strutture ricettive?<\/h3>\nPurtroppo sono terminati i posti letto anche nei luoghi a noi noti, probabilmente a causa di altri eventi concomitanti come gli Internazionali di Tennis.<br \/>\nQuello che ci sentiamo di consigliare \u00e8 di valutare la possibilit\u00e0 di alloggiare in citt\u00e0 limitrofe come Civitavecchia, che possono essere raggiunte da Roma sempre tramite mezzi pubblici.\n<h3>Come conviene raggiungere la sede dell&#8217;evento?<\/h3>\n<p>Trovi le informazioni nella <a href=\"https:\/\/old.accessibilitydays.it\/2023\/it\/location\/\">pagina della location<\/a>.<\/p>\n<h3>Sar\u00e0 presente un servizio di guardaroba?<\/h3>\n<p>S\u00ec.<\/p>\n<p>&nbsp;<\/p>\n<p>&nbsp;<\/p>\n\n","protected":false},"excerpt":{"rendered":"<div class=\"entry-summary\">\n<div class=\"entry-summary\">\nSono previsti attestati di partecipazione o crediti? S\u00ec, tutte le persone possono richiedere attestati di partecipazione, sia partecipando in presenza che seguendo in streaming. Per il personale scolastico a tempo indeterminato, possono essere registrati anche nella piattaforma SOFIA. VAI ALLE&hellip;\n<\/div>\n<div class=\"link-more\"><a href=\"https:\/\/old.accessibilitydays.it\/2023\/it\/faq\/\" class=\"more-link\">Continua a leggere <span class=\"screen-reader-text\"> &ldquo;FAQ &#8211; Domande frequenti&rdquo;<\/span>&hellip;<\/a><\/div>\n<\/div>\n<div class=\"link-more\"><a href=\"https:\/\/old.accessibilitydays.it\/2023\/it\/faq\/\" class=\"more-link\">Continua a leggere <span class=\"screen-reader-text\"> &ldquo;FAQ &#8211; Domande frequenti&rdquo;<\/span>&hellip;<\/a><\/div>\n","protected":false},"author":3,"featured_media":0,"parent":0,"menu_order":0,"comment_status":"closed","ping_status":"closed","template":"","meta":{"_acf_changed":false,"footnotes":""},"class_list":["post-6669","page","type-page","status-publish","hentry","entry"],"yoast_head":"<!-- This site is optimized with the Yoast SEO plugin v25.6 - https:\/\/yoast.com\/wordpress\/plugins\/seo\/ -->\n<title>FAQ - Domande frequenti - Accessibility Days 2023<\/title>\n<meta name=\"robots\" content=\"index, follow, max-snippet:-1, max-image-preview:large, max-video-preview:-1\" \/>\n<link rel=\"canonical\" href=\"https:\/\/old.accessibilitydays.it\/2023\/it\/faq\/\" \/>\n<meta property=\"og:locale\" content=\"it_IT\" \/>\n<meta property=\"og:type\" content=\"article\" \/>\n<meta property=\"og:title\" content=\"FAQ - Domande frequenti - Accessibility Days 2023\" \/>\n<meta property=\"og:description\" content=\"Sono previsti attestati di partecipazione o crediti? S\u00ec, tutte le persone possono richiedere attestati di partecipazione, sia partecipando in presenza che seguendo in streaming. Per il personale scolastico a tempo indeterminato, possono essere registrati anche nella piattaforma SOFIA. VAI ALLE&hellip; Continua a leggere &ldquo;FAQ &#8211; Domande frequenti&rdquo;&hellip;\" \/>\n<meta property=\"og:url\" content=\"https:\/\/old.accessibilitydays.it\/2023\/it\/faq\/\" \/>\n<meta property=\"og:site_name\" content=\"Accessibility Days 2023\" \/>\n<meta property=\"article:publisher\" content=\"https:\/\/www.facebook.com\/AccessibilityDays\/\" \/>\n<meta property=\"article:modified_time\" content=\"2025-05-14T14:02:53+00:00\" \/>\n<meta name=\"twitter:card\" content=\"summary_large_image\" \/>\n<meta name=\"twitter:site\" content=\"@a11y_days\" \/>\n<script type=\"application\/ld+json\" class=\"yoast-schema-graph\">{\"@context\":\"https:\/\/schema.org\",\"@graph\":[{\"@type\":\"WebPage\",\"@id\":\"https:\/\/old.accessibilitydays.it\/2023\/it\/faq\/\",\"url\":\"https:\/\/old.accessibilitydays.it\/2023\/it\/faq\/\",\"name\":\"FAQ - Domande frequenti - Accessibility Days 2023\",\"isPartOf\":{\"@id\":\"https:\/\/old.accessibilitydays.it\/2023\/#website\"},\"datePublished\":\"2023-05-13T10:13:46+00:00\",\"dateModified\":\"2025-05-14T14:02:53+00:00\",\"breadcrumb\":{\"@id\":\"https:\/\/old.accessibilitydays.it\/2023\/it\/faq\/#breadcrumb\"},\"inLanguage\":\"it-IT\",\"potentialAction\":[{\"@type\":\"ReadAction\",\"target\":[\"https:\/\/old.accessibilitydays.it\/2023\/it\/faq\/\"]}]},{\"@type\":\"BreadcrumbList\",\"@id\":\"https:\/\/old.accessibilitydays.it\/2023\/it\/faq\/#breadcrumb\",\"itemListElement\":[{\"@type\":\"ListItem\",\"position\":1,\"name\":\"Home\",\"item\":\"https:\/\/old.accessibilitydays.it\/2023\/\"},{\"@type\":\"ListItem\",\"position\":2,\"name\":\"FAQ &#8211; Domande frequenti\"}]},{\"@type\":\"WebSite\",\"@id\":\"https:\/\/old.accessibilitydays.it\/2023\/#website\",\"url\":\"https:\/\/old.accessibilitydays.it\/2023\/\",\"name\":\"Accessibility Days 2021\",\"description\":\"Sensibilizzazione sull&#039;Accessibilit\u00e0 e sulle Disabilit\u00e0\",\"publisher\":{\"@id\":\"https:\/\/old.accessibilitydays.it\/2023\/#organization\"},\"potentialAction\":[{\"@type\":\"SearchAction\",\"target\":{\"@type\":\"EntryPoint\",\"urlTemplate\":\"https:\/\/old.accessibilitydays.it\/2023\/?s={search_term_string}\"},\"query-input\":{\"@type\":\"PropertyValueSpecification\",\"valueRequired\":true,\"valueName\":\"search_term_string\"}}],\"inLanguage\":\"it-IT\"},{\"@type\":\"Organization\",\"@id\":\"https:\/\/old.accessibilitydays.it\/2023\/#organization\",\"name\":\"Accessibility Days\",\"url\":\"https:\/\/old.accessibilitydays.it\/2023\/\",\"logo\":{\"@type\":\"ImageObject\",\"inLanguage\":\"it-IT\",\"@id\":\"https:\/\/old.accessibilitydays.it\/2023\/#\/schema\/logo\/image\/\",\"url\":\"https:\/\/old.accessibilitydays.it\/2023\/wp-content\/uploads\/sites\/9\/2023\/01\/Logo-sito-2023.jpg\",\"contentUrl\":\"https:\/\/old.accessibilitydays.it\/2023\/wp-content\/uploads\/sites\/9\/2023\/01\/Logo-sito-2023.jpg\",\"width\":300,\"height\":190,\"caption\":\"Accessibility Days\"},\"image\":{\"@id\":\"https:\/\/old.accessibilitydays.it\/2023\/#\/schema\/logo\/image\/\"},\"sameAs\":[\"https:\/\/www.facebook.com\/AccessibilityDays\/\",\"https:\/\/x.com\/a11y_days\",\"https:\/\/www.linkedin.com\/company\/accessibility-days\/\",\"https:\/\/www.youtube.com\/channel\/UCzFrbfqazVbmlwwSeA4DjOw\"]}]}<\/script>\n<!-- \/ Yoast SEO plugin. -->","yoast_head_json":{"title":"FAQ - Domande frequenti - Accessibility Days 2023","robots":{"index":"index","follow":"follow","max-snippet":"max-snippet:-1","max-image-preview":"max-image-preview:large","max-video-preview":"max-video-preview:-1"},"canonical":"https:\/\/old.accessibilitydays.it\/2023\/it\/faq\/","og_locale":"it_IT","og_type":"article","og_title":"FAQ - Domande frequenti - Accessibility Days 2023","og_description":"Sono previsti attestati di partecipazione o crediti? S\u00ec, tutte le persone possono richiedere attestati di partecipazione, sia partecipando in presenza che seguendo in streaming. Per il personale scolastico a tempo indeterminato, possono essere registrati anche nella piattaforma SOFIA. VAI ALLE&hellip; Continua a leggere &ldquo;FAQ &#8211; Domande frequenti&rdquo;&hellip;","og_url":"https:\/\/old.accessibilitydays.it\/2023\/it\/faq\/","og_site_name":"Accessibility Days 2023","article_publisher":"https:\/\/www.facebook.com\/AccessibilityDays\/","article_modified_time":"2025-05-14T14:02:53+00:00","twitter_card":"summary_large_image","twitter_site":"@a11y_days","schema":{"@context":"https:\/\/schema.org","@graph":[{"@type":"WebPage","@id":"https:\/\/old.accessibilitydays.it\/2023\/it\/faq\/","url":"https:\/\/old.accessibilitydays.it\/2023\/it\/faq\/","name":"FAQ - Domande frequenti - Accessibility Days 2023","isPartOf":{"@id":"https:\/\/old.accessibilitydays.it\/2023\/#website"},"datePublished":"2023-05-13T10:13:46+00:00","dateModified":"2025-05-14T14:02:53+00:00","breadcrumb":{"@id":"https:\/\/old.accessibilitydays.it\/2023\/it\/faq\/#breadcrumb"},"inLanguage":"it-IT","potentialAction":[{"@type":"ReadAction","target":["https:\/\/old.accessibilitydays.it\/2023\/it\/faq\/"]}]},{"@type":"BreadcrumbList","@id":"https:\/\/old.accessibilitydays.it\/2023\/it\/faq\/#breadcrumb","itemListElement":[{"@type":"ListItem","position":1,"name":"Home","item":"https:\/\/old.accessibilitydays.it\/2023\/"},{"@type":"ListItem","position":2,"name":"FAQ &#8211; Domande frequenti"}]},{"@type":"WebSite","@id":"https:\/\/old.accessibilitydays.it\/2023\/#website","url":"https:\/\/old.accessibilitydays.it\/2023\/","name":"Accessibility Days 2021","description":"Sensibilizzazione sull&#039;Accessibilit\u00e0 e sulle Disabilit\u00e0","publisher":{"@id":"https:\/\/old.accessibilitydays.it\/2023\/#organization"},"potentialAction":[{"@type":"SearchAction","target":{"@type":"EntryPoint","urlTemplate":"https:\/\/old.accessibilitydays.it\/2023\/?s={search_term_string}"},"query-input":{"@type":"PropertyValueSpecification","valueRequired":true,"valueName":"search_term_string"}}],"inLanguage":"it-IT"},{"@type":"Organization","@id":"https:\/\/old.accessibilitydays.it\/2023\/#organization","name":"Accessibility Days","url":"https:\/\/old.accessibilitydays.it\/2023\/","logo":{"@type":"ImageObject","inLanguage":"it-IT","@id":"https:\/\/old.accessibilitydays.it\/2023\/#\/schema\/logo\/image\/","url":"https:\/\/old.accessibilitydays.it\/2023\/wp-content\/uploads\/sites\/9\/2023\/01\/Logo-sito-2023.jpg","contentUrl":"https:\/\/old.accessibilitydays.it\/2023\/wp-content\/uploads\/sites\/9\/2023\/01\/Logo-sito-2023.jpg","width":300,"height":190,"caption":"Accessibility Days"},"image":{"@id":"https:\/\/old.accessibilitydays.it\/2023\/#\/schema\/logo\/image\/"},"sameAs":["https:\/\/www.facebook.com\/AccessibilityDays\/","https:\/\/x.com\/a11y_days","https:\/\/www.linkedin.com\/company\/accessibility-days\/","https:\/\/www.youtube.com\/channel\/UCzFrbfqazVbmlwwSeA4DjOw"]}]}},"acf":[],"_links":{"self":[{"href":"https:\/\/old.accessibilitydays.it\/2023\/wp-json\/wp\/v2\/pages\/6669","targetHints":{"allow":["GET"]}}],"collection":[{"href":"https:\/\/old.accessibilitydays.it\/2023\/wp-json\/wp\/v2\/pages"}],"about":[{"href":"https:\/\/old.accessibilitydays.it\/2023\/wp-json\/wp\/v2\/types\/page"}],"author":[{"embeddable":true,"href":"https:\/\/old.accessibilitydays.it\/2023\/wp-json\/wp\/v2\/users\/3"}],"replies":[{"embeddable":true,"href":"https:\/\/old.accessibilitydays.it\/2023\/wp-json\/wp\/v2\/comments?post=6669"}],"version-history":[{"count":5,"href":"https:\/\/old.accessibilitydays.it\/2023\/wp-json\/wp\/v2\/pages\/6669\/revisions"}],"predecessor-version":[{"id":7341,"href":"https:\/\/old.accessibilitydays.it\/2023\/wp-json\/wp\/v2\/pages\/6669\/revisions\/7341"}],"wp:attachment":[{"href":"https:\/\/old.accessibilitydays.it\/2023\/wp-json\/wp\/v2\/media?parent=6669"}],"curies":[{"name":"wp","href":"https:\/\/api.w.org\/{rel}","templated":true}]}}