{"id":4185,"date":"2022-03-26T22:31:05","date_gmt":"2022-03-26T21:31:05","guid":{"rendered":"https:\/\/accessibilitydays.it\/2024\/?page_id=4185"},"modified":"2025-05-14T15:47:24","modified_gmt":"2025-05-14T13:47:24","slug":"espositori","status":"publish","type":"page","link":"https:\/\/old.accessibilitydays.it\/2024\/it\/espositori\/","title":{"rendered":"Espositori (aree informative, ask the expert, &#8230;)"},"content":{"rendered":"\n\n\t<h2>Elenco espositori (in fase di definizione)<\/h2>\n<ol>\n<li><a href=\"#exam-center\">Examcenter.online<\/a><\/li>\n<li><a href=\"#gucci\">Gucci (solo gioved\u00ec)<\/a><\/li>\n<li><a href=\"#lavoropiu\">Lavoropi\u00f9 Spa: recruiting<\/a><\/li>\n<li><a href=\"#rai-pubblica-utilita\">RAI Pubblica Utilit\u00e0<\/a><\/li>\n<li><a href=\"#santalessio\">Sant&#8217;Alessio &#8211; Margherita di Savoia<\/a><\/li>\n<li><a href=\"#siti-accessibili\">SitiAccessibili.it<\/a><\/li>\n<li><a href=\"#uici\">UICI &#8211; Unione Italiana Ciechi e Ipovedenti<\/a><\/li>\n<li><a href=\"#unguess\">Unguess<\/a><\/li>\n<\/ol>\n<h2>Orari dello spazio dedicato agli espositori<\/h2>\n<ul>\n<li>Gioved\u00ec 16 maggio: dalle 9.00 alle 19.00<\/li>\n<li>Venerd\u00ec 17 maggio: dalle 9.00 alle 18.00<\/li>\n<\/ul>\n<p>Nel seguente elenco, per ogni espositore \u00e8 indicata la relativa disponibilit\u00e0.<\/p>\n<h2>Dettagli espositori<\/h2>\n<h3>NON VISIBILE<\/h3>\n<p>{}<\/p>\n<h3>Examcenter.online<\/h3>\n<ul>\n<li>Disponibilit\u00e0: entrambe le giornate<\/li>\n<li>Contenuti:<br \/>\nExamcenter.online \u00e8 parte dell&#8217;ecosistema sviluppato da TECHNET LEARNING rivolto allo sviluppo delle competenze delle persone e alla crescita professionale.<br \/>\nExamcenter.online \u00e8 punto di riferimento per le Aziende, Enti, Scuole, Universit\u00e0, Associazioni, Professionisti e Cittadini per valutare le competenze e certificare le persone secondo gli standard internazionali, nazionali ed offre nell&#8217;ambito dell&#8217;evento &#8220;Accessibility days 2024&#8221; servizi formativi e di certificazione del profilo di Web Accessibility expert definito nella norma UNI 11621-3:2021<\/li>\n<li><a href=\"https:\/\/www.examcenter.online\/\">Sito web<\/a><\/li>\n<li>Mail\n<ul>\n<li><a href=\"mailto:info@examcenter.online\">info@examcenter.online<\/a><\/li>\n<li><a href=\"mailto:info@technetlearning.com\">info@technetlearning.com<\/a><\/li>\n<\/ul>\n<\/li>\n<li>Referenti\n<ul>\n<li>Daniele Savoretti (Tel. 320 487 8180)<\/li>\n<li>Alessia Perinelli (Tel. 366 709 2438)<\/li>\n<\/ul>\n<\/li>\n<\/ul>\n<h3>NON VISIBILE<\/h3>\n<p>{}<\/p>\n<h3>Gucci<\/h3>\n<ul>\n<li>Disponibilit\u00e0: gioved\u00ec<\/li>\n<li>Contenuti:<br \/>\nFondata a Firenze nel 1921, Gucci \u00e8 una delle pi\u00f9 importanti Maison nel settore del lusso. Sotto la guida del Presidente e CEO Jean-Fran\u00e7ois Palus e la direzione creativa di Sabato De Sarno, sulla scia del suo centenario, Gucci continua a ridefinire il concetto di moda e lusso all&#8217;insegna di valori fondamentali quali creativit\u00e0, tradizione artigianale e innovazione.<br \/>\nGucci fa parte del gruppo di lusso globale Kering, che gestisce rinomate Maison nel settore della moda, pelletteria, gioielleria e occhiali.<br \/>\nScopri di pi\u00f9 su Gucci su <a href=\"https:\/\/www.gucci.com\/\">www.gucci.com<\/a> ed esplora le opportunit\u00e0 all&#8217;interno della Maison su <a href=\"https:\/\/careers.gucci.com\/\">careers.gucci.com<\/a><\/li>\n<\/ul>\n<h3>NON VISIBILE<\/h3>\n<p>{}<\/p>\n<h3>Lavoropi\u00f9 Spa: recruiting<\/h3>\n<ul>\n<li>Disponibilit\u00e0: entrambe le giornate<\/li>\n<li>Contenuti:<br \/>\nofferte di lavoro per candidati appartenenti alle categorie protette<\/li>\n<li><a href=\"https:\/\/www.lavoropiu.it\/\">Sito web<\/a><\/li>\n<li><a href=\"mailto:talent.placement@lavoropiu.it\">Mail<\/a><\/li>\n<li>Referenti\n<ul>\n<li>Laura Cirillo<\/li>\n<li>Flavia de Cupis<\/li>\n<\/ul>\n<\/li>\n<\/ul>\n<h3>RAI Pubblica Utilit\u00e0 (RAI Accessibilit\u00e0)<\/h3>\n<ul>\n<li>Disponibilit\u00e0: entrambe le giornate<\/li>\n<li>Contenuti:<br \/>\ndistribuzione di materiale informativo; possibilit\u00e0 di conoscere ed esplorare l&#8217;offerta Rai di programmi audiovisivi e multimediali resi accessibili con audiodescrizione, sottotitoli e LIS, confrontandosi con gli operatori di RAI Accessibilit\u00e0.<\/li>\n<li><a href=\"https:\/\/www.rai.it\/dl\/easyweb\/index.html\">Sito web<\/a><\/li>\n<li><a href=\"mailto:regia-easyweb@rai.it\">Mail<\/a><\/li>\n<\/ul>\n<h3>NON VISIBILE<\/h3>\n<p>{}<\/p>\n<h3>Sant&#8217;Alessio &#8211; Margherita di Savoia<\/h3>\n<ul>\n<li>Disponibilit\u00e0: entrambe le giornate<\/li>\n<li>Contenuti:<br \/>\nDidattica accessibile: strumenti per l&#8217;apprendimento inclusivo<br \/>\nL&#8217;accessibilit\u00e0 didattica diritto all&#8217;istruzione a tutti gli studenti.<br \/>\nEsempi di strumenti didattici per l&#8217;accessibilit\u00e0 formativa:\n<ul>\n<li><strong>Libri in Braille<\/strong>: testi completi in Braille per studenti con disabilit\u00e0 visiva, permettendo loro di leggere autonomamente e fruire dei contenuti didattici.<\/li>\n<li><strong>Libri tattili<\/strong>: materiali sensoriali con illustrazioni in rilievo, tabelle e diagrammi tattili, ideali per studenti con disabilit\u00e0 visiva o con difficolt\u00e0 di apprendimento visivo.<\/li>\n<li><strong>Dattilobraille<\/strong>: tastiere speciali che convertono la scrittura in Braille in tempo reale, facilitando la comunicazione scritta per gli studenti non vedenti.<\/li>\n<li><strong>Ausili tiflologici<\/strong> per la didattica: strumenti specifici per la didattica tiflologica, come carte geografiche in rilievo, libri di geometria, che supportano l&#8217;apprendimento di diverse materie.<\/li>\n<li><strong>Ausili per la matematica<\/strong>: strumenti didattici adattivi per la matematica, come righelli graduati in Braille, che facilitano l&#8217;apprendimento dei concetti matematici per studenti con disabilit\u00e0 visiva.<\/li>\n<\/ul>\n<\/li>\n<li><a href=\"http:\/\/www.santalessio.org\/\">Sito web<\/a><\/li>\n<\/ul>\n<h3>NON VISIBILE<\/h3>\n<p>{}<\/p>\n<h3>SitiAccessibili.it<\/h3>\n<ul>\n<li>Disponibilit\u00e0: entrambe le giornate<\/li>\n<li>Contenuti:<br \/>\nIl nostro team \u00e8 composto da esperti di accessibilit\u00e0 digitale e la nostra missione \u00e8 creare prodotti che siano accessibili, utilizzabili e belli.<br \/>\nAiutiamo aziende e organizzazioni nella remediation delle risorse digitali con test, effettuati con risorse umane, e valutazioni di accessibilit\u00e0 per soddisfare le esigenze degli utenti e gli standard normativi come WCAG e EN 301549<br \/>\nTra i nostri servizi: sviluppo e design accessibile, percorsi di formazione personalizzati, assistenza legale e normativa, dichiarazione di accessibilit\u00e0.<br \/>\nFacciamo accessibilit\u00e0 digitale per professione e per passione.<\/li>\n<li><a href=\"https:\/\/sitiaccessibili.it\/\">Sito web<\/a><\/li>\n<li>Referenti\n<ul>\n<li>Donato Matturro &#8211; 346.9784435 &#8211; <a href=\"mailto:donato.matturro@sitiaccessibili.it\">donato.matturro@sitiaccessibili.it<\/a><\/li>\n<li>Bianca Maria Carchidio &#8211; <a href=\"mailto:bianca@sitiaccessibili.it\">bianca@sitiaccessibili.it<\/a><\/li>\n<\/ul>\n<\/li>\n<\/ul>\n<h3>NON VISIBILE<\/h3>\n<p>{}<\/p>\n<h3>UICI &#8211; Unione Italiana Ciechi e Ipovedenti<\/h3>\n<ul>\n<li>Disponibilit\u00e0: gioved\u00ec e venerd\u00ec<\/li>\n<li>Contenuti:<br \/>\nIN FASE DI DEFINIZIONE<\/li>\n<li><a href=\"https:\/\/www.uiciechi.it\/\">Sito web<\/a><\/li>\n<\/ul>\n<h3>NON VISIBILE<\/h3>\n<p>{}<\/p>\n<h3>Unguess<\/h3>\n<ul>\n<li>Disponibilit\u00e0: entrambe le giornate<\/li>\n<li>Contenuti:<br \/>\nUNGUESS \u00e8 la piattaforma di crowdtesting che fornisce test efficaci e feedback reali che consentono alle aziende di prendere decisioni pi\u00f9 precise e sicure, pi\u00f9 rapidamente. Allo stand di UNGUESS sar\u00e0 possibile scoprire come sia possibile effettuare test di accessibilit\u00e0 affidandosi al potere del crowd. Saranno messi a disposizione:\n<ul>\n<li>Contenuti formativi<\/li>\n<li>Case Study<\/li>\n<li>Live Demo<\/li>\n<li>Gadget esclusivi<\/li>\n<\/ul>\n<\/li>\n<li><a href=\"https:\/\/www.unguess.io\/\">Sito web<\/a><\/li>\n<li><a href=\"mailto:info@unguess.io\">Mail<\/a><\/li>\n<li>Referenti:\n<ul>\n<li>Alessandro Caliandro &#8211; <a href=\"mailto:alessandro.caliandro@unguess.io\">Mail<\/a><\/li>\n<li>Fabio Rota &#8211; <a href=\"mailto:fabio.rota@unguess.io\">Mail<\/a><\/li>\n<\/ul>\n<\/li>\n<\/ul>\n\t\t\t<a href=\"https:\/\/old.accessibilitydays.it\/2024\/it\/iscriviti\/\" target=\"_self\" role=\"button\" rel=\"noopener\"><br \/>\n\t\t\t\t\t\tISCRIVITI All&#8217;EVENTO<br \/>\n\t\t<\/a>\n\n","protected":false},"excerpt":{"rendered":"<div class=\"entry-summary\">\n<div class=\"entry-summary\">\nElenco espositori (in fase di definizione) Examcenter.online Gucci (solo gioved\u00ec) Lavoropi\u00f9 Spa: recruiting RAI Pubblica Utilit\u00e0 Sant&#8217;Alessio &#8211; Margherita di Savoia SitiAccessibili.it UICI &#8211; Unione Italiana Ciechi e Ipovedenti Unguess Orari dello spazio dedicato agli espositori Gioved\u00ec 16 maggio: dalle&hellip;\n<\/div>\n<div class=\"link-more\"><a href=\"https:\/\/old.accessibilitydays.it\/2024\/it\/espositori\/\" class=\"more-link\">Continua a leggere <span class=\"screen-reader-text\"> &ldquo;Espositori (aree informative, ask the expert, &#8230;)&rdquo;<\/span>&hellip;<\/a><\/div>\n<\/div>\n<div class=\"link-more\"><a href=\"https:\/\/old.accessibilitydays.it\/2024\/it\/espositori\/\" class=\"more-link\">Continua a leggere <span class=\"screen-reader-text\"> &ldquo;Espositori (aree informative, ask the expert, &#8230;)&rdquo;<\/span>&hellip;<\/a><\/div>\n","protected":false},"author":3,"featured_media":0,"parent":0,"menu_order":0,"comment_status":"closed","ping_status":"closed","template":"","meta":{"_acf_changed":false,"footnotes":""},"class_list":["post-4185","page","type-page","status-publish","hentry","entry"],"yoast_head":"<!-- This site is optimized with the Yoast SEO plugin v25.6 - https:\/\/yoast.com\/wordpress\/plugins\/seo\/ -->\n<title>Espositori (aree informative, ask the expert, ...) - Accessibility Days 2024<\/title>\n<meta name=\"robots\" content=\"index, follow, max-snippet:-1, max-image-preview:large, max-video-preview:-1\" \/>\n<link rel=\"canonical\" href=\"https:\/\/old.accessibilitydays.it\/2024\/it\/espositori\/\" \/>\n<meta property=\"og:locale\" content=\"it_IT\" \/>\n<meta property=\"og:type\" content=\"article\" \/>\n<meta property=\"og:title\" content=\"Espositori (aree informative, ask the expert, ...) - Accessibility Days 2024\" \/>\n<meta property=\"og:description\" content=\"Elenco espositori (in fase di definizione) Examcenter.online Gucci (solo gioved\u00ec) Lavoropi\u00f9 Spa: recruiting RAI Pubblica Utilit\u00e0 Sant&#8217;Alessio &#8211; Margherita di Savoia SitiAccessibili.it UICI &#8211; Unione Italiana Ciechi e Ipovedenti Unguess Orari dello spazio dedicato agli espositori Gioved\u00ec 16 maggio: dalle&hellip; Continua a leggere &ldquo;Espositori (aree informative, ask the expert, &#8230;)&rdquo;&hellip;\" \/>\n<meta property=\"og:url\" content=\"https:\/\/old.accessibilitydays.it\/2024\/it\/espositori\/\" \/>\n<meta property=\"og:site_name\" content=\"Accessibility Days 2024\" \/>\n<meta property=\"article:publisher\" content=\"https:\/\/www.facebook.com\/AccessibilityDays\/\" \/>\n<meta property=\"article:modified_time\" content=\"2025-05-14T13:47:24+00:00\" \/>\n<meta name=\"twitter:card\" content=\"summary_large_image\" \/>\n<meta name=\"twitter:site\" content=\"@a11y_days\" \/>\n<meta name=\"twitter:label1\" content=\"Tempo di lettura stimato\" \/>\n\t<meta name=\"twitter:data1\" content=\"3 minuti\" \/>\n<script type=\"application\/ld+json\" class=\"yoast-schema-graph\">{\"@context\":\"https:\/\/schema.org\",\"@graph\":[{\"@type\":\"WebPage\",\"@id\":\"https:\/\/old.accessibilitydays.it\/2024\/it\/espositori\/\",\"url\":\"https:\/\/old.accessibilitydays.it\/2024\/it\/espositori\/\",\"name\":\"Espositori (aree informative, ask the expert, ...) - Accessibility Days 2024\",\"isPartOf\":{\"@id\":\"https:\/\/old.accessibilitydays.it\/2024\/#website\"},\"datePublished\":\"2022-03-26T21:31:05+00:00\",\"dateModified\":\"2025-05-14T13:47:24+00:00\",\"breadcrumb\":{\"@id\":\"https:\/\/old.accessibilitydays.it\/2024\/it\/espositori\/#breadcrumb\"},\"inLanguage\":\"it-IT\",\"potentialAction\":[{\"@type\":\"ReadAction\",\"target\":[\"https:\/\/old.accessibilitydays.it\/2024\/it\/espositori\/\"]}]},{\"@type\":\"BreadcrumbList\",\"@id\":\"https:\/\/old.accessibilitydays.it\/2024\/it\/espositori\/#breadcrumb\",\"itemListElement\":[{\"@type\":\"ListItem\",\"position\":1,\"name\":\"Home\",\"item\":\"https:\/\/old.accessibilitydays.it\/2024\/it\/\"},{\"@type\":\"ListItem\",\"position\":2,\"name\":\"Espositori (aree informative, ask the expert, &#8230;)\"}]},{\"@type\":\"WebSite\",\"@id\":\"https:\/\/old.accessibilitydays.it\/2024\/#website\",\"url\":\"https:\/\/old.accessibilitydays.it\/2024\/\",\"name\":\"Accessibility Days 2021\",\"description\":\"Sensibilizzazione sull&#039;Accessibilit\u00e0 e sulle Disabilit\u00e0\",\"publisher\":{\"@id\":\"https:\/\/old.accessibilitydays.it\/2024\/#organization\"},\"potentialAction\":[{\"@type\":\"SearchAction\",\"target\":{\"@type\":\"EntryPoint\",\"urlTemplate\":\"https:\/\/old.accessibilitydays.it\/2024\/?s={search_term_string}\"},\"query-input\":{\"@type\":\"PropertyValueSpecification\",\"valueRequired\":true,\"valueName\":\"search_term_string\"}}],\"inLanguage\":\"it-IT\"},{\"@type\":\"Organization\",\"@id\":\"https:\/\/old.accessibilitydays.it\/2024\/#organization\",\"name\":\"Accessibility Days\",\"url\":\"https:\/\/old.accessibilitydays.it\/2024\/\",\"logo\":{\"@type\":\"ImageObject\",\"inLanguage\":\"it-IT\",\"@id\":\"https:\/\/old.accessibilitydays.it\/2024\/#\/schema\/logo\/image\/\",\"url\":\"https:\/\/old.accessibilitydays.it\/2024\/wp-content\/uploads\/sites\/10\/2023\/12\/Logo-sito-2024.jpg\",\"contentUrl\":\"https:\/\/old.accessibilitydays.it\/2024\/wp-content\/uploads\/sites\/10\/2023\/12\/Logo-sito-2024.jpg\",\"width\":300,\"height\":190,\"caption\":\"Accessibility Days\"},\"image\":{\"@id\":\"https:\/\/old.accessibilitydays.it\/2024\/#\/schema\/logo\/image\/\"},\"sameAs\":[\"https:\/\/www.facebook.com\/AccessibilityDays\/\",\"https:\/\/x.com\/a11y_days\",\"https:\/\/www.linkedin.com\/company\/accessibility-days\/\",\"https:\/\/www.youtube.com\/channel\/UCzFrbfqazVbmlwwSeA4DjOw\"]}]}<\/script>\n<!-- \/ Yoast SEO plugin. -->","yoast_head_json":{"title":"Espositori (aree informative, ask the expert, ...) - Accessibility Days 2024","robots":{"index":"index","follow":"follow","max-snippet":"max-snippet:-1","max-image-preview":"max-image-preview:large","max-video-preview":"max-video-preview:-1"},"canonical":"https:\/\/old.accessibilitydays.it\/2024\/it\/espositori\/","og_locale":"it_IT","og_type":"article","og_title":"Espositori (aree informative, ask the expert, ...) - Accessibility Days 2024","og_description":"Elenco espositori (in fase di definizione) Examcenter.online Gucci (solo gioved\u00ec) Lavoropi\u00f9 Spa: recruiting RAI Pubblica Utilit\u00e0 Sant&#8217;Alessio &#8211; Margherita di Savoia SitiAccessibili.it UICI &#8211; Unione Italiana Ciechi e Ipovedenti Unguess Orari dello spazio dedicato agli espositori Gioved\u00ec 16 maggio: dalle&hellip; Continua a leggere &ldquo;Espositori (aree informative, ask the expert, &#8230;)&rdquo;&hellip;","og_url":"https:\/\/old.accessibilitydays.it\/2024\/it\/espositori\/","og_site_name":"Accessibility Days 2024","article_publisher":"https:\/\/www.facebook.com\/AccessibilityDays\/","article_modified_time":"2025-05-14T13:47:24+00:00","twitter_card":"summary_large_image","twitter_site":"@a11y_days","twitter_misc":{"Tempo di lettura stimato":"3 minuti"},"schema":{"@context":"https:\/\/schema.org","@graph":[{"@type":"WebPage","@id":"https:\/\/old.accessibilitydays.it\/2024\/it\/espositori\/","url":"https:\/\/old.accessibilitydays.it\/2024\/it\/espositori\/","name":"Espositori (aree informative, ask the expert, ...) - Accessibility Days 2024","isPartOf":{"@id":"https:\/\/old.accessibilitydays.it\/2024\/#website"},"datePublished":"2022-03-26T21:31:05+00:00","dateModified":"2025-05-14T13:47:24+00:00","breadcrumb":{"@id":"https:\/\/old.accessibilitydays.it\/2024\/it\/espositori\/#breadcrumb"},"inLanguage":"it-IT","potentialAction":[{"@type":"ReadAction","target":["https:\/\/old.accessibilitydays.it\/2024\/it\/espositori\/"]}]},{"@type":"BreadcrumbList","@id":"https:\/\/old.accessibilitydays.it\/2024\/it\/espositori\/#breadcrumb","itemListElement":[{"@type":"ListItem","position":1,"name":"Home","item":"https:\/\/old.accessibilitydays.it\/2024\/it\/"},{"@type":"ListItem","position":2,"name":"Espositori (aree informative, ask the expert, &#8230;)"}]},{"@type":"WebSite","@id":"https:\/\/old.accessibilitydays.it\/2024\/#website","url":"https:\/\/old.accessibilitydays.it\/2024\/","name":"Accessibility Days 2021","description":"Sensibilizzazione sull&#039;Accessibilit\u00e0 e sulle Disabilit\u00e0","publisher":{"@id":"https:\/\/old.accessibilitydays.it\/2024\/#organization"},"potentialAction":[{"@type":"SearchAction","target":{"@type":"EntryPoint","urlTemplate":"https:\/\/old.accessibilitydays.it\/2024\/?s={search_term_string}"},"query-input":{"@type":"PropertyValueSpecification","valueRequired":true,"valueName":"search_term_string"}}],"inLanguage":"it-IT"},{"@type":"Organization","@id":"https:\/\/old.accessibilitydays.it\/2024\/#organization","name":"Accessibility Days","url":"https:\/\/old.accessibilitydays.it\/2024\/","logo":{"@type":"ImageObject","inLanguage":"it-IT","@id":"https:\/\/old.accessibilitydays.it\/2024\/#\/schema\/logo\/image\/","url":"https:\/\/old.accessibilitydays.it\/2024\/wp-content\/uploads\/sites\/10\/2023\/12\/Logo-sito-2024.jpg","contentUrl":"https:\/\/old.accessibilitydays.it\/2024\/wp-content\/uploads\/sites\/10\/2023\/12\/Logo-sito-2024.jpg","width":300,"height":190,"caption":"Accessibility Days"},"image":{"@id":"https:\/\/old.accessibilitydays.it\/2024\/#\/schema\/logo\/image\/"},"sameAs":["https:\/\/www.facebook.com\/AccessibilityDays\/","https:\/\/x.com\/a11y_days","https:\/\/www.linkedin.com\/company\/accessibility-days\/","https:\/\/www.youtube.com\/channel\/UCzFrbfqazVbmlwwSeA4DjOw"]}]}},"acf":[],"_links":{"self":[{"href":"https:\/\/old.accessibilitydays.it\/2024\/wp-json\/wp\/v2\/pages\/4185","targetHints":{"allow":["GET"]}}],"collection":[{"href":"https:\/\/old.accessibilitydays.it\/2024\/wp-json\/wp\/v2\/pages"}],"about":[{"href":"https:\/\/old.accessibilitydays.it\/2024\/wp-json\/wp\/v2\/types\/page"}],"author":[{"embeddable":true,"href":"https:\/\/old.accessibilitydays.it\/2024\/wp-json\/wp\/v2\/users\/3"}],"replies":[{"embeddable":true,"href":"https:\/\/old.accessibilitydays.it\/2024\/wp-json\/wp\/v2\/comments?post=4185"}],"version-history":[{"count":141,"href":"https:\/\/old.accessibilitydays.it\/2024\/wp-json\/wp\/v2\/pages\/4185\/revisions"}],"predecessor-version":[{"id":8791,"href":"https:\/\/old.accessibilitydays.it\/2024\/wp-json\/wp\/v2\/pages\/4185\/revisions\/8791"}],"wp:attachment":[{"href":"https:\/\/old.accessibilitydays.it\/2024\/wp-json\/wp\/v2\/media?parent=4185"}],"curies":[{"name":"wp","href":"https:\/\/api.w.org\/{rel}","templated":true}]}}