{"id":4285,"date":"2022-03-27T22:24:07","date_gmt":"2022-03-27T20:24:07","guid":{"rendered":"https:\/\/accessibilitydays.it\/2024\/?page_id=4285"},"modified":"2025-05-14T15:27:11","modified_gmt":"2025-05-14T13:27:11","slug":"agenda-venerdi-sessioni","status":"publish","type":"page","link":"https:\/\/old.accessibilitydays.it\/2024\/it\/programma\/agenda-venerdi-sessioni\/","title":{"rendered":"Sessioni del Venerd\u00ec (17 maggio 2024)"},"content":{"rendered":"\n\n\t<h4>Servizi di accessibilit\u00e0 per il venerd\u00ec<\/h4>\n<p>Nelle tre track delle sessioni saranno presenti la sottotitolazione (manuale) e la LIS (Lingua dei Segni).<\/p>\n\t\t\t\t<a href=\"https:\/\/old.accessibilitydays.it\/2024\/it\/agenda-pdf-venerdi-sessioni\" target=\"_self\" itemprop=\"url\" rel=\"noopener\"><br \/>\n\t\t\t\t<img loading=\"lazy\" decoding=\"async\" src=\"https:\/\/old.accessibilitydays.it\/2024\/wp-content\/uploads\/sites\/10\/2022\/05\/Copertina.png\" alt=\"Scarica l'agenda in formato PDF\" itemprop=\"image\" height=\"375\" width=\"266\" title=\"Scarica l'agenda in formato PDF\" onerror=\"this.style.display='none'\"  \/><br \/>\n\t\t\t\t<\/a>\n<ul>\n<li><a href=\"https:\/\/old.accessibilitydays.it\/2024\/it\/agenda-pdf-venerdi-sessioni\">Agenda in PDF delle sole <strong>SESSIONI DI VENERD\u00cc<\/strong> 17 maggio<\/a><\/li>\n<li><a href=\"https:\/\/old.accessibilitydays.it\/2024\/it\/agenda-pdf-completa\">Agenda in PDF <strong>COMPLETA<\/strong> degli Accessibility Days 2024 (<strong>sessioni + workshop<\/strong>)<\/a><\/li>\n<\/ul>\n<h2>Venerd\u00ec mattina<\/h2>\n<h3>08:30 &#8211; 09:00<\/h3>\n<h3>Ingresso dei partecipanti e apertura degli spazi espositivi<\/h3>\n<h3>09:00 &#8211; 10:15<\/h3>\n<p>{<a href=\"https:\/\/old.accessibilitydays.it\/2024\/it\/aule-track1\">Track 1<\/a>}<\/p>\n<h3><a href=\"https:\/\/old.accessibilitydays.it\/2024\/sessione\/keynote-del-venerdi\/\">DISCORSO DI BENVENUTO E KEYNOTE DEL VENERD\u00cc<\/a><\/h3>\n<ol>\n<li><em>Francesca Sbianchi (Vicepresidente @ Accessibility Days)<\/em><\/li>\n<li><em>Sauro Cesaretti (Presidente @ Accessibility Days)<\/em><\/li>\n<li><em>Antonio Cotura (Presidente @ FIADDA APS, <\/em><em>Vicepresidente @ Forum Italiano sulla Disabilit\u00e0)<\/em><\/li>\n<li><em>Mario Barbuto (Presidente @ UICI)<\/em><\/li>\n<li><em>Maria Enrica Bianchi (Vicepresidente @ AID\u00a0 &#8211; Associazione Italiana Dislessia)<\/em><\/li>\n<li><em>Daniele Verdesca (Presidente @ Associazione Olimpyus)<\/em><\/li>\n<li><em>Nicol\u00f2 Volpato (Fondatore &amp; CEO @ Tangible)<\/em><\/li>\n<li><em>Donato Matturro (Fondatore &amp; CEO @ SitiAccessibili.it)<\/em><\/li>\n<li><em>On. Lucio Stanca<\/em><\/li>\n<\/ol>\n<h3>10:15 &#8211; 10:30<\/h3>\n<h3>PAUSA PER SPOSTAMENTO NELLE AULE<\/h3>\n<h3>10:30 &#8211; 11:15<\/h3>\n<p>{<a href=\"https:\/\/old.accessibilitydays.it\/2024\/it\/aule-track1\">Track 1<\/a>}<\/p>\n<h3><a href=\"https:\/\/old.accessibilitydays.it\/2024\/sessione\/il-valore-dell-accessibilita\/\">Accessibility Days &#8211; Il valore dell&#8217;accessibilit\u00e0<\/a><\/h3>\n<ul>\n<li><em>Francesca Sbianchi (Vicepresidente @ Accessibility Days)<\/em><\/li>\n<li><em>Sauro Cesaretti (Presidente @ Accessibility Days)<\/em><\/li>\n<\/ul>\n<h3>10:30 &#8211; 11:15<\/h3>\n<p>{<a href=\"https:\/\/old.accessibilitydays.it\/2024\/it\/aule-track2\">Track 2<\/a>}<\/p>\n<h3><a href=\"https:\/\/old.accessibilitydays.it\/2024\/sessione\/immagini-che-parlano-multimodalita\/\">Immagini che parlano: come usare la multimodalit\u00e0 per un mondo pi\u00f9 accessibile<\/a><\/h3>\n<p><em>Ivan Nardini (Sales Engineer, Smart Analytics @ Google)<\/em><\/p>\n<h3>10:30 &#8211; 11:15<\/h3>\n<p>{<a href=\"https:\/\/old.accessibilitydays.it\/2024\/it\/aule-track3\">Track 3<\/a>}<\/p>\n<h3><a href=\"https:\/\/old.accessibilitydays.it\/2024\/?post_type=adpt_session&amp;p=7198&amp;preview=true\">Inclusiva&amp;Social<\/a><\/h3>\n<ul>\n<li><em>Chiara Bucello (D&amp;I Manager Accessibility, Content Creator @ The Deaf Soul)<\/em><\/li>\n<li><em>Ludovica Billi (Graphic Designer, modella e co-founder @ The Deaf Soul)<\/em><\/li>\n<\/ul>\n<h3>11:15 &#8211; 12:00<\/h3>\n<p>{<a href=\"https:\/\/old.accessibilitydays.it\/2024\/it\/aule-track1\">Track 1<\/a>}<\/p>\n<h3><a href=\"https:\/\/old.accessibilitydays.it\/2024\/sessione\/democratizzazione-accessibilita-contenuti-non-web\/\">Verso la democratizzazione dell&#8217;Accessibilit\u00e0: lo sviluppo dei contenuti non Web<\/a><\/h3>\n<ul>\n<li><em>Alfredo Politano (Director per l&#8217;area Banking e Financial Services @ Capgemini Invent)<\/em><\/li>\n<li><em>Sara Stangalini (Executive Experience Director @ Frog, part of Capgemini Invent)<\/em><\/li>\n<\/ul>\n<h3>11:15 &#8211; 12:00<\/h3>\n<p>{<a href=\"https:\/\/old.accessibilitydays.it\/2024\/it\/aule-track2\">Track 2<\/a>}<\/p>\n<h3><a href=\"https:\/\/old.accessibilitydays.it\/2024\/sessione\/unito-web-design-system-ateneo\/\">Tema UniTo: le opportunit\u00e0 di un Web Design System di Ateneo<\/a><\/h3>\n<ul>\n<li>Enrico Macelloni (Responsabile Staff Servizi Multimediali @ Universit\u00e0 di Torino)<\/li>\n<li>Manuela Caramagna (Responsabile Staff E-Learning @ Universit\u00e0 di Torino)<\/li>\n<\/ul>\n<h3>11:15 &#8211; 12:00<\/h3>\n<p>{<a href=\"https:\/\/old.accessibilitydays.it\/2024\/it\/aule-track3\">Track 3<\/a>}<\/p>\n<h3><a href=\"https:\/\/old.accessibilitydays.it\/2024\/sessione\/esg-sostenibilita\/\">L&#8217;accessibilit\u00e0 digitale nel pensiero sistemico aziendale: ESG e sostenibilit\u00e0<\/a><\/h3>\n<ul>\n<li><em>Donato Matturro (Accessibility expert e CEO @ SitiAccessibili.it)<\/em><\/li>\n<li><em>Cristian Bernareggi (Accessibility expert @ SitiAccessibili.it)<\/em><\/li>\n<\/ul>\n<h3>12:00 &#8211; 13:00<\/h3>\n<p>{<a href=\"https:\/\/old.accessibilitydays.it\/2024\/it\/aule-track1\">Track 1<\/a>}<\/p>\n<h3><a href=\"https:\/\/old.accessibilitydays.it\/2024\/sessione\/sviluppo-accessibile-roundtable\/\">Sviluppo accessibile: dove siamo e dove stiamo andando<\/a><\/h3>\n<ul>\n<li><em>Fabrizio Caccavello (Accessibility expert senior)<\/em><\/li>\n<li><em>Sauro Cesaretti (Esperto di accessibilit\u00e0, Presidente @ Accessibility Days)<\/em><\/li>\n<li><em>Diana Bernabei (Accessibility consultant &amp; Developer)<\/em><\/li>\n<li><em>Cristian Bernareggi (Accessibility expert)<\/em><\/li>\n<li><em>Mattia Ducci (Sviluppatore web e mobile)<\/em><\/li>\n<li><em>Marco Zampetti (Accessibile frontend developer &amp; Information architect)<\/em><\/li>\n<li><em>Michele D&#8217;Amico (Full Stack DevelOperator)<\/em><\/li>\n<\/ul>\n<h3>12:00 &#8211; 13:00<\/h3>\n<p>{<a href=\"https:\/\/old.accessibilitydays.it\/2024\/it\/aule-track2\">Track 2<\/a>}<\/p>\n<h3><a href=\"https:\/\/old.accessibilitydays.it\/2024\/sessione\/tecnologia-accessibile\/\">Tecnologia accessibile per una vita quotidiana indipendente ed inclusiva<\/a><\/h3>\n<ul>\n<li><em>Marino Attini (Componente direzione nazionale @ UICI)<\/em><\/li>\n<li><em>Roberto Scano (Presidente @ IWA Italy)<\/em><\/li>\n<li><em>Barbara Leporini (Professore associato @ Dipartimento di Informatica, Universit\u00e0 di Pisa)\u00a0<\/em><\/li>\n<li><em>Francesco Cusati (Docente informatico @ Istituto dei Ciechi di Milano)<\/em><\/li>\n<li><em>Rocco Clementelli (Esperto di tecnologie e domotica)<\/em><\/li>\n<\/ul>\n<h3>12:00 &#8211; 13:00<\/h3>\n<p>{<a href=\"https:\/\/old.accessibilitydays.it\/2024\/it\/aule-track3\">Track 3<\/a>}<\/p>\n<h3><a href=\"https:\/\/old.accessibilitydays.it\/2024\/sessione\/istat-formazione-inclusiva\/\">Creare un percorso virtuoso: l&#8217;esperienza dell&#8217;ISTAT in materia di formazione inclusiva<\/a><\/h3>\n<p><em>Gabriele Sacchi (ISTAT)<\/em><\/p>\n<h3>13:00 &#8211; 14:30<\/h3>\n<h3>PRANZO<\/h3>\n<h3>(CON POSSIBILIT\u00c0 DI VISITARE GLI SPAZI ESPOSITIVI)<\/h3>\n<h2>Venerd\u00ec pomeriggio<\/h2>\n<h3>14:30 &#8211; 15:15<\/h3>\n<p>{<a href=\"https:\/\/old.accessibilitydays.it\/2024\/it\/aule-track1\">Track 1<\/a>}<\/p>\n<h3><a href=\"https:\/\/old.accessibilitydays.it\/2024\/sessione\/diritti-e-normativa\/\">Diritti e normativa: l&#8217;accessibilit\u00e0 digitale per il successo personale e aziendale<\/a><\/h3>\n<p><em>Hayd\u00e9e Longo (Avvocata e Disability Manager, Founder @ Lex4all)<\/em><\/p>\n<h3>14:30 &#8211; 15:15<\/h3>\n<p>{<a href=\"https:\/\/old.accessibilitydays.it\/2024\/it\/aule-track2\">Track 2<\/a>}<\/p>\n<h3><a href=\"https:\/\/old.accessibilitydays.it\/2024\/sessione\/soluzione-inclusiva-mobilita-autonoma-alluniversita-di-pavia\/\">SI@UNIPV: Una soluzione inclusiva per la mobilit\u00e0 autonoma all&#8217;Universit\u00e0 di Pavia<\/a><\/h3>\n<p><em>Mattia Ducci (Sviluppatore web e mobile)<\/em><\/p>\n<h3>14:30 &#8211; 15:15<\/h3>\n<p>{<a href=\"https:\/\/old.accessibilitydays.it\/2024\/it\/aule-track3\">Track 3<\/a>}<\/p>\n<h3><a href=\"https:\/\/old.accessibilitydays.it\/2024\/sessione\/verso-laccessibilita-casi-pratici-e-progetti-concreti\/\">Verso l&#8217;accessibilit\u00e0: casi pratici e progetti concreti<\/a><\/h3>\n<ul>\n<li><em>Marco Andreoli (Project Manager @ Cooperativa Yeah)<\/em><\/li>\n<li><em>Fabio Lotti (Web Accessibility Expert @ Cooperativa Yeah)<\/em><\/li>\n<li><em>Clara Meattini (Digital Accessibility Specialist @ Cooperativa Yeah)<\/em><\/li>\n<\/ul>\n<h3>15:15 &#8211; 16:00<\/h3>\n<p>{<a href=\"https:\/\/old.accessibilitydays.it\/2024\/it\/aule-track1\">Track 1<\/a>}<\/p>\n<h3><a href=\"https:\/\/old.accessibilitydays.it\/2024\/sessione\/pari-accomodamenti-ragionevoli-mondo-accessibile\/\">&#8220;Pari&#8221;: Innovazione negli Accomodamenti Ragionevoli per un Mondo Accessibile<\/a><\/h3>\n<ul>\n<li><em>Mauro Buzzi (Presidente @ FeDMan)<\/em><\/li>\n<li><em>Hayd\u00e9e Longo (Vicepresidente @ FeDMan)<\/em><\/li>\n<li><em>Consuelo Battistelli (Esperta in progetti e programmi di Diversity &amp; Inclusion @ FeDMan)<\/em><\/li>\n<li><em>Anida Hilviu (Segretario @ FeDMan)<\/em><\/li>\n<\/ul>\n<h3>15:15 &#8211; 16:00<\/h3>\n<p>{<a href=\"https:\/\/old.accessibilitydays.it\/2024\/it\/aule-track2\">Track 2<\/a>}<\/p>\n<h3><a href=\"https:\/\/old.accessibilitydays.it\/2024\/sessione\/codice-inclusivo\/\">Codice Inclusivo: sviluppare per ogni utente, oltre le linee di codice<\/a><\/h3>\n<p><em>Diana Bernabei (Accessibility consultant &amp; Developer)<\/em><\/p>\n<h3>15:15 &#8211; 16:00<\/h3>\n<p>{<a href=\"https:\/\/old.accessibilitydays.it\/2024\/it\/aule-track3\">Track 3<\/a>}<\/p>\n<h3><a href=\"https:\/\/old.accessibilitydays.it\/2024\/sessione\/inclusione-scuola-libri-digitali\/\">Inclusione scolastica partendo dai libri digitali<\/a><\/h3>\n<p><em>Lucia Iacopini (Formatrice e consigliere nazionale @ Associazione Italiana Dislessia)<\/em><\/p>\n<h3>16:00 &#8211; 16:45<\/h3>\n<p>{<a href=\"https:\/\/old.accessibilitydays.it\/2024\/it\/aule-track1\">Track 1<\/a>}<\/p>\n<h3><a href=\"https:\/\/old.accessibilitydays.it\/2024\/sessione\/criticita-strumenti-automatici\/\">No. Nessuno strumento automatico verifica o ripara l&#8217;accessibilit\u00e0 di un sito web<\/a><\/h3>\n<p><em>Roberto Scano (Presidente @ International Web Association Italia)<\/em><\/p>\n<h3>16:00 &#8211; 16:45<\/h3>\n<p>{<a href=\"https:\/\/old.accessibilitydays.it\/2024\/it\/aule-track2\">Track 2<\/a>}<\/p>\n<h3><a href=\"https:\/\/old.accessibilitydays.it\/2024\/sessione\/componenti-web-di-tipo-card\/\">Componenti web di tipo &#8216;Card&#8217;: casi reali per capire come svilupparli accessibili<\/a><\/h3>\n<p><em>Nicola Mascotto (Web Designer e WordPress Front-End Developer)<\/em><\/p>\n<h3>16:00 &#8211; 16:45<\/h3>\n<p>{<a href=\"https:\/\/old.accessibilitydays.it\/2024\/it\/aule-track3\">Track 3<\/a>}<\/p>\n<h3><a href=\"https:\/\/old.accessibilitydays.it\/2024\/sessione\/testo-content-design-ux-writing\/\">Scrivere chiaro e scrivere accessibile. Il testo fra Content Design e UX writing<\/a><\/h3>\n<ul>\n<li><em>Letizia Sechi (Ux Writer)<\/em><\/li>\n<li><em>Luca Rosati (User experience designer, Consultant)<\/em><\/li>\n<\/ul>\n<h3>16:45 &#8211; 17:30<\/h3>\n<p>{<a href=\"https:\/\/old.accessibilitydays.it\/2024\/it\/aule-track1\">Track 1<\/a>}<\/p>\n<h3><a href=\"https:\/\/old.accessibilitydays.it\/2024\/sessione\/am-ai-accessible-intrecci-ia-accessibilita\/\">Am AI Accessible? Intrecci presenti e futuri fra Intelligenza Artificiale ed Accessibilit\u00e0<\/a><\/h3>\n<p><em>Antonio Giovanni Schiavone (Dottore in Informatica)<\/em><\/p>\n<h3>16:45 &#8211; 17:30<\/h3>\n<p>{<a href=\"https:\/\/old.accessibilitydays.it\/2024\/it\/aule-track2\">Track 2<\/a>}<\/p>\n<h3><a href=\"https:\/\/old.accessibilitydays.it\/2024\/sessione\/effetto-wow-accessibile\/\">Effetto wow accessibile<\/a><\/h3>\n<ul>\n<li><em>Fabrizio Caccavello (Accessibility expert senior)<\/em><\/li>\n<li><em>Sauro Cesaretti (Esperto di accessibilit\u00e0, Co-fondatore e Presidente @ Accessibility Days)<\/em><\/li>\n<\/ul>\n<h3>16:45 &#8211; 17:30<\/h3>\n<p>{<a href=\"https:\/\/old.accessibilitydays.it\/2024\/it\/aule-track3\">Track 3<\/a>}<\/p>\n<h3><a href=\"https:\/\/old.accessibilitydays.it\/2024\/sessione\/benessere-acustico-a-scuola\/\">Benessere acustico nelle aule scolastiche: una sfida vincente?<\/a><\/h3>\n<ul>\n<li><em>Emilia Del Fante (Presidente di FIADDA ROMA APS e Segretario Nazionale di FIADDA APS)<\/em><\/li>\n<li><em>Valeria Cotura (Consigliere di FIADDA ROMA APS)<\/em><\/li>\n<li><em>Virginia Ganzerli (Assistente alla Comunicazione e Psicologa)<\/em><\/li>\n<li><em>Ester Bisignano (Insegnante di Sostegno)<\/em><\/li>\n<\/ul>\n<h3>17:30 &#8211; 18:15<\/h3>\n<p>{<a href=\"https:\/\/old.accessibilitydays.it\/2024\/it\/aule-track1\">Track 1<\/a>}<\/p>\n<h3>KEYNOTE DI CHIUSURA<\/h3>\n<p><strong>Esibizione musicale accessibile grazie al format &#8220;NoteVibranti&#8221; dell&#8217;associazione onA.I.R.<\/strong><\/p>\n<h3>18:15 &#8211; 19:30<\/h3>\n<p>{In presenza}<\/p>\n<h3>APERITIVO DI CHIUSURA<\/h3>\n\t\t\t<a href=\"https:\/\/old.accessibilitydays.it\/2024\/it\/iscriviti\/\" target=\"_self\" role=\"button\" rel=\"noopener\"><br \/>\n\t\t\t\t\t\tISCRIVITI ALL&#8217;EVENTO<br \/>\n\t\t<\/a>\n\n","protected":false},"excerpt":{"rendered":"<div class=\"entry-summary\">\n<div class=\"entry-summary\">\nServizi di accessibilit\u00e0 per il venerd\u00ec Nelle tre track delle sessioni saranno presenti la sottotitolazione (manuale) e la LIS (Lingua dei Segni). Agenda in PDF delle sole SESSIONI DI VENERD\u00cc 17 maggio Agenda in PDF COMPLETA degli Accessibility Days 2024&hellip;\n<\/div>\n<div class=\"link-more\"><a href=\"https:\/\/old.accessibilitydays.it\/2024\/it\/programma\/agenda-venerdi-sessioni\/\" class=\"more-link\">Continua a leggere <span class=\"screen-reader-text\"> &ldquo;Sessioni del Venerd\u00ec (17 maggio 2024)&rdquo;<\/span>&hellip;<\/a><\/div>\n<\/div>\n<div class=\"link-more\"><a href=\"https:\/\/old.accessibilitydays.it\/2024\/it\/programma\/agenda-venerdi-sessioni\/\" class=\"more-link\">Continua a leggere <span class=\"screen-reader-text\"> &ldquo;Sessioni del Venerd\u00ec (17 maggio 2024)&rdquo;<\/span>&hellip;<\/a><\/div>\n","protected":false},"author":3,"featured_media":0,"parent":52,"menu_order":0,"comment_status":"closed","ping_status":"closed","template":"","meta":{"_acf_changed":false,"footnotes":""},"class_list":["post-4285","page","type-page","status-publish","hentry","entry"],"yoast_head":"<!-- This site is optimized with the Yoast SEO plugin v25.6 - https:\/\/yoast.com\/wordpress\/plugins\/seo\/ -->\n<title>Sessioni del Venerd\u00ec (17 maggio 2024) - Accessibility Days 2024<\/title>\n<meta name=\"robots\" content=\"index, follow, max-snippet:-1, max-image-preview:large, max-video-preview:-1\" \/>\n<link rel=\"canonical\" href=\"https:\/\/old.accessibilitydays.it\/2024\/it\/programma\/agenda-venerdi-sessioni\/\" \/>\n<meta property=\"og:locale\" content=\"it_IT\" \/>\n<meta property=\"og:type\" content=\"article\" \/>\n<meta property=\"og:title\" content=\"Sessioni del Venerd\u00ec (17 maggio 2024) - Accessibility Days 2024\" \/>\n<meta property=\"og:description\" content=\"Servizi di accessibilit\u00e0 per il venerd\u00ec Nelle tre track delle sessioni saranno presenti la sottotitolazione (manuale) e la LIS (Lingua dei Segni). Agenda in PDF delle sole SESSIONI DI VENERD\u00cc 17 maggio Agenda in PDF COMPLETA degli Accessibility Days 2024&hellip; Continua a leggere &ldquo;Sessioni del Venerd\u00ec (17 maggio 2024)&rdquo;&hellip;\" \/>\n<meta property=\"og:url\" content=\"https:\/\/old.accessibilitydays.it\/2024\/it\/programma\/agenda-venerdi-sessioni\/\" \/>\n<meta property=\"og:site_name\" content=\"Accessibility Days 2024\" \/>\n<meta property=\"article:publisher\" content=\"https:\/\/www.facebook.com\/AccessibilityDays\/\" \/>\n<meta property=\"article:modified_time\" content=\"2025-05-14T13:27:11+00:00\" \/>\n<meta property=\"og:image\" content=\"https:\/\/old.accessibilitydays.it\/2024\/wp-content\/uploads\/sites\/10\/2022\/05\/Copertina.png\" \/>\n<meta name=\"twitter:card\" content=\"summary_large_image\" \/>\n<meta name=\"twitter:site\" content=\"@a11y_days\" \/>\n<meta name=\"twitter:label1\" content=\"Tempo di lettura stimato\" \/>\n\t<meta name=\"twitter:data1\" content=\"5 minuti\" \/>\n<script type=\"application\/ld+json\" class=\"yoast-schema-graph\">{\"@context\":\"https:\/\/schema.org\",\"@graph\":[{\"@type\":\"WebPage\",\"@id\":\"https:\/\/old.accessibilitydays.it\/2024\/it\/programma\/agenda-venerdi-sessioni\/\",\"url\":\"https:\/\/old.accessibilitydays.it\/2024\/it\/programma\/agenda-venerdi-sessioni\/\",\"name\":\"Sessioni del Venerd\u00ec (17 maggio 2024) - Accessibility Days 2024\",\"isPartOf\":{\"@id\":\"https:\/\/old.accessibilitydays.it\/2024\/#website\"},\"primaryImageOfPage\":{\"@id\":\"https:\/\/old.accessibilitydays.it\/2024\/it\/programma\/agenda-venerdi-sessioni\/#primaryimage\"},\"image\":{\"@id\":\"https:\/\/old.accessibilitydays.it\/2024\/it\/programma\/agenda-venerdi-sessioni\/#primaryimage\"},\"thumbnailUrl\":\"https:\/\/old.accessibilitydays.it\/2024\/wp-content\/uploads\/sites\/10\/2022\/05\/Copertina.png\",\"datePublished\":\"2022-03-27T20:24:07+00:00\",\"dateModified\":\"2025-05-14T13:27:11+00:00\",\"breadcrumb\":{\"@id\":\"https:\/\/old.accessibilitydays.it\/2024\/it\/programma\/agenda-venerdi-sessioni\/#breadcrumb\"},\"inLanguage\":\"it-IT\",\"potentialAction\":[{\"@type\":\"ReadAction\",\"target\":[\"https:\/\/old.accessibilitydays.it\/2024\/it\/programma\/agenda-venerdi-sessioni\/\"]}]},{\"@type\":\"ImageObject\",\"inLanguage\":\"it-IT\",\"@id\":\"https:\/\/old.accessibilitydays.it\/2024\/it\/programma\/agenda-venerdi-sessioni\/#primaryimage\",\"url\":\"https:\/\/old.accessibilitydays.it\/2024\/wp-content\/uploads\/sites\/10\/2022\/05\/Copertina.png\",\"contentUrl\":\"https:\/\/old.accessibilitydays.it\/2024\/wp-content\/uploads\/sites\/10\/2022\/05\/Copertina.png\",\"width\":266,\"height\":375},{\"@type\":\"BreadcrumbList\",\"@id\":\"https:\/\/old.accessibilitydays.it\/2024\/it\/programma\/agenda-venerdi-sessioni\/#breadcrumb\",\"itemListElement\":[{\"@type\":\"ListItem\",\"position\":1,\"name\":\"Home\",\"item\":\"https:\/\/old.accessibilitydays.it\/2024\/it\/\"},{\"@type\":\"ListItem\",\"position\":2,\"name\":\"Programma\",\"item\":\"https:\/\/old.accessibilitydays.it\/2024\/it\/programma\/\"},{\"@type\":\"ListItem\",\"position\":3,\"name\":\"Sessioni del Venerd\u00ec (17 maggio 2024)\"}]},{\"@type\":\"WebSite\",\"@id\":\"https:\/\/old.accessibilitydays.it\/2024\/#website\",\"url\":\"https:\/\/old.accessibilitydays.it\/2024\/\",\"name\":\"Accessibility Days 2021\",\"description\":\"Sensibilizzazione sull&#039;Accessibilit\u00e0 e sulle Disabilit\u00e0\",\"publisher\":{\"@id\":\"https:\/\/old.accessibilitydays.it\/2024\/#organization\"},\"potentialAction\":[{\"@type\":\"SearchAction\",\"target\":{\"@type\":\"EntryPoint\",\"urlTemplate\":\"https:\/\/old.accessibilitydays.it\/2024\/?s={search_term_string}\"},\"query-input\":{\"@type\":\"PropertyValueSpecification\",\"valueRequired\":true,\"valueName\":\"search_term_string\"}}],\"inLanguage\":\"it-IT\"},{\"@type\":\"Organization\",\"@id\":\"https:\/\/old.accessibilitydays.it\/2024\/#organization\",\"name\":\"Accessibility Days\",\"url\":\"https:\/\/old.accessibilitydays.it\/2024\/\",\"logo\":{\"@type\":\"ImageObject\",\"inLanguage\":\"it-IT\",\"@id\":\"https:\/\/old.accessibilitydays.it\/2024\/#\/schema\/logo\/image\/\",\"url\":\"https:\/\/old.accessibilitydays.it\/2024\/wp-content\/uploads\/sites\/10\/2023\/12\/Logo-sito-2024.jpg\",\"contentUrl\":\"https:\/\/old.accessibilitydays.it\/2024\/wp-content\/uploads\/sites\/10\/2023\/12\/Logo-sito-2024.jpg\",\"width\":300,\"height\":190,\"caption\":\"Accessibility Days\"},\"image\":{\"@id\":\"https:\/\/old.accessibilitydays.it\/2024\/#\/schema\/logo\/image\/\"},\"sameAs\":[\"https:\/\/www.facebook.com\/AccessibilityDays\/\",\"https:\/\/x.com\/a11y_days\",\"https:\/\/www.linkedin.com\/company\/accessibility-days\/\",\"https:\/\/www.youtube.com\/channel\/UCzFrbfqazVbmlwwSeA4DjOw\"]}]}<\/script>\n<!-- \/ Yoast SEO plugin. -->","yoast_head_json":{"title":"Sessioni del Venerd\u00ec (17 maggio 2024) - Accessibility Days 2024","robots":{"index":"index","follow":"follow","max-snippet":"max-snippet:-1","max-image-preview":"max-image-preview:large","max-video-preview":"max-video-preview:-1"},"canonical":"https:\/\/old.accessibilitydays.it\/2024\/it\/programma\/agenda-venerdi-sessioni\/","og_locale":"it_IT","og_type":"article","og_title":"Sessioni del Venerd\u00ec (17 maggio 2024) - Accessibility Days 2024","og_description":"Servizi di accessibilit\u00e0 per il venerd\u00ec Nelle tre track delle sessioni saranno presenti la sottotitolazione (manuale) e la LIS (Lingua dei Segni). Agenda in PDF delle sole SESSIONI DI VENERD\u00cc 17 maggio Agenda in PDF COMPLETA degli Accessibility Days 2024&hellip; Continua a leggere &ldquo;Sessioni del Venerd\u00ec (17 maggio 2024)&rdquo;&hellip;","og_url":"https:\/\/old.accessibilitydays.it\/2024\/it\/programma\/agenda-venerdi-sessioni\/","og_site_name":"Accessibility Days 2024","article_publisher":"https:\/\/www.facebook.com\/AccessibilityDays\/","article_modified_time":"2025-05-14T13:27:11+00:00","og_image":[{"url":"https:\/\/old.accessibilitydays.it\/2024\/wp-content\/uploads\/sites\/10\/2022\/05\/Copertina.png","type":"","width":"","height":""}],"twitter_card":"summary_large_image","twitter_site":"@a11y_days","twitter_misc":{"Tempo di lettura stimato":"5 minuti"},"schema":{"@context":"https:\/\/schema.org","@graph":[{"@type":"WebPage","@id":"https:\/\/old.accessibilitydays.it\/2024\/it\/programma\/agenda-venerdi-sessioni\/","url":"https:\/\/old.accessibilitydays.it\/2024\/it\/programma\/agenda-venerdi-sessioni\/","name":"Sessioni del Venerd\u00ec (17 maggio 2024) - Accessibility Days 2024","isPartOf":{"@id":"https:\/\/old.accessibilitydays.it\/2024\/#website"},"primaryImageOfPage":{"@id":"https:\/\/old.accessibilitydays.it\/2024\/it\/programma\/agenda-venerdi-sessioni\/#primaryimage"},"image":{"@id":"https:\/\/old.accessibilitydays.it\/2024\/it\/programma\/agenda-venerdi-sessioni\/#primaryimage"},"thumbnailUrl":"https:\/\/old.accessibilitydays.it\/2024\/wp-content\/uploads\/sites\/10\/2022\/05\/Copertina.png","datePublished":"2022-03-27T20:24:07+00:00","dateModified":"2025-05-14T13:27:11+00:00","breadcrumb":{"@id":"https:\/\/old.accessibilitydays.it\/2024\/it\/programma\/agenda-venerdi-sessioni\/#breadcrumb"},"inLanguage":"it-IT","potentialAction":[{"@type":"ReadAction","target":["https:\/\/old.accessibilitydays.it\/2024\/it\/programma\/agenda-venerdi-sessioni\/"]}]},{"@type":"ImageObject","inLanguage":"it-IT","@id":"https:\/\/old.accessibilitydays.it\/2024\/it\/programma\/agenda-venerdi-sessioni\/#primaryimage","url":"https:\/\/old.accessibilitydays.it\/2024\/wp-content\/uploads\/sites\/10\/2022\/05\/Copertina.png","contentUrl":"https:\/\/old.accessibilitydays.it\/2024\/wp-content\/uploads\/sites\/10\/2022\/05\/Copertina.png","width":266,"height":375},{"@type":"BreadcrumbList","@id":"https:\/\/old.accessibilitydays.it\/2024\/it\/programma\/agenda-venerdi-sessioni\/#breadcrumb","itemListElement":[{"@type":"ListItem","position":1,"name":"Home","item":"https:\/\/old.accessibilitydays.it\/2024\/it\/"},{"@type":"ListItem","position":2,"name":"Programma","item":"https:\/\/old.accessibilitydays.it\/2024\/it\/programma\/"},{"@type":"ListItem","position":3,"name":"Sessioni del Venerd\u00ec (17 maggio 2024)"}]},{"@type":"WebSite","@id":"https:\/\/old.accessibilitydays.it\/2024\/#website","url":"https:\/\/old.accessibilitydays.it\/2024\/","name":"Accessibility Days 2021","description":"Sensibilizzazione sull&#039;Accessibilit\u00e0 e sulle Disabilit\u00e0","publisher":{"@id":"https:\/\/old.accessibilitydays.it\/2024\/#organization"},"potentialAction":[{"@type":"SearchAction","target":{"@type":"EntryPoint","urlTemplate":"https:\/\/old.accessibilitydays.it\/2024\/?s={search_term_string}"},"query-input":{"@type":"PropertyValueSpecification","valueRequired":true,"valueName":"search_term_string"}}],"inLanguage":"it-IT"},{"@type":"Organization","@id":"https:\/\/old.accessibilitydays.it\/2024\/#organization","name":"Accessibility Days","url":"https:\/\/old.accessibilitydays.it\/2024\/","logo":{"@type":"ImageObject","inLanguage":"it-IT","@id":"https:\/\/old.accessibilitydays.it\/2024\/#\/schema\/logo\/image\/","url":"https:\/\/old.accessibilitydays.it\/2024\/wp-content\/uploads\/sites\/10\/2023\/12\/Logo-sito-2024.jpg","contentUrl":"https:\/\/old.accessibilitydays.it\/2024\/wp-content\/uploads\/sites\/10\/2023\/12\/Logo-sito-2024.jpg","width":300,"height":190,"caption":"Accessibility Days"},"image":{"@id":"https:\/\/old.accessibilitydays.it\/2024\/#\/schema\/logo\/image\/"},"sameAs":["https:\/\/www.facebook.com\/AccessibilityDays\/","https:\/\/x.com\/a11y_days","https:\/\/www.linkedin.com\/company\/accessibility-days\/","https:\/\/www.youtube.com\/channel\/UCzFrbfqazVbmlwwSeA4DjOw"]}]}},"acf":[],"_links":{"self":[{"href":"https:\/\/old.accessibilitydays.it\/2024\/wp-json\/wp\/v2\/pages\/4285","targetHints":{"allow":["GET"]}}],"collection":[{"href":"https:\/\/old.accessibilitydays.it\/2024\/wp-json\/wp\/v2\/pages"}],"about":[{"href":"https:\/\/old.accessibilitydays.it\/2024\/wp-json\/wp\/v2\/types\/page"}],"author":[{"embeddable":true,"href":"https:\/\/old.accessibilitydays.it\/2024\/wp-json\/wp\/v2\/users\/3"}],"replies":[{"embeddable":true,"href":"https:\/\/old.accessibilitydays.it\/2024\/wp-json\/wp\/v2\/comments?post=4285"}],"version-history":[{"count":149,"href":"https:\/\/old.accessibilitydays.it\/2024\/wp-json\/wp\/v2\/pages\/4285\/revisions"}],"predecessor-version":[{"id":8785,"href":"https:\/\/old.accessibilitydays.it\/2024\/wp-json\/wp\/v2\/pages\/4285\/revisions\/8785"}],"up":[{"embeddable":true,"href":"https:\/\/old.accessibilitydays.it\/2024\/wp-json\/wp\/v2\/pages\/52"}],"wp:attachment":[{"href":"https:\/\/old.accessibilitydays.it\/2024\/wp-json\/wp\/v2\/media?parent=4285"}],"curies":[{"name":"wp","href":"https:\/\/api.w.org\/{rel}","templated":true}]}}