{"id":4400,"date":"2022-03-30T21:37:10","date_gmt":"2022-03-30T19:37:10","guid":{"rendered":"https:\/\/accessibilitydays.it\/2024\/?page_id=4400"},"modified":"2024-04-17T00:04:25","modified_gmt":"2024-04-16T22:04:25","slug":"iscrizioni-workshop","status":"publish","type":"page","link":"https:\/\/old.accessibilitydays.it\/2024\/it\/iscrizioni-workshop\/","title":{"rendered":"Istruzioni per l&#8217;iscrizione ai Workshop"},"content":{"rendered":"\n\n\t<h2>Versione breve (da leggere attentamente)<\/h2>\n<ol>\n<li>I workshop <strong>si svolgeranno in presenza, a Roma: NON saranno n\u00e9 trasmessi via streaming n\u00e9 registrati<\/strong>.<\/li>\n<li>I workshop richiedono una specifica iscrizione, perch\u00e9 a numero chiuso.<\/li>\n<li>Quella che si effettua in realt\u00e0 non \u00e8 un&#8217;iscrizione, ma una <strong>richiesta di partecipazione<\/strong>, a cui daremo <strong>riscontro dopo alcuni giorni<\/strong>.<br \/>\nVerranno tenuti in considerazione diversi parametri per valutare la richiesta: non solo l&#8217;ordine di arrivo, ma anche altri fattori come la corrispondenza rispetto al target a cui si rivolge il workshop.<\/li>\n<li>Per evitare corse ad iscriversi per primi che generano l&#8217;effetto &#8220;Click-Day&#8221; (fenomeno che non sarebbe inclusivo nei confronti delle persone che hanno bisogno di pi\u00f9 tempo per registrarsi) <strong>le richieste che perverranno entro sabato 20 aprile verranno considerate tutte con il medesimo ordine d&#8217;arrivo<\/strong>.<\/li>\n<li>Inizieremo, perci\u00f2, a fornire risposte alle richieste di iscrizione <strong>a partire da luned\u00ec 22 aprile<\/strong>.<\/li>\n<li><strong>Per ricevere i link ai moduli di iscrizione ai workshop, iscriviti agli Accessibility Days 2024<\/strong>.<br \/>\nContestualmente all&#8217;iscrizione, riceverai una mail con le indicazioni necessarie.<br \/>\n<strong><a href=\"https:\/\/www.eventbrite.it\/e\/biglietti-accessibility-days-2024-780446114337\">&gt; ISCRIVITI ALLA CONFERENZA PER RICEVERE I LINK PER REGISTRARTI AI WORKSHOP!<\/a><\/strong><\/li>\n<\/ol>\n<p>&nbsp;<\/p>\n<h2>Versione completa<\/h2>\n<h4>Tutti i workshop sono a numero chiuso: necessaria richiesta di partecipazione<\/h4>\n<p>Tutti i workshop sono a numero a chiuso per esigenze logistiche derivanti dalla capienza delle aule e per garantire un livello ottimale di interazione. Per questo motivo, dopo essersi iscritti alla conferenza, \u00e8 necessario compilare la richiesta di partecipazione per i workshop a cui si intende prendere parte.<\/p>\n<h4>Criteri di accettazione delle richieste di partecipazione<\/h4>\nCiascun workshop ha un target a cui si riferisce, e quindi specifici criteri di selezione. Ad esempio, il workshop di introduzione alle tecnologie assistive per la disabilit\u00e0 visiva \u00e8 rivolto principalmente a sviluppatori, designer, creatori di contenuti digitali, e non a persone con disabilit\u00e0 visiva.<br \/>\nPer questo motivo, non si far\u00e0 direttamente un&#8217;iscrizione al workshop, bens\u00ec una <strong>RICHIESTA DI PARTECIPAZIONE<\/strong>, a seguito della quale forniremo un riscontro.\n<h4>COME RICHIEDERE DI PARTECIPARE AD UN WORKSHOP<\/h4>\n<ol>\n<li>Da mercoled\u00ec 17 aprile apriremo le iscrizioni per richiedere di partecipare ai vari workshop.<br \/>\n&#8211;<\/li>\n<li>Abbiamo deciso di offrire priorit\u00e0 d&#8217;accesso ai workshop a coloro che si iscriveranno <strong>entro sabato 20 aprile<\/strong>.<br \/>\n<strong>Per evitare corse ad iscriversi<\/strong> per primi che generano l&#8217;effetto &#8220;Click-Day&#8221; (fenomeno che non sarebbe inclusivo nei confronti delle persone che hanno bisogno di pi\u00f9 tempo per registrarsi) le richieste che perverranno in questo arco temporale verranno considerate <strong>tutte con il medesimo ordine d&#8217;arrivo<\/strong>.<br \/>\n&#8211;<\/li>\n<li>I link per richiedere di partecipare ai workshop verranno inviati solamente alle persone che si sono iscritte alla conferenza. Come primo passaggio, se non lo hai ancora fatto: cosa aspetti&#8230; iscriviti alla conferenza! \ud83d\ude42<br \/>\n<strong><a href=\"https:\/\/www.eventbrite.it\/e\/biglietti-accessibility-days-2024-780446114337\">&gt; ISCRIVITI ALLA CONFERENZA PER RICEVERE I LINK PER REGISTRARTI AI WORKSHOP!<\/a><\/strong><br \/>\n&#8211;<\/li>\n<li>Ti forniremo un riscontro il prima possibile, a partire dal 22 aprile (vedi la seguente sezione &#8216;DOMANDE FREQUENTI&#8217; per maggiori dettagli).<\/li>\n<\/ol>\n<h4>LISTA DI ATTESA<\/h4>\nPotr\u00e0 capitare che, anche se un workshop vada sold-out, si liberino dei posti i giorni precedenti all&#8217;evento, o addirittura anche il giorno stesso.<br \/>\nSe 5 minuti prima dell&#8217;inizio del workshop chi ha ricevuto l&#8217;approvazione dell&#8217;iscrizione non si sar\u00e0 presentato al check-in del workshop stesso, perder\u00e0 la sua priorit\u00e0, in favore di altre persone che sono in lista di attesa o, in mancanza di queste, di altre che non hanno inviato la richiesta, ma che desiderano comunque partecipare.\n<p>&nbsp;<\/p>\n<h4>DOMANDE FREQUENTI<\/h4>\n<ol>\n<li>\n<h4>\u00c8 possibile iscriversi a pi\u00f9 di un workshop?<\/h4>\nS\u00ec. Nel modulo di iscrizione puoi indicare il tuo livello di interesse per ogni workshop, cercheremo di farti partecipare a quelli a cui tieni maggiormente.<br \/>\n&#8211;<\/li>\n<li>\n<h4>Quando sapr\u00f2 se la mia richiesta di iscrizione \u00e8 stata accettata?<\/h4>\nInizieremo a fornire riscontri alle richieste di iscrizione a partire da luned\u00ec 22 aprile.<br \/>\nTutte le iscrizioni saranno analizzate dal nostro team, per cui potrebbero passare 1-2 giorni prima di ricevere una risposta. Cercheremo di fare del nostro meglio per dare il prima possibile un riscontro \ud83d\ude42<br \/>\n&#8211;<\/li>\n<li>\n<h4><strong>Chi posso contattare per maggiori informazioni sui workshop o sulle iscrizioni?<\/strong><\/h4>\nPuoi inviare una mail a info@accessibilitydays.it<br \/>\n&#8211;<\/li>\n<li>\n<h4><strong>Non mi sono iscritto a nessun workshop, posso comunque partecipare?<\/strong><\/h4>\nSe il giorno dell&#8217;evento risultano liberi dei posti, certo! Presentati di fronte all&#8217;aula del workshop 5 minuti prima del suo inizio.<br \/>\n&#8211;<\/li>\n<li>\n<h4><strong>I workshop verranno trasmessi in streaming?<\/strong><\/h4>\nNo, sar\u00e0 possibile usufruirne solo in presenza, a Roma presso la sede dell&#8217;evento.<br \/>\n&#8211;<\/li>\n<li>\n<h4><strong>I workshop verranno registrati e resi disponibili nel canale YouTube degli Accessibility Days?<\/strong><\/h4>\nNo.<\/li>\n<\/ol>\n<p>&nbsp;<\/p>\n<p>&nbsp;<\/p>\n\n","protected":false},"excerpt":{"rendered":"<div class=\"entry-summary\">\n<div class=\"entry-summary\">\nVersione breve (da leggere attentamente) I workshop si svolgeranno in presenza, a Roma: NON saranno n\u00e9 trasmessi via streaming n\u00e9 registrati. I workshop richiedono una specifica iscrizione, perch\u00e9 a numero chiuso. Quella che si effettua in realt\u00e0 non \u00e8 un&#8217;iscrizione,&hellip;\n<\/div>\n<div class=\"link-more\"><a href=\"https:\/\/old.accessibilitydays.it\/2024\/it\/iscrizioni-workshop\/\" class=\"more-link\">Continua a leggere <span class=\"screen-reader-text\"> &ldquo;Istruzioni per l&#8217;iscrizione ai Workshop&rdquo;<\/span>&hellip;<\/a><\/div>\n<\/div>\n<div class=\"link-more\"><a href=\"https:\/\/old.accessibilitydays.it\/2024\/it\/iscrizioni-workshop\/\" class=\"more-link\">Continua a leggere <span class=\"screen-reader-text\"> &ldquo;Istruzioni per l&#8217;iscrizione ai Workshop&rdquo;<\/span>&hellip;<\/a><\/div>\n","protected":false},"author":3,"featured_media":0,"parent":0,"menu_order":0,"comment_status":"closed","ping_status":"closed","template":"","meta":{"_acf_changed":false,"footnotes":""},"class_list":["post-4400","page","type-page","status-publish","hentry","entry"],"yoast_head":"<!-- This site is optimized with the Yoast SEO plugin v25.6 - https:\/\/yoast.com\/wordpress\/plugins\/seo\/ -->\n<title>Istruzioni per l&#039;iscrizione ai Workshop - Accessibility Days 2024<\/title>\n<meta name=\"robots\" content=\"index, follow, max-snippet:-1, max-image-preview:large, max-video-preview:-1\" \/>\n<link rel=\"canonical\" href=\"https:\/\/old.accessibilitydays.it\/2024\/it\/iscrizioni-workshop\/\" \/>\n<meta property=\"og:locale\" content=\"it_IT\" \/>\n<meta property=\"og:type\" content=\"article\" \/>\n<meta property=\"og:title\" content=\"Istruzioni per l&#039;iscrizione ai Workshop - Accessibility Days 2024\" \/>\n<meta property=\"og:description\" content=\"Versione breve (da leggere attentamente) I workshop si svolgeranno in presenza, a Roma: NON saranno n\u00e9 trasmessi via streaming n\u00e9 registrati. I workshop richiedono una specifica iscrizione, perch\u00e9 a numero chiuso. Quella che si effettua in realt\u00e0 non \u00e8 un&#8217;iscrizione,&hellip; Continua a leggere &ldquo;Istruzioni per l&#8217;iscrizione ai Workshop&rdquo;&hellip;\" \/>\n<meta property=\"og:url\" content=\"https:\/\/old.accessibilitydays.it\/2024\/it\/iscrizioni-workshop\/\" \/>\n<meta property=\"og:site_name\" content=\"Accessibility Days 2024\" \/>\n<meta property=\"article:publisher\" content=\"https:\/\/www.facebook.com\/AccessibilityDays\/\" \/>\n<meta property=\"article:modified_time\" content=\"2024-04-16T22:04:25+00:00\" \/>\n<meta name=\"twitter:card\" content=\"summary_large_image\" \/>\n<meta name=\"twitter:site\" content=\"@a11y_days\" \/>\n<meta name=\"twitter:label1\" content=\"Tempo di lettura stimato\" \/>\n\t<meta name=\"twitter:data1\" content=\"4 minuti\" \/>\n<script type=\"application\/ld+json\" class=\"yoast-schema-graph\">{\"@context\":\"https:\/\/schema.org\",\"@graph\":[{\"@type\":\"WebPage\",\"@id\":\"https:\/\/old.accessibilitydays.it\/2024\/it\/iscrizioni-workshop\/\",\"url\":\"https:\/\/old.accessibilitydays.it\/2024\/it\/iscrizioni-workshop\/\",\"name\":\"Istruzioni per l'iscrizione ai Workshop - Accessibility Days 2024\",\"isPartOf\":{\"@id\":\"https:\/\/old.accessibilitydays.it\/2024\/#website\"},\"datePublished\":\"2022-03-30T19:37:10+00:00\",\"dateModified\":\"2024-04-16T22:04:25+00:00\",\"breadcrumb\":{\"@id\":\"https:\/\/old.accessibilitydays.it\/2024\/it\/iscrizioni-workshop\/#breadcrumb\"},\"inLanguage\":\"it-IT\",\"potentialAction\":[{\"@type\":\"ReadAction\",\"target\":[\"https:\/\/old.accessibilitydays.it\/2024\/it\/iscrizioni-workshop\/\"]}]},{\"@type\":\"BreadcrumbList\",\"@id\":\"https:\/\/old.accessibilitydays.it\/2024\/it\/iscrizioni-workshop\/#breadcrumb\",\"itemListElement\":[{\"@type\":\"ListItem\",\"position\":1,\"name\":\"Home\",\"item\":\"https:\/\/old.accessibilitydays.it\/2024\/it\/\"},{\"@type\":\"ListItem\",\"position\":2,\"name\":\"Istruzioni per l&#8217;iscrizione ai Workshop\"}]},{\"@type\":\"WebSite\",\"@id\":\"https:\/\/old.accessibilitydays.it\/2024\/#website\",\"url\":\"https:\/\/old.accessibilitydays.it\/2024\/\",\"name\":\"Accessibility Days 2021\",\"description\":\"Sensibilizzazione sull&#039;Accessibilit\u00e0 e sulle Disabilit\u00e0\",\"publisher\":{\"@id\":\"https:\/\/old.accessibilitydays.it\/2024\/#organization\"},\"potentialAction\":[{\"@type\":\"SearchAction\",\"target\":{\"@type\":\"EntryPoint\",\"urlTemplate\":\"https:\/\/old.accessibilitydays.it\/2024\/?s={search_term_string}\"},\"query-input\":{\"@type\":\"PropertyValueSpecification\",\"valueRequired\":true,\"valueName\":\"search_term_string\"}}],\"inLanguage\":\"it-IT\"},{\"@type\":\"Organization\",\"@id\":\"https:\/\/old.accessibilitydays.it\/2024\/#organization\",\"name\":\"Accessibility Days\",\"url\":\"https:\/\/old.accessibilitydays.it\/2024\/\",\"logo\":{\"@type\":\"ImageObject\",\"inLanguage\":\"it-IT\",\"@id\":\"https:\/\/old.accessibilitydays.it\/2024\/#\/schema\/logo\/image\/\",\"url\":\"https:\/\/old.accessibilitydays.it\/2024\/wp-content\/uploads\/sites\/10\/2023\/12\/Logo-sito-2024.jpg\",\"contentUrl\":\"https:\/\/old.accessibilitydays.it\/2024\/wp-content\/uploads\/sites\/10\/2023\/12\/Logo-sito-2024.jpg\",\"width\":300,\"height\":190,\"caption\":\"Accessibility Days\"},\"image\":{\"@id\":\"https:\/\/old.accessibilitydays.it\/2024\/#\/schema\/logo\/image\/\"},\"sameAs\":[\"https:\/\/www.facebook.com\/AccessibilityDays\/\",\"https:\/\/x.com\/a11y_days\",\"https:\/\/www.linkedin.com\/company\/accessibility-days\/\",\"https:\/\/www.youtube.com\/channel\/UCzFrbfqazVbmlwwSeA4DjOw\"]}]}<\/script>\n<!-- \/ Yoast SEO plugin. -->","yoast_head_json":{"title":"Istruzioni per l'iscrizione ai Workshop - Accessibility Days 2024","robots":{"index":"index","follow":"follow","max-snippet":"max-snippet:-1","max-image-preview":"max-image-preview:large","max-video-preview":"max-video-preview:-1"},"canonical":"https:\/\/old.accessibilitydays.it\/2024\/it\/iscrizioni-workshop\/","og_locale":"it_IT","og_type":"article","og_title":"Istruzioni per l'iscrizione ai Workshop - Accessibility Days 2024","og_description":"Versione breve (da leggere attentamente) I workshop si svolgeranno in presenza, a Roma: NON saranno n\u00e9 trasmessi via streaming n\u00e9 registrati. I workshop richiedono una specifica iscrizione, perch\u00e9 a numero chiuso. Quella che si effettua in realt\u00e0 non \u00e8 un&#8217;iscrizione,&hellip; Continua a leggere &ldquo;Istruzioni per l&#8217;iscrizione ai Workshop&rdquo;&hellip;","og_url":"https:\/\/old.accessibilitydays.it\/2024\/it\/iscrizioni-workshop\/","og_site_name":"Accessibility Days 2024","article_publisher":"https:\/\/www.facebook.com\/AccessibilityDays\/","article_modified_time":"2024-04-16T22:04:25+00:00","twitter_card":"summary_large_image","twitter_site":"@a11y_days","twitter_misc":{"Tempo di lettura stimato":"4 minuti"},"schema":{"@context":"https:\/\/schema.org","@graph":[{"@type":"WebPage","@id":"https:\/\/old.accessibilitydays.it\/2024\/it\/iscrizioni-workshop\/","url":"https:\/\/old.accessibilitydays.it\/2024\/it\/iscrizioni-workshop\/","name":"Istruzioni per l'iscrizione ai Workshop - Accessibility Days 2024","isPartOf":{"@id":"https:\/\/old.accessibilitydays.it\/2024\/#website"},"datePublished":"2022-03-30T19:37:10+00:00","dateModified":"2024-04-16T22:04:25+00:00","breadcrumb":{"@id":"https:\/\/old.accessibilitydays.it\/2024\/it\/iscrizioni-workshop\/#breadcrumb"},"inLanguage":"it-IT","potentialAction":[{"@type":"ReadAction","target":["https:\/\/old.accessibilitydays.it\/2024\/it\/iscrizioni-workshop\/"]}]},{"@type":"BreadcrumbList","@id":"https:\/\/old.accessibilitydays.it\/2024\/it\/iscrizioni-workshop\/#breadcrumb","itemListElement":[{"@type":"ListItem","position":1,"name":"Home","item":"https:\/\/old.accessibilitydays.it\/2024\/it\/"},{"@type":"ListItem","position":2,"name":"Istruzioni per l&#8217;iscrizione ai Workshop"}]},{"@type":"WebSite","@id":"https:\/\/old.accessibilitydays.it\/2024\/#website","url":"https:\/\/old.accessibilitydays.it\/2024\/","name":"Accessibility Days 2021","description":"Sensibilizzazione sull&#039;Accessibilit\u00e0 e sulle Disabilit\u00e0","publisher":{"@id":"https:\/\/old.accessibilitydays.it\/2024\/#organization"},"potentialAction":[{"@type":"SearchAction","target":{"@type":"EntryPoint","urlTemplate":"https:\/\/old.accessibilitydays.it\/2024\/?s={search_term_string}"},"query-input":{"@type":"PropertyValueSpecification","valueRequired":true,"valueName":"search_term_string"}}],"inLanguage":"it-IT"},{"@type":"Organization","@id":"https:\/\/old.accessibilitydays.it\/2024\/#organization","name":"Accessibility Days","url":"https:\/\/old.accessibilitydays.it\/2024\/","logo":{"@type":"ImageObject","inLanguage":"it-IT","@id":"https:\/\/old.accessibilitydays.it\/2024\/#\/schema\/logo\/image\/","url":"https:\/\/old.accessibilitydays.it\/2024\/wp-content\/uploads\/sites\/10\/2023\/12\/Logo-sito-2024.jpg","contentUrl":"https:\/\/old.accessibilitydays.it\/2024\/wp-content\/uploads\/sites\/10\/2023\/12\/Logo-sito-2024.jpg","width":300,"height":190,"caption":"Accessibility Days"},"image":{"@id":"https:\/\/old.accessibilitydays.it\/2024\/#\/schema\/logo\/image\/"},"sameAs":["https:\/\/www.facebook.com\/AccessibilityDays\/","https:\/\/x.com\/a11y_days","https:\/\/www.linkedin.com\/company\/accessibility-days\/","https:\/\/www.youtube.com\/channel\/UCzFrbfqazVbmlwwSeA4DjOw"]}]}},"acf":[],"_links":{"self":[{"href":"https:\/\/old.accessibilitydays.it\/2024\/wp-json\/wp\/v2\/pages\/4400","targetHints":{"allow":["GET"]}}],"collection":[{"href":"https:\/\/old.accessibilitydays.it\/2024\/wp-json\/wp\/v2\/pages"}],"about":[{"href":"https:\/\/old.accessibilitydays.it\/2024\/wp-json\/wp\/v2\/types\/page"}],"author":[{"embeddable":true,"href":"https:\/\/old.accessibilitydays.it\/2024\/wp-json\/wp\/v2\/users\/3"}],"replies":[{"embeddable":true,"href":"https:\/\/old.accessibilitydays.it\/2024\/wp-json\/wp\/v2\/comments?post=4400"}],"version-history":[{"count":43,"href":"https:\/\/old.accessibilitydays.it\/2024\/wp-json\/wp\/v2\/pages\/4400\/revisions"}],"predecessor-version":[{"id":7804,"href":"https:\/\/old.accessibilitydays.it\/2024\/wp-json\/wp\/v2\/pages\/4400\/revisions\/7804"}],"wp:attachment":[{"href":"https:\/\/old.accessibilitydays.it\/2024\/wp-json\/wp\/v2\/media?parent=4400"}],"curies":[{"name":"wp","href":"https:\/\/api.w.org\/{rel}","templated":true}]}}