{"id":666,"date":"2019-04-18T00:42:33","date_gmt":"2019-04-17T22:42:33","guid":{"rendered":"https:\/\/accessibilitydays.it\/2024\/?page_id=666"},"modified":"2025-05-14T15:41:01","modified_gmt":"2025-05-14T13:41:01","slug":"agenda","status":"publish","type":"page","link":"https:\/\/old.accessibilitydays.it\/2024\/it\/agenda\/","title":{"rendered":"Agenda Accessibility Days 2024"},"content":{"rendered":"\n\n\t<h2>Sessioni e Workshop<\/h2>\n<h3>Gioved\u00ec 16 Maggio 2024<\/h3>\n<ol>\n<li><a href=\"https:\/\/old.accessibilitydays.it\/2024\/it\/programma\/agenda-giovedi-sessioni\/\">Sessioni Gioved\u00ec\u00a0<\/a><\/li>\n<li><a href=\"https:\/\/old.accessibilitydays.it\/2024\/it\/programma\/agenda-giovedi-workshop\/\">Workshop Gioved\u00ec<\/a><\/li>\n<\/ol>\n<h3>Venerd\u00ec 17 Maggio 2024<\/h3>\n<ol>\n<li><a href=\"https:\/\/old.accessibilitydays.it\/2024\/it\/programma\/agenda-venerdi-sessioni\/\">Sessioni Venerd\u00ec<\/a><\/li>\n<li><a href=\"https:\/\/old.accessibilitydays.it\/2024\/it\/programma\/agenda-venerdi-workshop\">Workshop Venerd\u00ec<\/a><\/li>\n<\/ol>\n<h2>Espositori<\/h2>\n<p><a href=\"https:\/\/old.accessibilitydays.it\/2024\/it\/espositori\/\">VAI ALL&#8217;ELENCO DEGLI ESPOSITORI<\/a><\/p>\n<p>&nbsp;<\/p>\n<h2>Partecipare in presenza o in streaming?<\/h2>\n<h4>Ecco alcuni dei vantaggi di cui potrai beneficiare se parteciperai in presenza:<\/h4>\n<ol>\n<li><strong>Networking tra i partecipanti<\/strong>. per quanti tentativi sono stati fatti per replicare l&#8217;esperienza negli eventi online, tramite sistemi di chat o altre modalit\u00e0, purtroppo nulla si avvicina alle possibilit\u00e0 del networking con gli eventi in presenza. Compreso ci\u00f2 che si pu\u00f2 fare anche al termine della giornata, come aperitivi, cene o birre per concludere la serata in compagnia delle persone incontrate.<\/li>\n<li><strong>Possibilit\u00e0 di interfacciarsi con gli speaker.\u00a0<\/strong>Sar\u00e0 pi\u00f9 facile &#8220;intercettarli&#8221; per confrontarsi con loro o fargli ulteriori domande, anche una volta che il loro intervento \u00e8 concluso.<\/li>\n<li><strong>Conoscere noi organizzatori \ud83d\ude42<\/strong>\u00a0Ci piace ascoltare le vostre storie, conoscere le vostre professioni ed esperienze, per mettervi in contatto quando capitano opportunit\u00e0, sempre nell&#8217;ottica di fare networking e, se possibile, rispondere a esigenze che possono nascere all&#8217;interno della nostra community.<\/li>\n<li><strong>Pi\u00f9 immersi e concentrati nel contesto.\u00a0<\/strong>Inutile negarlo, mentre seguiamo gli eventi online spesso siamo distratti, presi come siamo dai mille impegni quotidiani. In presenza sicuramente queste distrazioni vengono meno: saremo immersi in un contesto che ci coinvolger\u00e0 molto di pi\u00f9 di quanto avverrebbe online!<strong><br \/>\n<\/strong><\/li>\n<li><strong>Partecipare ai workshop<\/strong>. Oltre a tre track dedicate a sessioni &#8220;frontali&#8221;, avremo altre track dedicate a workshop e laboratori. Questi contenuti non saranno trasmessi in streaming n\u00e9 registrati, sia per motivi tecnici, sia per le modalit\u00e0 di coinvolgimento dei partecipanti. Godere di contenuti come quelli che saranno erogati durante questi workshop, sicuramente pu\u00f2 essere un buon motivo per partecipare in presenza!<\/li>\n<li><strong>Banchetti e aree espositive.\u00a0<\/strong>Dopo il successo dell&#8217;edizione 2022, anche quest&#8217;anno avremo banchetti ed aree espositive, in cui troveremo istituzioni ed aziende pronte a illustrarci tecnologie assistive, approfondire aspetti legati alla disabilit\u00e0, oppure descrivere dei prodotti o servizi all&#8217;accessibilit\u00e0 svolti dalla propria organizzazione. Inoltre, avremo anche delle esposizioni &#8220;particolari&#8221;, di cui potremo parlarvi pi\u00f9 approfonditamente nelle prossime settimane. Anche nel caso di questi contenuti, purtroppo lo streaming non \u00e8 tecnicamente realizzabile.<\/li>\n<li><strong>Altre iniziative su cui stiamo lavorando.\u00a0<\/strong>Come per le passate edizioni, stiamo lavorando per riproporre contenuti come l&#8217;<strong>area gaming con i videogiochi accessibili\u00a0<\/strong>e l&#8217;<strong>angolo dei maker:\u00a0<\/strong>vi terremo aggiornati nelle prossime settimane, a mano che ci saranno novit\u00e0 su questo fronte!<\/li>\n<li><strong>Unicum<\/strong>. E a proposito di unicit\u00e0, ogni edizione degli Accessibility Days \u00e8 sempre stata diversa dalle altre, con esperienze e modalit\u00e0 che di volta in volta cambiano. Non vorrete mica perdervi l&#8217;esperienza che potremo fare quest&#8217;anno?? \ud83d\ude42<\/li>\n<\/ol>\n\n","protected":false},"excerpt":{"rendered":"<div class=\"entry-summary\">\n<div class=\"entry-summary\">\nSessioni e Workshop Gioved\u00ec 16 Maggio 2024 Sessioni Gioved\u00ec\u00a0 Workshop Gioved\u00ec Venerd\u00ec 17 Maggio 2024 Sessioni Venerd\u00ec Workshop Venerd\u00ec Espositori VAI ALL&#8217;ELENCO DEGLI ESPOSITORI &nbsp; Partecipare in presenza o in streaming? Ecco alcuni dei vantaggi di cui potrai beneficiare se&hellip;\n<\/div>\n<div class=\"link-more\"><a href=\"https:\/\/old.accessibilitydays.it\/2024\/it\/agenda\/\" class=\"more-link\">Continua a leggere <span class=\"screen-reader-text\"> &ldquo;Agenda Accessibility Days 2024&rdquo;<\/span>&hellip;<\/a><\/div>\n<\/div>\n<div class=\"link-more\"><a href=\"https:\/\/old.accessibilitydays.it\/2024\/it\/agenda\/\" class=\"more-link\">Continua a leggere <span class=\"screen-reader-text\"> &ldquo;Agenda Accessibility Days 2024&rdquo;<\/span>&hellip;<\/a><\/div>\n","protected":false},"author":4,"featured_media":0,"parent":0,"menu_order":0,"comment_status":"closed","ping_status":"closed","template":"","meta":{"_acf_changed":false,"footnotes":""},"class_list":["post-666","page","type-page","status-publish","hentry","entry"],"yoast_head":"<!-- This site is optimized with the Yoast SEO plugin v25.6 - https:\/\/yoast.com\/wordpress\/plugins\/seo\/ -->\n<title>Agenda Accessibility Days 2024 - Accessibility Days 2024<\/title>\n<meta name=\"robots\" content=\"index, follow, max-snippet:-1, max-image-preview:large, max-video-preview:-1\" \/>\n<link rel=\"canonical\" href=\"https:\/\/old.accessibilitydays.it\/2024\/it\/agenda\/\" \/>\n<meta property=\"og:locale\" content=\"it_IT\" \/>\n<meta property=\"og:type\" content=\"article\" \/>\n<meta property=\"og:title\" content=\"Agenda Accessibility Days 2024 - Accessibility Days 2024\" \/>\n<meta property=\"og:description\" content=\"Sessioni e Workshop Gioved\u00ec 16 Maggio 2024 Sessioni Gioved\u00ec\u00a0 Workshop Gioved\u00ec Venerd\u00ec 17 Maggio 2024 Sessioni Venerd\u00ec Workshop Venerd\u00ec Espositori VAI ALL&#8217;ELENCO DEGLI ESPOSITORI &nbsp; Partecipare in presenza o in streaming? Ecco alcuni dei vantaggi di cui potrai beneficiare se&hellip; Continua a leggere &ldquo;Agenda Accessibility Days 2024&rdquo;&hellip;\" \/>\n<meta property=\"og:url\" content=\"https:\/\/old.accessibilitydays.it\/2024\/it\/agenda\/\" \/>\n<meta property=\"og:site_name\" content=\"Accessibility Days 2024\" \/>\n<meta property=\"article:publisher\" content=\"https:\/\/www.facebook.com\/AccessibilityDays\/\" \/>\n<meta property=\"article:modified_time\" content=\"2025-05-14T13:41:01+00:00\" \/>\n<meta name=\"twitter:card\" content=\"summary_large_image\" \/>\n<meta name=\"twitter:site\" content=\"@a11y_days\" \/>\n<meta name=\"twitter:label1\" content=\"Tempo di lettura stimato\" \/>\n\t<meta name=\"twitter:data1\" content=\"3 minuti\" \/>\n<script type=\"application\/ld+json\" class=\"yoast-schema-graph\">{\"@context\":\"https:\/\/schema.org\",\"@graph\":[{\"@type\":\"WebPage\",\"@id\":\"https:\/\/old.accessibilitydays.it\/2024\/it\/agenda\/\",\"url\":\"https:\/\/old.accessibilitydays.it\/2024\/it\/agenda\/\",\"name\":\"Agenda Accessibility Days 2024 - Accessibility Days 2024\",\"isPartOf\":{\"@id\":\"https:\/\/old.accessibilitydays.it\/2024\/#website\"},\"datePublished\":\"2019-04-17T22:42:33+00:00\",\"dateModified\":\"2025-05-14T13:41:01+00:00\",\"breadcrumb\":{\"@id\":\"https:\/\/old.accessibilitydays.it\/2024\/it\/agenda\/#breadcrumb\"},\"inLanguage\":\"it-IT\",\"potentialAction\":[{\"@type\":\"ReadAction\",\"target\":[\"https:\/\/old.accessibilitydays.it\/2024\/it\/agenda\/\"]}]},{\"@type\":\"BreadcrumbList\",\"@id\":\"https:\/\/old.accessibilitydays.it\/2024\/it\/agenda\/#breadcrumb\",\"itemListElement\":[{\"@type\":\"ListItem\",\"position\":1,\"name\":\"Home\",\"item\":\"https:\/\/old.accessibilitydays.it\/2024\/it\/\"},{\"@type\":\"ListItem\",\"position\":2,\"name\":\"Agenda Accessibility Days 2024\"}]},{\"@type\":\"WebSite\",\"@id\":\"https:\/\/old.accessibilitydays.it\/2024\/#website\",\"url\":\"https:\/\/old.accessibilitydays.it\/2024\/\",\"name\":\"Accessibility Days 2021\",\"description\":\"Sensibilizzazione sull&#039;Accessibilit\u00e0 e sulle Disabilit\u00e0\",\"publisher\":{\"@id\":\"https:\/\/old.accessibilitydays.it\/2024\/#organization\"},\"potentialAction\":[{\"@type\":\"SearchAction\",\"target\":{\"@type\":\"EntryPoint\",\"urlTemplate\":\"https:\/\/old.accessibilitydays.it\/2024\/?s={search_term_string}\"},\"query-input\":{\"@type\":\"PropertyValueSpecification\",\"valueRequired\":true,\"valueName\":\"search_term_string\"}}],\"inLanguage\":\"it-IT\"},{\"@type\":\"Organization\",\"@id\":\"https:\/\/old.accessibilitydays.it\/2024\/#organization\",\"name\":\"Accessibility Days\",\"url\":\"https:\/\/old.accessibilitydays.it\/2024\/\",\"logo\":{\"@type\":\"ImageObject\",\"inLanguage\":\"it-IT\",\"@id\":\"https:\/\/old.accessibilitydays.it\/2024\/#\/schema\/logo\/image\/\",\"url\":\"https:\/\/old.accessibilitydays.it\/2024\/wp-content\/uploads\/sites\/10\/2023\/12\/Logo-sito-2024.jpg\",\"contentUrl\":\"https:\/\/old.accessibilitydays.it\/2024\/wp-content\/uploads\/sites\/10\/2023\/12\/Logo-sito-2024.jpg\",\"width\":300,\"height\":190,\"caption\":\"Accessibility Days\"},\"image\":{\"@id\":\"https:\/\/old.accessibilitydays.it\/2024\/#\/schema\/logo\/image\/\"},\"sameAs\":[\"https:\/\/www.facebook.com\/AccessibilityDays\/\",\"https:\/\/x.com\/a11y_days\",\"https:\/\/www.linkedin.com\/company\/accessibility-days\/\",\"https:\/\/www.youtube.com\/channel\/UCzFrbfqazVbmlwwSeA4DjOw\"]}]}<\/script>\n<!-- \/ Yoast SEO plugin. -->","yoast_head_json":{"title":"Agenda Accessibility Days 2024 - Accessibility Days 2024","robots":{"index":"index","follow":"follow","max-snippet":"max-snippet:-1","max-image-preview":"max-image-preview:large","max-video-preview":"max-video-preview:-1"},"canonical":"https:\/\/old.accessibilitydays.it\/2024\/it\/agenda\/","og_locale":"it_IT","og_type":"article","og_title":"Agenda Accessibility Days 2024 - Accessibility Days 2024","og_description":"Sessioni e Workshop Gioved\u00ec 16 Maggio 2024 Sessioni Gioved\u00ec\u00a0 Workshop Gioved\u00ec Venerd\u00ec 17 Maggio 2024 Sessioni Venerd\u00ec Workshop Venerd\u00ec Espositori VAI ALL&#8217;ELENCO DEGLI ESPOSITORI &nbsp; Partecipare in presenza o in streaming? Ecco alcuni dei vantaggi di cui potrai beneficiare se&hellip; Continua a leggere &ldquo;Agenda Accessibility Days 2024&rdquo;&hellip;","og_url":"https:\/\/old.accessibilitydays.it\/2024\/it\/agenda\/","og_site_name":"Accessibility Days 2024","article_publisher":"https:\/\/www.facebook.com\/AccessibilityDays\/","article_modified_time":"2025-05-14T13:41:01+00:00","twitter_card":"summary_large_image","twitter_site":"@a11y_days","twitter_misc":{"Tempo di lettura stimato":"3 minuti"},"schema":{"@context":"https:\/\/schema.org","@graph":[{"@type":"WebPage","@id":"https:\/\/old.accessibilitydays.it\/2024\/it\/agenda\/","url":"https:\/\/old.accessibilitydays.it\/2024\/it\/agenda\/","name":"Agenda Accessibility Days 2024 - Accessibility Days 2024","isPartOf":{"@id":"https:\/\/old.accessibilitydays.it\/2024\/#website"},"datePublished":"2019-04-17T22:42:33+00:00","dateModified":"2025-05-14T13:41:01+00:00","breadcrumb":{"@id":"https:\/\/old.accessibilitydays.it\/2024\/it\/agenda\/#breadcrumb"},"inLanguage":"it-IT","potentialAction":[{"@type":"ReadAction","target":["https:\/\/old.accessibilitydays.it\/2024\/it\/agenda\/"]}]},{"@type":"BreadcrumbList","@id":"https:\/\/old.accessibilitydays.it\/2024\/it\/agenda\/#breadcrumb","itemListElement":[{"@type":"ListItem","position":1,"name":"Home","item":"https:\/\/old.accessibilitydays.it\/2024\/it\/"},{"@type":"ListItem","position":2,"name":"Agenda Accessibility Days 2024"}]},{"@type":"WebSite","@id":"https:\/\/old.accessibilitydays.it\/2024\/#website","url":"https:\/\/old.accessibilitydays.it\/2024\/","name":"Accessibility Days 2021","description":"Sensibilizzazione sull&#039;Accessibilit\u00e0 e sulle Disabilit\u00e0","publisher":{"@id":"https:\/\/old.accessibilitydays.it\/2024\/#organization"},"potentialAction":[{"@type":"SearchAction","target":{"@type":"EntryPoint","urlTemplate":"https:\/\/old.accessibilitydays.it\/2024\/?s={search_term_string}"},"query-input":{"@type":"PropertyValueSpecification","valueRequired":true,"valueName":"search_term_string"}}],"inLanguage":"it-IT"},{"@type":"Organization","@id":"https:\/\/old.accessibilitydays.it\/2024\/#organization","name":"Accessibility Days","url":"https:\/\/old.accessibilitydays.it\/2024\/","logo":{"@type":"ImageObject","inLanguage":"it-IT","@id":"https:\/\/old.accessibilitydays.it\/2024\/#\/schema\/logo\/image\/","url":"https:\/\/old.accessibilitydays.it\/2024\/wp-content\/uploads\/sites\/10\/2023\/12\/Logo-sito-2024.jpg","contentUrl":"https:\/\/old.accessibilitydays.it\/2024\/wp-content\/uploads\/sites\/10\/2023\/12\/Logo-sito-2024.jpg","width":300,"height":190,"caption":"Accessibility Days"},"image":{"@id":"https:\/\/old.accessibilitydays.it\/2024\/#\/schema\/logo\/image\/"},"sameAs":["https:\/\/www.facebook.com\/AccessibilityDays\/","https:\/\/x.com\/a11y_days","https:\/\/www.linkedin.com\/company\/accessibility-days\/","https:\/\/www.youtube.com\/channel\/UCzFrbfqazVbmlwwSeA4DjOw"]}]}},"acf":[],"_links":{"self":[{"href":"https:\/\/old.accessibilitydays.it\/2024\/wp-json\/wp\/v2\/pages\/666","targetHints":{"allow":["GET"]}}],"collection":[{"href":"https:\/\/old.accessibilitydays.it\/2024\/wp-json\/wp\/v2\/pages"}],"about":[{"href":"https:\/\/old.accessibilitydays.it\/2024\/wp-json\/wp\/v2\/types\/page"}],"author":[{"embeddable":true,"href":"https:\/\/old.accessibilitydays.it\/2024\/wp-json\/wp\/v2\/users\/4"}],"replies":[{"embeddable":true,"href":"https:\/\/old.accessibilitydays.it\/2024\/wp-json\/wp\/v2\/comments?post=666"}],"version-history":[{"count":47,"href":"https:\/\/old.accessibilitydays.it\/2024\/wp-json\/wp\/v2\/pages\/666\/revisions"}],"predecessor-version":[{"id":8789,"href":"https:\/\/old.accessibilitydays.it\/2024\/wp-json\/wp\/v2\/pages\/666\/revisions\/8789"}],"wp:attachment":[{"href":"https:\/\/old.accessibilitydays.it\/2024\/wp-json\/wp\/v2\/media?parent=666"}],"curies":[{"name":"wp","href":"https:\/\/api.w.org\/{rel}","templated":true}]}}