{"id":8020,"date":"2024-05-03T22:59:28","date_gmt":"2024-05-03T20:59:28","guid":{"rendered":"https:\/\/accessibilitydays.it\/2024\/?page_id=8020"},"modified":"2024-05-27T15:14:30","modified_gmt":"2024-05-27T13:14:30","slug":"accessibleeu","status":"publish","type":"page","link":"https:\/\/old.accessibilitydays.it\/2024\/it\/accessibleeu\/","title":{"rendered":"Collaborazione con AccessibleEU"},"content":{"rendered":"\n\n\t\t\t\t<a href=\"https:\/\/accessible-eu-centre.ec.europa.eu\/\" target=\"_self\" itemprop=\"url\" rel=\"noopener\">\n\t\t\t\t<img loading=\"lazy\" decoding=\"async\" src=\"https:\/\/old.accessibilitydays.it\/2024\/wp-content\/uploads\/sites\/10\/2024\/05\/ACCESSIBLE-EUEuropean-Commission_LOGO_Coloured.jpg\" alt=\"Logo di AccessibleEU\" itemprop=\"image\" height=\"617\" width=\"2543\" title=\"Logo di AccessibleEU\" onerror=\"this.style.display='none'\"  \/>\n\t\t\t\t<\/a>\n\t<h2>Cos&#8217;\u00e8<\/h2>\n<p><a href=\"https:\/\/accessible-eu-centre.ec.europa.eu\/\">AccessibleEU<\/a> \u00e8 una delle iniziative faro proposte dalla Strategia della Commissione Europea per i diritti delle persone con disabilit\u00e0 2021-2030. \u00c8 un centro risorse sull&#8217;accessibilit\u00e0 che opera in settori quali l&#8217;ambiente costruito, i trasporti, le tecnologie dell&#8217;informazione e della comunicazione per garantire la partecipazione delle persone con disabilit\u00e0 in tutti gli ambiti della vita su base di uguaglianza con gli altri.<\/p>\n<p><a href=\"https:\/\/accessible-eu-centre.ec.europa.eu\/\"><strong>VAI AL SITO DI AccessibleEU<\/strong><\/a><\/p>\n<h2>Obiettivi<\/h2>\n<ul>\n<li>Rafforzare la capacit\u00e0 in materia di accessibilit\u00e0 nei paesi dell&#8217;UE<\/li>\n<li>Sostenere l&#8217;attuazione della legislazione dell&#8217;Unione Europea sull&#8217;accessibilit\u00e0<\/li>\n<li>Collegare le parti interessate responsabili dell&#8217;attuazione delle norme sull&#8217;accessibilit\u00e0 nell&#8217;UE<\/li>\n<li>Creare uno sportello unico europeo comune sull&#8217;accessibilit\u00e0<\/li>\n<li>Formare eccellenti professionisti sull&#8217;accessibilit\u00e0<\/li>\n<\/ul>\n<h2 id=\"sessioni\">AccessibleEU e Accessibility Days<\/h2>\nAccessibleEU organizza complessivamente 88 eventi all&#8217;anno, organizzati a livello europeo e nazionale in formati online, di persona e ibridi.<br \/>\nLa scelta di collaborare per l&#8217;evento Accessibility Days \u00e8 nata dall&#8217;aver riconosciuto l&#8217;evento annuale come il punto di riferimento in tema di accessibilit\u00e0, riconoscendone l&#8217;alto valore e contribuendo alla definizione di una serie di seminari di seguito riportati:\n<ul>\n<li><a href=\"https:\/\/old.accessibilitydays.it\/2024\/sessione\/keynote-giovedi\/\">Keynote del Gioved\u00ec<\/a><\/li>\n<li><a href=\"https:\/\/old.accessibilitydays.it\/2024\/sessione\/accessible-eu\/\">Accessible.eu: oggi per l&#8217;accessibilit\u00e0 di domani<\/a><br \/>\n<em>(Roberto Scano, Sauro Cesaretti)<\/em><\/li>\n<li><a href=\"https:\/\/old.accessibilitydays.it\/2024\/sessione\/governo-e-accessibilita\/\">Il Governo e l&#8217;accessibilit\u00e0<\/a><\/li>\n<li><a href=\"https:\/\/old.accessibilitydays.it\/2024\/sessione\/iniziative-nazionali-accessibilita\/\">Le iniziative nazionali per l&#8217;accessibilit\u00e0<\/a><br \/>\n<em>(Dipartimento per la trasformazione digitale, AGID, CNR)<\/em><\/li>\n<li><a href=\"https:\/\/old.accessibilitydays.it\/2024\/sessione\/strumenti-nazionali-esperienza-digitale\/\">Un dialogo sugli strumenti nazionali per migliorare l&#8217;esperienza di siti web e servizi digitali<\/a><br \/>\n<em>(Dipartimento per la trasformazione digitale, AGID, CNR)<\/em><\/li>\n<li><a href=\"https:\/\/old.accessibilitydays.it\/2024\/sessione\/parlamento-accessibilita-digitale\/\">Il Parlamento e l&#8217;accessibilit\u00e0 digitale. Incontro con i parlamentari sensibili al tema<\/a><\/li>\n<li><a href=\"https:\/\/old.accessibilitydays.it\/2024\/sessione\/ricerca-esperienza-persone-disabilita-servizi-digitali\/\">Accessibilit\u00e0 in uso: l&#8217;esperienza delle persone con disabilit\u00e0 con i servizi digitali<\/a><\/li>\n<\/ul>\n<h2 id=\"attestato\">Attestato di partecipazione AccessibleEU<\/h2>\nLa partecipazione agli eventi con la collaborazione di AccessibleEU consente ai partecipanti di ottenere un attestato specifico.<br \/>\nPer poter ottenere l&#8217;attestazione, \u00e8 necessario:\n<ol>\n<li><a href=\"https:\/\/ec.europa.eu\/eusurvey\/runner\/0339d90d-71a8-c543-805e-4a359b412f0d\">registrarsi nel sito di AccessibleEU<\/a> fornendo nome, cognome, indirizzo e-mail e comunicando se si sta partecipando dal vivo o da remoto;<\/li>\n<li>partecipare dal vivo o da remoto ad almeno uno degli eventi indicati;<\/li>\n<li>a conclusione della giornata, <a href=\"https:\/\/ec.europa.eu\/eusurvey\/runner\/138de828-7a4f-eda5-54ea-ca4bd0453f37\">compilare il breve questionario di indagine di soddisfazione dell&#8217;evento.<\/a><\/li>\n<\/ol>\n<p>Tutti i dati saranno trattati da AccessibleEU per le sole finalit\u00e0 indicate.<\/p>\n<h2 id=\"attestato\">I risultati dell&#8217;evento<\/h2>\nLe sessioni in collaborazione con AccessibleEU sono state un successo: tra le 400 e le 500 persone hanno seguito le sessioni in presenza a Roma, a cui vanno aggiunte le 2.300 (con picco massimo di quasi 2.500) in streaming.<br \/>\nUna collaborazione di successo che continuer\u00e0 anche nei prossimi anni per supportare l&#8217;iniziativa.\n\n","protected":false},"excerpt":{"rendered":"<div class=\"entry-summary\">\n<div class=\"entry-summary\">\nCos&#8217;\u00e8 AccessibleEU \u00e8 una delle iniziative faro proposte dalla Strategia della Commissione Europea per i diritti delle persone con disabilit\u00e0 2021-2030. \u00c8 un centro risorse sull&#8217;accessibilit\u00e0 che opera in settori quali l&#8217;ambiente costruito, i trasporti, le tecnologie dell&#8217;informazione e della&hellip;\n<\/div>\n<div class=\"link-more\"><a href=\"https:\/\/old.accessibilitydays.it\/2024\/it\/accessibleeu\/\" class=\"more-link\">Continua a leggere <span class=\"screen-reader-text\"> &ldquo;Collaborazione con AccessibleEU&rdquo;<\/span>&hellip;<\/a><\/div>\n<\/div>\n<div class=\"link-more\"><a href=\"https:\/\/old.accessibilitydays.it\/2024\/it\/accessibleeu\/\" class=\"more-link\">Continua a leggere <span class=\"screen-reader-text\"> &ldquo;Collaborazione con AccessibleEU&rdquo;<\/span>&hellip;<\/a><\/div>\n","protected":false},"author":3,"featured_media":0,"parent":0,"menu_order":0,"comment_status":"closed","ping_status":"closed","template":"","meta":{"_acf_changed":false,"footnotes":""},"class_list":["post-8020","page","type-page","status-publish","hentry","entry"],"yoast_head":"<!-- This site is optimized with the Yoast SEO plugin v25.6 - https:\/\/yoast.com\/wordpress\/plugins\/seo\/ -->\n<title>Collaborazione con AccessibleEU - Accessibility Days 2024<\/title>\n<meta name=\"robots\" content=\"index, follow, max-snippet:-1, max-image-preview:large, max-video-preview:-1\" \/>\n<link rel=\"canonical\" href=\"https:\/\/old.accessibilitydays.it\/2024\/it\/accessibleeu\/\" \/>\n<meta property=\"og:locale\" content=\"it_IT\" \/>\n<meta property=\"og:type\" content=\"article\" \/>\n<meta property=\"og:title\" content=\"Collaborazione con AccessibleEU - Accessibility Days 2024\" \/>\n<meta property=\"og:description\" content=\"Cos&#8217;\u00e8 AccessibleEU \u00e8 una delle iniziative faro proposte dalla Strategia della Commissione Europea per i diritti delle persone con disabilit\u00e0 2021-2030. \u00c8 un centro risorse sull&#8217;accessibilit\u00e0 che opera in settori quali l&#8217;ambiente costruito, i trasporti, le tecnologie dell&#8217;informazione e della&hellip; Continua a leggere &ldquo;Collaborazione con AccessibleEU&rdquo;&hellip;\" \/>\n<meta property=\"og:url\" content=\"https:\/\/old.accessibilitydays.it\/2024\/it\/accessibleeu\/\" \/>\n<meta property=\"og:site_name\" content=\"Accessibility Days 2024\" \/>\n<meta property=\"article:publisher\" content=\"https:\/\/www.facebook.com\/AccessibilityDays\/\" \/>\n<meta property=\"article:modified_time\" content=\"2024-05-27T13:14:30+00:00\" \/>\n<meta property=\"og:image\" content=\"https:\/\/old.accessibilitydays.it\/2024\/wp-content\/uploads\/sites\/10\/2024\/05\/ACCESSIBLE-EUEuropean-Commission_LOGO_Coloured.jpg\" \/>\n<meta name=\"twitter:card\" content=\"summary_large_image\" \/>\n<meta name=\"twitter:site\" content=\"@a11y_days\" \/>\n<script type=\"application\/ld+json\" class=\"yoast-schema-graph\">{\"@context\":\"https:\/\/schema.org\",\"@graph\":[{\"@type\":\"WebPage\",\"@id\":\"https:\/\/old.accessibilitydays.it\/2024\/it\/accessibleeu\/\",\"url\":\"https:\/\/old.accessibilitydays.it\/2024\/it\/accessibleeu\/\",\"name\":\"Collaborazione con AccessibleEU - Accessibility Days 2024\",\"isPartOf\":{\"@id\":\"https:\/\/old.accessibilitydays.it\/2024\/#website\"},\"primaryImageOfPage\":{\"@id\":\"https:\/\/old.accessibilitydays.it\/2024\/it\/accessibleeu\/#primaryimage\"},\"image\":{\"@id\":\"https:\/\/old.accessibilitydays.it\/2024\/it\/accessibleeu\/#primaryimage\"},\"thumbnailUrl\":\"https:\/\/old.accessibilitydays.it\/2024\/wp-content\/uploads\/sites\/10\/2024\/05\/ACCESSIBLE-EUEuropean-Commission_LOGO_Coloured.jpg\",\"datePublished\":\"2024-05-03T20:59:28+00:00\",\"dateModified\":\"2024-05-27T13:14:30+00:00\",\"breadcrumb\":{\"@id\":\"https:\/\/old.accessibilitydays.it\/2024\/it\/accessibleeu\/#breadcrumb\"},\"inLanguage\":\"it-IT\",\"potentialAction\":[{\"@type\":\"ReadAction\",\"target\":[\"https:\/\/old.accessibilitydays.it\/2024\/it\/accessibleeu\/\"]}]},{\"@type\":\"ImageObject\",\"inLanguage\":\"it-IT\",\"@id\":\"https:\/\/old.accessibilitydays.it\/2024\/it\/accessibleeu\/#primaryimage\",\"url\":\"https:\/\/old.accessibilitydays.it\/2024\/wp-content\/uploads\/sites\/10\/2024\/05\/ACCESSIBLE-EUEuropean-Commission_LOGO_Coloured.jpg\",\"contentUrl\":\"https:\/\/old.accessibilitydays.it\/2024\/wp-content\/uploads\/sites\/10\/2024\/05\/ACCESSIBLE-EUEuropean-Commission_LOGO_Coloured.jpg\",\"width\":2543,\"height\":617,\"caption\":\"Logo di AccessibleEU\"},{\"@type\":\"BreadcrumbList\",\"@id\":\"https:\/\/old.accessibilitydays.it\/2024\/it\/accessibleeu\/#breadcrumb\",\"itemListElement\":[{\"@type\":\"ListItem\",\"position\":1,\"name\":\"Home\",\"item\":\"https:\/\/old.accessibilitydays.it\/2024\/it\/\"},{\"@type\":\"ListItem\",\"position\":2,\"name\":\"Collaborazione con AccessibleEU\"}]},{\"@type\":\"WebSite\",\"@id\":\"https:\/\/old.accessibilitydays.it\/2024\/#website\",\"url\":\"https:\/\/old.accessibilitydays.it\/2024\/\",\"name\":\"Accessibility Days 2021\",\"description\":\"Sensibilizzazione sull&#039;Accessibilit\u00e0 e sulle Disabilit\u00e0\",\"publisher\":{\"@id\":\"https:\/\/old.accessibilitydays.it\/2024\/#organization\"},\"potentialAction\":[{\"@type\":\"SearchAction\",\"target\":{\"@type\":\"EntryPoint\",\"urlTemplate\":\"https:\/\/old.accessibilitydays.it\/2024\/?s={search_term_string}\"},\"query-input\":{\"@type\":\"PropertyValueSpecification\",\"valueRequired\":true,\"valueName\":\"search_term_string\"}}],\"inLanguage\":\"it-IT\"},{\"@type\":\"Organization\",\"@id\":\"https:\/\/old.accessibilitydays.it\/2024\/#organization\",\"name\":\"Accessibility Days\",\"url\":\"https:\/\/old.accessibilitydays.it\/2024\/\",\"logo\":{\"@type\":\"ImageObject\",\"inLanguage\":\"it-IT\",\"@id\":\"https:\/\/old.accessibilitydays.it\/2024\/#\/schema\/logo\/image\/\",\"url\":\"https:\/\/old.accessibilitydays.it\/2024\/wp-content\/uploads\/sites\/10\/2023\/12\/Logo-sito-2024.jpg\",\"contentUrl\":\"https:\/\/old.accessibilitydays.it\/2024\/wp-content\/uploads\/sites\/10\/2023\/12\/Logo-sito-2024.jpg\",\"width\":300,\"height\":190,\"caption\":\"Accessibility Days\"},\"image\":{\"@id\":\"https:\/\/old.accessibilitydays.it\/2024\/#\/schema\/logo\/image\/\"},\"sameAs\":[\"https:\/\/www.facebook.com\/AccessibilityDays\/\",\"https:\/\/x.com\/a11y_days\",\"https:\/\/www.linkedin.com\/company\/accessibility-days\/\",\"https:\/\/www.youtube.com\/channel\/UCzFrbfqazVbmlwwSeA4DjOw\"]}]}<\/script>\n<!-- \/ Yoast SEO plugin. -->","yoast_head_json":{"title":"Collaborazione con AccessibleEU - Accessibility Days 2024","robots":{"index":"index","follow":"follow","max-snippet":"max-snippet:-1","max-image-preview":"max-image-preview:large","max-video-preview":"max-video-preview:-1"},"canonical":"https:\/\/old.accessibilitydays.it\/2024\/it\/accessibleeu\/","og_locale":"it_IT","og_type":"article","og_title":"Collaborazione con AccessibleEU - Accessibility Days 2024","og_description":"Cos&#8217;\u00e8 AccessibleEU \u00e8 una delle iniziative faro proposte dalla Strategia della Commissione Europea per i diritti delle persone con disabilit\u00e0 2021-2030. \u00c8 un centro risorse sull&#8217;accessibilit\u00e0 che opera in settori quali l&#8217;ambiente costruito, i trasporti, le tecnologie dell&#8217;informazione e della&hellip; Continua a leggere &ldquo;Collaborazione con AccessibleEU&rdquo;&hellip;","og_url":"https:\/\/old.accessibilitydays.it\/2024\/it\/accessibleeu\/","og_site_name":"Accessibility Days 2024","article_publisher":"https:\/\/www.facebook.com\/AccessibilityDays\/","article_modified_time":"2024-05-27T13:14:30+00:00","og_image":[{"url":"https:\/\/old.accessibilitydays.it\/2024\/wp-content\/uploads\/sites\/10\/2024\/05\/ACCESSIBLE-EUEuropean-Commission_LOGO_Coloured.jpg","type":"","width":"","height":""}],"twitter_card":"summary_large_image","twitter_site":"@a11y_days","schema":{"@context":"https:\/\/schema.org","@graph":[{"@type":"WebPage","@id":"https:\/\/old.accessibilitydays.it\/2024\/it\/accessibleeu\/","url":"https:\/\/old.accessibilitydays.it\/2024\/it\/accessibleeu\/","name":"Collaborazione con AccessibleEU - Accessibility Days 2024","isPartOf":{"@id":"https:\/\/old.accessibilitydays.it\/2024\/#website"},"primaryImageOfPage":{"@id":"https:\/\/old.accessibilitydays.it\/2024\/it\/accessibleeu\/#primaryimage"},"image":{"@id":"https:\/\/old.accessibilitydays.it\/2024\/it\/accessibleeu\/#primaryimage"},"thumbnailUrl":"https:\/\/old.accessibilitydays.it\/2024\/wp-content\/uploads\/sites\/10\/2024\/05\/ACCESSIBLE-EUEuropean-Commission_LOGO_Coloured.jpg","datePublished":"2024-05-03T20:59:28+00:00","dateModified":"2024-05-27T13:14:30+00:00","breadcrumb":{"@id":"https:\/\/old.accessibilitydays.it\/2024\/it\/accessibleeu\/#breadcrumb"},"inLanguage":"it-IT","potentialAction":[{"@type":"ReadAction","target":["https:\/\/old.accessibilitydays.it\/2024\/it\/accessibleeu\/"]}]},{"@type":"ImageObject","inLanguage":"it-IT","@id":"https:\/\/old.accessibilitydays.it\/2024\/it\/accessibleeu\/#primaryimage","url":"https:\/\/old.accessibilitydays.it\/2024\/wp-content\/uploads\/sites\/10\/2024\/05\/ACCESSIBLE-EUEuropean-Commission_LOGO_Coloured.jpg","contentUrl":"https:\/\/old.accessibilitydays.it\/2024\/wp-content\/uploads\/sites\/10\/2024\/05\/ACCESSIBLE-EUEuropean-Commission_LOGO_Coloured.jpg","width":2543,"height":617,"caption":"Logo di AccessibleEU"},{"@type":"BreadcrumbList","@id":"https:\/\/old.accessibilitydays.it\/2024\/it\/accessibleeu\/#breadcrumb","itemListElement":[{"@type":"ListItem","position":1,"name":"Home","item":"https:\/\/old.accessibilitydays.it\/2024\/it\/"},{"@type":"ListItem","position":2,"name":"Collaborazione con AccessibleEU"}]},{"@type":"WebSite","@id":"https:\/\/old.accessibilitydays.it\/2024\/#website","url":"https:\/\/old.accessibilitydays.it\/2024\/","name":"Accessibility Days 2021","description":"Sensibilizzazione sull&#039;Accessibilit\u00e0 e sulle Disabilit\u00e0","publisher":{"@id":"https:\/\/old.accessibilitydays.it\/2024\/#organization"},"potentialAction":[{"@type":"SearchAction","target":{"@type":"EntryPoint","urlTemplate":"https:\/\/old.accessibilitydays.it\/2024\/?s={search_term_string}"},"query-input":{"@type":"PropertyValueSpecification","valueRequired":true,"valueName":"search_term_string"}}],"inLanguage":"it-IT"},{"@type":"Organization","@id":"https:\/\/old.accessibilitydays.it\/2024\/#organization","name":"Accessibility Days","url":"https:\/\/old.accessibilitydays.it\/2024\/","logo":{"@type":"ImageObject","inLanguage":"it-IT","@id":"https:\/\/old.accessibilitydays.it\/2024\/#\/schema\/logo\/image\/","url":"https:\/\/old.accessibilitydays.it\/2024\/wp-content\/uploads\/sites\/10\/2023\/12\/Logo-sito-2024.jpg","contentUrl":"https:\/\/old.accessibilitydays.it\/2024\/wp-content\/uploads\/sites\/10\/2023\/12\/Logo-sito-2024.jpg","width":300,"height":190,"caption":"Accessibility Days"},"image":{"@id":"https:\/\/old.accessibilitydays.it\/2024\/#\/schema\/logo\/image\/"},"sameAs":["https:\/\/www.facebook.com\/AccessibilityDays\/","https:\/\/x.com\/a11y_days","https:\/\/www.linkedin.com\/company\/accessibility-days\/","https:\/\/www.youtube.com\/channel\/UCzFrbfqazVbmlwwSeA4DjOw"]}]}},"acf":[],"_links":{"self":[{"href":"https:\/\/old.accessibilitydays.it\/2024\/wp-json\/wp\/v2\/pages\/8020","targetHints":{"allow":["GET"]}}],"collection":[{"href":"https:\/\/old.accessibilitydays.it\/2024\/wp-json\/wp\/v2\/pages"}],"about":[{"href":"https:\/\/old.accessibilitydays.it\/2024\/wp-json\/wp\/v2\/types\/page"}],"author":[{"embeddable":true,"href":"https:\/\/old.accessibilitydays.it\/2024\/wp-json\/wp\/v2\/users\/3"}],"replies":[{"embeddable":true,"href":"https:\/\/old.accessibilitydays.it\/2024\/wp-json\/wp\/v2\/comments?post=8020"}],"version-history":[{"count":13,"href":"https:\/\/old.accessibilitydays.it\/2024\/wp-json\/wp\/v2\/pages\/8020\/revisions"}],"predecessor-version":[{"id":8534,"href":"https:\/\/old.accessibilitydays.it\/2024\/wp-json\/wp\/v2\/pages\/8020\/revisions\/8534"}],"wp:attachment":[{"href":"https:\/\/old.accessibilitydays.it\/2024\/wp-json\/wp\/v2\/media?parent=8020"}],"curies":[{"name":"wp","href":"https:\/\/api.w.org\/{rel}","templated":true}]}}